{"id":1592,"date":"2026-03-14T23:33:50","date_gmt":"2026-03-14T22:33:50","guid":{"rendered":"https:\/\/craftjw.com\/producto\/llavero-3d-en-forma-de-cono-de-senalisacion-de-construccion-ldc-ldc-gift\/"},"modified":"2026-04-02T10:43:17","modified_gmt":"2026-04-02T08:43:17","slug":"brelok-3d-w-ksztalcie-stozka-budowlanego-prezent-ldc","status":"publish","type":"product","link":"https:\/\/craftjw.com\/pl\/shop\/llaveros\/llavero-3d-en-forma-de-cono-de-senalisacion-de-construccion-ldc-ldc-gift\/","title":{"rendered":"Brelok 3D w kszta\u0142cie sto\u017cka budowlanego LDC \u2013 LDC Gift"},"content":{"rendered":"<p>Ten wyj\u0105tkowy, tr\u00f3jwymiarowy brelok w kszta\u0142cie sto\u017cka budowlanego jest idealny dla ka\u017cdego, kto anga\u017cuje si\u0119 w projekty budowlane lub remontowe, zw\u0142aszcza te zwi\u0105zane z rozwojem lokalnym. Dzi\u0119ki mo\u017cliwo\u015bci personalizacji tekstu inicja\u0142em odbiorcy, staje si\u0119 on wyj\u0105tkowym i znacz\u0105cym prezentem dla wolontariuszy, kt\u00f3rzy po\u015bwi\u0119caj\u0105 sw\u00f3j czas i wysi\u0142ek.<\/p>\n<p>Wykonany w Hiszpanii z wykorzystaniem druku 3D, ten brelok to \u015bwietny spos\u00f3b na upami\u0119tnienie i podzi\u0119kowanie osobom za udzia\u0142 w dowolnym projekcie. Zaskocz swoich koleg\u00f3w i przyjaci\u00f3\u0142 praktycznym i wyj\u0105tkowym prezentem!<\/p>\n<p><em><strong>Charakterystyka:<\/strong><\/em><\/p>\n<ul>\n<li>\ud83d\udd28 <strong>Unikalna personalizacja<\/strong>Mo\u017cesz doda\u0107 inicja\u0142 osoby, dzi\u0119ki czemu brelok stanie si\u0119 spersonalizowanym prezentem, kt\u00f3ry zachwyci ka\u017cd\u0105 osob\u0119, kt\u00f3ra go otrzyma.<\/li>\n<li>\ud83c\udfd7\ufe0f <strong>Projekt znaku w kszta\u0142cie sto\u017cka<\/strong>Symbol kultowy dla os\u00f3b pracuj\u0105cych w budownictwie lub remontach, idealny do upami\u0119tnienia chwil wsp\u00f3lnego wysi\u0142ku.<\/li>\n<li>\ud83d\udda8\ufe0f <strong>Wyprodukowano w Hiszpanii przy u\u017cyciu druku 3D<\/strong>Produkt wytwarzany lokalnie z wykorzystaniem najnowocze\u015bniejszych technologii, co gwarantuje jako\u015b\u0107 i precyzj\u0119 w ka\u017cdym detalu.<\/li>\n<li>\ud83c\udf81 <strong>Idealny na prezent<\/strong>Doskonale nadaje si\u0119 na prezent dla wsp\u00f3\u0142pracownik\u00f3w i wolontariuszy pracuj\u0105cych przy projektach budowlanych, szczeg\u00f3lnie w przypadku du\u017cych remont\u00f3w.<\/li>\n<\/ul>\n<p>Ten brelok to nie tylko praktyczny dodatek, ale tak\u017ce wyj\u0105tkowy spos\u00f3b na podzi\u0119kowanie ludziom za ich wysi\u0142ek w\u0142o\u017cony w projekty budowlane i remontowe.<\/p>","protected":false},"excerpt":{"rendered":"<p>Ten brelok z pacho\u0142kiem drogowym, drukowany w 3D, to idealny prezent dla wolontariuszy bior\u0105cych udzia\u0142 w projektach budowlanych lub remontowych LDC, poniewa\u017c mo\u017cna go spersonalizowa\u0107 inicja\u0142em. Wyprodukowany w Hiszpanii z wykorzystaniem druku 3D, wyr\u00f3\u017cnia si\u0119 unikalnym i wysokiej jako\u015bci designem. Jego symbolika sprawia, \u017ce jest to wyj\u0105tkowy i praktyczny prezent dla os\u00f3b zaanga\u017cowanych w te projekty. Idealnie nadaje si\u0119 do zaskocze\u0144 i podzi\u0119kowa\u0144 dla wsp\u00f3\u0142pracownik\u00f3w i przyjaci\u00f3\u0142 za ich wysi\u0142ek.<\/p>","protected":false},"featured_media":1591,"template":"","meta":{"_seopress_robots_primary_cat":"none","_seopress_titles_title":"","_seopress_titles_desc":"","_seopress_robots_index":"","site-sidebar-layout":"default","site-content-layout":"","ast-site-content-layout":"default","site-content-style":"default","site-sidebar-style":"default","ast-global-header-display":"","ast-banner-title-visibility":"","ast-main-header-display":"","ast-hfb-above-header-display":"","ast-hfb-below-header-display":"","ast-hfb-mobile-header-display":"","site-post-title":"","ast-breadcrumbs-content":"","ast-featured-img":"","footer-sml-layout":"","ast-disable-related-posts":"","theme-transparent-header-meta":"default","adv-header-id-meta":"","stick-header-meta":"default","header-above-stick-meta":"","header-main-stick-meta":"","header-below-stick-meta":"","astra-migrate-meta-layouts":"set","ast-page-background-enabled":"default","ast-page-background-meta":{"desktop":{"background-color":"var(--ast-global-color-5)","background-image":"","background-repeat":"repeat","background-position":"center center","background-size":"auto","background-attachment":"scroll","background-type":"","background-media":"","overlay-type":"","overlay-color":"","overlay-opacity":"","overlay-gradient":""},"tablet":{"background-color":"","background-image":"","background-repeat":"repeat","background-position":"center center","background-size":"auto","background-attachment":"scroll","background-type":"","background-media":"","overlay-type":"","overlay-color":"","overlay-opacity":"","overlay-gradient":""},"mobile":{"background-color":"","background-image":"","background-repeat":"repeat","background-position":"center center","background-size":"auto","background-attachment":"scroll","background-type":"","background-media":"","overlay-type":"","overlay-color":"","overlay-opacity":"","overlay-gradient":""}},"ast-content-background-meta":{"desktop":{"background-color":"var(--ast-global-color-4)","background-image":"","background-repeat":"repeat","background-position":"center center","background-size":"auto","background-attachment":"scroll","background-type":"","background-media":"","overlay-type":"","overlay-color":"","overlay-opacity":"","overlay-gradient":""},"tablet":{"background-color":"var(--ast-global-color-4)","background-image":"","background-repeat":"repeat","background-position":"center center","background-size":"auto","background-attachment":"scroll","background-type":"","background-media":"","overlay-type":"","overlay-color":"","overlay-opacity":"","overlay-gradient":""},"mobile":{"background-color":"var(--ast-global-color-4)","background-image":"","background-repeat":"repeat","background-position":"center center","background-size":"auto","background-attachment":"scroll","background-type":"","background-media":"","overlay-type":"","overlay-color":"","overlay-opacity":"","overlay-gradient":""}}},"product_brand":[],"product_cat":[45],"product_tag":[],"class_list":{"0":"post-1592","1":"product","2":"type-product","3":"status-publish","4":"has-post-thumbnail","6":"product_cat-llaveros","7":"desktop-align-center","8":"tablet-align-left","9":"mobile-align-left","10":"ast-product-gallery-layout-horizontal-slider","11":"ast-product-tabs-layout-horizontal","12":"tm-has-options","14":"first","15":"instock","16":"taxable","17":"shipping-taxable","18":"purchasable","19":"product-type-simple"},"_links":{"self":[{"href":"https:\/\/craftjw.com\/pl\/wp-json\/wp\/v2\/product\/1592","targetHints":{"allow":["GET"]}}],"collection":[{"href":"https:\/\/craftjw.com\/pl\/wp-json\/wp\/v2\/product"}],"about":[{"href":"https:\/\/craftjw.com\/pl\/wp-json\/wp\/v2\/types\/product"}],"version-history":[{"count":1,"href":"https:\/\/craftjw.com\/pl\/wp-json\/wp\/v2\/product\/1592\/revisions"}],"predecessor-version":[{"id":53086,"href":"https:\/\/craftjw.com\/pl\/wp-json\/wp\/v2\/product\/1592\/revisions\/53086"}],"wp:featuredmedia":[{"embeddable":true,"href":"https:\/\/craftjw.com\/pl\/wp-json\/wp\/v2\/media\/1591"}],"wp:attachment":[{"href":"https:\/\/craftjw.com\/pl\/wp-json\/wp\/v2\/media?parent=1592"}],"wp:term":[{"taxonomy":"product_brand","embeddable":true,"href":"https:\/\/craftjw.com\/pl\/wp-json\/wp\/v2\/product_brand?post=1592"},{"taxonomy":"product_cat","embeddable":true,"href":"https:\/\/craftjw.com\/pl\/wp-json\/wp\/v2\/product_cat?post=1592"},{"taxonomy":"product_tag","embeddable":true,"href":"https:\/\/craftjw.com\/pl\/wp-json\/wp\/v2\/product_tag?post=1592"}],"curies":[{"name":"wp","href":"https:\/\/api.w.org\/{rel}","templated":true}]}}