{"id":1583,"date":"2026-03-14T23:33:43","date_gmt":"2026-03-14T22:33:43","guid":{"rendered":"https:\/\/craftjw.com\/producto\/llavero-3d-en-forma-de-casco-de-construccion-ldc-ldc-gift\/"},"modified":"2026-04-02T11:37:35","modified_gmt":"2026-04-02T09:37:35","slug":"brelok-3d-w-ksztalcie-helmu-budowlanego-ldc-ldc-gift","status":"publish","type":"product","link":"https:\/\/craftjw.com\/pl\/shop\/llaveros\/llavero-3d-en-forma-de-casco-de-construccion-ldc-ldc-gift\/","title":{"rendered":"Brelok do kluczy LDC 3D z he\u0142mem budowlanym \u2013 prezent LDC"},"content":{"rendered":"<p>Ten wyj\u0105tkowy brelok z he\u0142mem budowlanym zosta\u0142 zaprojektowany specjalnie dla os\u00f3b zaanga\u017cowanych w wa\u017cne projekty budowlane lub remontowe. Dzi\u0119ki mo\u017cliwo\u015bci personalizacji zar\u00f3wno kolor\u00f3w he\u0142mu, jak i napisu, jest to idealny prezent dla os\u00f3b zaanga\u017cowanych w wa\u017cny projekt. Mo\u017cesz r\u00f3wnie\u017c doda\u0107 inicja\u0142 obdarowanego, nadaj\u0105c mu wyj\u0105tkowy i osobisty charakter.<\/p>\n<p>Wybierz jeden z trzech wzor\u00f3w kask\u00f3w i stw\u00f3rz wyj\u0105tkowy produkt symbolizuj\u0105cy po\u015bwi\u0119cenie i wysi\u0142ek wszystkich cz\u0142onk\u00f3w Twojego zespo\u0142u. Wydrukowany w technologii 3D w Hiszpanii, to idealny prezent na uroczysto\u015bci i chwile wdzi\u0119czno\u015bci w kontek\u015bcie projekt\u00f3w budowlanych i remontowych.<\/p>\n<p><em><strong>Charakterystyka:<\/strong><\/em><\/p>\n<ul>\n<li>\ud83d\udee0 <strong>Mo\u017cliwo\u015b\u0107 dostosowania:<\/strong> Mo\u017cesz wybra\u0107 spo\u015br\u00f3d kilku kolor\u00f3w kasku i tekstu, a tak\u017ce doda\u0107 pierwsz\u0105 liter\u0119 swojego imienia, tworz\u0105c niepowtarzalny i osobisty brelok.<\/li>\n<li>\u2699\ufe0f <strong style=\"font-family: -apple-system, BlinkMacSystemFont, 'Segoe UI', Roboto, 'Helvetica Neue', Arial, sans-serif, 'Apple Color Emoji', 'Segoe UI Emoji', 'Segoe UI Symbol'; font-size: 1rem;\">Dost\u0119pne s\u0105 trzy modele:<\/strong><span style=\"font-family: -apple-system, BlinkMacSystemFont, 'Segoe UI', Roboto, 'Helvetica Neue', Arial, sans-serif, 'Apple Color Emoji', 'Segoe UI Emoji', 'Segoe UI Symbol'; font-size: 1rem;\"> Wybierz kask, kt\u00f3ry najlepiej pasuje do Twojego gustu lub okazji, spo\u015br\u00f3d trzech r\u00f3\u017cnych opcji symbolizuj\u0105cych prac\u0119 zespo\u0142ow\u0105 i wsp\u00f3\u0142prac\u0119.<\/span><\/li>\n<li>\ud83d\udda8\ufe0f <strong style=\"font-family: -apple-system, BlinkMacSystemFont, 'Segoe UI', Roboto, 'Helvetica Neue', Arial, sans-serif, 'Apple Color Emoji', 'Segoe UI Emoji', 'Segoe UI Symbol'; font-size: 1rem;\">Wyprodukowano w Hiszpanii przy u\u017cyciu druku 3D:<\/strong><span style=\"font-family: -apple-system, BlinkMacSystemFont, 'Segoe UI', Roboto, 'Helvetica Neue', Arial, sans-serif, 'Apple Color Emoji', 'Segoe UI Emoji', 'Segoe UI Symbol'; font-size: 1rem;\"> Jako\u015b\u0107 i precyzja wykonania tego breloka s\u0105 gwarantowane dzi\u0119ki lokalnemu wytwarzaniu z wykorzystaniem druku 3D.<\/span><\/li>\n<li>\ud83c\udf81 <strong style=\"font-family: -apple-system, BlinkMacSystemFont, 'Segoe UI', Roboto, 'Helvetica Neue', Arial, sans-serif, 'Apple Color Emoji', 'Segoe UI Emoji', 'Segoe UI Symbol'; font-size: 1rem;\">Idealny prezent dla projekt\u00f3w budowlanych LDC:<\/strong><span style=\"font-family: -apple-system, BlinkMacSystemFont, 'Segoe UI', Roboto, 'Helvetica Neue', Arial, sans-serif, 'Apple Color Emoji', 'Segoe UI Emoji', 'Segoe UI Symbol'; font-size: 1rem;\"> Idealny jako prezent dla braci i si\u00f3str wolontariuszy, kt\u00f3rzy przyczynili si\u0119 do projekt\u00f3w budowlanych lub remontowych, symbolizuj\u0105c ich oddanie i wysi\u0142ek.<\/span><\/li>\n<li>\ud83c\udf3f <strong style=\"font-family: -apple-system, BlinkMacSystemFont, 'Segoe UI', Roboto, 'Helvetica Neue', Arial, sans-serif, 'Apple Color Emoji', 'Segoe UI Emoji', 'Segoe UI Symbol'; font-size: 1rem;\">Przyjazne dla \u015brodowiska:<\/strong><span style=\"font-family: -apple-system, BlinkMacSystemFont, 'Segoe UI', Roboto, 'Helvetica Neue', Arial, sans-serif, 'Apple Color Emoji', 'Segoe UI Emoji', 'Segoe UI Symbol'; font-size: 1rem;\"> Wykonany z materia\u0142\u00f3w przyjaznych \u015brodowisku brelok jest nie tylko spersonalizowanym prezentem, ale tak\u017ce odpowiedzialnym wyborem dla planety.<\/span><\/li>\n<\/ul>\n<p>Ten brelok to doskona\u0142y spos\u00f3b, aby podzi\u0119kowa\u0107 i doceni\u0107 osoby bior\u0105ce udzia\u0142 w wa\u017cnych projektach, dodaj\u0105c osobistego i wyj\u0105tkowego akcentu.<\/p>","protected":false},"excerpt":{"rendered":"<p>Ten brelok z he\u0142mem budowlanym, wydrukowany w technologii 3D, mo\u017cna spersonalizowa\u0107 kolorami i inicja\u0142em imienia, co czyni go wyj\u0105tkowym prezentem. Dost\u0119pny jest w trzech r\u00f3\u017cnych modelach, idealnych do projekt\u00f3w budowlanych lub remontowych. Wyprodukowany w Hiszpanii z wykorzystaniem druku 3D, gwarantuje jako\u015b\u0107 i precyzj\u0119 wykonania ka\u017cdego elementu. Idealnie nadaje si\u0119 do podzi\u0119kowania osobom pracuj\u0105cym nad wa\u017cnymi projektami, nadaj\u0105c im osobistego i wyj\u0105tkowego charakteru.<\/p>","protected":false},"featured_media":1582,"template":"","meta":{"_seopress_robots_primary_cat":"none","_seopress_titles_title":"Llavero casco 3D: regalo personal para proyectos LDC - JW","_seopress_titles_desc":"Regala un llavero \u00fanico, personalizable y hecho en Espa\u00f1a. Perfecto para reconocimientos en proyectos de construcci\u00f3n para los voluntarios de proyectos LDC.","_seopress_robots_index":"","site-sidebar-layout":"default","site-content-layout":"","ast-site-content-layout":"default","site-content-style":"default","site-sidebar-style":"default","ast-global-header-display":"","ast-banner-title-visibility":"","ast-main-header-display":"","ast-hfb-above-header-display":"","ast-hfb-below-header-display":"","ast-hfb-mobile-header-display":"","site-post-title":"","ast-breadcrumbs-content":"","ast-featured-img":"","footer-sml-layout":"","ast-disable-related-posts":"","theme-transparent-header-meta":"default","adv-header-id-meta":"","stick-header-meta":"default","header-above-stick-meta":"","header-main-stick-meta":"","header-below-stick-meta":"","astra-migrate-meta-layouts":"set","ast-page-background-enabled":"default","ast-page-background-meta":{"desktop":{"background-color":"var(--ast-global-color-5)","background-image":"","background-repeat":"repeat","background-position":"center center","background-size":"auto","background-attachment":"scroll","background-type":"","background-media":"","overlay-type":"","overlay-color":"","overlay-opacity":"","overlay-gradient":""},"tablet":{"background-color":"","background-image":"","background-repeat":"repeat","background-position":"center center","background-size":"auto","background-attachment":"scroll","background-type":"","background-media":"","overlay-type":"","overlay-color":"","overlay-opacity":"","overlay-gradient":""},"mobile":{"background-color":"","background-image":"","background-repeat":"repeat","background-position":"center center","background-size":"auto","background-attachment":"scroll","background-type":"","background-media":"","overlay-type":"","overlay-color":"","overlay-opacity":"","overlay-gradient":""}},"ast-content-background-meta":{"desktop":{"background-color":"var(--ast-global-color-4)","background-image":"","background-repeat":"repeat","background-position":"center center","background-size":"auto","background-attachment":"scroll","background-type":"","background-media":"","overlay-type":"","overlay-color":"","overlay-opacity":"","overlay-gradient":""},"tablet":{"background-color":"var(--ast-global-color-4)","background-image":"","background-repeat":"repeat","background-position":"center center","background-size":"auto","background-attachment":"scroll","background-type":"","background-media":"","overlay-type":"","overlay-color":"","overlay-opacity":"","overlay-gradient":""},"mobile":{"background-color":"var(--ast-global-color-4)","background-image":"","background-repeat":"repeat","background-position":"center center","background-size":"auto","background-attachment":"scroll","background-type":"","background-media":"","overlay-type":"","overlay-color":"","overlay-opacity":"","overlay-gradient":""}}},"product_brand":[46],"product_cat":[45],"product_tag":[],"class_list":{"0":"post-1583","1":"product","2":"type-product","3":"status-publish","4":"has-post-thumbnail","6":"product_brand-craft-jw","7":"product_cat-llaveros","8":"desktop-align-center","9":"tablet-align-left","10":"mobile-align-left","11":"ast-product-gallery-layout-horizontal-slider","12":"ast-product-tabs-layout-horizontal","13":"tm-has-options","15":"first","16":"instock","17":"taxable","18":"shipping-taxable","19":"purchasable","20":"product-type-simple"},"_links":{"self":[{"href":"https:\/\/craftjw.com\/pl\/wp-json\/wp\/v2\/product\/1583","targetHints":{"allow":["GET"]}}],"collection":[{"href":"https:\/\/craftjw.com\/pl\/wp-json\/wp\/v2\/product"}],"about":[{"href":"https:\/\/craftjw.com\/pl\/wp-json\/wp\/v2\/types\/product"}],"version-history":[{"count":1,"href":"https:\/\/craftjw.com\/pl\/wp-json\/wp\/v2\/product\/1583\/revisions"}],"predecessor-version":[{"id":53087,"href":"https:\/\/craftjw.com\/pl\/wp-json\/wp\/v2\/product\/1583\/revisions\/53087"}],"wp:featuredmedia":[{"embeddable":true,"href":"https:\/\/craftjw.com\/pl\/wp-json\/wp\/v2\/media\/1582"}],"wp:attachment":[{"href":"https:\/\/craftjw.com\/pl\/wp-json\/wp\/v2\/media?parent=1583"}],"wp:term":[{"taxonomy":"product_brand","embeddable":true,"href":"https:\/\/craftjw.com\/pl\/wp-json\/wp\/v2\/product_brand?post=1583"},{"taxonomy":"product_cat","embeddable":true,"href":"https:\/\/craftjw.com\/pl\/wp-json\/wp\/v2\/product_cat?post=1583"},{"taxonomy":"product_tag","embeddable":true,"href":"https:\/\/craftjw.com\/pl\/wp-json\/wp\/v2\/product_tag?post=1583"}],"curies":[{"name":"wp","href":"https:\/\/api.w.org\/{rel}","templated":true}]}}