{"id":1576,"date":"2026-03-14T23:33:38","date_gmt":"2026-03-14T22:33:38","guid":{"rendered":"https:\/\/craftjw.com\/producto\/caja-organizadora-kit-de-ensenanza-jw\/"},"modified":"2026-04-01T08:18:52","modified_gmt":"2026-04-01T06:18:52","slug":"pudelko-z-organizerem-na-zestaw-do-nauczania-sj","status":"publish","type":"product","link":"https:\/\/craftjw.com\/pl\/shop\/varios-regalos\/caja-organizadora-kit-de-ensenanza-jw\/","title":{"rendered":"Pude\u0142ko organizacyjne na zestaw edukacyjny JW"},"content":{"rendered":"<p>Odmie\u0144 swoje biurko lub st\u00f3\u0142 dzi\u0119ki temu <strong>pude\u0142ko organizacyjne<\/strong> z <strong>Zestaw do nauczania \u015aJ<\/strong>. To pude\u0142ko idealnie nadaje si\u0119 do przechowywania rzeczy osobistych i \u0142\u0105czy funkcjonalno\u015b\u0107 z wyj\u0105tkowym, dekoracyjnym designem. Wykonane w technologii druku 3D, idealnie nadaje si\u0119 do przechowywania artyku\u0142\u00f3w biurowych, kluczy i drobnych akcesori\u00f3w, a jednocze\u015bnie doda odrobin\u0119 stylu ka\u017cdej przestrzeni.<\/p>\n<p><em><strong>Charakterystyka:<\/strong><\/em><\/p>\n<ul>\n<li>\ud83d\udd35\ud83d\udd34 <strong>Dost\u0119pne kolory<\/strong>Niebieski i czerwony<\/li>\n<li><strong>\ud83d\udda8\ufe0f Materia\u0142<\/strong>Wysokiej jako\u015bci plastik drukowany w technologii 3D<\/li>\n<li><strong>\ud83c\udf81 Wszechstronne zastosowanie<\/strong>Idealny do biura, domu lub na prezent<\/li>\n<li><strong>\ud83d\udda5\ufe0f Kompaktowy rozmiar<\/strong>Idealny na ka\u017cde biurko lub st\u00f3\u0142<\/li>\n<li><strong>\ud83d\udcd0 Wymiary<\/strong>: 120 mm d\u0142ugo\u015bci, 50 mm szeroko\u015bci, 78,5 mm wysoko\u015bci<\/li>\n<\/ul>\n<p>Nie przegap okazji, aby poprawi\u0107 swoj\u0105 organizacj\u0119 w wielkim stylu. Zam\u00f3w organizer JW Teaching Kit ju\u017c dzi\u015b i odmie\u0144 swoj\u0105 przestrze\u0144!<\/p>","protected":false},"excerpt":{"rendered":"<p>Ten drukowany w 3D organizer JW Teaching Kit idealnie nadaje si\u0119 do utrzymania porz\u0105dku i elegancji na biurku. Dost\u0119pny w kolorze niebieskim i czerwonym, wykonany jest z wysokiej jako\u015bci plastiku. Dzi\u0119ki kompaktowym wymiarom: 120 mm d\u0142ugo\u015bci, 50 mm szeroko\u015bci i 78,5 mm wysoko\u015bci, idealnie nadaje si\u0119 do przechowywania drobnych akcesori\u00f3w. Dekoracyjny design sprawia, \u017ce jest to r\u00f3wnie\u017c doskona\u0142y prezent lub element dekoracyjny do ka\u017cdego wn\u0119trza.<\/p>","protected":false},"featured_media":1575,"template":"","meta":{"_seopress_robots_primary_cat":"","_seopress_titles_title":"","_seopress_titles_desc":"","_seopress_robots_index":"","site-sidebar-layout":"default","site-content-layout":"","ast-site-content-layout":"default","site-content-style":"default","site-sidebar-style":"default","ast-global-header-display":"","ast-banner-title-visibility":"","ast-main-header-display":"","ast-hfb-above-header-display":"","ast-hfb-below-header-display":"","ast-hfb-mobile-header-display":"","site-post-title":"","ast-breadcrumbs-content":"","ast-featured-img":"","footer-sml-layout":"","ast-disable-related-posts":"","theme-transparent-header-meta":"default","adv-header-id-meta":"","stick-header-meta":"default","header-above-stick-meta":"","header-main-stick-meta":"","header-below-stick-meta":"","astra-migrate-meta-layouts":"set","ast-page-background-enabled":"default","ast-page-background-meta":{"desktop":{"background-color":"var(--ast-global-color-5)","background-image":"","background-repeat":"repeat","background-position":"center center","background-size":"auto","background-attachment":"scroll","background-type":"","background-media":"","overlay-type":"","overlay-color":"","overlay-opacity":"","overlay-gradient":""},"tablet":{"background-color":"","background-image":"","background-repeat":"repeat","background-position":"center center","background-size":"auto","background-attachment":"scroll","background-type":"","background-media":"","overlay-type":"","overlay-color":"","overlay-opacity":"","overlay-gradient":""},"mobile":{"background-color":"","background-image":"","background-repeat":"repeat","background-position":"center center","background-size":"auto","background-attachment":"scroll","background-type":"","background-media":"","overlay-type":"","overlay-color":"","overlay-opacity":"","overlay-gradient":""}},"ast-content-background-meta":{"desktop":{"background-color":"var(--ast-global-color-4)","background-image":"","background-repeat":"repeat","background-position":"center center","background-size":"auto","background-attachment":"scroll","background-type":"","background-media":"","overlay-type":"","overlay-color":"","overlay-opacity":"","overlay-gradient":""},"tablet":{"background-color":"var(--ast-global-color-4)","background-image":"","background-repeat":"repeat","background-position":"center center","background-size":"auto","background-attachment":"scroll","background-type":"","background-media":"","overlay-type":"","overlay-color":"","overlay-opacity":"","overlay-gradient":""},"mobile":{"background-color":"var(--ast-global-color-4)","background-image":"","background-repeat":"repeat","background-position":"center center","background-size":"auto","background-attachment":"scroll","background-type":"","background-media":"","overlay-type":"","overlay-color":"","overlay-opacity":"","overlay-gradient":""}}},"product_brand":[46],"product_cat":[50],"product_tag":[],"class_list":{"0":"post-1576","1":"product","2":"type-product","3":"status-publish","4":"has-post-thumbnail","6":"product_brand-craft-jw","7":"product_cat-varios-regalos","8":"desktop-align-center","9":"tablet-align-left","10":"mobile-align-left","11":"ast-product-gallery-layout-horizontal-slider","12":"ast-product-tabs-layout-horizontal","13":"tm-has-options","15":"first","16":"instock","17":"taxable","18":"shipping-taxable","19":"purchasable","20":"product-type-simple"},"_links":{"self":[{"href":"https:\/\/craftjw.com\/pl\/wp-json\/wp\/v2\/product\/1576","targetHints":{"allow":["GET"]}}],"collection":[{"href":"https:\/\/craftjw.com\/pl\/wp-json\/wp\/v2\/product"}],"about":[{"href":"https:\/\/craftjw.com\/pl\/wp-json\/wp\/v2\/types\/product"}],"version-history":[{"count":1,"href":"https:\/\/craftjw.com\/pl\/wp-json\/wp\/v2\/product\/1576\/revisions"}],"predecessor-version":[{"id":53007,"href":"https:\/\/craftjw.com\/pl\/wp-json\/wp\/v2\/product\/1576\/revisions\/53007"}],"wp:featuredmedia":[{"embeddable":true,"href":"https:\/\/craftjw.com\/pl\/wp-json\/wp\/v2\/media\/1575"}],"wp:attachment":[{"href":"https:\/\/craftjw.com\/pl\/wp-json\/wp\/v2\/media?parent=1576"}],"wp:term":[{"taxonomy":"product_brand","embeddable":true,"href":"https:\/\/craftjw.com\/pl\/wp-json\/wp\/v2\/product_brand?post=1576"},{"taxonomy":"product_cat","embeddable":true,"href":"https:\/\/craftjw.com\/pl\/wp-json\/wp\/v2\/product_cat?post=1576"},{"taxonomy":"product_tag","embeddable":true,"href":"https:\/\/craftjw.com\/pl\/wp-json\/wp\/v2\/product_tag?post=1576"}],"curies":[{"name":"wp","href":"https:\/\/api.w.org\/{rel}","templated":true}]}}