{"id":1570,"date":"2026-03-14T23:33:33","date_gmt":"2026-03-14T22:33:33","guid":{"rendered":"https:\/\/craftjw.com\/producto\/libreta-personalizada-para-precursores-ancianos\/"},"modified":"2026-04-02T10:53:14","modified_gmt":"2026-04-02T08:53:14","slug":"spersonalizowany-notatnik-dla-starszych-pionierow","status":"publish","type":"product","link":"https:\/\/craftjw.com\/pl\/shop\/libretas\/libreta-personalizada-para-precursores-ancianos\/","title":{"rendered":"Spersonalizowany notatnik dla pionier\u00f3w\/starszych"},"content":{"rendered":"<p>Odkryj nasz spersonalizowany notatnik dla pionier\u00f3w lub starszych zboru!<\/p>\n<p>Zanurz si\u0119 w wyj\u0105tkowo\u015bci i autentyczno\u015bci z naszym wykwintnym 80-stronicowym notatnikiem z grawerowanymi laserowo drewnianymi ok\u0142adkami. Ten klejnot elegancji zosta\u0142 zaprojektowany specjalnie dla pionier\u00f3w sta\u0142ych i starszych w zborze.<\/p>\n<p><strong>Najwa\u017cniejsze cechy:<\/strong><\/p>\n<ul>\n<li><em>Personalizacja wed\u0142ug Twoich upodoba\u0144:<\/em> Ok\u0142adka to czyste p\u0142\u00f3tno, kt\u00f3re czeka na Tw\u00f3j osobisty akcent. Mo\u017cesz wygrawerowa\u0107 laserowo specjaln\u0105 wiadomo\u015b\u0107. Dodatkowo, na ka\u017cdej stronie mo\u017cesz doda\u0107 w\u0142asne nag\u0142\u00f3wki, dzi\u0119ki czemu Tw\u00f3j notatnik b\u0119dzie naprawd\u0119 wyj\u0105tkowy.<\/li>\n<li><em>80 stron inspiracji:<\/em> Ten notatnik, licz\u0105cy \u0142\u0105cznie 80 stron, to Twoja \u015bwi\u0119ta przestrze\u0144 do refleksji, studiowania Biblii lub po prostu codziennych przemy\u015ble\u0144. Niech ka\u017cda strona opowie histori\u0119 Twojego zaanga\u017cowania i po\u015bwi\u0119cenia.<\/li>\n<li><em>Znacz\u0105cy prezent:<\/em> Idealny na specjalne okazje, takie jak szko\u0142y pionierskie, szko\u0142y starszych czy szko\u0142y ewangelizacyjne Kr\u00f3lestwa. To dar, kt\u00f3ry wykracza poza papier i staje si\u0119 namacalnym \u015bwiadectwem.<span style=\"font-size: 1rem;\">oka\u017c mu uznanie i wdzi\u0119czno\u015b\u0107.<\/span><\/li>\n<li><em>Drewniane pokrywki z grawerem laserowym:<\/em> Kunszt wykonania o\u017cywa w drewnianych ok\u0142adkach, gdzie ka\u017cdy szczeg\u00f3\u0142 jest pieczo\u0142owicie grawerowany laserowo. To nie jest zwyk\u0142y notatnik; to dzie\u0142o sztuki, kt\u00f3re odzwierciedla Twoje zaanga\u017cowanie.<\/li>\n<li><em>Ponadczasowa elegancja:<\/em> Subtelny i ponadczasowy design notatnika podkre\u015bla powag\u0119 i wag\u0119 Twojej s\u0142u\u017cby. Niezale\u017cnie od tego, czy u\u017cywasz go do zapisywania do\u015bwiadcze\u0144, my\u015bli czy refleksji, ka\u017cde s\u0142owo znajdzie swoje miejsce w ponadczasowej elegancji tych stron.<\/li>\n<li><em>Wymiary:<\/em>\n<ul>\n<li><em>Tapas:<\/em> 15,2 cm (szeroko\u015b\u0107) x 21,5 cm (wysoko\u015b\u0107) x 2,5 cm (grubo\u015b\u0107)<\/li>\n<li><em>Li\u015bcie:<\/em> Format A5 (14,8 cm szeroko\u015bci x 21 cm wysoko\u015bci)<\/li>\n<\/ul>\n<\/li>\n<\/ul>\n<p>Niezale\u017cnie od tego, czy podarujesz go sobie samemu, czy jako wyj\u0105tkowy prezent, ten notatnik zawiera w sobie istot\u0119 tego, co znaczy by\u0107 cz\u0119\u015bci\u0105 wsp\u00f3lnoty.<\/p>","protected":false},"excerpt":{"rendered":"<p>Zanurz si\u0119 w ponadczasowej elegancji naszego personalizowanego notatnika z grawerowanymi laserowo drewnianymi ok\u0142adkami, zaprojektowanego dla pionier\u00f3w sta\u0142ych i starszych w zborze. Ten notatnik z 80 pustymi stronami oferuje wyj\u0105tkow\u0105 przestrze\u0144 do zapisywania my\u015bli i refleksji, umo\u017cliwiaj\u0105c pe\u0142n\u0105 personalizacj\u0119 od ok\u0142adki po nag\u0142\u00f3wek ka\u017cdej strony. B\u0119dzie to warto\u015bciowy prezent na specjalne wydarzenia zborowe, takie jak szko\u0142y pionier\u00f3w, szko\u0142y starszych czy szkolenia ewangelizacyjne. Grawerowane laserowo drewniane ok\u0142adki odzwierciedlaj\u0105 jako\u015b\u0107 wykonania, przekszta\u0142caj\u0105c ten notatnik w dzie\u0142o sztuki, kt\u00f3re wykracza poza swoj\u0105 praktyczn\u0105 funkcj\u0119. Jego stonowany i ponadczasowy design odzwierciedla powag\u0119 i wag\u0119 zaanga\u017cowania, czyni\u0105c ten notatnik namacalnym \u015bwiadectwem oddania i s\u0142u\u017cby.<\/p>","protected":false},"featured_media":1569,"template":"","meta":{"_seopress_robots_primary_cat":"none","_seopress_titles_title":"Libreta personalizable de madera: Regalo ideal para precursores","_seopress_titles_desc":"Descubre una libreta \u00fanica con tapas de madera grabadas a l\u00e1ser, ideal para precursores y ancianos. Personaliza cada p\u00e1gina con tu estilo.","_seopress_robots_index":"","site-sidebar-layout":"default","site-content-layout":"","ast-site-content-layout":"default","site-content-style":"default","site-sidebar-style":"default","ast-global-header-display":"","ast-banner-title-visibility":"","ast-main-header-display":"","ast-hfb-above-header-display":"","ast-hfb-below-header-display":"","ast-hfb-mobile-header-display":"","site-post-title":"","ast-breadcrumbs-content":"","ast-featured-img":"","footer-sml-layout":"","ast-disable-related-posts":"","theme-transparent-header-meta":"default","adv-header-id-meta":"","stick-header-meta":"default","header-above-stick-meta":"","header-main-stick-meta":"","header-below-stick-meta":"","astra-migrate-meta-layouts":"set","ast-page-background-enabled":"default","ast-page-background-meta":{"desktop":{"background-color":"var(--ast-global-color-5)","background-image":"","background-repeat":"repeat","background-position":"center center","background-size":"auto","background-attachment":"scroll","background-type":"","background-media":"","overlay-type":"","overlay-color":"","overlay-opacity":"","overlay-gradient":""},"tablet":{"background-color":"","background-image":"","background-repeat":"repeat","background-position":"center center","background-size":"auto","background-attachment":"scroll","background-type":"","background-media":"","overlay-type":"","overlay-color":"","overlay-opacity":"","overlay-gradient":""},"mobile":{"background-color":"","background-image":"","background-repeat":"repeat","background-position":"center center","background-size":"auto","background-attachment":"scroll","background-type":"","background-media":"","overlay-type":"","overlay-color":"","overlay-opacity":"","overlay-gradient":""}},"ast-content-background-meta":{"desktop":{"background-color":"var(--ast-global-color-4)","background-image":"","background-repeat":"repeat","background-position":"center center","background-size":"auto","background-attachment":"scroll","background-type":"","background-media":"","overlay-type":"","overlay-color":"","overlay-opacity":"","overlay-gradient":""},"tablet":{"background-color":"var(--ast-global-color-4)","background-image":"","background-repeat":"repeat","background-position":"center center","background-size":"auto","background-attachment":"scroll","background-type":"","background-media":"","overlay-type":"","overlay-color":"","overlay-opacity":"","overlay-gradient":""},"mobile":{"background-color":"var(--ast-global-color-4)","background-image":"","background-repeat":"repeat","background-position":"center center","background-size":"auto","background-attachment":"scroll","background-type":"","background-media":"","overlay-type":"","overlay-color":"","overlay-opacity":"","overlay-gradient":""}}},"product_brand":[],"product_cat":[58],"product_tag":[],"class_list":{"0":"post-1570","1":"product","2":"type-product","3":"status-publish","4":"has-post-thumbnail","6":"product_cat-libretas","7":"desktop-align-center","8":"tablet-align-left","9":"mobile-align-left","10":"ast-product-gallery-layout-horizontal-slider","11":"ast-product-tabs-layout-horizontal","12":"tm-has-options","14":"first","15":"instock","16":"taxable","17":"shipping-taxable","18":"purchasable","19":"product-type-simple"},"_links":{"self":[{"href":"https:\/\/craftjw.com\/pl\/wp-json\/wp\/v2\/product\/1570","targetHints":{"allow":["GET"]}}],"collection":[{"href":"https:\/\/craftjw.com\/pl\/wp-json\/wp\/v2\/product"}],"about":[{"href":"https:\/\/craftjw.com\/pl\/wp-json\/wp\/v2\/types\/product"}],"version-history":[{"count":1,"href":"https:\/\/craftjw.com\/pl\/wp-json\/wp\/v2\/product\/1570\/revisions"}],"predecessor-version":[{"id":53000,"href":"https:\/\/craftjw.com\/pl\/wp-json\/wp\/v2\/product\/1570\/revisions\/53000"}],"wp:featuredmedia":[{"embeddable":true,"href":"https:\/\/craftjw.com\/pl\/wp-json\/wp\/v2\/media\/1569"}],"wp:attachment":[{"href":"https:\/\/craftjw.com\/pl\/wp-json\/wp\/v2\/media?parent=1570"}],"wp:term":[{"taxonomy":"product_brand","embeddable":true,"href":"https:\/\/craftjw.com\/pl\/wp-json\/wp\/v2\/product_brand?post=1570"},{"taxonomy":"product_cat","embeddable":true,"href":"https:\/\/craftjw.com\/pl\/wp-json\/wp\/v2\/product_cat?post=1570"},{"taxonomy":"product_tag","embeddable":true,"href":"https:\/\/craftjw.com\/pl\/wp-json\/wp\/v2\/product_tag?post=1570"}],"curies":[{"name":"wp","href":"https:\/\/api.w.org\/{rel}","templated":true}]}}