{"id":1560,"date":"2026-03-14T23:32:55","date_gmt":"2026-03-14T22:32:55","guid":{"rendered":"https:\/\/craftjw.com\/producto\/llavero-no-se-puede-silenciar-a-un-precursor\/"},"modified":"2026-04-02T10:56:20","modified_gmt":"2026-04-02T08:56:20","slug":"brelok-nie-mozesz-uciszyc-prekursora","status":"publish","type":"product","link":"https:\/\/craftjw.com\/pl\/shop\/llaveros\/llavero-no-se-puede-silenciar-a-un-precursor\/","title":{"rendered":"Brelok \u201cNie mo\u017cesz uciszy\u0107 pioniera\u201d"},"content":{"rendered":"<p>Odkryj nasz drewniany brelok, wyj\u0105tkowy produkt \u0142\u0105cz\u0105cy kunszt wykonania z codzienn\u0105 inspiracj\u0105! Ten brelok jest starannie wyci\u0119ty i grawerowany laserowo, co podkre\u015bla jako\u015b\u0107 drewna i precyzj\u0119 wykonania. Motywuj\u0105cy napis \u201c<strong>Pioniera nie mo\u017cna uciszy\u0107<\/strong>\u201dMa ono pot\u0119\u017cny wyd\u017awi\u0119k i stanowi nieustanne \u017ar\u00f3d\u0142o zach\u0119ty dla sta\u0142ych pionier\u00f3w zboru lub tych, kt\u00f3rzy maj\u0105 zamiar zosta\u0107 pionierami.<\/p>\n<p>To nie tylko brelok; to namacalne przypomnienie po\u015bwi\u0119cenia i odwagi tych, kt\u00f3rzy dzie\u0144 po dniu pracuj\u0105 na pionierskich polach. Grawerowanie laserowe gwarantuje trwa\u0142o\u015b\u0107 i dba\u0142o\u015b\u0107 o szczeg\u00f3\u0142y, dzi\u0119ki czemu ten brelok to wyj\u0105tkowy prezent, kt\u00f3ry b\u0119dzie s\u0142u\u017cy\u0142 ca\u0142e \u017cycie.<\/p>\n<p>Nasze produkty s\u0105 w ca\u0142o\u015bci r\u0119cznie wykonane, co oznacza, \u017ce ka\u017cdy brelok jest starannie wykonany r\u0119cznie. Ten wyj\u0105tkowy akcent dodaje wyj\u0105tkowego charakteru, czyni\u0105c ka\u017cdy egzemplarz naprawd\u0119 niepowtarzalnym. Co wi\u0119cej, bierzemy odpowiedzialno\u015b\u0107 za jako\u015b\u0107 naszych produkt\u00f3w, zapewniaj\u0105c, \u017ce ten brelok jest nie tylko estetyczny, ale tak\u017ce trwa\u0142y i d\u0142ugowieczny.<\/p>\n<p>Uczy\u0144 ten drewniany brelok idealnym prezentem dla pe\u0142nych pasji lider\u00f3w lub aspiruj\u0105cych pionier\u00f3w. Zam\u00f3w go ju\u017c dzi\u015b i no\u015b w sobie szczypt\u0119 inspiracji i kunsztu ka\u017cdego dnia!<\/p>\n<p><strong>Cechy:<\/strong><\/p>\n<ul>\n<li><em>\u015arednica:<\/em> 45 mm<\/li>\n<li><em>Grubo\u015b\u0107:<\/em> 3 mm<\/li>\n<\/ul>","protected":false},"excerpt":{"rendered":"<p>Odkryj nasz drewniany brelok z grawerunkiem laserowym, po\u0142\u0105czenie kunsztu i motywacji, z napisem \u201cPioniera nie da si\u0119 uciszy\u0107\u201d. To namacalne przypomnienie dla pionier\u00f3w i tych, kt\u00f3rzy aspiruj\u0105 do tego miana, podkre\u015blaj\u0105ce po\u015bwi\u0119cenie i odwag\u0119. Ka\u017cdy brelok jest unikatowy, r\u0119cznie wykonany z grawerunkiem laserowym, co zapewnia wyj\u0105tkow\u0105 trwa\u0142o\u015b\u0107 i dba\u0142o\u015b\u0107 o szczeg\u00f3\u0142y.<\/p>","protected":false},"featured_media":1559,"template":"","meta":{"_seopress_robots_primary_cat":"none","_seopress_titles_title":"","_seopress_titles_desc":"","_seopress_robots_index":"","site-sidebar-layout":"default","site-content-layout":"","ast-site-content-layout":"default","site-content-style":"default","site-sidebar-style":"default","ast-global-header-display":"","ast-banner-title-visibility":"","ast-main-header-display":"","ast-hfb-above-header-display":"","ast-hfb-below-header-display":"","ast-hfb-mobile-header-display":"","site-post-title":"","ast-breadcrumbs-content":"","ast-featured-img":"","footer-sml-layout":"","ast-disable-related-posts":"","theme-transparent-header-meta":"default","adv-header-id-meta":"","stick-header-meta":"default","header-above-stick-meta":"","header-main-stick-meta":"","header-below-stick-meta":"","astra-migrate-meta-layouts":"set","ast-page-background-enabled":"default","ast-page-background-meta":{"desktop":{"background-color":"var(--ast-global-color-5)","background-image":"","background-repeat":"repeat","background-position":"center center","background-size":"auto","background-attachment":"scroll","background-type":"","background-media":"","overlay-type":"","overlay-color":"","overlay-opacity":"","overlay-gradient":""},"tablet":{"background-color":"","background-image":"","background-repeat":"repeat","background-position":"center center","background-size":"auto","background-attachment":"scroll","background-type":"","background-media":"","overlay-type":"","overlay-color":"","overlay-opacity":"","overlay-gradient":""},"mobile":{"background-color":"","background-image":"","background-repeat":"repeat","background-position":"center center","background-size":"auto","background-attachment":"scroll","background-type":"","background-media":"","overlay-type":"","overlay-color":"","overlay-opacity":"","overlay-gradient":""}},"ast-content-background-meta":{"desktop":{"background-color":"var(--ast-global-color-4)","background-image":"","background-repeat":"repeat","background-position":"center center","background-size":"auto","background-attachment":"scroll","background-type":"","background-media":"","overlay-type":"","overlay-color":"","overlay-opacity":"","overlay-gradient":""},"tablet":{"background-color":"var(--ast-global-color-4)","background-image":"","background-repeat":"repeat","background-position":"center center","background-size":"auto","background-attachment":"scroll","background-type":"","background-media":"","overlay-type":"","overlay-color":"","overlay-opacity":"","overlay-gradient":""},"mobile":{"background-color":"var(--ast-global-color-4)","background-image":"","background-repeat":"repeat","background-position":"center center","background-size":"auto","background-attachment":"scroll","background-type":"","background-media":"","overlay-type":"","overlay-color":"","overlay-opacity":"","overlay-gradient":""}}},"product_brand":[46],"product_cat":[45],"product_tag":[],"class_list":{"0":"post-1560","1":"product","2":"type-product","3":"status-publish","4":"has-post-thumbnail","6":"product_brand-craft-jw","7":"product_cat-llaveros","8":"desktop-align-center","9":"tablet-align-left","10":"mobile-align-left","11":"ast-product-gallery-layout-horizontal-slider","12":"ast-product-tabs-layout-horizontal","13":"tm-has-options","15":"first","16":"instock","17":"taxable","18":"shipping-taxable","19":"purchasable","20":"product-type-simple"},"_links":{"self":[{"href":"https:\/\/craftjw.com\/pl\/wp-json\/wp\/v2\/product\/1560","targetHints":{"allow":["GET"]}}],"collection":[{"href":"https:\/\/craftjw.com\/pl\/wp-json\/wp\/v2\/product"}],"about":[{"href":"https:\/\/craftjw.com\/pl\/wp-json\/wp\/v2\/types\/product"}],"version-history":[{"count":1,"href":"https:\/\/craftjw.com\/pl\/wp-json\/wp\/v2\/product\/1560\/revisions"}],"predecessor-version":[{"id":53009,"href":"https:\/\/craftjw.com\/pl\/wp-json\/wp\/v2\/product\/1560\/revisions\/53009"}],"wp:featuredmedia":[{"embeddable":true,"href":"https:\/\/craftjw.com\/pl\/wp-json\/wp\/v2\/media\/1559"}],"wp:attachment":[{"href":"https:\/\/craftjw.com\/pl\/wp-json\/wp\/v2\/media?parent=1560"}],"wp:term":[{"taxonomy":"product_brand","embeddable":true,"href":"https:\/\/craftjw.com\/pl\/wp-json\/wp\/v2\/product_brand?post=1560"},{"taxonomy":"product_cat","embeddable":true,"href":"https:\/\/craftjw.com\/pl\/wp-json\/wp\/v2\/product_cat?post=1560"},{"taxonomy":"product_tag","embeddable":true,"href":"https:\/\/craftjw.com\/pl\/wp-json\/wp\/v2\/product_tag?post=1560"}],"curies":[{"name":"wp","href":"https:\/\/api.w.org\/{rel}","templated":true}]}}