{"id":1554,"date":"2026-03-14T23:32:40","date_gmt":"2026-03-14T22:32:40","guid":{"rendered":"https:\/\/craftjw.com\/producto\/iman-de-madera-en-forma-de-biblia-texto-del-ano-2026\/"},"modified":"2026-04-02T10:58:16","modified_gmt":"2026-04-02T08:58:16","slug":"drewniany-magnes-w-ksztalcie-biblii-z-tekstem-z-roku-2026","status":"publish","type":"product","link":"https:\/\/craftjw.com\/pl\/shop\/imanes-de-nevera\/iman-de-madera-en-forma-de-biblia-texto-del-ano-2026\/","title":{"rendered":"Drewniany magnes biblijny \u2013 Tekst Roku 2026"},"content":{"rendered":"<p>Odkryj wyj\u0105tkow\u0105 istot\u0119 Biblii w formie drewnianego magnesu, na ka\u017cdym z kt\u00f3rego wygrawerowano laserowo wyj\u0105tkowy tekst z roku 2026. Dost\u0119pny w trzech wzorach, ten magnes b\u0119dzie idealnym prezentem dla cz\u0142onk\u00f3w zboru.<\/p>\n<p><strong>G\u0142\u00f3wne cechy:<\/strong><\/p>\n<ul>\n<li><em>Materia\u0142y wysokiej jako\u015bci:<\/em> Wykonane z najwy\u017cszej jako\u015bci drewna, co zapewnia wyj\u0105tkow\u0105 trwa\u0142o\u015b\u0107 i elegancj\u0119.<\/li>\n<li><em>Precyzyjne grawerowanie laserowe:<\/em> Drobne i precyzyjne detale, kt\u00f3re w wyj\u0105tkowy spos\u00f3b podkre\u015blaj\u0105 pi\u0119kno tekstu roku 2026.<\/li>\n<li><em>Wymiary:<\/em>\n<ul>\n<li><em>Model 1:<\/em> 8 cm szeroko\u015bci x 5,5 cm wysoko\u015bci<\/li>\n<li><em>Model 2:<\/em> 7,6 cm szeroko\u015bci x 5,5 cm wysoko\u015bci<\/li>\n<li><em>Model 3:<\/em> 8 cm wysoko\u015bci x 5 cm wysoko\u015bci<\/li>\n<\/ul>\n<\/li>\n<\/ul>\n<p><strong>Wszechstronne zastosowanie:<\/strong> Ten funkcjonalny magnes nie tylko ozdobi Twoj\u0105 przestrze\u0144, ale r\u00f3wnie\u017c b\u0119dzie codziennie przypomina\u0142 Ci o roku 2026.<\/p>\n<p>Uczy\u0144 ten magnes wyj\u0105tkowym wyrazem swojej wiary i podaruj go braciom i siostrom ze wsp\u00f3lnoty.<\/p>","protected":false},"excerpt":{"rendered":"<p>Odkryj wyj\u0105tkowo\u015b\u0107 naszych drewnianych magnes\u00f3w biblijnych grawerowanych laserowo, ozdobionych pami\u0105tkowym tekstem na rok 2026. Dost\u0119pne w trzech r\u00f3\u017cnych stylach, stanowi\u0105 wyj\u0105tkowy wyraz wiary i s\u0105 idealnym prezentem dla cz\u0142onk\u00f3w zboru.<\/p>","protected":false},"featured_media":1553,"template":"","meta":{"_seopress_robots_primary_cat":"none","_seopress_titles_title":"%%title%% %%page%%","_seopress_titles_desc":"Descubre el im\u00e1n de madera con el texto del a\u00f1o 2026, un regalo elegante y duradero grabado con l\u00e1ser, ideal para los hermanos de la congregaci\u00f3n.","_seopress_robots_index":"","site-sidebar-layout":"default","site-content-layout":"","ast-site-content-layout":"default","site-content-style":"default","site-sidebar-style":"default","ast-global-header-display":"","ast-banner-title-visibility":"","ast-main-header-display":"","ast-hfb-above-header-display":"","ast-hfb-below-header-display":"","ast-hfb-mobile-header-display":"","site-post-title":"","ast-breadcrumbs-content":"","ast-featured-img":"","footer-sml-layout":"","ast-disable-related-posts":"","theme-transparent-header-meta":"default","adv-header-id-meta":"","stick-header-meta":"default","header-above-stick-meta":"","header-main-stick-meta":"","header-below-stick-meta":"","astra-migrate-meta-layouts":"set","ast-page-background-enabled":"default","ast-page-background-meta":{"desktop":{"background-color":"var(--ast-global-color-5)","background-image":"","background-repeat":"repeat","background-position":"center center","background-size":"auto","background-attachment":"scroll","background-type":"","background-media":"","overlay-type":"","overlay-color":"","overlay-opacity":"","overlay-gradient":""},"tablet":{"background-color":"","background-image":"","background-repeat":"repeat","background-position":"center center","background-size":"auto","background-attachment":"scroll","background-type":"","background-media":"","overlay-type":"","overlay-color":"","overlay-opacity":"","overlay-gradient":""},"mobile":{"background-color":"","background-image":"","background-repeat":"repeat","background-position":"center center","background-size":"auto","background-attachment":"scroll","background-type":"","background-media":"","overlay-type":"","overlay-color":"","overlay-opacity":"","overlay-gradient":""}},"ast-content-background-meta":{"desktop":{"background-color":"var(--ast-global-color-4)","background-image":"","background-repeat":"repeat","background-position":"center center","background-size":"auto","background-attachment":"scroll","background-type":"","background-media":"","overlay-type":"","overlay-color":"","overlay-opacity":"","overlay-gradient":""},"tablet":{"background-color":"var(--ast-global-color-4)","background-image":"","background-repeat":"repeat","background-position":"center center","background-size":"auto","background-attachment":"scroll","background-type":"","background-media":"","overlay-type":"","overlay-color":"","overlay-opacity":"","overlay-gradient":""},"mobile":{"background-color":"var(--ast-global-color-4)","background-image":"","background-repeat":"repeat","background-position":"center center","background-size":"auto","background-attachment":"scroll","background-type":"","background-media":"","overlay-type":"","overlay-color":"","overlay-opacity":"","overlay-gradient":""}}},"product_brand":[46],"product_cat":[47],"product_tag":[],"class_list":{"0":"post-1554","1":"product","2":"type-product","3":"status-publish","4":"has-post-thumbnail","6":"product_brand-craft-jw","7":"product_cat-imanes-de-nevera","8":"desktop-align-center","9":"tablet-align-left","10":"mobile-align-left","11":"ast-product-gallery-layout-horizontal-slider","12":"ast-product-tabs-layout-horizontal","13":"tm-has-options","15":"first","16":"instock","17":"taxable","18":"shipping-taxable","19":"purchasable","20":"product-type-simple"},"_links":{"self":[{"href":"https:\/\/craftjw.com\/pl\/wp-json\/wp\/v2\/product\/1554","targetHints":{"allow":["GET"]}}],"collection":[{"href":"https:\/\/craftjw.com\/pl\/wp-json\/wp\/v2\/product"}],"about":[{"href":"https:\/\/craftjw.com\/pl\/wp-json\/wp\/v2\/types\/product"}],"version-history":[{"count":1,"href":"https:\/\/craftjw.com\/pl\/wp-json\/wp\/v2\/product\/1554\/revisions"}],"predecessor-version":[{"id":53010,"href":"https:\/\/craftjw.com\/pl\/wp-json\/wp\/v2\/product\/1554\/revisions\/53010"}],"wp:featuredmedia":[{"embeddable":true,"href":"https:\/\/craftjw.com\/pl\/wp-json\/wp\/v2\/media\/1553"}],"wp:attachment":[{"href":"https:\/\/craftjw.com\/pl\/wp-json\/wp\/v2\/media?parent=1554"}],"wp:term":[{"taxonomy":"product_brand","embeddable":true,"href":"https:\/\/craftjw.com\/pl\/wp-json\/wp\/v2\/product_brand?post=1554"},{"taxonomy":"product_cat","embeddable":true,"href":"https:\/\/craftjw.com\/pl\/wp-json\/wp\/v2\/product_cat?post=1554"},{"taxonomy":"product_tag","embeddable":true,"href":"https:\/\/craftjw.com\/pl\/wp-json\/wp\/v2\/product_tag?post=1554"}],"curies":[{"name":"wp","href":"https:\/\/api.w.org\/{rel}","templated":true}]}}