{"id":1551,"date":"2026-03-14T23:32:34","date_gmt":"2026-03-14T22:32:34","guid":{"rendered":"https:\/\/craftjw.com\/producto\/cartel-no-molestar-para-puerta-en-forma-de-oveja\/"},"modified":"2026-04-01T08:19:34","modified_gmt":"2026-04-01T06:19:34","slug":"znak-na-drzwiach-nie-przeszkadzac-w-ksztalcie-owcy","status":"publish","type":"product","link":"https:\/\/craftjw.com\/pl\/shop\/varios-regalos\/cartel-no-molestar-para-puerta-en-forma-de-oveja\/","title":{"rendered":"Tabliczka na drzwi \u201cNie przeszkadza\u0107\u201d w kszta\u0142cie owcy"},"content":{"rendered":"<p>Zapewnij chwile spokoju i skupienia szanowanym starszym w Twojej parafii dzi\u0119ki naszemu pomys\u0142owemu znakowi z owc\u0105 \u201cNie przeszkadza\u0107\u201d! Ten starannie wykonany drewniany znak doda odrobin\u0119 humoru i oryginalno\u015bci ka\u017cdym drzwiom.<\/p>\n<p>W pe\u0142ni personalizowany, z mo\u017cliwo\u015bci\u0105 umieszczenia preferowanego tekstu, ten znak to idealne rozwi\u0105zanie w chwilach, gdy starsi zboru chc\u0105 unikn\u0105\u0107 zak\u0142\u00f3ce\u0144 podczas wa\u017cnych spotka\u0144. Stanowi on r\u00f3wnie\u017c wyj\u0105tkowy i przemy\u015blany prezent dla ka\u017cdego starszego w zborze, dodaj\u0105c odrobin\u0119 rado\u015bci do ich codziennej rutyny.<\/p>\n<p><em><strong>Najwa\u017cniejsze cechy:<\/strong><\/em><\/p>\n<ul>\n<li>Wykonane r\u0119cznie z wysokiej jako\u015bci drewna, co gwarantuje trwa\u0142o\u015b\u0107.<\/li>\n<li>Dost\u0119pne s\u0105 opcje personalizacji wraz z Twoj\u0105 wiadomo\u015bci\u0105.<\/li>\n<li>Uroczy wz\u00f3r w kszta\u0142cie owcy doda odrobin\u0119 uroku ka\u017cdemu drzwiom.<\/li>\n<li>Wymiary:\n<ul>\n<li>Szeroko\u015b\u0107: 11,2 cm<\/li>\n<li>Wysoko\u015b\u0107: 24,7 cm<\/li>\n<li>Grubo\u015b\u0107: 3mm<\/li>\n<\/ul>\n<\/li>\n<\/ul>\n<p>Podaruj tym szanowanym seniorom przestrze\u0144 i spok\u00f3j, kt\u00f3rych potrzebuj\u0105, dzi\u0119ki naszemu personalizowanemu znakowi \u201cNie przeszkadza\u0107\u201d! Praktyczny i zabawny prezent dla starszych cz\u0142onk\u00f3w Twojej wsp\u00f3lnoty, kt\u00f3rzy ceni\u0105 sobie chwile spokoju w swojej pracy duszpasterskiej.<\/p>","protected":false},"excerpt":{"rendered":"<p>Nasz znak \u201cNie przeszkadza\u0107\u201d w kszta\u0142cie owcy, z mo\u017cliwo\u015bci\u0105 personalizacji wybranym tekstem, zosta\u0142 zaprojektowany z my\u015bl\u0105 o starszych zboru, zapewniaj\u0105c im spok\u00f3j i cisz\u0119 podczas spotka\u0144. Wykonany r\u0119cznie z wysokiej jako\u015bci drewna, doda ka\u017cdemu drzwiowi odrobin\u0119 humoru i oryginalno\u015bci. Idealny jako wyj\u0105tkowy prezent, zapewniaj\u0105c chwile spokoju i ukojenia starszym zboru.<\/p>","protected":false},"featured_media":1550,"template":"","meta":{"_seopress_robots_primary_cat":"none","_seopress_titles_title":"","_seopress_titles_desc":"","_seopress_robots_index":"","site-sidebar-layout":"default","site-content-layout":"","ast-site-content-layout":"default","site-content-style":"default","site-sidebar-style":"default","ast-global-header-display":"","ast-banner-title-visibility":"","ast-main-header-display":"","ast-hfb-above-header-display":"","ast-hfb-below-header-display":"","ast-hfb-mobile-header-display":"","site-post-title":"","ast-breadcrumbs-content":"","ast-featured-img":"","footer-sml-layout":"","ast-disable-related-posts":"","theme-transparent-header-meta":"default","adv-header-id-meta":"","stick-header-meta":"default","header-above-stick-meta":"","header-main-stick-meta":"","header-below-stick-meta":"","astra-migrate-meta-layouts":"set","ast-page-background-enabled":"default","ast-page-background-meta":{"desktop":{"background-color":"var(--ast-global-color-5)","background-image":"","background-repeat":"repeat","background-position":"center center","background-size":"auto","background-attachment":"scroll","background-type":"","background-media":"","overlay-type":"","overlay-color":"","overlay-opacity":"","overlay-gradient":""},"tablet":{"background-color":"","background-image":"","background-repeat":"repeat","background-position":"center center","background-size":"auto","background-attachment":"scroll","background-type":"","background-media":"","overlay-type":"","overlay-color":"","overlay-opacity":"","overlay-gradient":""},"mobile":{"background-color":"","background-image":"","background-repeat":"repeat","background-position":"center center","background-size":"auto","background-attachment":"scroll","background-type":"","background-media":"","overlay-type":"","overlay-color":"","overlay-opacity":"","overlay-gradient":""}},"ast-content-background-meta":{"desktop":{"background-color":"var(--ast-global-color-4)","background-image":"","background-repeat":"repeat","background-position":"center center","background-size":"auto","background-attachment":"scroll","background-type":"","background-media":"","overlay-type":"","overlay-color":"","overlay-opacity":"","overlay-gradient":""},"tablet":{"background-color":"var(--ast-global-color-4)","background-image":"","background-repeat":"repeat","background-position":"center center","background-size":"auto","background-attachment":"scroll","background-type":"","background-media":"","overlay-type":"","overlay-color":"","overlay-opacity":"","overlay-gradient":""},"mobile":{"background-color":"var(--ast-global-color-4)","background-image":"","background-repeat":"repeat","background-position":"center center","background-size":"auto","background-attachment":"scroll","background-type":"","background-media":"","overlay-type":"","overlay-color":"","overlay-opacity":"","overlay-gradient":""}}},"product_brand":[46],"product_cat":[50],"product_tag":[],"class_list":{"0":"post-1551","1":"product","2":"type-product","3":"status-publish","4":"has-post-thumbnail","6":"product_brand-craft-jw","7":"product_cat-varios-regalos","8":"desktop-align-center","9":"tablet-align-left","10":"mobile-align-left","11":"ast-product-gallery-layout-horizontal-slider","12":"ast-product-tabs-layout-horizontal","13":"tm-has-options","15":"first","16":"instock","17":"taxable","18":"shipping-taxable","19":"purchasable","20":"product-type-simple"},"_links":{"self":[{"href":"https:\/\/craftjw.com\/pl\/wp-json\/wp\/v2\/product\/1551","targetHints":{"allow":["GET"]}}],"collection":[{"href":"https:\/\/craftjw.com\/pl\/wp-json\/wp\/v2\/product"}],"about":[{"href":"https:\/\/craftjw.com\/pl\/wp-json\/wp\/v2\/types\/product"}],"version-history":[{"count":1,"href":"https:\/\/craftjw.com\/pl\/wp-json\/wp\/v2\/product\/1551\/revisions"}],"predecessor-version":[{"id":53011,"href":"https:\/\/craftjw.com\/pl\/wp-json\/wp\/v2\/product\/1551\/revisions\/53011"}],"wp:featuredmedia":[{"embeddable":true,"href":"https:\/\/craftjw.com\/pl\/wp-json\/wp\/v2\/media\/1550"}],"wp:attachment":[{"href":"https:\/\/craftjw.com\/pl\/wp-json\/wp\/v2\/media?parent=1551"}],"wp:term":[{"taxonomy":"product_brand","embeddable":true,"href":"https:\/\/craftjw.com\/pl\/wp-json\/wp\/v2\/product_brand?post=1551"},{"taxonomy":"product_cat","embeddable":true,"href":"https:\/\/craftjw.com\/pl\/wp-json\/wp\/v2\/product_cat?post=1551"},{"taxonomy":"product_tag","embeddable":true,"href":"https:\/\/craftjw.com\/pl\/wp-json\/wp\/v2\/product_tag?post=1551"}],"curies":[{"name":"wp","href":"https:\/\/api.w.org\/{rel}","templated":true}]}}