{"id":1536,"date":"2026-03-14T23:31:47","date_gmt":"2026-03-14T22:31:47","guid":{"rendered":"https:\/\/craftjw.com\/producto\/carrito-de-literatura-jw-porta-boligrafos\/"},"modified":"2026-04-01T08:19:43","modified_gmt":"2026-04-01T06:19:43","slug":"uchwyt-na-dlugopisy-na-wozek-z-literatura-swiadkow-jehowy","status":"publish","type":"product","link":"https:\/\/craftjw.com\/pl\/shop\/varios-regalos\/carrito-de-literatura-jw-porta-boligrafos\/","title":{"rendered":"Pojemnik na d\u0142ugopisy JW Literature Cart"},"content":{"rendered":"<p>Odkryj wyj\u0105tkowe rzemios\u0142o naszego miniaturowego, drewnianego pojemnika na d\u0142ugopisy JW, inspirowanego w\u00f3zkiem na literatur\u0119 u\u017cywanym w kaznodziejstwie. Ten uroczy pojemnik na d\u0142ugopisy to misterne dzie\u0142o, wykonane r\u0119cznie z precyzyjnymi ci\u0119ciami laserowymi i grawerunkami.<\/p>\n<p>Dost\u0119pne w czterech charakterystycznych odcieniach drewna, ka\u017cdy element jest bejcowany przyjaznymi dla \u015brodowiska produktami i lakierowany formu\u0142ami na bazie wody, co gwarantuje ekologiczne wyko\u0144czenie i niezr\u00f3wnan\u0105 trwa\u0142o\u015b\u0107.<\/p>\n<p>W\u00f3zek, z mo\u017cliwo\u015bci\u0105 personalizacji za pomoc\u0105 grawerowanego tekstu, posiada tyln\u0105 przegrod\u0119 idealn\u0105 do przechowywania pendrive&#039;\u00f3w i innych przedmiot\u00f3w o podobnych rozmiarach, co dodaje mu uniwersalno\u015bci i walor\u00f3w dekoracyjnych. Dost\u0119pny jest z d\u0142ugopisami lub bez.<\/p>\n<p>Dzi\u0119ki eleganckiemu designowi ten uchwyt na d\u0142ugopisy podniesie estetyk\u0119 Twojego biurka i stanie si\u0119 idealnym prezentem dla sta\u0142ych pionier\u00f3w w zborze, a tak\u017ce dla braci z okazji r\u00f3\u017cnych okazji i uroczysto\u015bci.<\/p>\n<p>Uatrakcyjnij wygl\u0105d swojego miejsca pracy dzi\u0119ki temu miniaturowemu w\u00f3zkowi JW, wyj\u0105tkowemu przedmiotowi odzwierciedlaj\u0105cemu jako\u015b\u0107 i kunszt wykonania.<\/p>\n<p><em><strong>Wymiary:<\/strong><\/em><\/p>\n<ul>\n<li>Szeroko\u015b\u0107: 6,5 cm<\/li>\n<li>Wysoko\u015b\u0107: 17 cm<\/li>\n<\/ul>","protected":false},"excerpt":{"rendered":"<p>Odkryj nasz miniaturowy, drewniany w\u00f3zek JW, inspirowany w\u00f3zkiem na literatur\u0119 u\u017cywanym w s\u0142u\u017cbie i wykonany r\u0119cznie z precyzyjnymi ci\u0119ciami laserowymi. Mo\u017cliwo\u015b\u0107 personalizacji grawerunkami, posiada uniwersaln\u0105 tyln\u0105 przegrod\u0119, idealn\u0105 do przechowywania drobiazg\u00f3w na biurku. To idealny prezent dla pionier\u00f3w regularnych lub na specjalne okazje w gronie braci i si\u00f3str, wyr\u00f3\u017cniaj\u0105cy si\u0119 wyrafinowanym designem i starannym wykonaniem. Podnie\u015b estetyk\u0119 swojego miejsca pracy dzi\u0119ki temu miniaturowemu w\u00f3zkowi JW, wyj\u0105tkowemu elementowi \u0142\u0105cz\u0105cemu elegancj\u0119 i funkcjonalno\u015b\u0107.<\/p>","protected":false},"featured_media":1535,"template":"","meta":{"_seopress_robots_primary_cat":"none","_seopress_titles_title":"%%title%% %%page%%","_seopress_titles_desc":"","_seopress_robots_index":"","site-sidebar-layout":"default","site-content-layout":"","ast-site-content-layout":"default","site-content-style":"default","site-sidebar-style":"default","ast-global-header-display":"","ast-banner-title-visibility":"","ast-main-header-display":"","ast-hfb-above-header-display":"","ast-hfb-below-header-display":"","ast-hfb-mobile-header-display":"","site-post-title":"","ast-breadcrumbs-content":"","ast-featured-img":"","footer-sml-layout":"","ast-disable-related-posts":"","theme-transparent-header-meta":"default","adv-header-id-meta":"","stick-header-meta":"default","header-above-stick-meta":"","header-main-stick-meta":"","header-below-stick-meta":"","astra-migrate-meta-layouts":"set","ast-page-background-enabled":"default","ast-page-background-meta":{"desktop":{"background-color":"var(--ast-global-color-5)","background-image":"","background-repeat":"repeat","background-position":"center center","background-size":"auto","background-attachment":"scroll","background-type":"","background-media":"","overlay-type":"","overlay-color":"","overlay-opacity":"","overlay-gradient":""},"tablet":{"background-color":"","background-image":"","background-repeat":"repeat","background-position":"center center","background-size":"auto","background-attachment":"scroll","background-type":"","background-media":"","overlay-type":"","overlay-color":"","overlay-opacity":"","overlay-gradient":""},"mobile":{"background-color":"","background-image":"","background-repeat":"repeat","background-position":"center center","background-size":"auto","background-attachment":"scroll","background-type":"","background-media":"","overlay-type":"","overlay-color":"","overlay-opacity":"","overlay-gradient":""}},"ast-content-background-meta":{"desktop":{"background-color":"var(--ast-global-color-4)","background-image":"","background-repeat":"repeat","background-position":"center center","background-size":"auto","background-attachment":"scroll","background-type":"","background-media":"","overlay-type":"","overlay-color":"","overlay-opacity":"","overlay-gradient":""},"tablet":{"background-color":"var(--ast-global-color-4)","background-image":"","background-repeat":"repeat","background-position":"center center","background-size":"auto","background-attachment":"scroll","background-type":"","background-media":"","overlay-type":"","overlay-color":"","overlay-opacity":"","overlay-gradient":""},"mobile":{"background-color":"var(--ast-global-color-4)","background-image":"","background-repeat":"repeat","background-position":"center center","background-size":"auto","background-attachment":"scroll","background-type":"","background-media":"","overlay-type":"","overlay-color":"","overlay-opacity":"","overlay-gradient":""}}},"product_brand":[46],"product_cat":[50],"product_tag":[],"class_list":{"0":"post-1536","1":"product","2":"type-product","3":"status-publish","4":"has-post-thumbnail","6":"product_brand-craft-jw","7":"product_cat-varios-regalos","8":"desktop-align-center","9":"tablet-align-left","10":"mobile-align-left","11":"ast-product-gallery-layout-horizontal-slider","12":"ast-product-tabs-layout-horizontal","13":"tm-has-options","15":"first","16":"instock","17":"taxable","18":"shipping-taxable","19":"purchasable","20":"product-type-simple"},"_links":{"self":[{"href":"https:\/\/craftjw.com\/pl\/wp-json\/wp\/v2\/product\/1536","targetHints":{"allow":["GET"]}}],"collection":[{"href":"https:\/\/craftjw.com\/pl\/wp-json\/wp\/v2\/product"}],"about":[{"href":"https:\/\/craftjw.com\/pl\/wp-json\/wp\/v2\/types\/product"}],"version-history":[{"count":1,"href":"https:\/\/craftjw.com\/pl\/wp-json\/wp\/v2\/product\/1536\/revisions"}],"predecessor-version":[{"id":53012,"href":"https:\/\/craftjw.com\/pl\/wp-json\/wp\/v2\/product\/1536\/revisions\/53012"}],"wp:featuredmedia":[{"embeddable":true,"href":"https:\/\/craftjw.com\/pl\/wp-json\/wp\/v2\/media\/1535"}],"wp:attachment":[{"href":"https:\/\/craftjw.com\/pl\/wp-json\/wp\/v2\/media?parent=1536"}],"wp:term":[{"taxonomy":"product_brand","embeddable":true,"href":"https:\/\/craftjw.com\/pl\/wp-json\/wp\/v2\/product_brand?post=1536"},{"taxonomy":"product_cat","embeddable":true,"href":"https:\/\/craftjw.com\/pl\/wp-json\/wp\/v2\/product_cat?post=1536"},{"taxonomy":"product_tag","embeddable":true,"href":"https:\/\/craftjw.com\/pl\/wp-json\/wp\/v2\/product_tag?post=1536"}],"curies":[{"name":"wp","href":"https:\/\/api.w.org\/{rel}","templated":true}]}}