{"id":1529,"date":"2026-03-14T23:31:36","date_gmt":"2026-03-14T22:31:36","guid":{"rendered":"https:\/\/craftjw.com\/producto\/iman-de-nevera-de-madera-receta-del-precursor-regular-2\/"},"modified":"2026-04-02T11:02:03","modified_gmt":"2026-04-02T09:02:03","slug":"przepis-na-drewniany-magnes-na-lodowke-z-regularnego-prekursora-2","status":"publish","type":"product","link":"https:\/\/craftjw.com\/pl\/shop\/imanes-de-nevera\/iman-de-nevera-de-madera-receta-del-precursor-regular-2\/","title":{"rendered":"Drewniany magnes na lod\u00f3wk\u0119 \u2013 przepis na regularny prekursor"},"content":{"rendered":"<p>Drewniany magnes \u201cPrzepis prekursora\u201d \u2013 inspiruj\u0105cy akcent na Twoj\u0105 lod\u00f3wk\u0119<\/p>\n<p>Szukasz znacz\u0105cego prezentu dla os\u00f3b, kt\u00f3re s\u0105 filarami w zborze lub dla tych, kt\u00f3rzy d\u0105\u017c\u0105 do osi\u0105gni\u0119cia swoich cel\u00f3w duchowych? Ten drewniany magnes to idealny wyb\u00f3r.<\/p>\n<p><em><strong>Wykonane r\u0119cznie z dba\u0142o\u015bci\u0105:<\/strong><\/em><\/p>\n<p>Ten magnes zosta\u0142 starannie wykonany z wysokiej jako\u015bci drewna, z precyzyjnymi grawerunkami i ci\u0119ciami laserowymi, kt\u00f3re odzwierciedlaj\u0105 zaanga\u017cowanie i dba\u0142o\u015b\u0107 o szczeg\u00f3\u0142y. Ka\u017cdy egzemplarz jest unikatowy i stanowi wyj\u0105tkowy prezent.<\/p>\n<p><em><strong>Codzienna inspiracja:<\/strong><\/em><\/p>\n<p>\u201cPrzepis Prekursora\u201d wygrawerowany na tym magnesie to co\u015b wi\u0119cej ni\u017c tylko ozdoba lod\u00f3wki. To nieustanne przypomnienie o zaanga\u017cowaniu i determinacji na duchowej \u015bcie\u017cce. Zainspiruje tych, kt\u00f3rzy go zobacz\u0105, do pod\u0105\u017cania naprz\u00f3d z wiar\u0105 i determinacj\u0105.<\/p>\n<p>Dla filar\u00f3w Zgromadzenia: Ten dar jest wyrazem uznania dla tych, kt\u00f3rzy byli fundamentem Zgromadzenia, doceniaj\u0105c ich po\u015bwi\u0119cenie i s\u0142u\u017cb\u0119. Motywuje r\u00f3wnie\u017c tych, kt\u00f3rzy d\u0105\u017c\u0105 do osi\u0105gni\u0119cia nowych cel\u00f3w duchowych.<\/p>\n<p><em><strong>Szczeg\u00f3\u0142y produktu:<\/strong><\/em><\/p>\n<ul>\n<li>Materia\u0142: Wysokiej jako\u015bci drewno.<\/li>\n<li>Rozmiar: Idealny do umieszczenia w dowolnym miejscu lod\u00f3wki.<\/li>\n<li>Projekt: Precyzyjne grawerowanie i ci\u0119cie laserowe zapewniaj\u0105ce elegancki i trwa\u0142y wygl\u0105d.<\/li>\n<\/ul>\n<p><em><strong>Znacz\u0105cy prezent:<\/strong><\/em><\/p>\n<p>Niezale\u017cnie od tego, czy dla pioniera, czy dla brata lub siostry aspiruj\u0105cych do tego miana, ten drewniany magnes to prezent pe\u0142en znaczenia i uczucia. To namacalny spos\u00f3b na wyra\u017cenie wdzi\u0119czno\u015bci i wsparcia dla ich duchowych wysi\u0142k\u00f3w i osi\u0105gni\u0119\u0107.<\/p>\n<p>Wykorzystaj ka\u017cd\u0105 chwil\u0119 sp\u0119dzon\u0105 w kuchni jako okazj\u0119 do zainspirowania si\u0119 i pod\u0105\u017cania \u015bcie\u017ck\u0105 duchow\u0105 dzi\u0119ki temu pi\u0119knemu drewnianemu magnesowi.<\/p>","protected":false},"excerpt":{"rendered":"<p>Drewniany magnes \u201cPrzepis Pionier\u00f3w\u201d to wyj\u0105tkowy prezent dla os\u00f3b zaanga\u017cowanych w cele duchowe. Wykonany r\u0119cznie z precyzyjnym grawerunkiem i ci\u0119ty laserowo z wysokiej jako\u015bci drewna, magnes ten nie tylko zdobi lod\u00f3wk\u0119, ale tak\u017ce s\u0142u\u017cy jako codzienne przypomnienie o zaanga\u017cowaniu i determinacji w \u017cyciu pionier\u00f3w. To idealny gest uznania dla sta\u0142ych pionier\u00f3w w zborze i \u017ar\u00f3d\u0142o motywacji dla tych, kt\u00f3rzy d\u0105\u017c\u0105 do nowych cel\u00f3w. Dzi\u0119ki eleganckiemu i trwa\u0142emu designowi, ten prezent stanowi wyraz uznania dla wysi\u0142k\u00f3w pionier\u00f3w, idealny do inspirowania ka\u017cdej chwili ich codziennego \u017cycia.<\/p>","protected":false},"featured_media":1528,"template":"","meta":{"_seopress_robots_primary_cat":"none","_seopress_titles_title":"","_seopress_titles_desc":"","_seopress_robots_index":"","site-sidebar-layout":"default","site-content-layout":"","ast-site-content-layout":"default","site-content-style":"default","site-sidebar-style":"default","ast-global-header-display":"","ast-banner-title-visibility":"","ast-main-header-display":"","ast-hfb-above-header-display":"","ast-hfb-below-header-display":"","ast-hfb-mobile-header-display":"","site-post-title":"","ast-breadcrumbs-content":"","ast-featured-img":"","footer-sml-layout":"","ast-disable-related-posts":"","theme-transparent-header-meta":"default","adv-header-id-meta":"","stick-header-meta":"default","header-above-stick-meta":"","header-main-stick-meta":"","header-below-stick-meta":"","astra-migrate-meta-layouts":"set","ast-page-background-enabled":"default","ast-page-background-meta":{"desktop":{"background-color":"var(--ast-global-color-5)","background-image":"","background-repeat":"repeat","background-position":"center center","background-size":"auto","background-attachment":"scroll","background-type":"","background-media":"","overlay-type":"","overlay-color":"","overlay-opacity":"","overlay-gradient":""},"tablet":{"background-color":"","background-image":"","background-repeat":"repeat","background-position":"center center","background-size":"auto","background-attachment":"scroll","background-type":"","background-media":"","overlay-type":"","overlay-color":"","overlay-opacity":"","overlay-gradient":""},"mobile":{"background-color":"","background-image":"","background-repeat":"repeat","background-position":"center center","background-size":"auto","background-attachment":"scroll","background-type":"","background-media":"","overlay-type":"","overlay-color":"","overlay-opacity":"","overlay-gradient":""}},"ast-content-background-meta":{"desktop":{"background-color":"var(--ast-global-color-4)","background-image":"","background-repeat":"repeat","background-position":"center center","background-size":"auto","background-attachment":"scroll","background-type":"","background-media":"","overlay-type":"","overlay-color":"","overlay-opacity":"","overlay-gradient":""},"tablet":{"background-color":"var(--ast-global-color-4)","background-image":"","background-repeat":"repeat","background-position":"center center","background-size":"auto","background-attachment":"scroll","background-type":"","background-media":"","overlay-type":"","overlay-color":"","overlay-opacity":"","overlay-gradient":""},"mobile":{"background-color":"var(--ast-global-color-4)","background-image":"","background-repeat":"repeat","background-position":"center center","background-size":"auto","background-attachment":"scroll","background-type":"","background-media":"","overlay-type":"","overlay-color":"","overlay-opacity":"","overlay-gradient":""}}},"product_brand":[46],"product_cat":[47],"product_tag":[],"class_list":{"0":"post-1529","1":"product","2":"type-product","3":"status-publish","4":"has-post-thumbnail","6":"product_brand-craft-jw","7":"product_cat-imanes-de-nevera","8":"desktop-align-center","9":"tablet-align-left","10":"mobile-align-left","11":"ast-product-gallery-layout-horizontal-slider","12":"ast-product-tabs-layout-horizontal","13":"tm-has-options","15":"first","16":"instock","17":"taxable","18":"shipping-taxable","19":"purchasable","20":"product-type-simple"},"_links":{"self":[{"href":"https:\/\/craftjw.com\/pl\/wp-json\/wp\/v2\/product\/1529","targetHints":{"allow":["GET"]}}],"collection":[{"href":"https:\/\/craftjw.com\/pl\/wp-json\/wp\/v2\/product"}],"about":[{"href":"https:\/\/craftjw.com\/pl\/wp-json\/wp\/v2\/types\/product"}],"version-history":[{"count":2,"href":"https:\/\/craftjw.com\/pl\/wp-json\/wp\/v2\/product\/1529\/revisions"}],"predecessor-version":[{"id":53090,"href":"https:\/\/craftjw.com\/pl\/wp-json\/wp\/v2\/product\/1529\/revisions\/53090"}],"wp:featuredmedia":[{"embeddable":true,"href":"https:\/\/craftjw.com\/pl\/wp-json\/wp\/v2\/media\/1528"}],"wp:attachment":[{"href":"https:\/\/craftjw.com\/pl\/wp-json\/wp\/v2\/media?parent=1529"}],"wp:term":[{"taxonomy":"product_brand","embeddable":true,"href":"https:\/\/craftjw.com\/pl\/wp-json\/wp\/v2\/product_brand?post=1529"},{"taxonomy":"product_cat","embeddable":true,"href":"https:\/\/craftjw.com\/pl\/wp-json\/wp\/v2\/product_cat?post=1529"},{"taxonomy":"product_tag","embeddable":true,"href":"https:\/\/craftjw.com\/pl\/wp-json\/wp\/v2\/product_tag?post=1529"}],"curies":[{"name":"wp","href":"https:\/\/api.w.org\/{rel}","templated":true}]}}