{"id":1525,"date":"2026-03-14T23:31:31","date_gmt":"2026-03-14T22:31:31","guid":{"rendered":"https:\/\/craftjw.com\/producto\/porta-tarjetas-de-contacto-jw\/"},"modified":"2026-04-02T11:04:48","modified_gmt":"2026-04-02T09:04:48","slug":"posiadacz-karty-kontaktowej-jw","status":"publish","type":"product","link":"https:\/\/craftjw.com\/pl\/shop\/portatarjetas\/porta-tarjetas-de-contacto-jw\/","title":{"rendered":"Posiadacz karty kontaktowej JW"},"content":{"rendered":"<p>Odkryj aluminiowy wizytownik JW!<\/p>\n<p>Ten aluminiowy wizytownik zosta\u0142 zaprojektowany, aby chroni\u0107 i prezentowa\u0107 Twoje wizyt\u00f3wki \u015awiadk\u00f3w Jehowy w elegancki i spersonalizowany spos\u00f3b. Dost\u0119pny w kilku \u017cywych kolorach i precyzyjnie grawerowany laserowo, ten dodatek idealnie sprawdzi si\u0119 jako prezent dla szko\u0142y pionierskiej, prezent dla starszych zboru lub wyj\u0105tkowa pami\u0105tka z projekt\u00f3w LDC, konwencji regionalnych, wydarze\u0144 specjalnych itp.<\/p>\n<p>Najwa\u017cniejsze cechy:<\/p>\n<ul>\n<li>Wykonane z wytrzyma\u0142ego i lekkiego aluminium.<\/li>\n<li>Dost\u0119pne w kilku atrakcyjnych kolorach.<\/li>\n<li>Indywidualne grawerowanie przy u\u017cyciu technologii laserowej.<\/li>\n<li>Idealne na wizyt\u00f3wki \u015awiadk\u00f3w Jehowy.<\/li>\n<\/ul>\n<p>Spraw, by Twoje prezenty by\u0142y bardziej znacz\u0105ce i praktyczne. Ten organizer na wizyt\u00f3wki nie tylko ochroni Twoje wizyt\u00f3wki, ale tak\u017ce nada im osobistego charakteru.<\/p>\n<p>Dodaj wyj\u0105tkowy akcent do swoich prezent\u00f3w dzi\u0119ki temu aluminiowemu etui na karty.<\/p>\n<p>Z\u0142\u00f3\u017c zam\u00f3wienie ju\u017c dzi\u015b i zaskocz swoich bliskich tym prezentem zaprojektowanym specjalnie dla nich!<\/p>","protected":false},"excerpt":{"rendered":"<p>Odkryj grawerowany laserowo aluminiowy wizytownik na karty kontaktowe \u015awiadk\u00f3w Jehowy! Dost\u0119pny w r\u00f3\u017cnych \u017cywych kolorach, ten dodatek b\u0119dzie idealnym prezentem dla starszych ze szk\u00f3\u0142 pionierskich i zbor\u00f3w, a tak\u017ce na konwencje regionalne, wydarzenia specjalne i nie tylko. Jego trwa\u0142a, spersonalizowana konstrukcja idealnie nadaje si\u0119 do ochrony i eleganckiego prezentowania wizyt\u00f3wek. Dodaj swoim prezentom wyj\u0105tkowego charakteru dzi\u0119ki temu wszechstronnemu i wyj\u0105tkowemu wizytownikowi.<\/p>","protected":false},"featured_media":1524,"template":"","meta":{"_seopress_robots_primary_cat":"none","_seopress_titles_title":"%%title%% %%page%%","_seopress_titles_desc":"","_seopress_robots_index":"","site-sidebar-layout":"default","site-content-layout":"","ast-site-content-layout":"default","site-content-style":"default","site-sidebar-style":"default","ast-global-header-display":"","ast-banner-title-visibility":"","ast-main-header-display":"","ast-hfb-above-header-display":"","ast-hfb-below-header-display":"","ast-hfb-mobile-header-display":"","site-post-title":"","ast-breadcrumbs-content":"","ast-featured-img":"","footer-sml-layout":"","ast-disable-related-posts":"","theme-transparent-header-meta":"default","adv-header-id-meta":"","stick-header-meta":"default","header-above-stick-meta":"","header-main-stick-meta":"","header-below-stick-meta":"","astra-migrate-meta-layouts":"set","ast-page-background-enabled":"default","ast-page-background-meta":{"desktop":{"background-color":"var(--ast-global-color-5)","background-image":"","background-repeat":"repeat","background-position":"center center","background-size":"auto","background-attachment":"scroll","background-type":"","background-media":"","overlay-type":"","overlay-color":"","overlay-opacity":"","overlay-gradient":""},"tablet":{"background-color":"","background-image":"","background-repeat":"repeat","background-position":"center center","background-size":"auto","background-attachment":"scroll","background-type":"","background-media":"","overlay-type":"","overlay-color":"","overlay-opacity":"","overlay-gradient":""},"mobile":{"background-color":"","background-image":"","background-repeat":"repeat","background-position":"center center","background-size":"auto","background-attachment":"scroll","background-type":"","background-media":"","overlay-type":"","overlay-color":"","overlay-opacity":"","overlay-gradient":""}},"ast-content-background-meta":{"desktop":{"background-color":"var(--ast-global-color-4)","background-image":"","background-repeat":"repeat","background-position":"center center","background-size":"auto","background-attachment":"scroll","background-type":"","background-media":"","overlay-type":"","overlay-color":"","overlay-opacity":"","overlay-gradient":""},"tablet":{"background-color":"var(--ast-global-color-4)","background-image":"","background-repeat":"repeat","background-position":"center center","background-size":"auto","background-attachment":"scroll","background-type":"","background-media":"","overlay-type":"","overlay-color":"","overlay-opacity":"","overlay-gradient":""},"mobile":{"background-color":"var(--ast-global-color-4)","background-image":"","background-repeat":"repeat","background-position":"center center","background-size":"auto","background-attachment":"scroll","background-type":"","background-media":"","overlay-type":"","overlay-color":"","overlay-opacity":"","overlay-gradient":""}}},"product_brand":[46],"product_cat":[44,50],"product_tag":[],"class_list":{"0":"post-1525","1":"product","2":"type-product","3":"status-publish","4":"has-post-thumbnail","6":"product_brand-craft-jw","7":"product_cat-portatarjetas","8":"product_cat-varios-regalos","9":"desktop-align-center","10":"tablet-align-left","11":"mobile-align-left","12":"ast-product-gallery-layout-horizontal-slider","13":"ast-product-tabs-layout-horizontal","14":"tm-has-options","16":"first","17":"instock","18":"taxable","19":"shipping-taxable","20":"purchasable","21":"product-type-simple"},"_links":{"self":[{"href":"https:\/\/craftjw.com\/pl\/wp-json\/wp\/v2\/product\/1525","targetHints":{"allow":["GET"]}}],"collection":[{"href":"https:\/\/craftjw.com\/pl\/wp-json\/wp\/v2\/product"}],"about":[{"href":"https:\/\/craftjw.com\/pl\/wp-json\/wp\/v2\/types\/product"}],"version-history":[{"count":1,"href":"https:\/\/craftjw.com\/pl\/wp-json\/wp\/v2\/product\/1525\/revisions"}],"predecessor-version":[{"id":53014,"href":"https:\/\/craftjw.com\/pl\/wp-json\/wp\/v2\/product\/1525\/revisions\/53014"}],"wp:featuredmedia":[{"embeddable":true,"href":"https:\/\/craftjw.com\/pl\/wp-json\/wp\/v2\/media\/1524"}],"wp:attachment":[{"href":"https:\/\/craftjw.com\/pl\/wp-json\/wp\/v2\/media?parent=1525"}],"wp:term":[{"taxonomy":"product_brand","embeddable":true,"href":"https:\/\/craftjw.com\/pl\/wp-json\/wp\/v2\/product_brand?post=1525"},{"taxonomy":"product_cat","embeddable":true,"href":"https:\/\/craftjw.com\/pl\/wp-json\/wp\/v2\/product_cat?post=1525"},{"taxonomy":"product_tag","embeddable":true,"href":"https:\/\/craftjw.com\/pl\/wp-json\/wp\/v2\/product_tag?post=1525"}],"curies":[{"name":"wp","href":"https:\/\/api.w.org\/{rel}","templated":true}]}}