{"id":1516,"date":"2026-03-14T23:31:25","date_gmt":"2026-03-14T22:31:25","guid":{"rendered":"https:\/\/craftjw.com\/producto\/llavero-de-madera-para-escuela-precursor\/"},"modified":"2026-04-02T11:07:35","modified_gmt":"2026-04-02T09:07:35","slug":"drewniany-brelok-do-szkoly-pionierskiej","status":"publish","type":"product","link":"https:\/\/craftjw.com\/pl\/shop\/llaveros\/llavero-de-madera-para-escuela-precursor\/","title":{"rendered":"Drewniany brelok dla Szko\u0142y Prekursor\u00f3w"},"content":{"rendered":"<p>Odkryj idealny prezent, kt\u00f3ry oddaje istot\u0119 po\u015bwi\u0119cenia i zaanga\u017cowania pionier\u00f3w i cz\u0142onk\u00f3w zboru! Nasz grawerowany laserowo drewniany brelok to wyj\u0105tkowa i znacz\u0105ca pami\u0105tka, idealna do personalizacji i upami\u0119tnienia wyj\u0105tkowych chwil w \u017cyciu os\u00f3b ucz\u0119szczaj\u0105cych do szko\u0142y pionierskiej.<\/p>\n<p>Starannie wykonany z wysokiej jako\u015bci drewna i precyzyjnie wyci\u0119ty za pomoc\u0105 najnowocze\u015bniejszej technologii laserowej, ka\u017cdy brelok charakteryzuje si\u0119 doskona\u0142ym wyko\u0144czeniem i misternymi detalami. Co najwa\u017cniejsze, mo\u017cesz spersonalizowa\u0107 obie strony breloka, dodaj\u0105c imiona, daty, wersety biblijne lub dowoln\u0105 specjaln\u0105 wiadomo\u015b\u0107, kt\u00f3r\u0105 chcesz przekaza\u0107 swojemu bratu lub siostrze, pionierowi.<\/p>\n<p>Elegancki i stonowany design breloka sprawia, \u017ce jest to wszechstronny dodatek, kt\u00f3ry mo\u017ce towarzyszy\u0107 Twoim bliskim w codziennym \u017cyciu. To idealny prezent z okazji wa\u017cnych wydarze\u0144 w s\u0142u\u017cbie pionierskiej, takich jak osi\u0105gni\u0119cie celu w zakresie godzin kaznodziejskich, rocznice chrztu czy uczestnictwo w szkole pionierskiej.<\/p>\n<p>Ten spersonalizowany brelok to nie tylko wspania\u0142y prezent dla pionier\u00f3w, ale tak\u017ce idealny wyb\u00f3r na ka\u017cd\u0105 specjaln\u0105 okazj\u0119. Zaskocz swojego brata lub siostr\u0119, wyra\u017caj\u0105c im wdzi\u0119czno\u015b\u0107 i uczucia o ka\u017cdej porze roku.<\/p>","protected":false},"excerpt":{"rendered":"<p>Odkryj drewniany brelok z grawerunkiem laserowym, idealny prezent dla Pioneer School. Personalizowany z obu stron, z imionami i specjalnymi datami. Elegancki i trwa\u0142y design z wysokiej jako\u015bci drewna. Zaskocz i uhonoruj Pionier\u00f3w t\u0105 wyj\u0105tkow\u0105 pami\u0105tk\u0105.<\/p>","protected":false},"featured_media":1515,"template":"","meta":{"_seopress_robots_primary_cat":"none","_seopress_titles_title":"","_seopress_titles_desc":"","_seopress_robots_index":"","site-sidebar-layout":"default","site-content-layout":"","ast-site-content-layout":"default","site-content-style":"default","site-sidebar-style":"default","ast-global-header-display":"","ast-banner-title-visibility":"","ast-main-header-display":"","ast-hfb-above-header-display":"","ast-hfb-below-header-display":"","ast-hfb-mobile-header-display":"","site-post-title":"","ast-breadcrumbs-content":"","ast-featured-img":"","footer-sml-layout":"","ast-disable-related-posts":"","theme-transparent-header-meta":"default","adv-header-id-meta":"","stick-header-meta":"default","header-above-stick-meta":"","header-main-stick-meta":"","header-below-stick-meta":"","astra-migrate-meta-layouts":"set","ast-page-background-enabled":"default","ast-page-background-meta":{"desktop":{"background-color":"var(--ast-global-color-5)","background-image":"","background-repeat":"repeat","background-position":"center center","background-size":"auto","background-attachment":"scroll","background-type":"","background-media":"","overlay-type":"","overlay-color":"","overlay-opacity":"","overlay-gradient":""},"tablet":{"background-color":"","background-image":"","background-repeat":"repeat","background-position":"center center","background-size":"auto","background-attachment":"scroll","background-type":"","background-media":"","overlay-type":"","overlay-color":"","overlay-opacity":"","overlay-gradient":""},"mobile":{"background-color":"","background-image":"","background-repeat":"repeat","background-position":"center center","background-size":"auto","background-attachment":"scroll","background-type":"","background-media":"","overlay-type":"","overlay-color":"","overlay-opacity":"","overlay-gradient":""}},"ast-content-background-meta":{"desktop":{"background-color":"var(--ast-global-color-4)","background-image":"","background-repeat":"repeat","background-position":"center center","background-size":"auto","background-attachment":"scroll","background-type":"","background-media":"","overlay-type":"","overlay-color":"","overlay-opacity":"","overlay-gradient":""},"tablet":{"background-color":"var(--ast-global-color-4)","background-image":"","background-repeat":"repeat","background-position":"center center","background-size":"auto","background-attachment":"scroll","background-type":"","background-media":"","overlay-type":"","overlay-color":"","overlay-opacity":"","overlay-gradient":""},"mobile":{"background-color":"var(--ast-global-color-4)","background-image":"","background-repeat":"repeat","background-position":"center center","background-size":"auto","background-attachment":"scroll","background-type":"","background-media":"","overlay-type":"","overlay-color":"","overlay-opacity":"","overlay-gradient":""}}},"product_brand":[46],"product_cat":[45],"product_tag":[],"class_list":{"0":"post-1516","1":"product","2":"type-product","3":"status-publish","4":"has-post-thumbnail","6":"product_brand-craft-jw","7":"product_cat-llaveros","8":"desktop-align-center","9":"tablet-align-left","10":"mobile-align-left","11":"ast-product-gallery-layout-horizontal-slider","12":"ast-product-gallery-with-no-image","13":"ast-product-tabs-layout-horizontal","14":"tm-has-options","16":"first","17":"instock","18":"taxable","19":"shipping-taxable","20":"purchasable","21":"product-type-simple"},"_links":{"self":[{"href":"https:\/\/craftjw.com\/pl\/wp-json\/wp\/v2\/product\/1516","targetHints":{"allow":["GET"]}}],"collection":[{"href":"https:\/\/craftjw.com\/pl\/wp-json\/wp\/v2\/product"}],"about":[{"href":"https:\/\/craftjw.com\/pl\/wp-json\/wp\/v2\/types\/product"}],"version-history":[{"count":1,"href":"https:\/\/craftjw.com\/pl\/wp-json\/wp\/v2\/product\/1516\/revisions"}],"predecessor-version":[{"id":53091,"href":"https:\/\/craftjw.com\/pl\/wp-json\/wp\/v2\/product\/1516\/revisions\/53091"}],"wp:featuredmedia":[{"embeddable":true,"href":"https:\/\/craftjw.com\/pl\/wp-json\/wp\/v2\/media\/1515"}],"wp:attachment":[{"href":"https:\/\/craftjw.com\/pl\/wp-json\/wp\/v2\/media?parent=1516"}],"wp:term":[{"taxonomy":"product_brand","embeddable":true,"href":"https:\/\/craftjw.com\/pl\/wp-json\/wp\/v2\/product_brand?post=1516"},{"taxonomy":"product_cat","embeddable":true,"href":"https:\/\/craftjw.com\/pl\/wp-json\/wp\/v2\/product_cat?post=1516"},{"taxonomy":"product_tag","embeddable":true,"href":"https:\/\/craftjw.com\/pl\/wp-json\/wp\/v2\/product_tag?post=1516"}],"curies":[{"name":"wp","href":"https:\/\/api.w.org\/{rel}","templated":true}]}}