{"id":1510,"date":"2026-03-14T23:31:21","date_gmt":"2026-03-14T22:31:21","guid":{"rendered":"https:\/\/craftjw.com\/producto\/portatarjetas-de-contacto-para-tarjetas-jw-para-carrito-de-literatura-expositor\/"},"modified":"2026-04-02T11:09:09","modified_gmt":"2026-04-02T09:09:09","slug":"uchwyt-na-wizytowki-jw-do-ekspozycji-na-wozku-z-literatura","status":"publish","type":"product","link":"https:\/\/craftjw.com\/pl\/shop\/portatarjetas\/portatarjetas-de-contacto-para-tarjetas-jw-para-carrito-de-literatura-expositor\/","title":{"rendered":"Uchwyt na karty kontaktowe JW do w\u00f3zka\/stojaka na literatur\u0119"},"content":{"rendered":"<p>Czy chcia\u0142by\u015b mie\u0107 wydajny i atrakcyjny system organizowania i prezentowania wizyt\u00f3wek \u015awiadk\u00f3w Jehowy?<br \/>\nMamy idealne rozwi\u0105zanie! Nasz organizer na wizyt\u00f3wki JW to najlepszy spos\u00f3b na utrzymanie porz\u0105dku w wizyt\u00f3wkach w ka\u017cdej chwili.<\/p>\n<p>Ten uchwyt na karty kontaktowe JW jest dost\u0119pny w dw\u00f3ch wersjach \u2013 pionowej i poziomej \u2013 aby dopasowa\u0107 si\u0119 do Twoich potrzeb. Oba modele posiadaj\u0105 elastyczne uchwyty monta\u017cowe, kt\u00f3re zapewniaj\u0105 bezpieczne mocowanie do wy\u015bwietlacza. S\u0105 one r\u00f3wnie\u017c bardzo \u0142atwe w monta\u017cu i demonta\u017cu, wi\u0119c nie musisz martwi\u0107 si\u0119 o strat\u0119 czasu podczas instalacji.<\/p>\n<p>Jako\u015b\u0107 naszego etui na karty kontaktowe JW jest niezr\u00f3wnana. Wykonane jest z wysokiej jako\u015bci materia\u0142\u00f3w, kt\u00f3re zapewniaj\u0105 trwa\u0142o\u015b\u0107 i odporno\u015b\u0107 na codzienne u\u017cytkowanie. Co wi\u0119cej, atrakcyjny i elegancki design naszego etui na karty kontaktowe JW b\u0119dzie si\u0119 \u015bwietnie prezentowa\u0107 w ka\u017cdym miejscu.<\/p>\n<p>Z naszym etui na wizyt\u00f3wki JW zyskasz wydajny i atrakcyjny system do ci\u0105g\u0142ej ekspozycji wizyt\u00f3wek. Nie czekaj d\u0142u\u017cej, aby poprawi\u0107 organizacj\u0119 i prezentacj\u0119 swoich wizyt\u00f3wek! Zam\u00f3w etui na wizyt\u00f3wki JW ju\u017c dzi\u015b!<\/p>","protected":false},"excerpt":{"rendered":"<p>Czy chcia\u0142by\u015b mie\u0107 wydajny i atrakcyjny system organizowania i prezentowania wizyt\u00f3wek \u015awiadk\u00f3w Jehowy?<br \/>\nMamy idealne rozwi\u0105zanie! Nasz organizer na wizyt\u00f3wki JW to najlepszy spos\u00f3b na utrzymanie porz\u0105dku w wizyt\u00f3wkach w ka\u017cdej chwili.<\/p>\n<p>Ten uchwyt na karty kontaktowe JW jest dost\u0119pny w dw\u00f3ch wersjach \u2013 pionowej i poziomej \u2013 aby dopasowa\u0107 si\u0119 do Twoich potrzeb. Oba modele posiadaj\u0105 elastyczne uchwyty monta\u017cowe, kt\u00f3re zapewniaj\u0105 bezpieczne mocowanie do wy\u015bwietlacza. S\u0105 one r\u00f3wnie\u017c bardzo \u0142atwe w monta\u017cu i demonta\u017cu, wi\u0119c nie musisz martwi\u0107 si\u0119 o strat\u0119 czasu podczas instalacji.<\/p>","protected":false},"featured_media":1509,"template":"","meta":{"_seopress_robots_primary_cat":"none","_seopress_titles_title":"%%title%%","_seopress_titles_desc":"","_seopress_robots_index":"","site-sidebar-layout":"default","site-content-layout":"","ast-site-content-layout":"default","site-content-style":"default","site-sidebar-style":"default","ast-global-header-display":"","ast-banner-title-visibility":"","ast-main-header-display":"","ast-hfb-above-header-display":"","ast-hfb-below-header-display":"","ast-hfb-mobile-header-display":"","site-post-title":"","ast-breadcrumbs-content":"","ast-featured-img":"","footer-sml-layout":"","ast-disable-related-posts":"","theme-transparent-header-meta":"default","adv-header-id-meta":"","stick-header-meta":"default","header-above-stick-meta":"","header-main-stick-meta":"","header-below-stick-meta":"","astra-migrate-meta-layouts":"set","ast-page-background-enabled":"default","ast-page-background-meta":{"desktop":{"background-color":"var(--ast-global-color-5)","background-image":"","background-repeat":"repeat","background-position":"center center","background-size":"auto","background-attachment":"scroll","background-type":"","background-media":"","overlay-type":"","overlay-color":"","overlay-opacity":"","overlay-gradient":""},"tablet":{"background-color":"","background-image":"","background-repeat":"repeat","background-position":"center center","background-size":"auto","background-attachment":"scroll","background-type":"","background-media":"","overlay-type":"","overlay-color":"","overlay-opacity":"","overlay-gradient":""},"mobile":{"background-color":"","background-image":"","background-repeat":"repeat","background-position":"center center","background-size":"auto","background-attachment":"scroll","background-type":"","background-media":"","overlay-type":"","overlay-color":"","overlay-opacity":"","overlay-gradient":""}},"ast-content-background-meta":{"desktop":{"background-color":"var(--ast-global-color-4)","background-image":"","background-repeat":"repeat","background-position":"center center","background-size":"auto","background-attachment":"scroll","background-type":"","background-media":"","overlay-type":"","overlay-color":"","overlay-opacity":"","overlay-gradient":""},"tablet":{"background-color":"var(--ast-global-color-4)","background-image":"","background-repeat":"repeat","background-position":"center center","background-size":"auto","background-attachment":"scroll","background-type":"","background-media":"","overlay-type":"","overlay-color":"","overlay-opacity":"","overlay-gradient":""},"mobile":{"background-color":"var(--ast-global-color-4)","background-image":"","background-repeat":"repeat","background-position":"center center","background-size":"auto","background-attachment":"scroll","background-type":"","background-media":"","overlay-type":"","overlay-color":"","overlay-opacity":"","overlay-gradient":""}}},"product_brand":[],"product_cat":[44],"product_tag":[],"class_list":{"0":"post-1510","1":"product","2":"type-product","3":"status-publish","4":"has-post-thumbnail","6":"product_cat-portatarjetas","7":"desktop-align-center","8":"tablet-align-left","9":"mobile-align-left","10":"ast-product-gallery-layout-horizontal-slider","11":"ast-product-tabs-layout-horizontal","12":"tm-has-options","14":"first","15":"instock","16":"taxable","17":"shipping-taxable","18":"purchasable","19":"product-type-simple"},"_links":{"self":[{"href":"https:\/\/craftjw.com\/pl\/wp-json\/wp\/v2\/product\/1510","targetHints":{"allow":["GET"]}}],"collection":[{"href":"https:\/\/craftjw.com\/pl\/wp-json\/wp\/v2\/product"}],"about":[{"href":"https:\/\/craftjw.com\/pl\/wp-json\/wp\/v2\/types\/product"}],"version-history":[{"count":1,"href":"https:\/\/craftjw.com\/pl\/wp-json\/wp\/v2\/product\/1510\/revisions"}],"predecessor-version":[{"id":53092,"href":"https:\/\/craftjw.com\/pl\/wp-json\/wp\/v2\/product\/1510\/revisions\/53092"}],"wp:featuredmedia":[{"embeddable":true,"href":"https:\/\/craftjw.com\/pl\/wp-json\/wp\/v2\/media\/1509"}],"wp:attachment":[{"href":"https:\/\/craftjw.com\/pl\/wp-json\/wp\/v2\/media?parent=1510"}],"wp:term":[{"taxonomy":"product_brand","embeddable":true,"href":"https:\/\/craftjw.com\/pl\/wp-json\/wp\/v2\/product_brand?post=1510"},{"taxonomy":"product_cat","embeddable":true,"href":"https:\/\/craftjw.com\/pl\/wp-json\/wp\/v2\/product_cat?post=1510"},{"taxonomy":"product_tag","embeddable":true,"href":"https:\/\/craftjw.com\/pl\/wp-json\/wp\/v2\/product_tag?post=1510"}],"curies":[{"name":"wp","href":"https:\/\/api.w.org\/{rel}","templated":true}]}}