{"id":1502,"date":"2026-03-14T23:31:14","date_gmt":"2026-03-14T22:31:14","guid":{"rendered":"https:\/\/craftjw.com\/producto\/pajarita-de-madera-personalizable\/"},"modified":"2026-04-02T11:12:28","modified_gmt":"2026-04-02T09:12:28","slug":"personalizowana-drewniana-muszka","status":"publish","type":"product","link":"https:\/\/craftjw.com\/pl\/shop\/moda\/pajarita-de-madera-personalizable\/","title":{"rendered":"Drewniana muszka z mo\u017cliwo\u015bci\u0105 personalizacji"},"content":{"rendered":"<p>Je\u015bli szukasz oryginalnego i ekologicznego dodatku, kt\u00f3ry dope\u0142ni Twoj\u0105 stylizacj\u0119, nasze r\u0119cznie robione drewniane muszki, wycinane laserowo i grawerowane, s\u0105 w\u0142a\u015bnie dla Ciebie. Ka\u017cda muszka jest unikatowa, spersonalizowana wed\u0142ug Twoich indywidualnych wymaga\u0144, zar\u00f3wno pod wzgl\u0119dem wzoru, jak i koloru bejcy. Marzy Ci si\u0119 muszka z grawerunkiem laserowym Twoich inicja\u0142\u00f3w? A mo\u017ce niepowtarzalny wz\u00f3r, kt\u00f3ry odzwierciedli Twoj\u0105 osobowo\u015b\u0107? Mo\u017cliwo\u015bci s\u0105 nieograniczone!<\/p>\n<p>Opr\u00f3cz mo\u017cliwo\u015bci personalizacji, nasze drewniane muszki s\u0105 wykonane z ekologicznych i zr\u00f3wnowa\u017conych materia\u0142\u00f3w. Drewno pochodzi z europejskich las\u00f3w zarz\u0105dzanych w spos\u00f3b zr\u00f3wnowa\u017cony, co oznacza, \u017ce kupujesz produkt wyprodukowany w spos\u00f3b odpowiedzialny. Dbaj\u0105c o trwa\u0142o\u015b\u0107 naszych muszek, u\u017cywamy ekologicznych produkt\u00f3w do lakierowania i ochrony powierzchni, dzi\u0119ki czemu Twoja muszka pos\u0142u\u017cy Ci przez lata.<\/p>\n<p>Drewniana muszka to idealny prezent na ka\u017cd\u0105 okazj\u0119. Niezale\u017cnie od tego, czy podarujesz j\u0105 przyjacielowi, cz\u0142onkowi rodziny, czy sobie samemu, nasza muszka doda ka\u017cdej stylizacji oryginalno\u015bci i stylu. Je\u015bli planujesz \u015blub lub inn\u0105 okazj\u0119, nasze muszki b\u0119d\u0105 idealnym wyborem, aby nada\u0107 Twojej stylizacji niepowtarzalny i osobisty charakter.<\/p>\n<p>Ka\u017cda drewniana muszka, kt\u00f3r\u0105 wykonujemy, jest r\u0119cznie robiona i szyta na zam\u00f3wienie. Nie przechowujemy jej na magazynie, co daje Ci pewno\u015b\u0107, \u017ce Twoja muszka jest unikatowa i wykonana z niezr\u00f3wnan\u0105 dba\u0142o\u015bci\u0105 o detale i jako\u015b\u0107. Nasz proces produkcji, obejmuj\u0105cy ci\u0119cie i grawerowanie laserowe, pozwala nam tworzy\u0107 precyzyjne wzory i misterne detale, dzi\u0119ki czemu ka\u017cda muszka to prawdziwe dzie\u0142o sztuki.<\/p>\n<p>Kr\u00f3tko m\u00f3wi\u0105c, nasze r\u0119cznie robione drewniane muszki to idealny wyb\u00f3r dla os\u00f3b poszukuj\u0105cych oryginalnego i ekologicznego dodatku do stroju. Dzi\u0119ki mo\u017cliwo\u015bci personalizacji ka\u017cdej muszki wed\u0142ug w\u0142asnych upodoba\u0144 i niezr\u00f3wnanej jako\u015bci, drewniana muszka to idealny prezent na ka\u017cd\u0105 okazj\u0119.<\/p>\n<p><strong>Cechy:<\/strong><\/p>\n<ul>\n<li>Materia\u0142: Drewno naturalne<\/li>\n<li>Wymiary: 12 cm x 5 cm x 0,3 cm<\/li>\n<\/ul>","protected":false},"excerpt":{"rendered":"<p>Nasze r\u0119cznie robione drewniane muszki, ci\u0119te laserowo i grawerowane, b\u0119d\u0105 idealnym uzupe\u0142nieniem ka\u017cdej stylizacji.<\/p>\n<p>Mo\u017cna je dostosowa\u0107 pod wzgl\u0119dem wzornictwa i kolor\u00f3w wybarwienia, dzi\u0119ki czemu stanowi\u0105 wyj\u0105tkowy i ekologiczny wyb\u00f3r.<\/p>\n<p>Do lakierowania i zabezpieczania powierzchni stosujemy produkty przyjazne dla \u015brodowiska, co zapewnia im d\u0142ug\u0105 \u017cywotno\u015b\u0107.<\/p>\n<p>Nie przechowujemy produkt\u00f3w na stanie magazynowym; ka\u017cda muszka jest wykonywana r\u0119cznie na zam\u00f3wienie, co gwarantuje niezr\u00f3wnan\u0105 jako\u015b\u0107.<\/p>\n<p>Wyr\u00f3\u017cnij sw\u00f3j str\u00f3j za pomoc\u0105 drewnianej muszki!<\/p>","protected":false},"featured_media":1501,"template":"","meta":{"_seopress_robots_primary_cat":"none","_seopress_titles_title":"Pajarita de madera: original, ecol\u00f3gica y personalizable","_seopress_titles_desc":"Destaca con nuestras pajaritas de madera \u00fanicas, ecol\u00f3gicas y personalizadas. Hechas a mano usando grabado l\u00e1ser para un estilo inigualable.","_seopress_robots_index":"","site-sidebar-layout":"default","site-content-layout":"","ast-site-content-layout":"default","site-content-style":"default","site-sidebar-style":"default","ast-global-header-display":"","ast-banner-title-visibility":"","ast-main-header-display":"","ast-hfb-above-header-display":"","ast-hfb-below-header-display":"","ast-hfb-mobile-header-display":"","site-post-title":"","ast-breadcrumbs-content":"","ast-featured-img":"","footer-sml-layout":"","ast-disable-related-posts":"","theme-transparent-header-meta":"default","adv-header-id-meta":"","stick-header-meta":"disabled","header-above-stick-meta":"","header-main-stick-meta":"on","header-below-stick-meta":"","astra-migrate-meta-layouts":"set","ast-page-background-enabled":"default","ast-page-background-meta":{"desktop":{"background-color":"var(--ast-global-color-5)","background-image":"","background-repeat":"repeat","background-position":"center center","background-size":"auto","background-attachment":"scroll","background-type":"","background-media":"","overlay-type":"","overlay-color":"","overlay-opacity":"","overlay-gradient":""},"tablet":{"background-color":"","background-image":"","background-repeat":"repeat","background-position":"center center","background-size":"auto","background-attachment":"scroll","background-type":"","background-media":"","overlay-type":"","overlay-color":"","overlay-opacity":"","overlay-gradient":""},"mobile":{"background-color":"","background-image":"","background-repeat":"repeat","background-position":"center center","background-size":"auto","background-attachment":"scroll","background-type":"","background-media":"","overlay-type":"","overlay-color":"","overlay-opacity":"","overlay-gradient":""}},"ast-content-background-meta":{"desktop":{"background-color":"var(--ast-global-color-4)","background-image":"","background-repeat":"repeat","background-position":"center center","background-size":"auto","background-attachment":"scroll","background-type":"","background-media":"","overlay-type":"","overlay-color":"","overlay-opacity":"","overlay-gradient":""},"tablet":{"background-color":"var(--ast-global-color-4)","background-image":"","background-repeat":"repeat","background-position":"center center","background-size":"auto","background-attachment":"scroll","background-type":"","background-media":"","overlay-type":"","overlay-color":"","overlay-opacity":"","overlay-gradient":""},"mobile":{"background-color":"var(--ast-global-color-4)","background-image":"","background-repeat":"repeat","background-position":"center center","background-size":"auto","background-attachment":"scroll","background-type":"","background-media":"","overlay-type":"","overlay-color":"","overlay-opacity":"","overlay-gradient":""}}},"product_brand":[],"product_cat":[42],"product_tag":[],"class_list":{"0":"post-1502","1":"product","2":"type-product","3":"status-publish","4":"has-post-thumbnail","6":"product_cat-moda","7":"desktop-align-center","8":"tablet-align-left","9":"mobile-align-left","10":"ast-product-gallery-layout-horizontal-slider","11":"ast-product-tabs-layout-horizontal","12":"tm-no-options","14":"first","15":"instock","16":"sale","17":"taxable","18":"shipping-taxable","19":"purchasable","20":"product-type-simple"},"_links":{"self":[{"href":"https:\/\/craftjw.com\/pl\/wp-json\/wp\/v2\/product\/1502","targetHints":{"allow":["GET"]}}],"collection":[{"href":"https:\/\/craftjw.com\/pl\/wp-json\/wp\/v2\/product"}],"about":[{"href":"https:\/\/craftjw.com\/pl\/wp-json\/wp\/v2\/types\/product"}],"version-history":[{"count":1,"href":"https:\/\/craftjw.com\/pl\/wp-json\/wp\/v2\/product\/1502\/revisions"}],"predecessor-version":[{"id":53093,"href":"https:\/\/craftjw.com\/pl\/wp-json\/wp\/v2\/product\/1502\/revisions\/53093"}],"wp:featuredmedia":[{"embeddable":true,"href":"https:\/\/craftjw.com\/pl\/wp-json\/wp\/v2\/media\/1501"}],"wp:attachment":[{"href":"https:\/\/craftjw.com\/pl\/wp-json\/wp\/v2\/media?parent=1502"}],"wp:term":[{"taxonomy":"product_brand","embeddable":true,"href":"https:\/\/craftjw.com\/pl\/wp-json\/wp\/v2\/product_brand?post=1502"},{"taxonomy":"product_cat","embeddable":true,"href":"https:\/\/craftjw.com\/pl\/wp-json\/wp\/v2\/product_cat?post=1502"},{"taxonomy":"product_tag","embeddable":true,"href":"https:\/\/craftjw.com\/pl\/wp-json\/wp\/v2\/product_tag?post=1502"}],"curies":[{"name":"wp","href":"https:\/\/api.w.org\/{rel}","templated":true}]}}