{"id":2743,"date":"2021-08-18T06:52:10","date_gmt":"2021-08-18T06:52:10","guid":{"rendered":"https:\/\/www.tks3d.com\/?page_id=2743"},"modified":"2026-03-15T15:41:33","modified_gmt":"2026-03-15T14:41:33","slug":"ogolne-warunki-uzytkowania-i-sprzedazy","status":"publish","type":"page","link":"https:\/\/craftjw.com\/pl\/condiciones-generales-de-uso-y-venta\/","title":{"rendered":"Og\u00f3lne Warunki U\u017cytkowania i Sprzeda\u017cy"},"content":{"rendered":"<h3 class=\"wp-block-heading\" id=\"1-datos-identificativos-de-camaloon\">1. Informacje identyfikacyjne dla craftjw.com<\/h3>\n\n\n\n<p>Us\u0142ugodawc\u0105 serwisu internetowego jest Emmanuel Kielichowski (zwany dalej \u201cCraftjw\u201d), posiadaj\u0105cy wewn\u0105trzwsp\u00f3lnotowy numer VAT ESX2878559V i maj\u0105cy siedzib\u0119 pod adresem Calle Claveles 4, 12600 Vall de Ux\u00f3 (Castell\u00f3n), Hiszpania.<\/p>\n\n\n\n<h3 class=\"wp-block-heading\" id=\"2-descripcion-del-servicio\">2. Opis us\u0142ugi<\/h3>\n\n\n\n<p>W Craftjw oferujemy naszym u\u017cytkownikom i klientom szereg us\u0142ug za po\u015brednictwem Internetu, takich jak marketing i produkcja przedmiot\u00f3w personalizowanych, upomink\u00f3w i artyku\u0142\u00f3w dekoracyjnych: breloczk\u00f3w, pude\u0142ek, magnes\u00f3w, toreb, naklejek itp.<\/p>\n\n\n\n<p>U\u017cytkownicy naszej witryny mog\u0105 nabywa\u0107 produkty na w\u0142asny u\u017cytek lub w celu odsprzeda\u017cy osobom trzecim.<\/p>\n\n\n\n<h3 class=\"wp-block-heading\" id=\"3-uso-de-las-paginas-web-bajo-la-marca-de-camaloon\">3. Korzystanie ze strony internetowej craftjw.com<\/h3>\n\n\n\n<h4 class=\"wp-block-heading\" id=\"3-1-edad-minima\">3.1 Minimalny wiek<\/h4>\n\n\n\n<p>Aby zosta\u0107 u\u017cytkownikiem serwisu Craftjw, musisz mie\u0107 uko\u0144czone 18 lat.<\/p>\n\n\n\n<h4 class=\"wp-block-heading\" id=\"3-2-licencia-de-uso-de-la-web-y-del-servicio-de-camaloon\">3.2 Licencja na korzystanie ze strony internetowej i us\u0142ugi Craftjw<\/h4>\n\n\n\n<p>Craftjw udziela Ci ograniczonej i odwo\u0142alnej licencji na dost\u0119p i korzystanie z naszych stron internetowych i us\u0142ug, zgodnie z niniejszymi Og\u00f3lnymi Warunkami U\u017cytkowania i Sprzeda\u017cy. Niniejsza licencja nie obejmuje prawa do gromadzenia ani wykorzystywania informacji z witryny internetowej do cel\u00f3w przez nas zabronionych, takich jak konkurowanie z Craftjw, wykorzystywanie tre\u015bci Craftjw w jakikolwiek spos\u00f3b lub tworzenie cz\u0119\u015bciowej lub pe\u0142nej kopii naszych stron internetowych.<\/p>\n\n\n\n<h3 class=\"wp-block-heading\" id=\"4-reglas-generales\">4. Zasady og\u00f3lne<\/h3>\n\n\n\n<h4 class=\"wp-block-heading\" id=\"4-1-uso-prohibido\">4.1 Zabronione u\u017cycie<\/h4>\n\n\n\n<p>Nie wolno podejmowa\u0107 pr\u00f3b wyrz\u0105dzenia szkody naszym stronom internetowym ani us\u0142udze Craftjw. Na przyk\u0142ad, bez wzgl\u0119du na to, czy ta lista jest kompletna, czy wyczerpuj\u0105ca, zabrania si\u0119:<\/p>\n\n\n\n<p>a. Zak\u0142\u00f3canie us\u0142ugi Craftjw za pomoc\u0105 wirus\u00f3w lub innych program\u00f3w maj\u0105cych na celu uszkodzenie oprogramowania lub sprz\u0119tu<\/p>\n\n\n\n<p>b. Modyfikowa\u0107 lub tworzy\u0107 wersje jakiejkolwiek technologii wykorzystywanej na stronach internetowych Craftjw<\/p>\n\n\n\n<p>c. U\u017cywaj dowolnego typu skryptu, robota lub technologii do monitorowania witryny Craftjw<\/p>\n\n\n\n<p>d. Zbieraj adresy e-mail lub inne informacje za po\u015brednictwem us\u0142ugi Craftjw<\/p>\n\n\n\n<p>e. Podszywanie si\u0119 pod inn\u0105 osob\u0119 lub podmiot lub fa\u0142szowanie jakichkolwiek danych<\/p>\n\n\n\n<p>f. Przegl\u0105danie i kupowanie na stronie internetowej Craftjw, je\u015bli nie masz uko\u0144czonych lat.<\/p>\n\n\n\n<h4 class=\"wp-block-heading\" id=\"4-2-privacidad-y-proteccion-de-datos\">4.2 Prywatno\u015b\u0107 i ochrona danych<\/h4>\n\n\n\n<p>W Craftjw przywi\u0105zujemy szczeg\u00f3ln\u0105 wag\u0119 do bezpiecze\u0144stwa i zapewnienia poufno\u015bci danych przekazywanych przez naszych klient\u00f3w. Zale\u017cy nam na zapewnieniu Pa\u0144stwu najlepszej obs\u0142ugi i najlepszych wra\u017ce\u0144 online. Informacje o przys\u0142uguj\u0105cych Pa\u0144stwu prawach i sposobach ich egzekwowania mo\u017cna znale\u017a\u0107 na stronie [link do polityki prywatno\u015bci\/strony internetowej\/itp.].\u00a0<a href=\"https:\/\/craftjw.com\/pl\/polityka-prywatnosci\/\">Prywatno\u015b\u0107<\/a>.<\/p>\n\n\n\n<h4 class=\"wp-block-heading\" id=\"4-3-condiciones-de-compra\">4.3 Warunki zakupu<\/h4>\n\n\n\n<h5 class=\"wp-block-heading\" id=\"4-3-1-sistema-de-venta\">4.3.1 System sprzeda\u017cy<\/h5>\n\n\n\n<p>Aby dokona\u0107 zakupu, nale\u017cy z\u0142o\u017cy\u0107 zam\u00f3wienie online za po\u015brednictwem wyznaczonego procesu realizacji zam\u00f3wienia. Mo\u017cna si\u0119 z nami skontaktowa\u0107,&nbsp;<a href=\"mailto:info@kiemmi.com\">e-mail<\/a>&nbsp;Je\u015bli potrzebujesz pomocy.<\/p>\n\n\n\n<h5 class=\"wp-block-heading\" id=\"4-3-2-impuestos-aplicables\">4.3.2 Obowi\u0105zuj\u0105ce podatki<\/h5>\n\n\n\n<p>Ceny produkt\u00f3w prezentowanych na naszej stronie internetowej znajdziesz podczas finalizacji zam\u00f3wienia. Ceny zawieraj\u0105 podatek VAT, a tak\u017ce koszt wysy\u0142ki, zawsze przed potwierdzeniem zakupu.<\/p>\n\n\n\n<p>Stawki VAT mog\u0105 si\u0119 r\u00f3\u017cni\u0107 w zale\u017cno\u015bci od miejsca zamieszkania, rodzaju produktu i jego pochodzenia. W przypadku pyta\u0144 dotycz\u0105cych konkretnego zwolnienia z VAT prosimy o bezpo\u015bredni kontakt mailowy pod adresem:\u00a0<a href=\"mailto:info@kiemmi.com\">info@craftjw.com<\/a>.<\/p>\n\n\n\n<p>C\u0142a importowe, koszty przelew\u00f3w bankowych, formalno\u015bci celne lub potr\u0105cenia w miejscu pochodzenia, a tak\u017ce te zwi\u0105zane z dostaw\u0105 na terytoria specjalne (patrz sekcja 4.3.4) lub do kraj\u00f3w po\u0142o\u017conych poza Uni\u0105 Europejsk\u0105, le\u017c\u0105 w gestii Klienta i nie s\u0105 wliczone w ceny podane na stronie internetowej.<\/p>\n\n\n\n<h5 class=\"wp-block-heading\" id=\"4-3-3-forma-de-pago\">4.3.3 Metoda p\u0142atno\u015bci<\/h5>\n\n\n\n<p>Sk\u0142adaj\u0105c zam\u00f3wienie, nale\u017cy ui\u015bci\u0107 nale\u017cn\u0105 kwot\u0119 za pomoc\u0105 dowolnej z metod p\u0142atno\u015bci akceptowanych na naszej stronie internetowej. Dopiero wtedy rozpoczniemy realizacj\u0119 zam\u00f3wienia. W niekt\u00f3rych przypadkach, aby zapobiec potencjalnym oszustwom, Kiemmi zastrzega sobie prawo do \u017c\u0105dania od klient\u00f3w skorzystania z konkretnej metody p\u0142atno\u015bci lub dostarczenia dodatkowych dokument\u00f3w.<\/p>\n\n\n\n<h5 class=\"wp-block-heading\" id=\"4-3-4-forma-gastos-y-plazos-de-envio\">4.3.4 Spos\u00f3b, koszty i terminy wysy\u0142ki<\/h5>\n\n\n\n<p>Wysy\u0142amy zam\u00f3wienia do naszych klient\u00f3w w Europie i na ca\u0142ym \u015bwiecie za po\u015brednictwem r\u00f3\u017cnych firm spedycyjnych. Koszt wysy\u0142ki obliczamy automatycznie po otrzymaniu zapytania ofertowego lub z\u0142o\u017ceniu zam\u00f3wienia.<\/p>\n\n\n\n<p>Istniej\u0105 pewne terytoria, kt\u00f3re, mimo \u017ce nale\u017c\u0105 do konkretnego kraju, mog\u0105 wi\u0105za\u0107 si\u0119 z dodatkowymi op\u0142atami, poniewa\u017c firmy transportowe zazwyczaj traktuj\u0105 je jako przypadki wyj\u0105tkowe. Przyk\u0142adami s\u0105 Ceuta, Melilla, Gwadelupa, Martynika i Wyspy Kanaryjskie.<\/p>\n\n\n\n<p>Czas realizacji zam\u00f3wienia jest podany na naszej stronie internetowej. Mo\u017cliwe jest, \u017ce realizacja zam\u00f3wienia ulegnie op\u00f3\u017anieniu z powodu brak\u00f3w produkt\u00f3w, op\u00f3\u017anionego potwierdzenia zam\u00f3wienia, nieprawid\u0142owego projektu itp. W ka\u017cdym przypadku, w Kiemmi rozumiemy, \u017ce musimy dostarczy\u0107 produkty na podany przez Pa\u0144stwa adres wysy\u0142ki tak szybko, jak to mo\u017cliwe, zgodnie z czasem realizacji i wysy\u0142ki, zawsze w ci\u0105gu trzydziestu (30) dni kalendarzowych od daty potwierdzenia zam\u00f3wienia. W przypadku wyst\u0105pienia jakichkolwiek op\u00f3\u017anie\u0144 skontaktujemy si\u0119 z Pa\u0144stwem i poinformujemy o wszelkich zmianach.<\/p>\n\n\n\n<p>Czas dostawy mo\u017ce ulec wyd\u0142u\u017ceniu z powodu nadzwyczajnych zdarze\u0144 transportowych (np. strajk\u00f3w, zjawisk pogodowych, wyj\u0105tkowych sytuacji politycznych itp.) lub z powodu kontroli celnych, inspekcji w kraju docelowym lub trudno\u015bci w dostarczeniu towaru. Kiemmi nie ponosi odpowiedzialno\u015bci za op\u00f3\u017anienia spowodowane przez agencj\u0119 transportow\u0105 lub procedury celne. Zobowi\u0105zujemy si\u0119 jednak do wymiany ka\u017cdego zam\u00f3wienia uszkodzonego lub zagubionego w transporcie w rozs\u0105dnym terminie.<\/p>\n\n\n\n<h3 class=\"wp-block-heading\" id=\"5-garantias-cambios-cancelaciones-y-devoluciones\">5. Gwarancje, wymiany, anulacje i zwroty<\/h3>\n\n\n\n<p>Jako u\u017cytkownik mo\u017cesz zmieni\u0107 lub doda\u0107 nowy projekt, zmieni\u0107 adres dostawy i\/lub adres rozliczeniowy, a tak\u017ce anulowa\u0107 zam\u00f3wienie, pod warunkiem, \u017ce nie wesz\u0142o ono jeszcze do procesu produkcji.<\/p>\n\n\n\n<p>Aby to zrobi\u0107, musisz wys\u0142a\u0107 wiadomo\u015b\u0107 e-mail na adres\u00a0<a href=\"mailto:info@kiemmi.com\">info@craftjw.com<\/a>, Prosimy o podanie numeru referencyjnego zam\u00f3wienia. Po sprawdzeniu statusu zam\u00f3wienia poinformujemy Ci\u0119, czy zmiana lub anulowanie zam\u00f3wienia jest mo\u017cliwe.<\/p>\n\n\n\n<p>Jako u\u017cytkownik i klient masz czterna\u015bcie (14) dni kalendarzowych na anulowanie zakupu i zwrot produktu\/produkt\u00f3w, licz\u0105c od momentu otrzymania zam\u00f3wienia, pod warunkiem, \u017ce nie jest to produkt spersonalizowany, tj. zmodyfikowany dla naszych klient\u00f3w zgodnie z ich instrukcjami. Nie przyjmujemy wymian ani zwrot\u00f3w produkt\u00f3w spersonalizowanych.<\/p>\n\n\n\n<p>Produkty personalizowane mog\u0105 ulec niewielkim modyfikacjom pod wzgl\u0119dem koloru, wagi, tekstury, materia\u0142\u00f3w, rozmiaru lub wzoru, zawsze spe\u0142niaj\u0105c cel i pierwotny zamys\u0142 przedstawiony na naszej stronie internetowej. Z tego powodu nale\u017cy obchodzi\u0107 si\u0119 z produktami Craftjw z najwy\u017csz\u0105 staranno\u015bci\u0105, upewniaj\u0105c si\u0119, \u017ce nie by\u0142y u\u017cywane, nara\u017cone na nieodpowiednie lub szkodliwe warunki, ani nie by\u0142y poddawane \u017cadnym czynno\u015bciom, kt\u00f3re mog\u0142yby pogorszy\u0107 ich stan. Obowi\u0105zkiem klienta jest ich prawid\u0142owe przechowywanie do czasu, a\u017c Kiemmi dokona ich kontroli, w przypadku ch\u0119ci zwrotu lub z\u0142o\u017cenia reklamacji.<\/p>\n\n\n\n<p>Klient ponosi koszty wysy\u0142ki zwrotnej. Aby rozpocz\u0105\u0107 procedur\u0119 zwrotu, prosimy o wys\u0142anie wiadomo\u015bci e-mail na adres\u00a0<a href=\"mailto:info@kiemmi.co\">info@craftjw.com<\/a>\u00a0pro\u015bba o zwrot pieni\u0119dzy za zam\u00f3wienie.<\/p>\n\n\n\n<p>Po zwrocie produktu i potwierdzeniu jego nieprawid\u0142owego stanu, przetworzymy zwrot pieni\u0119dzy, w tym pocz\u0105tkowy koszt wysy\u0142ki w przypadku najprostszej opcji (wysy\u0142ka standardowa). Je\u015bli zwrot jest spowodowany b\u0142\u0119dem z naszej strony, Craftjw pokryje koszty wysy\u0142ki zwrotnej. W przeciwnym razie koszty wysy\u0142ki zwrotnej pokrywaj\u0105 Pa\u0144stwo sami.<\/p>\n\n\n\n<p>Zwr\u00f3cimy Ci kwot\u0119 w ci\u0105gu czternastu (14) dni od otrzymania zwr\u00f3conego produktu, przy u\u017cyciu tej samej metody p\u0142atno\u015bci, kt\u00f3rej u\u017cy\u0142e\u015b do zakupu.<\/p>\n\n\n\n<h3 class=\"wp-block-heading\" id=\"6-propiedad-intelectual\">6. W\u0142asno\u015b\u0107 intelektualna<\/h3>\n\n\n\n<p>Zastrzegamy sobie wszelkie prawa w\u0142asno\u015bci intelektualnej i przemys\u0142owej zawarte na stronie internetowej Craftjw, w tym mi\u0119dzy innymi: teksty, obrazy, projekt graficzny, znaki towarowe, struktur\u0119 nawigacji, informacje i tre\u015bci. Zastrzegamy sobie wy\u0142\u0105czne prawo do wykorzystywania tych element\u00f3w w dowolnej formie, w szczeg\u00f3lno\u015bci prawa do reprodukcji, dystrybucji, komunikacji publicznej i przetwarzania, zgodnie z hiszpa\u0144skim prawem w\u0142asno\u015bci intelektualnej i przemys\u0142owej.<\/p>\n\n\n\n<p>Je\u015bli jako u\u017cytkownik spersonalizujesz produkt na stronie internetowej Kiemmi za pomoc\u0105 dostarczonego obrazu, kt\u00f3ry nie pochodzi z katalogu obraz\u00f3w Craftjw, musisz zagwarantowa\u0107, \u017ce posiadasz wszelkie niezb\u0119dne prawa w\u0142asno\u015bci intelektualnej i przemys\u0142owej, a tak\u017ce wszelkie prawa do wizerunku lub prywatno\u015bci przys\u0142uguj\u0105ce osobom fizycznym lub prawnym, niezb\u0119dne do korzystania z obrazu w wybrany przez Ciebie spos\u00f3b. Ponadto, jako u\u017cytkownik, udzielasz nam ograniczonej licencji na reprodukcj\u0119, przekazywanie, dystrybucj\u0119 i przekszta\u0142canie dostarczonego obrazu w spersonalizowany(-e) produkt(-y), kt\u00f3ry(-e) zam\u00f3wisz. Niniejsza licencja wygasa z chwil\u0105 wyprodukowania produktu i wys\u0142ania go na Tw\u00f3j adres dostawy.<\/p>\n\n\n\n<p>Zwalniasz Craftjw z wszelkiej odpowiedzialno\u015bci za roszczenia os\u00f3b trzecich wynikaj\u0105ce z bezprawnego lub przest\u0119pczego wykorzystania obraz\u00f3w obj\u0119tych prawami w\u0142asno\u015bci intelektualnej lub przemys\u0142owej albo prawami do wizerunku lub prywatno\u015bci os\u00f3b fizycznych w spersonalizowanych produktach dost\u0119pnych za po\u015brednictwem naszych stron internetowych.<\/p>\n\n\n\n<h3 class=\"wp-block-heading\" id=\"7-quejas-y-reclamaciones\">7. Reklamacje i roszczenia<\/h3>\n\n\n\n<p>Jako klient zawsze mo\u017cesz si\u0119 z nami skontaktowa\u0107\u00a0<a href=\"mailto:info@kiemmi.com\">info@craftjw.com<\/a>\u00a0Aby zg\u0142osi\u0107 jak\u0105kolwiek skarg\u0119, sugesti\u0119 lub roszczenie zwi\u0105zane ze \u015bwiadczeniem naszych us\u0142ug, prosimy o podanie numeru faktury lub zam\u00f3wienia, co przyspieszy proces rozpatrywania. Zobowi\u0105zujemy si\u0119 do udzielenia odpowiedzi na zapytania w ci\u0105gu siedmiu (7) dni roboczych od daty ich otrzymania. Je\u015bli reklamacja dotyczy produktu, kt\u00f3rego producentem nie jest Kiemmi, termin ten mo\u017ce ulec wyd\u0142u\u017ceniu, aby\u015bmy mogli skontaktowa\u0107 si\u0119 z producentem.<\/p>\n\n\n\n<p>Nie mo\u017cesz sk\u0142ada\u0107 reklamacji ani roszcze\u0144 dotycz\u0105cych zam\u00f3wie\u0144 po up\u0142ywie siedmiu (7) dni od ich skutecznego dor\u0119czenia.<\/p>\n\n\n\n<h3 class=\"wp-block-heading\" id=\"8-derechos-de-camaloon\">8. Prawa Craftjw<\/h3>\n\n\n\n<h4 class=\"wp-block-heading\" id=\"8-1-monitorizacion\">8.1 Monitorowanie<\/h4>\n\n\n\n<p>W Craftjwnos zastrzegamy sobie prawo (ale nie obowi\u0105zek) do monitorowania wszystkich transakcji i komunikacji za po\u015brednictwem naszej strony internetowej. Je\u015bli uznamy, wed\u0142ug naszego wy\u0142\u0105cznego uznania, \u017ce u\u017cytkownik lub klient naruszy\u0142 lub mo\u017ce naruszy\u0107 kt\u00f3rekolwiek z niniejszych Og\u00f3lnych Warunk\u00f3w Korzystania i Sprzeda\u017cy, lub \u017ce transakcja lub komunikacja jest niew\u0142a\u015bciwa, mo\u017cemy anulowa\u0107 lub ograniczy\u0107 dost\u0119p tego u\u017cytkownika, bez mo\u017cliwo\u015bci dochodzenia roszcze\u0144 w przysz\u0142o\u015bci.<\/p>\n\n\n\n<h4 class=\"wp-block-heading\" id=\"8-2-modificacion-del-servicio\">8.2 Modyfikacja us\u0142ugi<\/h4>\n\n\n\n<p>W Craftjw zastrzegamy sobie prawo do zmiany uk\u0142adu, organizacji i wygl\u0105du naszej strony internetowej oraz oferowanych przez nas us\u0142ug. Mo\u017cemy tak\u017ce zmieni\u0107 lub zawiesi\u0107 dowolny aspekt naszych us\u0142ug i\/lub cen bez wcze\u015bniejszego powiadomienia i bez mo\u017cliwo\u015bci odwo\u0142ania.<\/p>\n\n\n\n<h4 class=\"wp-block-heading\" id=\"8-3-cancelacion-del-contrato\">8.3 Rozwi\u0105zanie umowy<\/h4>\n\n\n\n<p>W Craftjw, wed\u0142ug w\u0142asnego uznania i z uprzednim powiadomieniem lub bez, mo\u017cemy:<\/p>\n\n\n\n<ul class=\"wp-block-list\">\n<li>Zawieszenie lub ograniczenie korzystania z Craftjw dla konkretnego u\u017cytkownika, a tak\u017ce ca\u0142kowite zamkni\u0119cie konta lub anulowanie dost\u0119pu do naszych stron internetowych<\/li>\n\n\n\n<li>Zablokuj lub anuluj produkcj\u0119 ka\u017cdego zam\u00f3wienia zawieraj\u0105cego obrazy stanowi\u0105ce przest\u0119pstwo, naruszaj\u0105ce prawa os\u00f3b trzecich, obra\u017aliwe, w z\u0142ym gu\u015bcie, zawieraj\u0105ce przemoc, obel\u017cywe, skrajnie radykalne przes\u0142ania polityczne, sekciarskie lub sprzeczne z podstawowymi prawami cz\u0142owieka<\/li>\n\n\n\n<li>Zablokuj lub anuluj produkcj\u0119 ka\u017cdego zam\u00f3wienia, kt\u00f3re po sprawdzeniu oka\u017ce si\u0119 zawiera\u0107 b\u0142\u0119dy w projekcie, w kalkulacji ceny, kt\u00f3re nie mog\u0105 da\u0107 wystarczaj\u0105cej gwarancji ko\u0144cowego rezultatu itp.<\/li>\n\n\n\n<li>Zg\u0142aszaj wszelkie nadu\u017cycia lub oszustwa, kt\u00f3re mia\u0142y miejsce na naszych stronach internetowych, odpowiednim organom<\/li>\n\n\n\n<li>Usu\u0144my z serwer\u00f3w i katalog\u00f3w Craftjw wszelkie tre\u015bci, kt\u00f3re uznamy za stosowne, a tak\u017ce wszelkie tre\u015bci sugerowane przez u\u017cytkownika.<\/li>\n\n\n\n<li>Zaprzesta\u0144 sprzeda\u017cy konkretnego produktu lub waluty innej ni\u017c euro (\u20ac).<\/li>\n\n\n\n<li>Zaprzesta\u0107 \u015bwiadczenia us\u0142ugi wed\u0142ug w\u0142asnego uznania lub zaoferowa\u0107 j\u0105 w ograniczonym zakresie.<\/li>\n<\/ul>\n\n\n\n<h3 class=\"wp-block-heading\" id=\"9-politica-de-enlaces\">9. Polityka dotycz\u0105ca link\u00f3w<\/h3>\n\n\n\n<p>W Craftjw nie ponosimy odpowiedzialno\u015bci za strony internetowe ani pliki dost\u0119pne za po\u015brednictwem hiper\u0142\u0105czy w naszych tre\u015bciach. Odpowiedzialno\u015b\u0107 spoczywa na ich w\u0142a\u015bcicielach. W zwi\u0105zku z tym nie popieramy ani nie stosujemy produkt\u00f3w, us\u0142ug, tre\u015bci, informacji, danych, plik\u00f3w ani \u017cadnych innych materia\u0142\u00f3w znajduj\u0105cych si\u0119 na takich stronach internetowych lub w plikach, ani nie kontrolujemy ani nie ponosimy odpowiedzialno\u015bci za jako\u015b\u0107, legalno\u015b\u0107, rzetelno\u015b\u0107 ani u\u017cyteczno\u015b\u0107 informacji, tre\u015bci i us\u0142ug na stronach zewn\u0119trznych w stosunku do naszej witryny, do kt\u00f3rych prowadz\u0105 linki.<\/p>\n\n\n\n<p>Je\u017celi zostanie to uznane za stosowne lub je\u017celi w\u0142a\u015bciwy organ stwierdzi niezgodno\u015b\u0107 danych z prawem, nakazuj\u0105c ich usuni\u0119cie lub uniemo\u017cliwiaj\u0105c dost\u0119p do nich, lub je\u017celi stwierdzono szkod\u0119 i wyra\u017anie poinformowano nas o odpowiednim rozstrzygni\u0119ciu, niezw\u0142ocznie usuniemy wskazane linki.<\/p>\n\n\n\n<h3 class=\"wp-block-heading\" id=\"10-limitacion-de-responsabilidad\">10. Ograniczenie odpowiedzialno\u015bci<\/h3>\n\n\n\n<p>Zrzekamy si\u0119 wszelkiej odpowiedzialno\u015bci za jakiekolwiek szkody wynikaj\u0105ce z niedost\u0119pno\u015bci lub przerw w dzia\u0142aniu naszych stron internetowych. Zrzekamy si\u0119 r\u00f3wnie\u017c wszelkiej odpowiedzialno\u015bci wynikaj\u0105cej z niew\u0142a\u015bciwego u\u017cytkowania naszych produkt\u00f3w.<\/p>\n\n\n\n<h3 class=\"wp-block-heading\" id=\"11-cambios-en-las-presentes-condiciones-generales-de-uso-y-venta\">11. Zmiany niniejszych Og\u00f3lnych Warunk\u00f3w Korzystania i Sprzeda\u017cy<\/h3>\n\n\n\n<p>Zastrzegamy sobie prawo do zmiany dowolnego aspektu niniejszych Og\u00f3lnych Warunk\u00f3w Korzystania i Sprzeda\u017cy, w tym cen, akceptowanych projekt\u00f3w lub niedopuszczalnych tre\u015bci.<\/p>\n\n\n\n<h3 class=\"wp-block-heading\" id=\"12-legislacion-aplicable-y-jurisdiccion-competente\">12. Prawo w\u0142a\u015bciwe i w\u0142a\u015bciwa jurysdykcja<\/h3>\n\n\n\n<p>Niniejsze Og\u00f3lne Warunki Korzystania i Sprzeda\u017cy podlegaj\u0105 prawu hiszpa\u0144skiemu.<\/p>\n\n\n\n<p>Je\u017celi zakupu produkt\u00f3w dokonuje osoba fizyczna, strony zgadzaj\u0105 si\u0119 podda\u0107 ewentualne spory arbitra\u017cowi konsumenckiemu ustanowionemu w regulaminie, zrzekaj\u0105c si\u0119 jakiejkolwiek innej jurysdykcji, jaka mog\u0142aby im przys\u0142ugiwa\u0107.<\/p>\n\n\n\n<p>Je\u017celi zakupu produkt\u00f3w dokonuje sp\u00f3\u0142ka, strony zgadzaj\u0105 si\u0119 podda\u0107 ewentualne spory rozstrzygni\u0119ciu s\u0105d\u00f3w i trybuna\u0142\u00f3w w\u0142a\u015bciwych dla Nules, zrzekaj\u0105c si\u0119 wszelkiej innej jurysdykcji, jaka mog\u0142aby im przys\u0142ugiwa\u0107.<\/p>","protected":false},"excerpt":{"rendered":"<p>1. Datos identificativos de craftjw.com El prestador del servicio del sitio web es Emmanuel Kielichowski (en adelante, &#8220;Craftjw&#8221;), con VAT [&hellip;]<\/p>\n","protected":false},"author":4,"featured_media":0,"parent":0,"menu_order":0,"comment_status":"closed","ping_status":"closed","template":"","meta":{"_seopress_robots_primary_cat":"","_seopress_titles_title":"","_seopress_titles_desc":"","_seopress_robots_index":"yes","site-sidebar-layout":"default","site-content-layout":"","ast-site-content-layout":"default","site-content-style":"default","site-sidebar-style":"default","ast-global-header-display":"","ast-banner-title-visibility":"","ast-main-header-display":"","ast-hfb-above-header-display":"","ast-hfb-below-header-display":"","ast-hfb-mobile-header-display":"","site-post-title":"","ast-breadcrumbs-content":"","ast-featured-img":"","footer-sml-layout":"","ast-disable-related-posts":"","theme-transparent-header-meta":"","adv-header-id-meta":"","stick-header-meta":"","header-above-stick-meta":"","header-main-stick-meta":"","header-below-stick-meta":"","astra-migrate-meta-layouts":"default","ast-page-background-enabled":"default","ast-page-background-meta":{"desktop":{"background-color":"var(--ast-global-color-5)","background-image":"","background-repeat":"repeat","background-position":"center center","background-size":"auto","background-attachment":"scroll","background-type":"","background-media":"","overlay-type":"","overlay-color":"","overlay-opacity":"","overlay-gradient":""},"tablet":{"background-color":"","background-image":"","background-repeat":"repeat","background-position":"center center","background-size":"auto","background-attachment":"scroll","background-type":"","background-media":"","overlay-type":"","overlay-color":"","overlay-opacity":"","overlay-gradient":""},"mobile":{"background-color":"","background-image":"","background-repeat":"repeat","background-position":"center center","background-size":"auto","background-attachment":"scroll","background-type":"","background-media":"","overlay-type":"","overlay-color":"","overlay-opacity":"","overlay-gradient":""}},"ast-content-background-meta":{"desktop":{"background-color":"var(--ast-global-color-4)","background-image":"","background-repeat":"repeat","background-position":"center center","background-size":"auto","background-attachment":"scroll","background-type":"","background-media":"","overlay-type":"","overlay-color":"","overlay-opacity":"","overlay-gradient":""},"tablet":{"background-color":"var(--ast-global-color-4)","background-image":"","background-repeat":"repeat","background-position":"center center","background-size":"auto","background-attachment":"scroll","background-type":"","background-media":"","overlay-type":"","overlay-color":"","overlay-opacity":"","overlay-gradient":""},"mobile":{"background-color":"var(--ast-global-color-4)","background-image":"","background-repeat":"repeat","background-position":"center center","background-size":"auto","background-attachment":"scroll","background-type":"","background-media":"","overlay-type":"","overlay-color":"","overlay-opacity":"","overlay-gradient":""}},"footnotes":""},"class_list":["post-2743","page","type-page","status-publish","hentry"],"_links":{"self":[{"href":"https:\/\/craftjw.com\/pl\/wp-json\/wp\/v2\/pages\/2743","targetHints":{"allow":["GET"]}}],"collection":[{"href":"https:\/\/craftjw.com\/pl\/wp-json\/wp\/v2\/pages"}],"about":[{"href":"https:\/\/craftjw.com\/pl\/wp-json\/wp\/v2\/types\/page"}],"author":[{"embeddable":true,"href":"https:\/\/craftjw.com\/pl\/wp-json\/wp\/v2\/users\/4"}],"replies":[{"embeddable":true,"href":"https:\/\/craftjw.com\/pl\/wp-json\/wp\/v2\/comments?post=2743"}],"version-history":[{"count":1,"href":"https:\/\/craftjw.com\/pl\/wp-json\/wp\/v2\/pages\/2743\/revisions"}],"predecessor-version":[{"id":52858,"href":"https:\/\/craftjw.com\/pl\/wp-json\/wp\/v2\/pages\/2743\/revisions\/52858"}],"wp:attachment":[{"href":"https:\/\/craftjw.com\/pl\/wp-json\/wp\/v2\/media?parent=2743"}],"curies":[{"name":"wp","href":"https:\/\/api.w.org\/{rel}","templated":true}]}}