{"id":2226,"date":"2020-07-25T11:07:48","date_gmt":"2020-07-25T11:07:48","guid":{"rendered":"https:\/\/www.tks3d.com\/?page_id=2226"},"modified":"2026-04-01T08:53:48","modified_gmt":"2026-04-01T06:53:48","slug":"polityka-plikow-cookie","status":"publish","type":"page","link":"https:\/\/craftjw.com\/pl\/politica-de-cookies\/","title":{"rendered":"Polityka plik\u00f3w cookie"},"content":{"rendered":"<p>Zgodnie z postanowieniami artyku\u0142u 22.2 Ustawy 34\/2002 z dnia 11 lipca o us\u0142ugach spo\u0142ecze\u0144stwa informacyjnego i handlu elektronicznym, niniejsza strona internetowa informuje w tej sekcji o:&nbsp;<strong>polityka gromadzenia i przetwarzania plik\u00f3w cookie<\/strong>.<\/p>\n\n\n\n<h4 class=\"wp-block-heading\">Czym s\u0105 pliki cookie?<\/h4>\n\n\n\n<p>Plik cookie to plik pobierany na komputer u\u017cytkownika podczas odwiedzania okre\u015blonych stron internetowych. Pliki cookie umo\u017cliwiaj\u0105 witrynie internetowej mi\u0119dzy innymi przechowywanie i pobieranie informacji o nawykach przegl\u0105dania u\u017cytkownika lub jego urz\u0105dzeniu. W zale\u017cno\u015bci od zawartych w nich informacji i sposobu korzystania z urz\u0105dzenia, mog\u0105 one s\u0142u\u017cy\u0107 do rozpoznania u\u017cytkownika.<\/p>\n\n\n\n<h4 class=\"wp-block-heading\">Rodzaje plik\u00f3w cookie i ich cel<\/h4>\n\n\n\n<p>Podczas przegl\u0105dania tej witryny internetowej wykorzystywane s\u0105 pliki cookie sesyjne, trwa\u0142e, analityczne i personalizacyjne:<\/p>\n\n\n\n<p><strong>Pliki cookie sesji:<\/strong>&nbsp;Te pliki cookie s\u0142u\u017c\u0105 do gromadzenia i przechowywania danych podczas korzystania przez u\u017cytkownika ze strony internetowej. Zazwyczaj s\u0142u\u017c\u0105 do przechowywania informacji potrzebnych wy\u0142\u0105cznie do jednorazowego \u015bwiadczenia us\u0142ugi \u017c\u0105danej przez u\u017cytkownika.<\/p>\n\n\n\n<p><strong>Trwa\u0142e pliki cookie:<\/strong>&nbsp;S\u0105 to pliki cookie, w kt\u00f3rych dane pozostaj\u0105 zapisane na urz\u0105dzeniu ko\u0144cowym i mo\u017cna uzyska\u0107 do nich dost\u0119p oraz je przetwarza\u0107 przez okres okre\u015blony przez w\u0142a\u015bciciela pliku cookie, kt\u00f3ry mo\u017ce wynosi\u0107 od kilku minut do kilku lat.<\/p>\n\n\n\n<p><strong>Pliki cookie analityczne<\/strong>S\u0105 to pliki cookie, kt\u00f3re po prawid\u0142owym przetworzeniu przez nas lub osoby trzecie pozwalaj\u0105 nam okre\u015bli\u0107 liczb\u0119 u\u017cytkownik\u00f3w, a tym samym przeprowadzi\u0107 analiz\u0119 statystyczn\u0105 sposobu korzystania z oferowanej us\u0142ugi. Polega to na analizowaniu Twojej aktywno\u015bci na naszej stronie internetowej w celu ulepszania oferowanych przez nas produkt\u00f3w lub us\u0142ug.<\/p>\n\n\n\n<p><strong>Pliki cookie personalizacji<\/strong>S\u0105 to takie, kt\u00f3re umo\u017cliwiaj\u0105 u\u017cytkownikowi dost\u0119p do us\u0142ugi przy u\u017cyciu pewnych wst\u0119pnie zdefiniowanych og\u00f3lnych cech opartych na szeregu kryteri\u00f3w w terminalu u\u017cytkownika, takich jak j\u0119zyk lub rodzaj przegl\u0105darki, za pomoc\u0105 kt\u00f3rej \u0142\u0105czy si\u0119 z us\u0142ug\u0105.<\/p>\n\n\n\n<h4 class=\"wp-block-heading\">Aktualizacje i zmiany Polityki plik\u00f3w cookie<\/h4>\n\n\n\n<p>KIEMMI mo\u017ce modyfikowa\u0107 niniejsz\u0105 Polityk\u0119 plik\u00f3w cookie w oparciu o nowe wymogi prawne lub regulacyjne albo w celu dostosowania polityki do instrukcji wydanych przez Hiszpa\u0144sk\u0105 Agencj\u0119 Ochrony Danych.<\/p>\n\n\n\n<p>Je\u015bli chcesz uzyska\u0107 wi\u0119cej informacji o tym, jak wykorzystujemy pliki cookie, mo\u017cesz wys\u0142a\u0107 do nas wiadomo\u015b\u0107 e-mail na adres info@tekniservice.com<\/p>","protected":false},"excerpt":{"rendered":"<p>En cumplimiento con lo dispuesto en el art\u00edculo 22.2 de la Ley 34\/2002, de 11 de julio, de Servicios de [&hellip;]<\/p>\n","protected":false},"author":4,"featured_media":0,"parent":0,"menu_order":0,"comment_status":"closed","ping_status":"closed","template":"","meta":{"_seopress_robots_primary_cat":"0","_seopress_titles_title":"","_seopress_titles_desc":"","_seopress_robots_index":"yes","site-sidebar-layout":"default","site-content-layout":"","ast-site-content-layout":"default","site-content-style":"default","site-sidebar-style":"default","ast-global-header-display":"","ast-banner-title-visibility":"","ast-main-header-display":"","ast-hfb-above-header-display":"","ast-hfb-below-header-display":"","ast-hfb-mobile-header-display":"","site-post-title":"","ast-breadcrumbs-content":"","ast-featured-img":"","footer-sml-layout":"","ast-disable-related-posts":"","theme-transparent-header-meta":"","adv-header-id-meta":"","stick-header-meta":"","header-above-stick-meta":"","header-main-stick-meta":"","header-below-stick-meta":"","astra-migrate-meta-layouts":"default","ast-page-background-enabled":"default","ast-page-background-meta":{"desktop":{"background-color":"var(--ast-global-color-5)","background-image":"","background-repeat":"repeat","background-position":"center center","background-size":"auto","background-attachment":"scroll","background-type":"","background-media":"","overlay-type":"","overlay-color":"","overlay-opacity":"","overlay-gradient":""},"tablet":{"background-color":"","background-image":"","background-repeat":"repeat","background-position":"center center","background-size":"auto","background-attachment":"scroll","background-type":"","background-media":"","overlay-type":"","overlay-color":"","overlay-opacity":"","overlay-gradient":""},"mobile":{"background-color":"","background-image":"","background-repeat":"repeat","background-position":"center center","background-size":"auto","background-attachment":"scroll","background-type":"","background-media":"","overlay-type":"","overlay-color":"","overlay-opacity":"","overlay-gradient":""}},"ast-content-background-meta":{"desktop":{"background-color":"var(--ast-global-color-4)","background-image":"","background-repeat":"repeat","background-position":"center center","background-size":"auto","background-attachment":"scroll","background-type":"","background-media":"","overlay-type":"","overlay-color":"","overlay-opacity":"","overlay-gradient":""},"tablet":{"background-color":"var(--ast-global-color-4)","background-image":"","background-repeat":"repeat","background-position":"center center","background-size":"auto","background-attachment":"scroll","background-type":"","background-media":"","overlay-type":"","overlay-color":"","overlay-opacity":"","overlay-gradient":""},"mobile":{"background-color":"var(--ast-global-color-4)","background-image":"","background-repeat":"repeat","background-position":"center center","background-size":"auto","background-attachment":"scroll","background-type":"","background-media":"","overlay-type":"","overlay-color":"","overlay-opacity":"","overlay-gradient":""}},"footnotes":""},"class_list":["post-2226","page","type-page","status-publish","hentry"],"_links":{"self":[{"href":"https:\/\/craftjw.com\/pl\/wp-json\/wp\/v2\/pages\/2226","targetHints":{"allow":["GET"]}}],"collection":[{"href":"https:\/\/craftjw.com\/pl\/wp-json\/wp\/v2\/pages"}],"about":[{"href":"https:\/\/craftjw.com\/pl\/wp-json\/wp\/v2\/types\/page"}],"author":[{"embeddable":true,"href":"https:\/\/craftjw.com\/pl\/wp-json\/wp\/v2\/users\/4"}],"replies":[{"embeddable":true,"href":"https:\/\/craftjw.com\/pl\/wp-json\/wp\/v2\/comments?post=2226"}],"version-history":[{"count":1,"href":"https:\/\/craftjw.com\/pl\/wp-json\/wp\/v2\/pages\/2226\/revisions"}],"predecessor-version":[{"id":53041,"href":"https:\/\/craftjw.com\/pl\/wp-json\/wp\/v2\/pages\/2226\/revisions\/53041"}],"wp:attachment":[{"href":"https:\/\/craftjw.com\/pl\/wp-json\/wp\/v2\/media?parent=2226"}],"curies":[{"name":"wp","href":"https:\/\/api.w.org\/{rel}","templated":true}]}}