{"id":1777,"date":"2020-07-24T07:11:47","date_gmt":"2020-07-24T07:11:47","guid":{"rendered":"https:\/\/www.tks3d.com\/?page_id=3"},"modified":"2026-04-01T08:53:54","modified_gmt":"2026-04-01T06:53:54","slug":"polityka-prywatnosci","status":"publish","type":"page","link":"https:\/\/craftjw.com\/pl\/politica-de-privacidad\/","title":{"rendered":"Polityka prywatno\u015bci"},"content":{"rendered":"<h3 class=\"wp-block-heading\" id=\"reglamento-europeo-de-proteccion-de-datos-rgpd\">Rozporz\u0105dzenie og\u00f3lne o ochronie danych (RODO)<\/h3>\n\n\n\n<p>Wyra\u017anie informujemy, \u017ce ta sekcja dotyczy wy\u0142\u0105cznie przetwarzania danych, kt\u00f3re Emmanuel Kielichowski (zwany dalej KIEMMI) b\u0119dzie realizowa\u0107 na podstawie danych osobowych przekazanych za po\u015brednictwem tej strony internetowej, kt\u00f3re zostan\u0105 w\u0142\u0105czone do plik\u00f3w, kt\u00f3re wska\u017cemy Pa\u0144stwu zgodnie z postanowieniami obowi\u0105zuj\u0105cych przepis\u00f3w dotycz\u0105cych ochrony danych osobowych (RODO (UE) 2016\/679 PARLAMENTU EUROPEJSKIEGO I RADY z dnia 27 kwietnia 2016 r. w sprawie ochrony os\u00f3b fizycznych w zwi\u0105zku z przetwarzaniem danych osobowych i w sprawie swobodnego przep\u0142ywu takich danych, z wej\u015bciem w \u017cycie 25 maja 2018 r., zwane dalej RODO, a tak\u017ce hiszpa\u0144skie przepisy, kt\u00f3re je rozwijaj\u0105).<\/p>\n\n\n\n<h3 class=\"wp-block-heading\" id=\"conceptos\">Koncepcje<\/h3>\n\n\n\n<p>Definicje, kt\u00f3rych b\u0119dziemy u\u017cywa\u0107 w niniejszej Polityce Prywatno\u015bci:<\/p>\n\n\n\n<ul class=\"wp-block-list\"><li>KIEMMI: W\u0142a\u015bcicielem tej strony jest Emmanuel Kielichowski.<\/li><li>WEB: Odnosi si\u0119 do tej witryny internetowej (www.kiemmi.com).<\/li><li>U\u017bYTKOWNIK INTERNETU: U\u017cytkownik witryny www.kiemmi.com<\/li><li>KLIENT: U\u017cytkownik, kt\u00f3ry zawar\u0142 umow\u0119 na us\u0142ugi KIEMMI.<\/li><li>PARTNER: Wsp\u00f3\u0142pracownik KIEMMI.<\/li><\/ul>\n\n\n\n<h3 class=\"wp-block-heading\" id=\"responsable-del-tratamiento-de-los-datos-personales\">Odpowiedzialny za przetwarzanie danych osobowych<\/h3>\n\n\n\n<p>W\u0142a\u015bcicielem witryny www.kiemmi.com jest Emmanuel Kielichowski, o numerze NIE: X2878559V, z siedzib\u0105: C\/ Claveles, 4 \u2013 12600 Vall de Ux\u00f3, Castell\u00f3n, adres e-mail: info@kiemmi.com<\/p>\n\n\n\n<p>Zgodnie z RODO informujemy, \u017ce podane dane, a tak\u017ce dane pochodz\u0105ce z przegl\u0105dania strony internetowej, b\u0119d\u0105 przetwarzane i chronione przez firm\u0119 KIEMI jako administratora danych oraz przetwarzane w celu realizacji Twojego zapytania i utrzymania relacji wynikaj\u0105cej z umowy, kt\u00f3r\u0105 podpisa\u0142e\u015b lub podpisa\u0142e\u015b z nami.<\/p>\n\n\n\n<h3 class=\"wp-block-heading\" id=\"principios-que-aplicamos-en-el-tratamiento-de-datos-personales\">Zasady, kt\u00f3rymi si\u0119 kierujemy przy przetwarzaniu danych osobowych<\/h3>\n\n\n\n<p>Zgodnie z rozdzia\u0142em II RODO oraz kodeksami post\u0119powania dotycz\u0105cymi przetwarzania danych osobowych, nasza firma i procedury stosuj\u0105 nast\u0119puj\u0105ce zasady przetwarzania danych osobowych w celu ochrony praw i wolno\u015bci u\u017cytkownik\u00f3w:<\/p>\n\n\n\n<ul class=\"wp-block-list\"><li><strong>Minimalne dane:<\/strong>&nbsp;B\u0119dziemy gromadzi\u0107 i przetwarza\u0107 wy\u0142\u0105cznie minimaln\u0105 ilo\u015b\u0107 danych niezb\u0119dn\u0105 dla ka\u017cdego celu i ka\u017cdej kategorii os\u00f3b, kt\u00f3rych dane dotycz\u0105, w ramach przetwarzania.<\/li><li><strong>Legalno\u015b\u0107 i przejrzysto\u015b\u0107:<\/strong> Przetwarzaj\u0105c Twoje dane, zawsze mamy uzasadnion\u0105 podstaw\u0119 prawn\u0105: klient zawar\u0142 umow\u0119 z nami, u\u017cytkownik przekaza\u0142 swoje dane za po\u015brednictwem formularza kontaktowego itp., a w ka\u017cdym przypadku sformalizowa\u0142 umow\u0119 lub wyrazi\u0142 na to zgod\u0119. I zawsze w celach okre\u015blonych w niniejszym dokumencie.<\/li><li><strong>Ograniczenie okresu przechowywania:<\/strong>&nbsp;B\u0119dziemy przechowywa\u0107 Twoje dane przez mo\u017cliwie jak najkr\u00f3tszy czas, chyba \u017ce wcze\u015bniej poprosisz o ich usuni\u0119cie.<\/li><li><strong>Poufno\u015b\u0107 i integralno\u015b\u0107:<\/strong>&nbsp;Gwarantujemy odpowiednie \u015brodki bezpiecze\u0144stwa dla danych osobowych i ich poufno\u015b\u0107.<\/li><\/ul>\n\n\n\n<h3 class=\"wp-block-heading\" id=\"veracidad-y-exactitud-de-los-datos-personales-facilitados\">Prawdziwo\u015b\u0107 i dok\u0142adno\u015b\u0107 podanych danych osobowych<\/h3>\n\n\n\n<p>U\u017bYTKOWNIK SERWISU, KLIENT lub PARTNER, kt\u00f3rego dane b\u0119d\u0105 przetwarzane przez Sp\u00f3\u0142k\u0119, gwarantuje, \u017ce podane dane s\u0105 prawdziwe i dok\u0142adne.<\/p>\n\n\n\n<p>Je\u017celi poda\u0142e\u015b dane osobowe innej osoby, gwarantujesz, \u017ce osoba ta upowa\u017cni\u0142a nas do przekazania nam tych danych oraz wyrazi\u0142a na to zgod\u0119, a tak\u017ce, \u017ce przyjmujesz na siebie wszelk\u0105 odpowiedzialno\u015b\u0107 wynikaj\u0105c\u0105 z wykorzystania i przetwarzania tych danych, je\u015bli nie posiadasz takiego upowa\u017cnienia.<\/p>\n\n\n\n<p>Informujemy, \u017ce jeste\u015b jedynym \u017ar\u00f3d\u0142em informacji o swoich danych osobowych. Dlatego, aby zapewni\u0107 ich aktualno\u015b\u0107 i aktualno\u015b\u0107 zgodnie z zasadami Rozdzia\u0142u II RODO, prosimy o poinformowanie naszego administratora danych o wszelkich zmianach danych, wysy\u0142aj\u0105c wiadomo\u015b\u0107 e-mail na adres info@kiemmi.com.<\/p>\n\n\n\n<p>Osoba, kt\u00f3rej dane dotycz\u0105, mo\u017ce w ka\u017cdej chwili zmodyfikowa\u0107 lub anulowa\u0107 przekazane dane, zgodnie z prawem dost\u0119pu, sprostowania, anulowania, sprzeciwu, ograniczenia i przenoszenia.<\/p>\n\n\n\n<h3 class=\"wp-block-heading\" id=\"menores-de-edad\">Nieletni<\/h3>\n\n\n\n<p>Strona internetowa www.kiemmi.com nie jest skierowana do os\u00f3b niepe\u0142noletnich. Wszyscy U\u017bYTKOWNICY STRONY INTERNETOWEJ, KLIENCI lub PARTNERZY strony internetowej i oferowanych us\u0142ug musz\u0105 by\u0107 pe\u0142noletni. W przeciwnym razie umowa mi\u0119dzy KIEMMI a danym u\u017cytkownikiem lub klientem jest niewa\u017cna, a my w ka\u017cdym przypadku zrzekamy si\u0119 wszelkiej odpowiedzialno\u015bci wynikaj\u0105cej z nieprzestrzegania tego wymogu.<\/p>\n\n\n\n<h3 class=\"wp-block-heading\" id=\"encargados-del-tratamiento\">Osoby odpowiedzialne za leczenie<\/h3>\n\n\n\n<p>KIEMMI wymaga wsp\u00f3\u0142pracy z innymi firmami w celu realizacji niekt\u00f3rych us\u0142ug. Gdy te inne firmy przetwarzaj\u0105 dane w ramach \u015bwiadczenia tych us\u0142ug, prawo okre\u015bla je mianem Podmiot\u00f3w Przetwarzaj\u0105cych.<\/p>\n\n\n\n<p>W celu \u015bwiadczenia naszych us\u0142ug korzystamy z us\u0142ug zewn\u0119trznych dostawc\u00f3w z UE\/EOG, kt\u00f3rzy pe\u0142ni\u0105 rol\u0119 podwykonawc\u00f3w i spe\u0142niaj\u0105 wszystkie obowi\u0105zki i wymagania okre\u015blone w niniejszej polityce prywatno\u015bci.<\/p>\n\n\n\n<p>Poni\u017cej znajduje si\u0119 lista dostawc\u00f3w:<\/p>\n\n\n\n<ul class=\"wp-block-list\"><li>Chmura: us\u0142uga serwerowa<\/li><\/ul>\n\n\n\n<p>W zwi\u0105zku z tym gwarantujemy, \u017ce ci, a tak\u017ce inni podwykonawcy, z kt\u00f3rych us\u0142ug mo\u017cemy skorzysta\u0107 w przysz\u0142o\u015bci, spe\u0142niaj\u0105 i b\u0119d\u0105 spe\u0142nia\u0107 wszystkie obowi\u0105zki i wymagania okre\u015blone w niniejszej polityce prywatno\u015bci.<\/p>\n\n\n\n<h3 class=\"wp-block-heading\" id=\"cesion-de-datos\">Przesy\u0142anie danych<\/h3>\n\n\n\n<p>Gwarantujemy, \u017ce nie b\u0119dziemy przekazywa\u0107 Twoich danych osobom trzecim w celu przesy\u0142ania Ci tre\u015bci reklamowych. Twoje dane b\u0119dziemy przekazywa\u0107 wy\u0142\u0105cznie administratorom danych, kt\u00f3rych wskazali\u015bmy w poprzednim punkcie, i wy\u0142\u0105cznie w celach wskazanych w ka\u017cdym przypadku.<\/p>\n\n\n\n<p>W zwi\u0105zku z powy\u017cszym, zgodnie z postanowieniami artyku\u0142u 13.1 lit. a) RODO, KIEMMI nie udost\u0119pnia danych, a co za tym idzie, nie posiada odbiorcy tych danych.<\/p>\n\n\n\n<h3 class=\"wp-block-heading\" id=\"derechos-en-el-tratamiento-de-datos-personales\">Prawa w zakresie przetwarzania danych osobowych<\/h3>\n\n\n\n<p>Zgodnie z postanowieniami RODO, w ka\u017cdej chwili mo\u017cesz skontaktowa\u0107 si\u0119 z KIEMMI, jako administratorem danych, w sekcji <strong>Odpowiedzialny za przetwarzanie danych osobowych<\/strong> niniejszej polityki prywatno\u015bci, w celu realizacji prawa dost\u0119pu, sprostowania, usuni\u0119cia, sprzeciwu, przenoszenia i cofni\u0119cia zgody w odniesieniu do Twoich danych osobowych zawartych w naszych zbiorach.<\/p>\n\n\n\n<p>A - Prawo do \u017c\u0105dania dost\u0119pu do danych osobowych: mo\u017cesz zapyta\u0107 nas, czy przetwarzamy Twoje dane, jakie konkretnie dane, sk\u0105d je pozyskali\u015bmy itp. Artyku\u0142 15 RODO.<\/p>\n\n\n\n<p>B - Prawo do \u017c\u0105dania ich sprostowania (je\u015bli s\u0105 nieprawid\u0142owe) lub usuni\u0119cia (gdy dane osobowe nie s\u0105 ju\u017c niezb\u0119dne do cel\u00f3w, w kt\u00f3rych zosta\u0142y zebrane). Artyku\u0142 16 RODO.<\/p>\n\n\n\n<p>C- Prawo do \u017c\u0105dania ograniczenia lub anulowania przetwarzania, w takim przypadku dane b\u0119d\u0105 przez nas przechowywane wy\u0142\u0105cznie w celu dochodzenia lub obrony roszcze\u0144. Artyku\u0142y 17 i 18.<\/p>\n\n\n\n<p>D - Prawo do sprzeciwu wobec przetwarzania: Zaprzestaniemy przetwarzania Twoich danych w spos\u00f3b przez Ciebie wskazany, chyba \u017ce istniej\u0105 uzasadnione powody, dla kt\u00f3rych musimy kontynuowa\u0107 ich przetwarzanie. Artyku\u0142 21.<\/p>\n\n\n\n<p>E- Prawo do przenoszenia danych: Je\u015bli chcesz, aby Twoje dane by\u0142y przetwarzane przez inn\u0105 firm\u0119, umo\u017cliwimy przeniesienie Twoich danych do dowolnej innej wskazanej przez Ciebie firmy, w ustrukturyzowanym, zrozumia\u0142ym i zautomatyzowanym formacie. Artyku\u0142 20.<\/p>\n\n\n\n<p>Prawa te maj\u0105 charakter \u015bci\u015ble osobisty i b\u0119d\u0105 wykonywane przez osob\u0119, kt\u00f3rej dane dotycz\u0105, chyba \u017ce udzieli ona wystarczaj\u0105cego pe\u0142nomocnictwa innej osobie. Administrator Danych odpowie na ka\u017cde \u017c\u0105danie dotycz\u0105ce wykonania tych praw w ci\u0105gu dziesi\u0119ciu dni od jego otrzymania. Je\u017celi Administrator Danych uzna, \u017ce \u017c\u0105danie nie mo\u017ce zosta\u0107 uwzgl\u0119dnione, poinformuje osob\u0119, kt\u00f3rej dane dotycz\u0105, o przyczynach takiego dzia\u0142ania w wy\u017cej wymienionym terminie.<\/p>\n\n\n\n<p>Je\u015bli uwa\u017casz, \u017ce spos\u00f3b, w jaki przetwarzamy Twoje dane, jest problematyczny i nie jeste\u015b zadowolony z odpowiedzi na swoje zapytanie, mo\u017cesz z\u0142o\u017cy\u0107 skarg\u0119 do Hiszpa\u0144skiej Agencji Ochrony Danych (www.agpd.es). Mo\u017cesz r\u00f3wnie\u017c z\u0142o\u017cy\u0107 skarg\u0119 do w\u0142a\u015bciwego organu s\u0105dowego, je\u015bli uznasz to za stosowne.<\/p>\n\n\n\n<h3 class=\"wp-block-heading\" id=\"tiempo-de-conservacion-de-los-datos\">Okres przechowywania danych<\/h3>\n\n\n\n<p>Zgodnie z obowi\u0105zkiem wskazanym w art. 13.2 lit. a) RODO informujemy Pa\u0144stwa w ka\u017cdym przypadku o okresach przechowywania danych osobowych:<\/p>\n\n\n\n<p>Dane osobowe przetwarzane przez KIEMMI b\u0119d\u0105 przechowywane do momentu, a\u017c U\u017bYTKOWNIK STRONY INTERNETOWEJ, KLIENT lub PARTNER poinformuje nas o ch\u0119ci wycofania zgody na przetwarzanie danych.<\/p>\n\n\n\n<h3 class=\"wp-block-heading\" id=\"secreto-y-seguridad-de-los-datos\">Tajemnica i bezpiecze\u0144stwo danych<\/h3>\n\n\n\n<p>Zgodnie z postanowieniami artyku\u0142u 32 RODO, KIEMMI informuje, \u017ce wdro\u017cy\u0142o niezb\u0119dne techniczne i organizacyjne \u015brodki bezpiecze\u0144stwa, aby zapobiec wszelkim zagro\u017ceniom zwi\u0105zanym z dzia\u0142alno\u015bci\u0105 i us\u0142ugami \u015bwiadczonymi przez firm\u0119 oraz zagwarantowa\u0107 bezpiecze\u0144stwo Pa\u0144stwa danych osobowych i zapobiec ich zmianie, utracie oraz nieautoryzowanemu przetwarzaniu i\/lub dost\u0119powi, bior\u0105c pod uwag\u0119 stan wiedzy technicznej, charakter przechowywanych danych oraz zagro\u017cenia, na jakie s\u0105 one nara\u017cone, niezale\u017cnie od tego, czy wynikaj\u0105 one z dzia\u0142ania cz\u0142owieka, czy te\u017c \u015brodowiska fizycznego lub naturalnego. KIEMMI stale monitoruje, kontroluje i ocenia ustanowione procesy, aby zapewni\u0107 poszanowanie prywatno\u015bci Pa\u0144stwa danych. Dane te s\u0105 gromadzone od u\u017cytkownika za pomoc\u0105 protoko\u0142u HTTPS (Hypertext Transfer Protocol Secure), protoko\u0142u bezpiecze\u0144stwa, kt\u00f3ry umo\u017cliwia szyfrowan\u0105 transmisj\u0119 danych mi\u0119dzy serwerem strony internetowej a u\u017cytkownikiem i odwrotnie.<\/p>\n\n\n\n<p>KIEMMI przeprowadzi\u0142o analiz\u0119 ryzyka przetwarzania danych osobowych i jest w stanie zagwarantowa\u0107 ci\u0105g\u0142\u0105 poufno\u015b\u0107, integralno\u015b\u0107, dost\u0119pno\u015b\u0107 i odporno\u015b\u0107 system\u00f3w i us\u0142ug przetwarzania; zdolno\u015b\u0107 do szybkiego przywr\u00f3cenia dost\u0119pno\u015bci i dost\u0119pu do danych osobowych w przypadku incydentu fizycznego lub technicznego; a tak\u017ce proces okresowej weryfikacji, oceny i analizy skuteczno\u015bci \u015brodk\u00f3w technicznych i organizacyjnych w celu zapewnienia bezpiecze\u0144stwa przetwarzania.<\/p>\n\n\n\n<p>Zgodnie z artyku\u0142ami 33 i 34 RODO, KIEMMI gwarantuje, \u017ce w przypadku najmniejszego naruszenia system\u00f3w, kt\u00f3re mo\u017ce prowadzi\u0107 do naruszenia bezpiecze\u0144stwa danych osobowych, administrator danych powiadomi Hiszpa\u0144sk\u0105 Agencj\u0119 Ochrony Danych oraz osoby poszkodowane w terminie maksymalnie 72 godzin.<\/p>\n\n\n\n<h3 class=\"wp-block-heading\" id=\"hipervinculos\">Hiper\u0142\u0105cza<\/h3>\n\n\n\n<p>Chocia\u017c na naszej stronie internetowej mo\u017cemy umieszcza\u0107 linki do innych stron, kt\u00f3re nie s\u0105 obs\u0142ugiwane ani kontrolowane przez KIEMMI, prosimy pami\u0119ta\u0107, \u017ce nie mo\u017cemy zagwarantowa\u0107 ani ponosi\u0107 odpowiedzialno\u015bci za legalno\u015b\u0107, rzetelno\u015b\u0107, u\u017cyteczno\u015b\u0107, dok\u0142adno\u015b\u0107 i aktualno\u015b\u0107 tre\u015bci tych stron. Dlatego przed udost\u0119pnieniem swoich danych osobowych tym stronom zewn\u0119trznym, prosimy o zapoznanie si\u0119 z ich polityk\u0105 prywatno\u015bci i u\u015bwiadomienie sobie, \u017ce mog\u0105 si\u0119 one r\u00f3\u017cni\u0107 od naszych.<\/p>\n\n\n\n<h3 class=\"wp-block-heading\" id=\"usuarios-y-accesos-restringidos\">Ograniczeni u\u017cytkownicy i dost\u0119p<\/h3>\n\n\n\n<p>Aby wej\u015b\u0107 do stref o ograniczonym dost\u0119pie, u\u017cytkownicy musz\u0105 posiada\u0107 odpowiednie kody dost\u0119pu.<br>KIEMMI zastrzega sobie prawo do swobodnego przyj\u0119cia lub odrzucenia pro\u015bby o rejestracj\u0119 dowolnego u\u017cytkownika. Dane wprowadzane przez u\u017cytkownik\u00f3w musz\u0105 by\u0107 dok\u0142adne, aktualne i zgodne z prawd\u0105 oraz b\u0119d\u0105 przetwarzane i przetwarzane zgodnie z obowi\u0105zuj\u0105cymi przepisami o ochronie danych osobowych.<\/p>\n\n\n\n<p>U\u017cytkownicy s\u0105 odpowiedzialni za ochron\u0119 swoich danych dost\u0119powych i ponosz\u0105 wy\u0142\u0105czn\u0105 odpowiedzialno\u015b\u0107 za wszelkie szkody wynikaj\u0105ce z ich niew\u0142a\u015bciwego u\u017cycia, utraty lub innych okoliczno\u015bci, kt\u00f3re mog\u0105 stwarza\u0107 ryzyko nieautoryzowanego dost\u0119pu lub u\u017cycia przez osoby trzecie. U\u017cytkownicy s\u0105 zobowi\u0105zani do natychmiastowego powiadomienia KIEMMI na podany adres kontaktowy, aby\u015bmy mogli zablokowa\u0107 i przywr\u00f3ci\u0107 dane dost\u0119powe.<\/p>\n\n\n\n<h3 class=\"wp-block-heading\" id=\"cambios-en-la-politica-de-privacidad\">Zmiany w polityce prywatno\u015bci<\/h3>\n\n\n\n<p>KIEMMI zastrzega sobie prawo do zmiany Polityki Prywatno\u015bci wed\u0142ug w\u0142asnego uznania lub ze wzgl\u0119du na zmiany legislacyjne, orzecznicze lub doktrynalne wprowadzone przez Hiszpa\u0144sk\u0105 Agencj\u0119 Ochrony Danych. Wszelkie zmiany Polityki Prywatno\u015bci b\u0119d\u0105 publikowane na naszej stronie internetowej.<\/p>","protected":false},"excerpt":{"rendered":"<p>Reglamento europeo de protecci\u00f3n de datos (RGPD) Te informamos expresamente de que este apartado est\u00e1 dirigido exclusivamente al tratamiento de [&hellip;]<\/p>\n","protected":false},"author":4,"featured_media":0,"parent":0,"menu_order":0,"comment_status":"closed","ping_status":"closed","template":"","meta":{"_seopress_robots_primary_cat":"0","_seopress_titles_title":"","_seopress_titles_desc":"","_seopress_robots_index":"yes","site-sidebar-layout":"default","site-content-layout":"","ast-site-content-layout":"default","site-content-style":"default","site-sidebar-style":"default","ast-global-header-display":"","ast-banner-title-visibility":"","ast-main-header-display":"","ast-hfb-above-header-display":"","ast-hfb-below-header-display":"","ast-hfb-mobile-header-display":"","site-post-title":"","ast-breadcrumbs-content":"","ast-featured-img":"","footer-sml-layout":"","ast-disable-related-posts":"","theme-transparent-header-meta":"","adv-header-id-meta":"","stick-header-meta":"","header-above-stick-meta":"","header-main-stick-meta":"","header-below-stick-meta":"","astra-migrate-meta-layouts":"default","ast-page-background-enabled":"default","ast-page-background-meta":{"desktop":{"background-color":"var(--ast-global-color-5)","background-image":"","background-repeat":"repeat","background-position":"center center","background-size":"auto","background-attachment":"scroll","background-type":"","background-media":"","overlay-type":"","overlay-color":"","overlay-opacity":"","overlay-gradient":""},"tablet":{"background-color":"","background-image":"","background-repeat":"repeat","background-position":"center center","background-size":"auto","background-attachment":"scroll","background-type":"","background-media":"","overlay-type":"","overlay-color":"","overlay-opacity":"","overlay-gradient":""},"mobile":{"background-color":"","background-image":"","background-repeat":"repeat","background-position":"center center","background-size":"auto","background-attachment":"scroll","background-type":"","background-media":"","overlay-type":"","overlay-color":"","overlay-opacity":"","overlay-gradient":""}},"ast-content-background-meta":{"desktop":{"background-color":"var(--ast-global-color-4)","background-image":"","background-repeat":"repeat","background-position":"center center","background-size":"auto","background-attachment":"scroll","background-type":"","background-media":"","overlay-type":"","overlay-color":"","overlay-opacity":"","overlay-gradient":""},"tablet":{"background-color":"var(--ast-global-color-4)","background-image":"","background-repeat":"repeat","background-position":"center center","background-size":"auto","background-attachment":"scroll","background-type":"","background-media":"","overlay-type":"","overlay-color":"","overlay-opacity":"","overlay-gradient":""},"mobile":{"background-color":"var(--ast-global-color-4)","background-image":"","background-repeat":"repeat","background-position":"center center","background-size":"auto","background-attachment":"scroll","background-type":"","background-media":"","overlay-type":"","overlay-color":"","overlay-opacity":"","overlay-gradient":""}},"footnotes":""},"class_list":["post-1777","page","type-page","status-publish","hentry"],"_links":{"self":[{"href":"https:\/\/craftjw.com\/pl\/wp-json\/wp\/v2\/pages\/1777","targetHints":{"allow":["GET"]}}],"collection":[{"href":"https:\/\/craftjw.com\/pl\/wp-json\/wp\/v2\/pages"}],"about":[{"href":"https:\/\/craftjw.com\/pl\/wp-json\/wp\/v2\/types\/page"}],"author":[{"embeddable":true,"href":"https:\/\/craftjw.com\/pl\/wp-json\/wp\/v2\/users\/4"}],"replies":[{"embeddable":true,"href":"https:\/\/craftjw.com\/pl\/wp-json\/wp\/v2\/comments?post=1777"}],"version-history":[{"count":1,"href":"https:\/\/craftjw.com\/pl\/wp-json\/wp\/v2\/pages\/1777\/revisions"}],"predecessor-version":[{"id":53042,"href":"https:\/\/craftjw.com\/pl\/wp-json\/wp\/v2\/pages\/1777\/revisions\/53042"}],"wp:attachment":[{"href":"https:\/\/craftjw.com\/pl\/wp-json\/wp\/v2\/media?parent=1777"}],"curies":[{"name":"wp","href":"https:\/\/api.w.org\/{rel}","templated":true}]}}