{"id":1634,"date":"2026-03-14T23:35:25","date_gmt":"2026-03-14T22:35:25","guid":{"rendered":"https:\/\/craftjw.com\/producto\/chapas-pins-asamblea-internacional-2026-felices-para-siempre\/"},"modified":"2026-04-06T10:36:07","modified_gmt":"2026-04-06T08:36:07","slug":"distintivi-spille-assemblea-internazionale-2026-e-vissero-felici-e-contenti","status":"publish","type":"product","link":"https:\/\/craftjw.com\/it\/shop\/asambleas-internacionales-2026\/chapas-pins-asamblea-internacional-2026-felices-para-siempre\/","title":{"rendered":"Distintivi\/Spille dell&#039;Assemblea Internazionale 2026 &quot;E vissero per sempre felici e contenti&quot;\u201c"},"content":{"rendered":"<p>Festeggia questo evento speciale con distintivi\/spille personalizzati ispirati al logo ufficiale dell&#039; <strong>Assemblea Internazionale 2026<\/strong>. Ogni pezzo \u00e8 realizzato con grande attenzione ai dettagli, in modo che tu possa avere un ricordo unico e significativo di questa occasione indimenticabile.<\/p>\n<p><strong>\ud83c\udf81 Un ricordo unico, creato appositamente per te<\/strong><br \/>\nQuesta spilla non \u00e8 solo un souvenir: \u00e8 un ricordo personale che puoi personalizzare. \u00c8 perfetta come regalo per fratelli, sorelle o amici, oppure da conservare come ricordo speciale dell&#039;evento che ha reso la tua esperienza cos\u00ec memorabile.<\/p>\n<p><strong>\ud83d\udd8a\ufe0f Possibilit\u00e0 di personalizzazione<\/strong><br \/>\nPuoi personalizzare il tuo badge\/spilla con:<\/p>\n<p style=\"padding-left: 40px;\">\ud83d\udccd La citt\u00e0 dell&#039;assemblea<br \/>\n\u270d\ufe0f Nome, data o breve testo commemorativo<br \/>\n\ud83c\udfa8 Diverse opzioni di finitura (soggette a disponibilit\u00e0)<\/p>\n<p>Ogni pezzo viene preparato su ordinazione, curando ogni dettaglio per garantire un risultato speciale ed esclusivo.<\/p>\n<p><strong>\ud83c\udf0d Disponibile per la 19\u00aa Assemblea Internazionale 2026<\/strong><\/p>\n<p style=\"padding-left: 40px;\">\ud83d\udd38 Douala (Camerun)<br \/>\n\ud83d\udd38 Bucarest (Romania)<br \/>\n\ud83d\udd38 Curitiba (Brasile)<br \/>\n\ud83d\udd38 St. John&#039;s, Terranova (Canada)<br \/>\n\ud83d\udd38 Varsavia (Polonia)<br \/>\n\ud83d\udd38 Stoccolma (Svezia)<br \/>\n\ud83d\udd38 Kaohsiung (Taiwan)<br \/>\n\ud83d\udd38 Citt\u00e0 di Panama (Panama)<br \/>\n\ud83d\udd38 Porto (Portogallo)<br \/>\n\ud83d\udd38 Calgary (Canada)<br \/>\n\ud83d\udd38 Quito (Ecuador)<br \/>\n\ud83d\udd38 Vilnius (Lituania)<br \/>\n\ud83d\udd38 Amburgo (Germania)<br \/>\n\ud83d\udd38 Utrecht (Paesi Bassi)<br \/>\n\ud83d\udd38 Johannesburg (Sudafrica)<br \/>\n\ud83d\udd38 Milwaukee (USA)<br \/>\n\ud83d\udd38 Manila (Filippine)<br \/>\n\ud83d\udd38 San Diego (USA)<br \/>\n\ud83d\udd38 Bangkok (Thailandia)<\/p>\n<p><strong>\ud83d\udccc Caratteristiche<\/strong><\/p>\n<p style=\"padding-left: 40px;\">\u2714\ufe0f Leggero e comodo per l&#039;uso quotidiano<br \/>\n\u2714\ufe0f Design resistente e robusto<br \/>\n\u2714\ufe0f Realizzato su ordinazione con attenzione ai dettagli<br \/>\n<span style=\"font-size: 16px;\">\u2714\ufe0f Personalizzazione chiara e semplice<\/span><\/p>\n<p>\u2728 Rendi il tuo ricordo davvero speciale<\/p>\n<p>Porta con te un simbolo unico del <strong>Assemblea Internazionale 2026<\/strong>, creato appositamente per te.<\/p>\n<p>\ud83d\udc49 Personalizza il tuo e conserva questo ricordo per sempre.<\/p>","protected":false},"excerpt":{"rendered":"<p>Spilla\/Distintivo personalizzato \u2013 Assemblea Internazionale 2026\u201c<strong>E vissero tutti felici e contenti<\/strong>\u201d.<br \/>\nSouvenir esclusivo ispirato all&#039;Assemblea Internazionale del 2026.<br \/>\nSpilla o distintivo personalizzabile con la citt\u00e0 dell&#039;evento e un testo commemorativo.<br \/>\nLeggeri, comodi e realizzati su misura, ideali come regalo speciale o ricordo duraturo di questo evento unico.<\/p>","protected":false},"featured_media":1633,"template":"","meta":{"_seopress_robots_primary_cat":"none","_seopress_titles_title":"Chapas exclusivas para las Asambleas Especiales 2025 - Adoraci\u00f3n Pura","_seopress_titles_desc":"Haz memorable la Asamblea Especial 2025 \"Adoraci\u00f3n Pura\"  con chapas de madera personalizables con el logo de la asamblea. Dise\u00f1o circular y elegante.","_seopress_robots_index":"","site-sidebar-layout":"default","site-content-layout":"","ast-site-content-layout":"default","site-content-style":"default","site-sidebar-style":"default","ast-global-header-display":"","ast-banner-title-visibility":"","ast-main-header-display":"","ast-hfb-above-header-display":"","ast-hfb-below-header-display":"","ast-hfb-mobile-header-display":"","site-post-title":"","ast-breadcrumbs-content":"","ast-featured-img":"","footer-sml-layout":"","ast-disable-related-posts":"","theme-transparent-header-meta":"default","adv-header-id-meta":"","stick-header-meta":"default","header-above-stick-meta":"","header-main-stick-meta":"","header-below-stick-meta":"","astra-migrate-meta-layouts":"set","ast-page-background-enabled":"default","ast-page-background-meta":{"desktop":{"background-color":"var(--ast-global-color-5)","background-image":"","background-repeat":"repeat","background-position":"center center","background-size":"auto","background-attachment":"scroll","background-type":"","background-media":"","overlay-type":"","overlay-color":"","overlay-opacity":"","overlay-gradient":""},"tablet":{"background-color":"","background-image":"","background-repeat":"repeat","background-position":"center center","background-size":"auto","background-attachment":"scroll","background-type":"","background-media":"","overlay-type":"","overlay-color":"","overlay-opacity":"","overlay-gradient":""},"mobile":{"background-color":"","background-image":"","background-repeat":"repeat","background-position":"center center","background-size":"auto","background-attachment":"scroll","background-type":"","background-media":"","overlay-type":"","overlay-color":"","overlay-opacity":"","overlay-gradient":""}},"ast-content-background-meta":{"desktop":{"background-color":"var(--ast-global-color-4)","background-image":"","background-repeat":"repeat","background-position":"center center","background-size":"auto","background-attachment":"scroll","background-type":"","background-media":"","overlay-type":"","overlay-color":"","overlay-opacity":"","overlay-gradient":""},"tablet":{"background-color":"var(--ast-global-color-4)","background-image":"","background-repeat":"repeat","background-position":"center center","background-size":"auto","background-attachment":"scroll","background-type":"","background-media":"","overlay-type":"","overlay-color":"","overlay-opacity":"","overlay-gradient":""},"mobile":{"background-color":"var(--ast-global-color-4)","background-image":"","background-repeat":"repeat","background-position":"center center","background-size":"auto","background-attachment":"scroll","background-type":"","background-media":"","overlay-type":"","overlay-color":"","overlay-opacity":"","overlay-gradient":""}}},"product_brand":[46],"product_cat":[48,45],"product_tag":[],"class_list":{"0":"post-1634","1":"product","2":"type-product","3":"status-publish","4":"has-post-thumbnail","6":"product_brand-craft-jw","7":"product_cat-asambleas-internacionales-2026","8":"product_cat-llaveros","9":"desktop-align-center","10":"tablet-align-left","11":"mobile-align-left","12":"ast-product-gallery-layout-horizontal-slider","13":"ast-product-tabs-layout-horizontal","14":"tm-has-options","16":"first","17":"instock","18":"taxable","19":"shipping-taxable","20":"purchasable","21":"product-type-simple"},"_links":{"self":[{"href":"https:\/\/craftjw.com\/it\/wp-json\/wp\/v2\/product\/1634","targetHints":{"allow":["GET"]}}],"collection":[{"href":"https:\/\/craftjw.com\/it\/wp-json\/wp\/v2\/product"}],"about":[{"href":"https:\/\/craftjw.com\/it\/wp-json\/wp\/v2\/types\/product"}],"version-history":[{"count":1,"href":"https:\/\/craftjw.com\/it\/wp-json\/wp\/v2\/product\/1634\/revisions"}],"predecessor-version":[{"id":53084,"href":"https:\/\/craftjw.com\/it\/wp-json\/wp\/v2\/product\/1634\/revisions\/53084"}],"wp:featuredmedia":[{"embeddable":true,"href":"https:\/\/craftjw.com\/it\/wp-json\/wp\/v2\/media\/1633"}],"wp:attachment":[{"href":"https:\/\/craftjw.com\/it\/wp-json\/wp\/v2\/media?parent=1634"}],"wp:term":[{"taxonomy":"product_brand","embeddable":true,"href":"https:\/\/craftjw.com\/it\/wp-json\/wp\/v2\/product_brand?post=1634"},{"taxonomy":"product_cat","embeddable":true,"href":"https:\/\/craftjw.com\/it\/wp-json\/wp\/v2\/product_cat?post=1634"},{"taxonomy":"product_tag","embeddable":true,"href":"https:\/\/craftjw.com\/it\/wp-json\/wp\/v2\/product_tag?post=1634"}],"curies":[{"name":"wp","href":"https:\/\/api.w.org\/{rel}","templated":true}]}}