{"id":1607,"date":"2026-03-14T23:34:05","date_gmt":"2026-03-14T22:34:05","guid":{"rendered":"https:\/\/craftjw.com\/producto\/porta-tarjetas-de-contacto-jw-personalizable-con-llavero\/"},"modified":"2026-03-19T07:41:54","modified_gmt":"2026-03-19T06:41:54","slug":"porta-biglietti-da-visita-jw-personalizzabile-con-portachiavi","status":"publish","type":"product","link":"https:\/\/craftjw.com\/it\/shop\/llaveros\/porta-tarjetas-de-contacto-jw-personalizable-con-llavero\/","title":{"rendered":"Porta biglietti da visita JW personalizzabile con portachiavi"},"content":{"rendered":"<p>Questo portachiavi con biglietti da visita dei Testimoni di Geova \u00e8 progettato per tenere i tuoi biglietti da visita a portata di mano, organizzati ed eleganti. Le sue dimensioni compatte lo rendono un accessorio ideale per il ministero, le riunioni e come regalo per altri credenti, pionieri, partecipanti alla scuola dei pionieri, convegni speciali o convegni internazionali.<\/p>\n<p>Realizzata in ecopelle vegana di alta qualit\u00e0, unisce resistenza ed eleganza. Puoi personalizzarla con il tuo nome, un messaggio speciale o scegliere tra diverse opzioni predefinite. Una delle pi\u00f9 apprezzate \u00e8 l&#039;incisione con la frase &quot;Non c&#039;\u00e8 vita migliore&quot;, che la rende un regalo unico e significativo.<\/p>\n<p><strong>Caratteristiche principali<\/strong><\/p>\n<ul>\n<li>Due scomparti interni per tessere di contatto JW<\/li>\n<li>Portachiavi in metallo resistente da portare sempre con s\u00e9<\/li>\n<li>Disponibile in vari colori (le tonalit\u00e0 possono variare a seconda dell&#039;illuminazione e dello schermo).<\/li>\n<li>Opzione di personalizzazione con testo o layout predefiniti<\/li>\n<li>Dimensioni approssimative: 11 cm di larghezza x 8 cm di altezza.<\/li>\n<li>Materiale: Ecopelle sintetica vegana di alta qualit\u00e0.<\/li>\n<\/ul>\n<p>Questo portatessere con portachiavi \u00e8 molto pi\u00f9 di un semplice accessorio; \u00e8 un modo pratico ed elegante per tenere a portata di mano le tessere di contatto dei Testimoni di Geova e un regalo perfetto per qualsiasi occasione speciale all&#039;interno della congregazione.<\/p>","protected":false},"excerpt":{"rendered":"<p>Porta biglietti da visita JW con portachiavi, realizzato in ecopelle di alta qualit\u00e0. Compatto, resistente e personalizzabile, ideale per l&#039;uso quotidiano o come regalo.<\/p>","protected":false},"featured_media":1606,"template":"","meta":{"_seopress_robots_primary_cat":"none","_seopress_titles_title":"Llavero Porta Tarjetas de contacto JW: Elegancia y Funcionalidad","_seopress_titles_desc":"Porta tarjetas de contacto JW con llavero en piel vegana. Compacto, resistente y personalizable. Ideal para regalar o llevar en el ministerio.","_seopress_robots_index":"","site-sidebar-layout":"default","site-content-layout":"","ast-site-content-layout":"default","site-content-style":"default","site-sidebar-style":"default","ast-global-header-display":"","ast-banner-title-visibility":"","ast-main-header-display":"","ast-hfb-above-header-display":"","ast-hfb-below-header-display":"","ast-hfb-mobile-header-display":"","site-post-title":"","ast-breadcrumbs-content":"","ast-featured-img":"","footer-sml-layout":"","ast-disable-related-posts":"","theme-transparent-header-meta":"default","adv-header-id-meta":"","stick-header-meta":"default","header-above-stick-meta":"","header-main-stick-meta":"","header-below-stick-meta":"","astra-migrate-meta-layouts":"set","ast-page-background-enabled":"default","ast-page-background-meta":{"desktop":{"background-color":"var(--ast-global-color-5)","background-image":"","background-repeat":"repeat","background-position":"center center","background-size":"auto","background-attachment":"scroll","background-type":"","background-media":"","overlay-type":"","overlay-color":"","overlay-opacity":"","overlay-gradient":""},"tablet":{"background-color":"","background-image":"","background-repeat":"repeat","background-position":"center center","background-size":"auto","background-attachment":"scroll","background-type":"","background-media":"","overlay-type":"","overlay-color":"","overlay-opacity":"","overlay-gradient":""},"mobile":{"background-color":"","background-image":"","background-repeat":"repeat","background-position":"center center","background-size":"auto","background-attachment":"scroll","background-type":"","background-media":"","overlay-type":"","overlay-color":"","overlay-opacity":"","overlay-gradient":""}},"ast-content-background-meta":{"desktop":{"background-color":"var(--ast-global-color-4)","background-image":"","background-repeat":"repeat","background-position":"center center","background-size":"auto","background-attachment":"scroll","background-type":"","background-media":"","overlay-type":"","overlay-color":"","overlay-opacity":"","overlay-gradient":""},"tablet":{"background-color":"var(--ast-global-color-4)","background-image":"","background-repeat":"repeat","background-position":"center center","background-size":"auto","background-attachment":"scroll","background-type":"","background-media":"","overlay-type":"","overlay-color":"","overlay-opacity":"","overlay-gradient":""},"mobile":{"background-color":"var(--ast-global-color-4)","background-image":"","background-repeat":"repeat","background-position":"center center","background-size":"auto","background-attachment":"scroll","background-type":"","background-media":"","overlay-type":"","overlay-color":"","overlay-opacity":"","overlay-gradient":""}}},"product_brand":[46],"product_cat":[45,44],"product_tag":[],"class_list":{"0":"post-1607","1":"product","2":"type-product","3":"status-publish","4":"has-post-thumbnail","6":"product_brand-craft-jw","7":"product_cat-llaveros","8":"product_cat-portatarjetas","9":"desktop-align-center","10":"tablet-align-left","11":"mobile-align-left","12":"ast-product-gallery-layout-horizontal-slider","13":"ast-product-tabs-layout-horizontal","14":"tm-has-options","16":"first","17":"instock","18":"taxable","19":"shipping-taxable","20":"purchasable","21":"product-type-simple"},"_links":{"self":[{"href":"https:\/\/craftjw.com\/it\/wp-json\/wp\/v2\/product\/1607","targetHints":{"allow":["GET"]}}],"collection":[{"href":"https:\/\/craftjw.com\/it\/wp-json\/wp\/v2\/product"}],"about":[{"href":"https:\/\/craftjw.com\/it\/wp-json\/wp\/v2\/types\/product"}],"version-history":[{"count":0,"href":"https:\/\/craftjw.com\/it\/wp-json\/wp\/v2\/product\/1607\/revisions"}],"wp:featuredmedia":[{"embeddable":true,"href":"https:\/\/craftjw.com\/it\/wp-json\/wp\/v2\/media\/1606"}],"wp:attachment":[{"href":"https:\/\/craftjw.com\/it\/wp-json\/wp\/v2\/media?parent=1607"}],"wp:term":[{"taxonomy":"product_brand","embeddable":true,"href":"https:\/\/craftjw.com\/it\/wp-json\/wp\/v2\/product_brand?post=1607"},{"taxonomy":"product_cat","embeddable":true,"href":"https:\/\/craftjw.com\/it\/wp-json\/wp\/v2\/product_cat?post=1607"},{"taxonomy":"product_tag","embeddable":true,"href":"https:\/\/craftjw.com\/it\/wp-json\/wp\/v2\/product_tag?post=1607"}],"curies":[{"name":"wp","href":"https:\/\/api.w.org\/{rel}","templated":true}]}}