{"id":1598,"date":"2026-03-14T23:33:56","date_gmt":"2026-03-14T22:33:56","guid":{"rendered":"https:\/\/craftjw.com\/producto\/llavero-de-madera-personalizado-en-forma-de-pieza-de-puzzle-eres-una-pieza-importante-de-la-congregacion\/"},"modified":"2026-04-02T10:41:20","modified_gmt":"2026-04-02T08:41:20","slug":"portachiavi-in-legno-personalizzato-a-forma-di-pezzo-di-puzzle-sei-una-parte-importante-della-congregazione","status":"publish","type":"product","link":"https:\/\/craftjw.com\/it\/shop\/llaveros\/llavero-de-madera-personalizado-en-forma-de-pieza-de-puzzle-eres-una-pieza-importante-de-la-congregacion\/","title":{"rendered":"Portachiavi personalizzato in legno a forma di pezzo di puzzle \u2013 \u201cSei una parte importante della congregazione\u201d"},"content":{"rendered":"<p>Dimostra il tuo apprezzamento e il tuo affetto con questo bellissimo portachiavi in legno, tagliato al laser e inciso, a forma di pezzo di puzzle. Il messaggio, &quot;Sei una parte importante della congregazione&quot;, sottolinea il valore e l&#039;importanza di ogni persona in questa grande fratellanza.<\/p>\n<p><strong>Caratteristiche principali:<\/strong><br \/>\n\u2714 <strong>Progettazione significativa:<\/strong> La sua forma a pezzo di puzzle simboleggia unit\u00e0 e sostegno reciproco. Ideale come regalo per pionieri, anziani, editori, amici o qualsiasi fratello o sorella della congregazione.<br \/>\n\u2714 <strong>Personalizzazione totale:<\/strong> Personalizza sia il fronte che il retro con nomi, date o messaggi speciali per renderlo unico.<br \/>\n\u2714 <strong>Qualit\u00e0 superiore:<\/strong> Realizzato con legno di alta qualit\u00e0, con incisioni precise e finitura naturale.<br \/>\n\u2714 <strong>Opzione per coppie:<\/strong> Ideale per matrimoni o per regali a persone speciali, permette di creare set di pezzi che si abbinano perfettamente tra loro.<\/p>\n<p><strong>Un regalo ricco di significato e valore<\/strong><br \/>\nSorprendi i tuoi cari con un regalo ricco di simbolismo e affetto. Questo portachiavi \u00e8 molto pi\u00f9 di un semplice accessorio: \u00e8 un promemoria costante del valore che ogni persona apporta alla tua vita.<\/p>\n<p><strong>Personalizzalo ora e crea un ricordo indimenticabile. Ordina il tuo oggi stesso!<\/strong><\/p>","protected":false},"excerpt":{"rendered":"<p>Questo portachiavi in legno, inciso e tagliato al laser, simboleggia l&#039;unit\u00e0 e il valore individuale all&#039;interno di una comunit\u00e0 spirituale. Personalizzalo su entrambi i lati con nomi, date o messaggi speciali. Il suo design unico lo rende ideale come regalo per pionieri, anziani, fratelli e sorelle e coppie sposate, creando pezzi che si incastrano perfettamente. Realizzato in legno di alta qualit\u00e0, presenta un&#039;incisione precisa e una finitura naturale. \u00c8 un regalo significativo che esprime apprezzamento e crea ricordi indelebili.<\/p>","protected":false},"featured_media":1597,"template":"","meta":{"_seopress_robots_primary_cat":"none","_seopress_titles_title":"","_seopress_titles_desc":"Llavero puzzle de madera grabado. Regalo ideal para los hermanos de la congregaci\u00f3n. Personal\u00edzalo y crea un recuerdo inolvidable.","_seopress_robots_index":"","site-sidebar-layout":"default","site-content-layout":"","ast-site-content-layout":"default","site-content-style":"default","site-sidebar-style":"default","ast-global-header-display":"","ast-banner-title-visibility":"","ast-main-header-display":"","ast-hfb-above-header-display":"","ast-hfb-below-header-display":"","ast-hfb-mobile-header-display":"","site-post-title":"","ast-breadcrumbs-content":"","ast-featured-img":"","footer-sml-layout":"","ast-disable-related-posts":"","theme-transparent-header-meta":"default","adv-header-id-meta":"","stick-header-meta":"default","header-above-stick-meta":"","header-main-stick-meta":"","header-below-stick-meta":"","astra-migrate-meta-layouts":"set","ast-page-background-enabled":"default","ast-page-background-meta":{"desktop":{"background-color":"var(--ast-global-color-5)","background-image":"","background-repeat":"repeat","background-position":"center center","background-size":"auto","background-attachment":"scroll","background-type":"","background-media":"","overlay-type":"","overlay-color":"","overlay-opacity":"","overlay-gradient":""},"tablet":{"background-color":"","background-image":"","background-repeat":"repeat","background-position":"center center","background-size":"auto","background-attachment":"scroll","background-type":"","background-media":"","overlay-type":"","overlay-color":"","overlay-opacity":"","overlay-gradient":""},"mobile":{"background-color":"","background-image":"","background-repeat":"repeat","background-position":"center center","background-size":"auto","background-attachment":"scroll","background-type":"","background-media":"","overlay-type":"","overlay-color":"","overlay-opacity":"","overlay-gradient":""}},"ast-content-background-meta":{"desktop":{"background-color":"var(--ast-global-color-4)","background-image":"","background-repeat":"repeat","background-position":"center center","background-size":"auto","background-attachment":"scroll","background-type":"","background-media":"","overlay-type":"","overlay-color":"","overlay-opacity":"","overlay-gradient":""},"tablet":{"background-color":"var(--ast-global-color-4)","background-image":"","background-repeat":"repeat","background-position":"center center","background-size":"auto","background-attachment":"scroll","background-type":"","background-media":"","overlay-type":"","overlay-color":"","overlay-opacity":"","overlay-gradient":""},"mobile":{"background-color":"var(--ast-global-color-4)","background-image":"","background-repeat":"repeat","background-position":"center center","background-size":"auto","background-attachment":"scroll","background-type":"","background-media":"","overlay-type":"","overlay-color":"","overlay-opacity":"","overlay-gradient":""}}},"product_brand":[],"product_cat":[45],"product_tag":[],"class_list":{"0":"post-1598","1":"product","2":"type-product","3":"status-publish","4":"has-post-thumbnail","6":"product_cat-llaveros","7":"desktop-align-center","8":"tablet-align-left","9":"mobile-align-left","10":"ast-product-gallery-layout-horizontal-slider","11":"ast-product-tabs-layout-horizontal","12":"tm-has-options","14":"first","15":"instock","16":"taxable","17":"shipping-taxable","18":"purchasable","19":"product-type-simple"},"_links":{"self":[{"href":"https:\/\/craftjw.com\/it\/wp-json\/wp\/v2\/product\/1598","targetHints":{"allow":["GET"]}}],"collection":[{"href":"https:\/\/craftjw.com\/it\/wp-json\/wp\/v2\/product"}],"about":[{"href":"https:\/\/craftjw.com\/it\/wp-json\/wp\/v2\/types\/product"}],"version-history":[{"count":1,"href":"https:\/\/craftjw.com\/it\/wp-json\/wp\/v2\/product\/1598\/revisions"}],"predecessor-version":[{"id":53085,"href":"https:\/\/craftjw.com\/it\/wp-json\/wp\/v2\/product\/1598\/revisions\/53085"}],"wp:featuredmedia":[{"embeddable":true,"href":"https:\/\/craftjw.com\/it\/wp-json\/wp\/v2\/media\/1597"}],"wp:attachment":[{"href":"https:\/\/craftjw.com\/it\/wp-json\/wp\/v2\/media?parent=1598"}],"wp:term":[{"taxonomy":"product_brand","embeddable":true,"href":"https:\/\/craftjw.com\/it\/wp-json\/wp\/v2\/product_brand?post=1598"},{"taxonomy":"product_cat","embeddable":true,"href":"https:\/\/craftjw.com\/it\/wp-json\/wp\/v2\/product_cat?post=1598"},{"taxonomy":"product_tag","embeddable":true,"href":"https:\/\/craftjw.com\/it\/wp-json\/wp\/v2\/product_tag?post=1598"}],"curies":[{"name":"wp","href":"https:\/\/api.w.org\/{rel}","templated":true}]}}