{"id":1592,"date":"2026-03-14T23:33:50","date_gmt":"2026-03-14T22:33:50","guid":{"rendered":"https:\/\/craftjw.com\/producto\/llavero-3d-en-forma-de-cono-de-senalisacion-de-construccion-ldc-ldc-gift\/"},"modified":"2026-04-02T10:43:17","modified_gmt":"2026-04-02T08:43:17","slug":"portachiavi-3d-a-forma-di-cono-da-cantiere-regalo-ldc-ldc","status":"publish","type":"product","link":"https:\/\/craftjw.com\/it\/shop\/llaveros\/llavero-3d-en-forma-de-cono-de-senalisacion-de-construccion-ldc-ldc-gift\/","title":{"rendered":"Portachiavi 3D a forma di cono da cantiere LDC \u2013 Regalo LDC"},"content":{"rendered":"<p>Questo portachiavi unico a forma di cono da costruzione 3D \u00e8 perfetto per chiunque sia coinvolto in progetti di costruzione o ristrutturazione, soprattutto quelli legati allo sviluppo locale. Grazie alla possibilit\u00e0 di personalizzare il testo con l&#039;iniziale del destinatario, diventa un regalo unico e significativo per i volontari che dedicano il loro tempo e le loro energie.<\/p>\n<p>Realizzato in Spagna con la stampa 3D, questo portachiavi \u00e8 un modo fantastico per ricordare e ringraziare le persone che hanno partecipato a qualsiasi progetto. Sorprendi colleghi e amici con un regalo pratico e speciale!<\/p>\n<p><em><strong>Caratteristiche:<\/strong><\/em><\/p>\n<ul>\n<li>\ud83d\udd28 <strong>Personalizzazione unica<\/strong>\u00c8 possibile aggiungere l&#039;iniziale della persona, rendendo questo portachiavi un regalo personalizzato che far\u00e0 piacere a chiunque lo riceva.<\/li>\n<li>\ud83c\udfd7\ufe0f <strong>Design del cartello a forma di cono<\/strong>Un simbolo iconico per chi lavora nell&#039;edilizia o nelle ristrutturazioni, ideale per ricordare quei momenti di impegno condiviso.<\/li>\n<li>\ud83d\udda8\ufe0f <strong>Prodotto in Spagna con stampa 3D<\/strong>Prodotto realizzato localmente con tecnologia avanzata, garantendo qualit\u00e0 e precisione in ogni dettaglio.<\/li>\n<li>\ud83c\udf81 <strong>Ideale come regalo<\/strong>Ideale come regalo per colleghi e volontari impegnati in progetti edili, soprattutto in caso di grandi ristrutturazioni.<\/li>\n<\/ul>\n<p>Questo portachiavi non \u00e8 solo un accessorio pratico, ma anche un modo speciale per ringraziare le persone per il loro impegno nei progetti di costruzione e ristrutturazione.<\/p>","protected":false},"excerpt":{"rendered":"<p>Questo portachiavi a forma di cono stradale stampato in 3D \u00e8 un regalo ideale per i volontari impegnati nei progetti di costruzione o ristrutturazione di LDC, in quanto pu\u00f2 essere personalizzato con la loro iniziale. Realizzato in Spagna con la stampa 3D, si distingue per il suo design unico e di alta qualit\u00e0. Il suo simbolismo lo rende un regalo speciale e pratico per chi \u00e8 coinvolto in questi progetti. \u00c8 perfetto per sorprendere e ringraziare colleghi e amici per il loro impegno.<\/p>","protected":false},"featured_media":1591,"template":"","meta":{"_seopress_robots_primary_cat":"none","_seopress_titles_title":"","_seopress_titles_desc":"","_seopress_robots_index":"","site-sidebar-layout":"default","site-content-layout":"","ast-site-content-layout":"default","site-content-style":"default","site-sidebar-style":"default","ast-global-header-display":"","ast-banner-title-visibility":"","ast-main-header-display":"","ast-hfb-above-header-display":"","ast-hfb-below-header-display":"","ast-hfb-mobile-header-display":"","site-post-title":"","ast-breadcrumbs-content":"","ast-featured-img":"","footer-sml-layout":"","ast-disable-related-posts":"","theme-transparent-header-meta":"default","adv-header-id-meta":"","stick-header-meta":"default","header-above-stick-meta":"","header-main-stick-meta":"","header-below-stick-meta":"","astra-migrate-meta-layouts":"set","ast-page-background-enabled":"default","ast-page-background-meta":{"desktop":{"background-color":"var(--ast-global-color-5)","background-image":"","background-repeat":"repeat","background-position":"center center","background-size":"auto","background-attachment":"scroll","background-type":"","background-media":"","overlay-type":"","overlay-color":"","overlay-opacity":"","overlay-gradient":""},"tablet":{"background-color":"","background-image":"","background-repeat":"repeat","background-position":"center center","background-size":"auto","background-attachment":"scroll","background-type":"","background-media":"","overlay-type":"","overlay-color":"","overlay-opacity":"","overlay-gradient":""},"mobile":{"background-color":"","background-image":"","background-repeat":"repeat","background-position":"center center","background-size":"auto","background-attachment":"scroll","background-type":"","background-media":"","overlay-type":"","overlay-color":"","overlay-opacity":"","overlay-gradient":""}},"ast-content-background-meta":{"desktop":{"background-color":"var(--ast-global-color-4)","background-image":"","background-repeat":"repeat","background-position":"center center","background-size":"auto","background-attachment":"scroll","background-type":"","background-media":"","overlay-type":"","overlay-color":"","overlay-opacity":"","overlay-gradient":""},"tablet":{"background-color":"var(--ast-global-color-4)","background-image":"","background-repeat":"repeat","background-position":"center center","background-size":"auto","background-attachment":"scroll","background-type":"","background-media":"","overlay-type":"","overlay-color":"","overlay-opacity":"","overlay-gradient":""},"mobile":{"background-color":"var(--ast-global-color-4)","background-image":"","background-repeat":"repeat","background-position":"center center","background-size":"auto","background-attachment":"scroll","background-type":"","background-media":"","overlay-type":"","overlay-color":"","overlay-opacity":"","overlay-gradient":""}}},"product_brand":[],"product_cat":[45],"product_tag":[],"class_list":{"0":"post-1592","1":"product","2":"type-product","3":"status-publish","4":"has-post-thumbnail","6":"product_cat-llaveros","7":"desktop-align-center","8":"tablet-align-left","9":"mobile-align-left","10":"ast-product-gallery-layout-horizontal-slider","11":"ast-product-tabs-layout-horizontal","12":"tm-has-options","14":"first","15":"instock","16":"taxable","17":"shipping-taxable","18":"purchasable","19":"product-type-simple"},"_links":{"self":[{"href":"https:\/\/craftjw.com\/it\/wp-json\/wp\/v2\/product\/1592","targetHints":{"allow":["GET"]}}],"collection":[{"href":"https:\/\/craftjw.com\/it\/wp-json\/wp\/v2\/product"}],"about":[{"href":"https:\/\/craftjw.com\/it\/wp-json\/wp\/v2\/types\/product"}],"version-history":[{"count":1,"href":"https:\/\/craftjw.com\/it\/wp-json\/wp\/v2\/product\/1592\/revisions"}],"predecessor-version":[{"id":53086,"href":"https:\/\/craftjw.com\/it\/wp-json\/wp\/v2\/product\/1592\/revisions\/53086"}],"wp:featuredmedia":[{"embeddable":true,"href":"https:\/\/craftjw.com\/it\/wp-json\/wp\/v2\/media\/1591"}],"wp:attachment":[{"href":"https:\/\/craftjw.com\/it\/wp-json\/wp\/v2\/media?parent=1592"}],"wp:term":[{"taxonomy":"product_brand","embeddable":true,"href":"https:\/\/craftjw.com\/it\/wp-json\/wp\/v2\/product_brand?post=1592"},{"taxonomy":"product_cat","embeddable":true,"href":"https:\/\/craftjw.com\/it\/wp-json\/wp\/v2\/product_cat?post=1592"},{"taxonomy":"product_tag","embeddable":true,"href":"https:\/\/craftjw.com\/it\/wp-json\/wp\/v2\/product_tag?post=1592"}],"curies":[{"name":"wp","href":"https:\/\/api.w.org\/{rel}","templated":true}]}}