{"id":1583,"date":"2026-03-14T23:33:43","date_gmt":"2026-03-14T22:33:43","guid":{"rendered":"https:\/\/craftjw.com\/producto\/llavero-3d-en-forma-de-casco-de-construccion-ldc-ldc-gift\/"},"modified":"2026-04-02T11:37:35","modified_gmt":"2026-04-02T09:37:35","slug":"portachiavi-3d-a-forma-di-casco-da-cantiere-ldc-regalo-ldc","status":"publish","type":"product","link":"https:\/\/craftjw.com\/it\/shop\/llaveros\/llavero-3d-en-forma-de-casco-de-construccion-ldc-ldc-gift\/","title":{"rendered":"Portachiavi con casco da cantiere 3D LDC \u2013 Regalo LDC"},"content":{"rendered":"<p>Questo portachiavi a forma di casco da cantiere \u00e8 pensato appositamente per chi \u00e8 coinvolto in importanti progetti di costruzione o ristrutturazione. Grazie alla possibilit\u00e0 di personalizzare sia il colore del casco che il testo, \u00e8 il regalo perfetto per chi partecipa a un progetto significativo. \u00c8 anche possibile aggiungere l&#039;iniziale del destinatario, per un tocco speciale e personale.<\/p>\n<p>Scegli tra tre modelli di casco e crea un pezzo unico che simboleggi la dedizione e l&#039;impegno di tutti i membri del tuo team. Stampato in 3D in Spagna, \u00e8 un regalo perfetto per celebrazioni e momenti di gratitudine nell&#039;ambito di progetti di costruzione e ristrutturazione.<\/p>\n<p><em><strong>Caratteristiche:<\/strong><\/em><\/p>\n<ul>\n<li>\ud83d\udee0 <strong>Personalizzabile:<\/strong> \u00c8 possibile scegliere tra diversi colori per il casco e il testo, nonch\u00e9 aggiungere l&#039;iniziale del proprio nome, creando un portachiavi unico e personalizzato.<\/li>\n<li>\u2699\ufe0f <strong style=\"font-family: -apple-system, BlinkMacSystemFont, 'Segoe UI', Roboto, 'Helvetica Neue', Arial, sans-serif, 'Apple Color Emoji', 'Segoe UI Emoji', 'Segoe UI Symbol'; font-size: 1rem;\">Sono disponibili tre modelli:<\/strong><span style=\"font-family: -apple-system, BlinkMacSystemFont, 'Segoe UI', Roboto, 'Helvetica Neue', Arial, sans-serif, 'Apple Color Emoji', 'Segoe UI Emoji', 'Segoe UI Symbol'; font-size: 1rem;\"> Scegli il casco che meglio si adatta ai tuoi gusti o all&#039;occasione, tra tre diverse opzioni che simboleggiano il lavoro di squadra e la collaborazione.<\/span><\/li>\n<li>\ud83d\udda8\ufe0f <strong style=\"font-family: -apple-system, BlinkMacSystemFont, 'Segoe UI', Roboto, 'Helvetica Neue', Arial, sans-serif, 'Apple Color Emoji', 'Segoe UI Emoji', 'Segoe UI Symbol'; font-size: 1rem;\">Prodotto in Spagna con la stampa 3D:<\/strong><span style=\"font-family: -apple-system, BlinkMacSystemFont, 'Segoe UI', Roboto, 'Helvetica Neue', Arial, sans-serif, 'Apple Color Emoji', 'Segoe UI Emoji', 'Segoe UI Symbol'; font-size: 1rem;\"> La qualit\u00e0 e la precisione di questo portachiavi sono garantite grazie alla sua produzione locale tramite stampa 3D.<\/span><\/li>\n<li>\ud83c\udf81 <strong style=\"font-family: -apple-system, BlinkMacSystemFont, 'Segoe UI', Roboto, 'Helvetica Neue', Arial, sans-serif, 'Apple Color Emoji', 'Segoe UI Emoji', 'Segoe UI Symbol'; font-size: 1rem;\">Il regalo perfetto per i progetti di costruzione LDC:<\/strong><span style=\"font-family: -apple-system, BlinkMacSystemFont, 'Segoe UI', Roboto, 'Helvetica Neue', Arial, sans-serif, 'Apple Color Emoji', 'Segoe UI Emoji', 'Segoe UI Symbol'; font-size: 1rem;\"> Ideale come regalo per i fratelli e le sorelle volontari che hanno contribuito a progetti di costruzione o ristrutturazione, a simboleggiare la loro dedizione e il loro impegno.<\/span><\/li>\n<li>\ud83c\udf3f <strong style=\"font-family: -apple-system, BlinkMacSystemFont, 'Segoe UI', Roboto, 'Helvetica Neue', Arial, sans-serif, 'Apple Color Emoji', 'Segoe UI Emoji', 'Segoe UI Symbol'; font-size: 1rem;\">Rispettoso dell&#039;ambiente:<\/strong><span style=\"font-family: -apple-system, BlinkMacSystemFont, 'Segoe UI', Roboto, 'Helvetica Neue', Arial, sans-serif, 'Apple Color Emoji', 'Segoe UI Emoji', 'Segoe UI Symbol'; font-size: 1rem;\"> Realizzato con materiali sostenibili, questo portachiavi non \u00e8 solo un regalo personalizzato, ma anche una scelta responsabile per il pianeta.<\/span><\/li>\n<\/ul>\n<p>Questo portachiavi \u00e8 un modo eccellente per ringraziare e riconoscere coloro che partecipano a progetti importanti, aggiungendo un tocco personale e unico.<\/p>","protected":false},"excerpt":{"rendered":"<p>Questo portachiavi a forma di casco da cantiere, stampato in 3D, \u00e8 personalizzabile con colori e l&#039;iniziale di un nome, rendendolo un regalo unico. \u00c8 disponibile in tre diversi modelli, ideali per progetti di costruzione o ristrutturazione. Realizzato in Spagna con la stampa 3D, garantisce qualit\u00e0 e precisione in ogni pezzo. \u00c8 perfetto per ringraziare chi lavora a progetti importanti, offrendo un tocco personale e speciale.<\/p>","protected":false},"featured_media":1582,"template":"","meta":{"_seopress_robots_primary_cat":"none","_seopress_titles_title":"Llavero casco 3D: regalo personal para proyectos LDC - JW","_seopress_titles_desc":"Regala un llavero \u00fanico, personalizable y hecho en Espa\u00f1a. Perfecto para reconocimientos en proyectos de construcci\u00f3n para los voluntarios de proyectos LDC.","_seopress_robots_index":"","site-sidebar-layout":"default","site-content-layout":"","ast-site-content-layout":"default","site-content-style":"default","site-sidebar-style":"default","ast-global-header-display":"","ast-banner-title-visibility":"","ast-main-header-display":"","ast-hfb-above-header-display":"","ast-hfb-below-header-display":"","ast-hfb-mobile-header-display":"","site-post-title":"","ast-breadcrumbs-content":"","ast-featured-img":"","footer-sml-layout":"","ast-disable-related-posts":"","theme-transparent-header-meta":"default","adv-header-id-meta":"","stick-header-meta":"default","header-above-stick-meta":"","header-main-stick-meta":"","header-below-stick-meta":"","astra-migrate-meta-layouts":"set","ast-page-background-enabled":"default","ast-page-background-meta":{"desktop":{"background-color":"var(--ast-global-color-5)","background-image":"","background-repeat":"repeat","background-position":"center center","background-size":"auto","background-attachment":"scroll","background-type":"","background-media":"","overlay-type":"","overlay-color":"","overlay-opacity":"","overlay-gradient":""},"tablet":{"background-color":"","background-image":"","background-repeat":"repeat","background-position":"center center","background-size":"auto","background-attachment":"scroll","background-type":"","background-media":"","overlay-type":"","overlay-color":"","overlay-opacity":"","overlay-gradient":""},"mobile":{"background-color":"","background-image":"","background-repeat":"repeat","background-position":"center center","background-size":"auto","background-attachment":"scroll","background-type":"","background-media":"","overlay-type":"","overlay-color":"","overlay-opacity":"","overlay-gradient":""}},"ast-content-background-meta":{"desktop":{"background-color":"var(--ast-global-color-4)","background-image":"","background-repeat":"repeat","background-position":"center center","background-size":"auto","background-attachment":"scroll","background-type":"","background-media":"","overlay-type":"","overlay-color":"","overlay-opacity":"","overlay-gradient":""},"tablet":{"background-color":"var(--ast-global-color-4)","background-image":"","background-repeat":"repeat","background-position":"center center","background-size":"auto","background-attachment":"scroll","background-type":"","background-media":"","overlay-type":"","overlay-color":"","overlay-opacity":"","overlay-gradient":""},"mobile":{"background-color":"var(--ast-global-color-4)","background-image":"","background-repeat":"repeat","background-position":"center center","background-size":"auto","background-attachment":"scroll","background-type":"","background-media":"","overlay-type":"","overlay-color":"","overlay-opacity":"","overlay-gradient":""}}},"product_brand":[46],"product_cat":[45],"product_tag":[],"class_list":{"0":"post-1583","1":"product","2":"type-product","3":"status-publish","4":"has-post-thumbnail","6":"product_brand-craft-jw","7":"product_cat-llaveros","8":"desktop-align-center","9":"tablet-align-left","10":"mobile-align-left","11":"ast-product-gallery-layout-horizontal-slider","12":"ast-product-tabs-layout-horizontal","13":"tm-has-options","15":"first","16":"instock","17":"taxable","18":"shipping-taxable","19":"purchasable","20":"product-type-simple"},"_links":{"self":[{"href":"https:\/\/craftjw.com\/it\/wp-json\/wp\/v2\/product\/1583","targetHints":{"allow":["GET"]}}],"collection":[{"href":"https:\/\/craftjw.com\/it\/wp-json\/wp\/v2\/product"}],"about":[{"href":"https:\/\/craftjw.com\/it\/wp-json\/wp\/v2\/types\/product"}],"version-history":[{"count":1,"href":"https:\/\/craftjw.com\/it\/wp-json\/wp\/v2\/product\/1583\/revisions"}],"predecessor-version":[{"id":53087,"href":"https:\/\/craftjw.com\/it\/wp-json\/wp\/v2\/product\/1583\/revisions\/53087"}],"wp:featuredmedia":[{"embeddable":true,"href":"https:\/\/craftjw.com\/it\/wp-json\/wp\/v2\/media\/1582"}],"wp:attachment":[{"href":"https:\/\/craftjw.com\/it\/wp-json\/wp\/v2\/media?parent=1583"}],"wp:term":[{"taxonomy":"product_brand","embeddable":true,"href":"https:\/\/craftjw.com\/it\/wp-json\/wp\/v2\/product_brand?post=1583"},{"taxonomy":"product_cat","embeddable":true,"href":"https:\/\/craftjw.com\/it\/wp-json\/wp\/v2\/product_cat?post=1583"},{"taxonomy":"product_tag","embeddable":true,"href":"https:\/\/craftjw.com\/it\/wp-json\/wp\/v2\/product_tag?post=1583"}],"curies":[{"name":"wp","href":"https:\/\/api.w.org\/{rel}","templated":true}]}}