{"id":1551,"date":"2026-03-14T23:32:34","date_gmt":"2026-03-14T22:32:34","guid":{"rendered":"https:\/\/craftjw.com\/producto\/cartel-no-molestar-para-puerta-en-forma-de-oveja\/"},"modified":"2026-04-01T08:19:34","modified_gmt":"2026-04-01T06:19:34","slug":"cartello-non-disturbare-a-forma-di-pecora","status":"publish","type":"product","link":"https:\/\/craftjw.com\/it\/shop\/varios-regalos\/cartel-no-molestar-para-puerta-en-forma-de-oveja\/","title":{"rendered":"Cartello &quot;Non disturbare&quot; a forma di pecora per la porta."},"content":{"rendered":"<p>Garantite momenti di pace e concentrazione ai vostri stimati anziani con il nostro ingegnoso cartello &quot;Non disturbare&quot; a forma di pecora! Questo cartello in legno, realizzato con cura, aggiunge un tocco di umorismo e originalit\u00e0 a qualsiasi porta.<\/p>\n<p>Completamente personalizzabile con il testo che preferite, questo cartello \u00e8 la soluzione ideale per quei momenti in cui gli anziani della congregazione desiderano evitare interruzioni durante le riunioni importanti. \u00c8 anche un regalo originale e premuroso per qualsiasi anziano della congregazione, che aggiunge un tocco di allegria alla loro routine quotidiana.<\/p>\n<p><em><strong>Caratteristiche principali:<\/strong><\/em><\/p>\n<ul>\n<li>Realizzato artigianalmente con legno di qualit\u00e0 per garantirne la durata.<\/li>\n<li>Sono disponibili opzioni di personalizzazione per il messaggio desiderato.<\/li>\n<li>Un grazioso design a forma di pecora, che aggiunge un tocco di dolcezza a qualsiasi porta.<\/li>\n<li>Dimensioni:\n<ul>\n<li>Larghezza: 11,2 cm<\/li>\n<li>Altezza: 24,7 cm<\/li>\n<li>Spessore: 3 mm<\/li>\n<\/ul>\n<\/li>\n<\/ul>\n<p>Offrite a questi stimati anziani lo spazio e la tranquillit\u00e0 di cui hanno bisogno con il nostro cartello personalizzabile &quot;Non disturbare&quot;! Un regalo pratico e divertente per i membri pi\u00f9 anziani della vostra comunit\u00e0 che apprezzano i momenti di serenit\u00e0 nel loro lavoro pastorale.<\/p>","protected":false},"excerpt":{"rendered":"<p>Il nostro cartello &quot;Non disturbare&quot; a forma di pecora, personalizzabile con il testo che preferite, \u00e8 pensato per gli anziani della congregazione, offrendo loro pace e tranquillit\u00e0 durante le riunioni. Realizzato a mano in legno di alta qualit\u00e0, aggiunge un tocco di umorismo e originalit\u00e0 a qualsiasi porta. Ideale come regalo unico, porta momenti di pace e serenit\u00e0 agli anziani della congregazione.<\/p>","protected":false},"featured_media":1550,"template":"","meta":{"_seopress_robots_primary_cat":"none","_seopress_titles_title":"","_seopress_titles_desc":"","_seopress_robots_index":"","site-sidebar-layout":"default","site-content-layout":"","ast-site-content-layout":"default","site-content-style":"default","site-sidebar-style":"default","ast-global-header-display":"","ast-banner-title-visibility":"","ast-main-header-display":"","ast-hfb-above-header-display":"","ast-hfb-below-header-display":"","ast-hfb-mobile-header-display":"","site-post-title":"","ast-breadcrumbs-content":"","ast-featured-img":"","footer-sml-layout":"","ast-disable-related-posts":"","theme-transparent-header-meta":"default","adv-header-id-meta":"","stick-header-meta":"default","header-above-stick-meta":"","header-main-stick-meta":"","header-below-stick-meta":"","astra-migrate-meta-layouts":"set","ast-page-background-enabled":"default","ast-page-background-meta":{"desktop":{"background-color":"var(--ast-global-color-5)","background-image":"","background-repeat":"repeat","background-position":"center center","background-size":"auto","background-attachment":"scroll","background-type":"","background-media":"","overlay-type":"","overlay-color":"","overlay-opacity":"","overlay-gradient":""},"tablet":{"background-color":"","background-image":"","background-repeat":"repeat","background-position":"center center","background-size":"auto","background-attachment":"scroll","background-type":"","background-media":"","overlay-type":"","overlay-color":"","overlay-opacity":"","overlay-gradient":""},"mobile":{"background-color":"","background-image":"","background-repeat":"repeat","background-position":"center center","background-size":"auto","background-attachment":"scroll","background-type":"","background-media":"","overlay-type":"","overlay-color":"","overlay-opacity":"","overlay-gradient":""}},"ast-content-background-meta":{"desktop":{"background-color":"var(--ast-global-color-4)","background-image":"","background-repeat":"repeat","background-position":"center center","background-size":"auto","background-attachment":"scroll","background-type":"","background-media":"","overlay-type":"","overlay-color":"","overlay-opacity":"","overlay-gradient":""},"tablet":{"background-color":"var(--ast-global-color-4)","background-image":"","background-repeat":"repeat","background-position":"center center","background-size":"auto","background-attachment":"scroll","background-type":"","background-media":"","overlay-type":"","overlay-color":"","overlay-opacity":"","overlay-gradient":""},"mobile":{"background-color":"var(--ast-global-color-4)","background-image":"","background-repeat":"repeat","background-position":"center center","background-size":"auto","background-attachment":"scroll","background-type":"","background-media":"","overlay-type":"","overlay-color":"","overlay-opacity":"","overlay-gradient":""}}},"product_brand":[46],"product_cat":[50],"product_tag":[],"class_list":{"0":"post-1551","1":"product","2":"type-product","3":"status-publish","4":"has-post-thumbnail","6":"product_brand-craft-jw","7":"product_cat-varios-regalos","8":"desktop-align-center","9":"tablet-align-left","10":"mobile-align-left","11":"ast-product-gallery-layout-horizontal-slider","12":"ast-product-tabs-layout-horizontal","13":"tm-has-options","15":"first","16":"instock","17":"taxable","18":"shipping-taxable","19":"purchasable","20":"product-type-simple"},"_links":{"self":[{"href":"https:\/\/craftjw.com\/it\/wp-json\/wp\/v2\/product\/1551","targetHints":{"allow":["GET"]}}],"collection":[{"href":"https:\/\/craftjw.com\/it\/wp-json\/wp\/v2\/product"}],"about":[{"href":"https:\/\/craftjw.com\/it\/wp-json\/wp\/v2\/types\/product"}],"version-history":[{"count":1,"href":"https:\/\/craftjw.com\/it\/wp-json\/wp\/v2\/product\/1551\/revisions"}],"predecessor-version":[{"id":53011,"href":"https:\/\/craftjw.com\/it\/wp-json\/wp\/v2\/product\/1551\/revisions\/53011"}],"wp:featuredmedia":[{"embeddable":true,"href":"https:\/\/craftjw.com\/it\/wp-json\/wp\/v2\/media\/1550"}],"wp:attachment":[{"href":"https:\/\/craftjw.com\/it\/wp-json\/wp\/v2\/media?parent=1551"}],"wp:term":[{"taxonomy":"product_brand","embeddable":true,"href":"https:\/\/craftjw.com\/it\/wp-json\/wp\/v2\/product_brand?post=1551"},{"taxonomy":"product_cat","embeddable":true,"href":"https:\/\/craftjw.com\/it\/wp-json\/wp\/v2\/product_cat?post=1551"},{"taxonomy":"product_tag","embeddable":true,"href":"https:\/\/craftjw.com\/it\/wp-json\/wp\/v2\/product_tag?post=1551"}],"curies":[{"name":"wp","href":"https:\/\/api.w.org\/{rel}","templated":true}]}}