{"id":1529,"date":"2026-03-14T23:31:36","date_gmt":"2026-03-14T22:31:36","guid":{"rendered":"https:\/\/craftjw.com\/producto\/iman-de-nevera-de-madera-receta-del-precursor-regular-2\/"},"modified":"2026-04-02T11:02:03","modified_gmt":"2026-04-02T09:02:03","slug":"ricetta-per-magnete-da-frigorifero-in-legno-dal-precursore-regolare-2","status":"publish","type":"product","link":"https:\/\/craftjw.com\/it\/shop\/imanes-de-nevera\/iman-de-nevera-de-madera-receta-del-precursor-regular-2\/","title":{"rendered":"Magnete da frigorifero in legno \u2013 Ricetta precursore regolare"},"content":{"rendered":"<p>Magnete in legno \u201cPrecursor Recipe\u201d \u2013 Un tocco di ispirazione per il tuo frigorifero<\/p>\n<p>Cerchi un regalo significativo per le persone che sono pilastri della comunit\u00e0 o per coloro che si impegnano a raggiungere i propri obiettivi spirituali? Questa calamita in legno \u00e8 la scelta perfetta.<\/p>\n<p><em><strong>Realizzato a mano con cura:<\/strong><\/em><\/p>\n<p>Questa calamita \u00e8 stata realizzata con cura meticolosa in legno di alta qualit\u00e0, con incisioni precise e tagli laser che testimoniano dedizione e attenzione ai dettagli. Ogni pezzo \u00e8 unico e rappresenta un regalo speciale.<\/p>\n<p><em><strong>Ispirazione quotidiana:<\/strong><\/em><\/p>\n<p>La &quot;Ricetta del Precursore&quot; incisa su questa calamita \u00e8 molto pi\u00f9 di una semplice decorazione per il frigorifero. \u00c8 un costante promemoria di impegno e determinazione sul cammino spirituale. Ispirer\u00e0 chiunque la veda ad andare avanti con fede e risolutezza.<\/p>\n<p>Per i pilastri della comunit\u00e0: questo dono \u00e8 un gesto di apprezzamento per coloro che sono stati fondamentali per la comunit\u00e0, onorando la loro dedizione e il loro servizio. Inoltre, \u00e8 un incentivo per coloro che desiderano raggiungere nuovi obiettivi spirituali.<\/p>\n<p><em><strong>Dettagli del prodotto:<\/strong><\/em><\/p>\n<ul>\n<li>Materiale: Legno di alta qualit\u00e0.<\/li>\n<li>Dimensioni: perfette per essere posizionate ovunque nel frigorifero.<\/li>\n<li>Design: Incisione e taglio laser di precisione per un aspetto elegante e resistente.<\/li>\n<\/ul>\n<p><em><strong>Un regalo significativo:<\/strong><\/em><\/p>\n<p>Che sia destinato a un pioniere o a un fratello o una sorella che aspira a diventarlo, questo magnete in legno \u00e8 un regalo ricco di significato e affetto. \u00c8 un modo tangibile per esprimere la tua gratitudine e il tuo incoraggiamento per i loro sforzi e successi spirituali.<\/p>\n<p>Trasforma ogni momento in cucina in un&#039;opportunit\u00e0 per ispirarti e progredire nel tuo cammino spirituale con questa splendida calamita in legno.<\/p>","protected":false},"excerpt":{"rendered":"<p>La calamita in legno &quot;Ricetta del Pioniere&quot; \u00e8 un regalo significativo per coloro che si impegnano a raggiungere obiettivi spirituali. Realizzata a mano con incisioni precise e taglio laser da legno di alta qualit\u00e0, questa calamita non solo adorna il frigorifero, ma funge anche da promemoria quotidiano dell&#039;impegno e della determinazione che contraddistinguono la vita dei pionieri. \u00c8 un gesto ideale di apprezzamento per i membri attivi della comunit\u00e0 e una fonte di motivazione per coloro che desiderano raggiungere nuovi traguardi. Con il suo design elegante e resistente, questo regalo rappresenta un segno di gratitudine per gli sforzi dei pionieri, perfetto per ispirare ogni momento della loro vita quotidiana.<\/p>","protected":false},"featured_media":1528,"template":"","meta":{"_seopress_robots_primary_cat":"none","_seopress_titles_title":"","_seopress_titles_desc":"","_seopress_robots_index":"","site-sidebar-layout":"default","site-content-layout":"","ast-site-content-layout":"default","site-content-style":"default","site-sidebar-style":"default","ast-global-header-display":"","ast-banner-title-visibility":"","ast-main-header-display":"","ast-hfb-above-header-display":"","ast-hfb-below-header-display":"","ast-hfb-mobile-header-display":"","site-post-title":"","ast-breadcrumbs-content":"","ast-featured-img":"","footer-sml-layout":"","ast-disable-related-posts":"","theme-transparent-header-meta":"default","adv-header-id-meta":"","stick-header-meta":"default","header-above-stick-meta":"","header-main-stick-meta":"","header-below-stick-meta":"","astra-migrate-meta-layouts":"set","ast-page-background-enabled":"default","ast-page-background-meta":{"desktop":{"background-color":"var(--ast-global-color-5)","background-image":"","background-repeat":"repeat","background-position":"center center","background-size":"auto","background-attachment":"scroll","background-type":"","background-media":"","overlay-type":"","overlay-color":"","overlay-opacity":"","overlay-gradient":""},"tablet":{"background-color":"","background-image":"","background-repeat":"repeat","background-position":"center center","background-size":"auto","background-attachment":"scroll","background-type":"","background-media":"","overlay-type":"","overlay-color":"","overlay-opacity":"","overlay-gradient":""},"mobile":{"background-color":"","background-image":"","background-repeat":"repeat","background-position":"center center","background-size":"auto","background-attachment":"scroll","background-type":"","background-media":"","overlay-type":"","overlay-color":"","overlay-opacity":"","overlay-gradient":""}},"ast-content-background-meta":{"desktop":{"background-color":"var(--ast-global-color-4)","background-image":"","background-repeat":"repeat","background-position":"center center","background-size":"auto","background-attachment":"scroll","background-type":"","background-media":"","overlay-type":"","overlay-color":"","overlay-opacity":"","overlay-gradient":""},"tablet":{"background-color":"var(--ast-global-color-4)","background-image":"","background-repeat":"repeat","background-position":"center center","background-size":"auto","background-attachment":"scroll","background-type":"","background-media":"","overlay-type":"","overlay-color":"","overlay-opacity":"","overlay-gradient":""},"mobile":{"background-color":"var(--ast-global-color-4)","background-image":"","background-repeat":"repeat","background-position":"center center","background-size":"auto","background-attachment":"scroll","background-type":"","background-media":"","overlay-type":"","overlay-color":"","overlay-opacity":"","overlay-gradient":""}}},"product_brand":[46],"product_cat":[47],"product_tag":[],"class_list":{"0":"post-1529","1":"product","2":"type-product","3":"status-publish","4":"has-post-thumbnail","6":"product_brand-craft-jw","7":"product_cat-imanes-de-nevera","8":"desktop-align-center","9":"tablet-align-left","10":"mobile-align-left","11":"ast-product-gallery-layout-horizontal-slider","12":"ast-product-tabs-layout-horizontal","13":"tm-has-options","15":"first","16":"instock","17":"taxable","18":"shipping-taxable","19":"purchasable","20":"product-type-simple"},"_links":{"self":[{"href":"https:\/\/craftjw.com\/it\/wp-json\/wp\/v2\/product\/1529","targetHints":{"allow":["GET"]}}],"collection":[{"href":"https:\/\/craftjw.com\/it\/wp-json\/wp\/v2\/product"}],"about":[{"href":"https:\/\/craftjw.com\/it\/wp-json\/wp\/v2\/types\/product"}],"version-history":[{"count":2,"href":"https:\/\/craftjw.com\/it\/wp-json\/wp\/v2\/product\/1529\/revisions"}],"predecessor-version":[{"id":53090,"href":"https:\/\/craftjw.com\/it\/wp-json\/wp\/v2\/product\/1529\/revisions\/53090"}],"wp:featuredmedia":[{"embeddable":true,"href":"https:\/\/craftjw.com\/it\/wp-json\/wp\/v2\/media\/1528"}],"wp:attachment":[{"href":"https:\/\/craftjw.com\/it\/wp-json\/wp\/v2\/media?parent=1529"}],"wp:term":[{"taxonomy":"product_brand","embeddable":true,"href":"https:\/\/craftjw.com\/it\/wp-json\/wp\/v2\/product_brand?post=1529"},{"taxonomy":"product_cat","embeddable":true,"href":"https:\/\/craftjw.com\/it\/wp-json\/wp\/v2\/product_cat?post=1529"},{"taxonomy":"product_tag","embeddable":true,"href":"https:\/\/craftjw.com\/it\/wp-json\/wp\/v2\/product_tag?post=1529"}],"curies":[{"name":"wp","href":"https:\/\/api.w.org\/{rel}","templated":true}]}}