{"id":1525,"date":"2026-03-14T23:31:31","date_gmt":"2026-03-14T22:31:31","guid":{"rendered":"https:\/\/craftjw.com\/producto\/porta-tarjetas-de-contacto-jw\/"},"modified":"2026-04-02T11:04:48","modified_gmt":"2026-04-02T09:04:48","slug":"porta-carte-di-contatto-jw","status":"publish","type":"product","link":"https:\/\/craftjw.com\/it\/shop\/portatarjetas\/porta-tarjetas-de-contacto-jw\/","title":{"rendered":"Titolare della carta di contatto JW"},"content":{"rendered":"<p>Scopri il porta biglietti da visita in alluminio JW!<\/p>\n<p>Questo porta biglietti da visita in alluminio \u00e8 progettato per proteggere e presentare i vostri biglietti da visita dei Testimoni di Geova in modo elegante e personalizzato. Disponibile in diversi colori vivaci e inciso con precisione al laser, questo accessorio \u00e8 ideale come regalo per la scuola dei pionieri, come dono per gli anziani della congregazione o come ricordo speciale per progetti della LDC, convegni regionali, eventi speciali, ecc.<\/p>\n<p>Caratteristiche principali:<\/p>\n<ul>\n<li>Realizzato in alluminio resistente e leggero.<\/li>\n<li>Disponibile in diversi colori accattivanti.<\/li>\n<li>Incisione personalizzata con tecnologia laser.<\/li>\n<li>Perfetto per le carte di contatto dei Testimoni di Geova.<\/li>\n<\/ul>\n<p>Rendi i tuoi regali pi\u00f9 significativi e pratici. Questo porta biglietti da visita non solo protegge i tuoi biglietti da visita, ma aggiunge anche un tocco personalizzato.<\/p>\n<p>Aggiungete un tocco unico ai vostri regali con questo portacarte in alluminio.<\/p>\n<p>Effettua il tuo ordine oggi stesso e sorprendi le persone che ami di pi\u00f9 con questo regalo pensato appositamente per loro!<\/p>","protected":false},"excerpt":{"rendered":"<p>Scopri il porta biglietti da visita in alluminio inciso al laser per i contatti dei Testimoni di Geova! Disponibile in una variet\u00e0 di colori vivaci, questo accessorio \u00e8 un regalo perfetto per gli anziani della scuola dei pionieri e della congregazione, cos\u00ec come per le convention regionali, gli eventi speciali e altro ancora. Il suo design resistente e personalizzato \u00e8 ideale per proteggere ed esporre con eleganza i biglietti da visita. Aggiungi un tocco speciale ai tuoi regali con questo porta biglietti versatile e distintivo.<\/p>","protected":false},"featured_media":1524,"template":"","meta":{"_seopress_robots_primary_cat":"none","_seopress_titles_title":"%%title%% %%page%%","_seopress_titles_desc":"","_seopress_robots_index":"","site-sidebar-layout":"default","site-content-layout":"","ast-site-content-layout":"default","site-content-style":"default","site-sidebar-style":"default","ast-global-header-display":"","ast-banner-title-visibility":"","ast-main-header-display":"","ast-hfb-above-header-display":"","ast-hfb-below-header-display":"","ast-hfb-mobile-header-display":"","site-post-title":"","ast-breadcrumbs-content":"","ast-featured-img":"","footer-sml-layout":"","ast-disable-related-posts":"","theme-transparent-header-meta":"default","adv-header-id-meta":"","stick-header-meta":"default","header-above-stick-meta":"","header-main-stick-meta":"","header-below-stick-meta":"","astra-migrate-meta-layouts":"set","ast-page-background-enabled":"default","ast-page-background-meta":{"desktop":{"background-color":"var(--ast-global-color-5)","background-image":"","background-repeat":"repeat","background-position":"center center","background-size":"auto","background-attachment":"scroll","background-type":"","background-media":"","overlay-type":"","overlay-color":"","overlay-opacity":"","overlay-gradient":""},"tablet":{"background-color":"","background-image":"","background-repeat":"repeat","background-position":"center center","background-size":"auto","background-attachment":"scroll","background-type":"","background-media":"","overlay-type":"","overlay-color":"","overlay-opacity":"","overlay-gradient":""},"mobile":{"background-color":"","background-image":"","background-repeat":"repeat","background-position":"center center","background-size":"auto","background-attachment":"scroll","background-type":"","background-media":"","overlay-type":"","overlay-color":"","overlay-opacity":"","overlay-gradient":""}},"ast-content-background-meta":{"desktop":{"background-color":"var(--ast-global-color-4)","background-image":"","background-repeat":"repeat","background-position":"center center","background-size":"auto","background-attachment":"scroll","background-type":"","background-media":"","overlay-type":"","overlay-color":"","overlay-opacity":"","overlay-gradient":""},"tablet":{"background-color":"var(--ast-global-color-4)","background-image":"","background-repeat":"repeat","background-position":"center center","background-size":"auto","background-attachment":"scroll","background-type":"","background-media":"","overlay-type":"","overlay-color":"","overlay-opacity":"","overlay-gradient":""},"mobile":{"background-color":"var(--ast-global-color-4)","background-image":"","background-repeat":"repeat","background-position":"center center","background-size":"auto","background-attachment":"scroll","background-type":"","background-media":"","overlay-type":"","overlay-color":"","overlay-opacity":"","overlay-gradient":""}}},"product_brand":[46],"product_cat":[44,50],"product_tag":[],"class_list":{"0":"post-1525","1":"product","2":"type-product","3":"status-publish","4":"has-post-thumbnail","6":"product_brand-craft-jw","7":"product_cat-portatarjetas","8":"product_cat-varios-regalos","9":"desktop-align-center","10":"tablet-align-left","11":"mobile-align-left","12":"ast-product-gallery-layout-horizontal-slider","13":"ast-product-tabs-layout-horizontal","14":"tm-has-options","16":"first","17":"instock","18":"taxable","19":"shipping-taxable","20":"purchasable","21":"product-type-simple"},"_links":{"self":[{"href":"https:\/\/craftjw.com\/it\/wp-json\/wp\/v2\/product\/1525","targetHints":{"allow":["GET"]}}],"collection":[{"href":"https:\/\/craftjw.com\/it\/wp-json\/wp\/v2\/product"}],"about":[{"href":"https:\/\/craftjw.com\/it\/wp-json\/wp\/v2\/types\/product"}],"version-history":[{"count":1,"href":"https:\/\/craftjw.com\/it\/wp-json\/wp\/v2\/product\/1525\/revisions"}],"predecessor-version":[{"id":53014,"href":"https:\/\/craftjw.com\/it\/wp-json\/wp\/v2\/product\/1525\/revisions\/53014"}],"wp:featuredmedia":[{"embeddable":true,"href":"https:\/\/craftjw.com\/it\/wp-json\/wp\/v2\/media\/1524"}],"wp:attachment":[{"href":"https:\/\/craftjw.com\/it\/wp-json\/wp\/v2\/media?parent=1525"}],"wp:term":[{"taxonomy":"product_brand","embeddable":true,"href":"https:\/\/craftjw.com\/it\/wp-json\/wp\/v2\/product_brand?post=1525"},{"taxonomy":"product_cat","embeddable":true,"href":"https:\/\/craftjw.com\/it\/wp-json\/wp\/v2\/product_cat?post=1525"},{"taxonomy":"product_tag","embeddable":true,"href":"https:\/\/craftjw.com\/it\/wp-json\/wp\/v2\/product_tag?post=1525"}],"curies":[{"name":"wp","href":"https:\/\/api.w.org\/{rel}","templated":true}]}}