{"id":1510,"date":"2026-03-14T23:31:21","date_gmt":"2026-03-14T22:31:21","guid":{"rendered":"https:\/\/craftjw.com\/producto\/portatarjetas-de-contacto-para-tarjetas-jw-para-carrito-de-literatura-expositor\/"},"modified":"2026-04-02T11:09:09","modified_gmt":"2026-04-02T09:09:09","slug":"porta-biglietti-da-visita-per-tessere-jw-per-espositore-di-materiale-informativo","status":"publish","type":"product","link":"https:\/\/craftjw.com\/it\/shop\/portatarjetas\/portatarjetas-de-contacto-para-tarjetas-jw-para-carrito-de-literatura-expositor\/","title":{"rendered":"Porta biglietti da visita per tessere JW da carrello\/espositore per materiale informativo."},"content":{"rendered":"<p>Vorresti un sistema efficiente e accattivante per organizzare ed esporre i biglietti da visita dei tuoi Testimoni di Geova?<br \/>\nAbbiamo la soluzione perfetta! Il nostro porta biglietti da visita JW \u00e8 il modo migliore per tenere sempre in ordine i tuoi biglietti da visita.<\/p>\n<p>Questo porta biglietti da visita JW \u00e8 disponibile in due modelli diversi, verticale e orizzontale, per soddisfare ogni esigenza. Entrambi i modelli sono dotati di linguette di montaggio flessibili progettate per una presa sicura sul display. Sono inoltre molto facili da applicare e rimuovere, quindi non dovrete preoccuparvi di perdere tempo con l&#039;installazione.<\/p>\n<p>La qualit\u00e0 del nostro porta biglietti da visita JW \u00e8 ineguagliabile. \u00c8 realizzato con materiali di alta qualit\u00e0 che ne garantiscono la durata e la resistenza all&#039;uso quotidiano. Inoltre, il design accattivante ed elegante del nostro porta biglietti da visita JW si adatter\u00e0 perfettamente a qualsiasi ambiente.<\/p>\n<p>Con il nostro porta biglietti da visita JW, avrai un sistema efficiente ed elegante per esporre i tuoi biglietti da visita in ogni momento. Non aspettare oltre per migliorare l&#039;organizzazione e la presentazione dei tuoi biglietti da visita! Ordina oggi stesso il tuo porta biglietti da visita JW!<\/p>","protected":false},"excerpt":{"rendered":"<p>Vorresti un sistema efficiente e accattivante per organizzare ed esporre i biglietti da visita dei tuoi Testimoni di Geova?<br \/>\nAbbiamo la soluzione perfetta! Il nostro porta biglietti da visita JW \u00e8 il modo migliore per tenere sempre in ordine i tuoi biglietti da visita.<\/p>\n<p>Questo porta biglietti da visita JW \u00e8 disponibile in due modelli diversi, verticale e orizzontale, per soddisfare ogni esigenza. Entrambi i modelli sono dotati di linguette di montaggio flessibili progettate per una presa sicura sul display. Sono inoltre molto facili da applicare e rimuovere, quindi non dovrete preoccuparvi di perdere tempo con l&#039;installazione.<\/p>","protected":false},"featured_media":1509,"template":"","meta":{"_seopress_robots_primary_cat":"none","_seopress_titles_title":"%%title%%","_seopress_titles_desc":"","_seopress_robots_index":"","site-sidebar-layout":"default","site-content-layout":"","ast-site-content-layout":"default","site-content-style":"default","site-sidebar-style":"default","ast-global-header-display":"","ast-banner-title-visibility":"","ast-main-header-display":"","ast-hfb-above-header-display":"","ast-hfb-below-header-display":"","ast-hfb-mobile-header-display":"","site-post-title":"","ast-breadcrumbs-content":"","ast-featured-img":"","footer-sml-layout":"","ast-disable-related-posts":"","theme-transparent-header-meta":"default","adv-header-id-meta":"","stick-header-meta":"default","header-above-stick-meta":"","header-main-stick-meta":"","header-below-stick-meta":"","astra-migrate-meta-layouts":"set","ast-page-background-enabled":"default","ast-page-background-meta":{"desktop":{"background-color":"var(--ast-global-color-5)","background-image":"","background-repeat":"repeat","background-position":"center center","background-size":"auto","background-attachment":"scroll","background-type":"","background-media":"","overlay-type":"","overlay-color":"","overlay-opacity":"","overlay-gradient":""},"tablet":{"background-color":"","background-image":"","background-repeat":"repeat","background-position":"center center","background-size":"auto","background-attachment":"scroll","background-type":"","background-media":"","overlay-type":"","overlay-color":"","overlay-opacity":"","overlay-gradient":""},"mobile":{"background-color":"","background-image":"","background-repeat":"repeat","background-position":"center center","background-size":"auto","background-attachment":"scroll","background-type":"","background-media":"","overlay-type":"","overlay-color":"","overlay-opacity":"","overlay-gradient":""}},"ast-content-background-meta":{"desktop":{"background-color":"var(--ast-global-color-4)","background-image":"","background-repeat":"repeat","background-position":"center center","background-size":"auto","background-attachment":"scroll","background-type":"","background-media":"","overlay-type":"","overlay-color":"","overlay-opacity":"","overlay-gradient":""},"tablet":{"background-color":"var(--ast-global-color-4)","background-image":"","background-repeat":"repeat","background-position":"center center","background-size":"auto","background-attachment":"scroll","background-type":"","background-media":"","overlay-type":"","overlay-color":"","overlay-opacity":"","overlay-gradient":""},"mobile":{"background-color":"var(--ast-global-color-4)","background-image":"","background-repeat":"repeat","background-position":"center center","background-size":"auto","background-attachment":"scroll","background-type":"","background-media":"","overlay-type":"","overlay-color":"","overlay-opacity":"","overlay-gradient":""}}},"product_brand":[],"product_cat":[44],"product_tag":[],"class_list":{"0":"post-1510","1":"product","2":"type-product","3":"status-publish","4":"has-post-thumbnail","6":"product_cat-portatarjetas","7":"desktop-align-center","8":"tablet-align-left","9":"mobile-align-left","10":"ast-product-gallery-layout-horizontal-slider","11":"ast-product-tabs-layout-horizontal","12":"tm-has-options","14":"first","15":"instock","16":"taxable","17":"shipping-taxable","18":"purchasable","19":"product-type-simple"},"_links":{"self":[{"href":"https:\/\/craftjw.com\/it\/wp-json\/wp\/v2\/product\/1510","targetHints":{"allow":["GET"]}}],"collection":[{"href":"https:\/\/craftjw.com\/it\/wp-json\/wp\/v2\/product"}],"about":[{"href":"https:\/\/craftjw.com\/it\/wp-json\/wp\/v2\/types\/product"}],"version-history":[{"count":1,"href":"https:\/\/craftjw.com\/it\/wp-json\/wp\/v2\/product\/1510\/revisions"}],"predecessor-version":[{"id":53092,"href":"https:\/\/craftjw.com\/it\/wp-json\/wp\/v2\/product\/1510\/revisions\/53092"}],"wp:featuredmedia":[{"embeddable":true,"href":"https:\/\/craftjw.com\/it\/wp-json\/wp\/v2\/media\/1509"}],"wp:attachment":[{"href":"https:\/\/craftjw.com\/it\/wp-json\/wp\/v2\/media?parent=1510"}],"wp:term":[{"taxonomy":"product_brand","embeddable":true,"href":"https:\/\/craftjw.com\/it\/wp-json\/wp\/v2\/product_brand?post=1510"},{"taxonomy":"product_cat","embeddable":true,"href":"https:\/\/craftjw.com\/it\/wp-json\/wp\/v2\/product_cat?post=1510"},{"taxonomy":"product_tag","embeddable":true,"href":"https:\/\/craftjw.com\/it\/wp-json\/wp\/v2\/product_tag?post=1510"}],"curies":[{"name":"wp","href":"https:\/\/api.w.org\/{rel}","templated":true}]}}