{"id":2743,"date":"2021-08-18T06:52:10","date_gmt":"2021-08-18T06:52:10","guid":{"rendered":"https:\/\/www.tks3d.com\/?page_id=2743"},"modified":"2026-03-15T15:41:33","modified_gmt":"2026-03-15T14:41:33","slug":"termini-e-condizioni-generali-di-utilizzo-e-vendita","status":"publish","type":"page","link":"https:\/\/craftjw.com\/it\/condiciones-generales-de-uso-y-venta\/","title":{"rendered":"Condizioni generali di utilizzo e vendita"},"content":{"rendered":"<h3 class=\"wp-block-heading\" id=\"1-datos-identificativos-de-camaloon\">1. Informazioni identificative per craftjw.com<\/h3>\n\n\n\n<p>Il fornitore del servizio web \u00e8 Emmanuel Kielichowski (di seguito, \u201cCraftjw\u201d), con partita IVA intracomunitaria ESX2878559V e sede legale in Calle Claveles 4, 12600 Vall de Ux\u00f3 (Castell\u00f3n), Spagna.<\/p>\n\n\n\n<h3 class=\"wp-block-heading\" id=\"2-descripcion-del-servicio\">2. Descrizione del servizio<\/h3>\n\n\n\n<p>Noi di Craftjw offriamo una vasta gamma di servizi via Internet ai nostri utenti e clienti, come la commercializzazione e la produzione di articoli personalizzati, articoli da regalo e articoli decorativi: portachiavi, scatole, magneti, borse, adesivi, ecc.<\/p>\n\n\n\n<p>Gli utenti del nostro sito web possono acquistare prodotti per uso personale o per rivenderli a terzi.<\/p>\n\n\n\n<h3 class=\"wp-block-heading\" id=\"3-uso-de-las-paginas-web-bajo-la-marca-de-camaloon\">3. Utilizzo del sito web craftjw.com<\/h3>\n\n\n\n<h4 class=\"wp-block-heading\" id=\"3-1-edad-minima\">3.1 Et\u00e0 minima<\/h4>\n\n\n\n<p>Per poter utilizzare il sito web Craftjw, \u00e8 necessario essere maggiorenni (minimo 18 anni).<\/p>\n\n\n\n<h4 class=\"wp-block-heading\" id=\"3-2-licencia-de-uso-de-la-web-y-del-servicio-de-camaloon\">3.2 Licenza d&#039;uso del sito web e del servizio Craftjw<\/h4>\n\n\n\n<p>Craftjw concede all&#039;utente una licenza limitata e revocabile per accedere e utilizzare i propri siti web e servizi, in conformit\u00e0 con le presenti Condizioni generali di utilizzo e vendita. Tale licenza non include il diritto di raccogliere o utilizzare le informazioni del sito web per scopi da noi vietati, come ad esempio la concorrenza con Craftjw, l&#039;utilizzo dei contenuti di Craftjw in qualsiasi modo o la realizzazione di una copia parziale o completa dei nostri siti web.<\/p>\n\n\n\n<h3 class=\"wp-block-heading\" id=\"4-reglas-generales\">4. Regole generali<\/h3>\n\n\n\n<h4 class=\"wp-block-heading\" id=\"4-1-uso-prohibido\">4.1 Uso vietato<\/h4>\n\n\n\n<p>\u00c8 vietato tentare di causare, o causare, danni ai nostri siti web o al servizio Craftjw. A titolo esemplificativo, e senza che questo elenco sia completo o esaustivo, sono vietate le seguenti azioni:<\/p>\n\n\n\n<p>a. Interrompere il servizio Craftjw utilizzando virus o altri programmi progettati per causare danni a qualsiasi software o hardware.<\/p>\n\n\n\n<p>b. Modificare o creare versioni di qualsiasi tecnologia utilizzata sui siti web di Craftjw<\/p>\n\n\n\n<p>c. Utilizzare qualsiasi tipo di script, robot o tecnologia per monitorare il sito web Craftjw<\/p>\n\n\n\n<p>d. Raccogliere indirizzi email o altre informazioni tramite il servizio Craftjw<\/p>\n\n\n\n<p>e. Impersonare un&#039;altra persona o entit\u00e0, o falsificare i propri dati<\/p>\n\n\n\n<p>f. Navigare o acquistare sul sito web di Craftjw se non si ha l&#039;et\u00e0 legale.<\/p>\n\n\n\n<h4 class=\"wp-block-heading\" id=\"4-2-privacidad-y-proteccion-de-datos\">4.2 Privacy e protezione dei dati<\/h4>\n\n\n\n<p>Noi di Craftjw ci preoccupiamo in modo particolare della sicurezza e della riservatezza dei dati forniti dai nostri clienti. Ci impegniamo a offrirti il miglior servizio e la migliore esperienza online. Puoi scoprire i tuoi diritti e come esercitarli sulla pagina [link all&#039;informativa sulla privacy\/sito web\/ecc.].\u00a0<a href=\"https:\/\/craftjw.com\/it\/politica-sulla-riservatezza\/\">Privacy<\/a>.<\/p>\n\n\n\n<h4 class=\"wp-block-heading\" id=\"4-3-condiciones-de-compra\">4.3 Condizioni di acquisto<\/h4>\n\n\n\n<h5 class=\"wp-block-heading\" id=\"4-3-1-sistema-de-venta\">4.3.1 Sistema di vendita<\/h5>\n\n\n\n<p>Per effettuare un acquisto, \u00e8 necessario inviare l&#039;ordine online tramite la procedura di pagamento designata. Puoi contattarci tramite&nbsp;<a href=\"mailto:info@kiemmi.com\">e-mail<\/a>&nbsp;Se hai bisogno di aiuto.<\/p>\n\n\n\n<h5 class=\"wp-block-heading\" id=\"4-3-2-impuestos-aplicables\">4.3.2 Imposte applicabili<\/h5>\n\n\n\n<p>Durante la procedura di acquisto, troverai un riepilogo dei prezzi dei prodotti visualizzati sul nostro sito web. Ti mostreremo i prezzi comprensivi di IVA e spese di spedizione, sempre prima della conferma dell&#039;acquisto.<\/p>\n\n\n\n<p>Le aliquote IVA possono variare a seconda del luogo di residenza, del tipo di prodotto e della sua origine. Per qualsiasi domanda relativa a una specifica esenzione IVA, vi preghiamo di contattarci direttamente via e-mail al seguente indirizzo:\u00a0<a href=\"mailto:info@kiemmi.com\">info@craftjw.com<\/a>.<\/p>\n\n\n\n<p>I dazi doganali, le spese di bonifico bancario, le formalit\u00e0 doganali o le ritenute alla fonte all&#039;origine, o quelli relativi alla consegna in territori speciali (vedere la sezione n. 4.3.4) o in paesi situati al di fuori dell&#039;Unione Europea, sono a carico del cliente e non sono inclusi nei prezzi indicati sul sito web.<\/p>\n\n\n\n<h5 class=\"wp-block-heading\" id=\"4-3-3-forma-de-pago\">4.3.3 Metodo di pagamento<\/h5>\n\n\n\n<p>Al momento dell&#039;ordine, \u00e8 necessario effettuare il pagamento utilizzando uno dei metodi di pagamento accettati sul nostro sito web. Solo a quel punto inizieremo la produzione dell&#039;ordine. In alcuni casi, e per prevenire potenziali frodi, Kiemmi si riserva il diritto di richiedere ai propri clienti di utilizzare uno specifico metodo di pagamento o di fornire ulteriore documentazione.<\/p>\n\n\n\n<h5 class=\"wp-block-heading\" id=\"4-3-4-forma-gastos-y-plazos-de-envio\">4.3.4 Metodo di spedizione, costi e tempi di consegna<\/h5>\n\n\n\n<p>Spediamo gli ordini ai nostri clienti in Europa e nel resto del mondo avvalendoci di diverse compagnie di spedizione. Il costo di spedizione viene calcolato automaticamente quando richiedete un preventivo o effettuate un ordine.<\/p>\n\n\n\n<p>Alcuni territori, pur appartenendo a uno specifico Paese, possono comportare costi aggiuntivi perch\u00e9 le compagnie di trasporto li considerano generalmente casi eccezionali. Tra gli esempi si annoverano Ceuta, Melilla, Guadalupa, Martinica e le Isole Canarie.<\/p>\n\n\n\n<p>I tempi di produzione sono indicati sul nostro sito web. \u00c8 possibile che un ordine subisca dei ritardi di produzione a causa di indisponibilit\u00e0 del prodotto, conferma tardiva da parte vostra, design errato, ecc. In ogni caso, noi di Kiemmi comprendiamo che dobbiamo consegnare i prodotti all&#039;indirizzo di spedizione da voi fornito il pi\u00f9 rapidamente possibile, in conformit\u00e0 con i tempi di produzione e spedizione, e comunque entro trenta (30) giorni di calendario dalla data di conferma dell&#039;ordine. Qualora si verificasse un ritardo, vi contatteremo per informarvi di eventuali modifiche.<\/p>\n\n\n\n<p>I tempi di consegna potrebbero subire ritardi a causa di eventi straordinari legati al trasporto (ad esempio, scioperi, condizioni meteorologiche avverse, situazioni politiche eccezionali, ecc.) o a causa di controlli doganali, ispezioni nel paese di destinazione o difficolt\u00e0 nella consegna della merce. Kiemmi non si assume alcuna responsabilit\u00e0 per i ritardi causati dal corriere o da procedure doganali. Tuttavia, ci impegniamo a sostituire qualsiasi ordine danneggiato o smarrito durante il trasporto entro un lasso di tempo ragionevole.<\/p>\n\n\n\n<h3 class=\"wp-block-heading\" id=\"5-garantias-cambios-cancelaciones-y-devoluciones\">5. Garanzie, cambi, annullamenti e resi<\/h3>\n\n\n\n<p>In qualit\u00e0 di utente, puoi modificare o aggiungere un nuovo design, cambiare l&#039;indirizzo di consegna e\/o di fatturazione oppure annullare l&#039;ordine, purch\u00e9 non sia ancora entrato nel processo di produzione.<\/p>\n\n\n\n<p>Per fare ci\u00f2, dovrai inviare un&#039;e-mail a\u00a0<a href=\"mailto:info@kiemmi.com\">info@craftjw.com<\/a>, Si prega di indicare il numero di riferimento dell&#039;ordine. Dopo aver verificato lo stato dell&#039;ordine, vi informeremo se \u00e8 possibile modificarlo o annullarlo.<\/p>\n\n\n\n<p>In qualit\u00e0 di utente e cliente, hai quattordici (14) giorni di calendario per annullare l&#039;acquisto e restituire il\/i prodotto\/i, a partire dal momento in cui ricevi l&#039;ordine, a condizione che non si tratti di un prodotto personalizzato, ovvero modificato per i nostri clienti secondo le loro istruzioni. Non possiamo accettare cambi o resi per prodotti personalizzati.<\/p>\n\n\n\n<p>I prodotti personalizzati possono presentare lievi modifiche in termini di colore, peso, consistenza, materiali, dimensioni o design, pur mantenendo sempre lo scopo e l&#039;idea iniziale mostrati sul nostro sito web. A vostra volta, siete tenuti a trattare i prodotti Craftjw con la massima cura, assicurandovi che non siano stati utilizzati e che non siano stati sottoposti a condizioni inadeguate o dannose, n\u00e9 a manipolazioni che possano comprometterne l&#039;integrit\u00e0. \u00c8 vostra responsabilit\u00e0 conservarli correttamente fino a quando non saranno stati ispezionati da noi di Kiemmi, qualora desideriate restituirli o presentare un reclamo.<\/p>\n\n\n\n<p>Le spese di spedizione per la restituzione sono a carico del cliente. Per avviare un reso, si prega di inviare un&#039;e-mail a\u00a0<a href=\"mailto:info@kiemmi.co\">info@craftjw.com<\/a>\u00a0Richiesta di rimborso per il tuo ordine.<\/p>\n\n\n\n<p>Una volta ricevuto l&#039;articolo e verificato che sia in condizioni non idonee, procederemo al rimborso, comprensivo delle spese di spedizione iniziali per l&#039;opzione di spedizione standard. Se il reso \u00e8 dovuto a un nostro errore, Craftjw si far\u00e0 carico delle spese di spedizione per la restituzione. In caso contrario, le spese di spedizione per la restituzione saranno a carico del cliente.<\/p>\n\n\n\n<p>Provvederemo al rimborso entro quattordici (14) giorni dal ricevimento del prodotto restituito, utilizzando lo stesso metodo di pagamento utilizzato per l&#039;acquisto.<\/p>\n\n\n\n<h3 class=\"wp-block-heading\" id=\"6-propiedad-intelectual\">6. Propriet\u00e0 intellettuale<\/h3>\n\n\n\n<p>Ci riserviamo tutti i diritti di propriet\u00e0 intellettuale e industriale relativi al sito web Craftjw, inclusi, a titolo esemplificativo ma non esaustivo: testi, immagini, design grafico, marchi, struttura di navigazione, informazioni e contenuti. Deteniamo in via esclusiva i diritti di sfruttamento di tali elementi in qualsiasi forma, e in particolare i diritti di riproduzione, distribuzione, comunicazione al pubblico e trasformazione, in conformit\u00e0 con la legge spagnola in materia di propriet\u00e0 intellettuale e industriale.<\/p>\n\n\n\n<p>Se, in qualit\u00e0 di utente, personalizzi un prodotto sul sito web di Kiemmi con un&#039;immagine da te fornita che non proviene dal catalogo di immagini di Craftjw, devi garantire di possedere tutti i necessari diritti di propriet\u00e0 intellettuale e industriale, nonch\u00e9 tutti i diritti d&#039;immagine o di privacy relativi a persone fisiche o giuridiche, necessari per utilizzare l&#039;immagine nel modo desiderato. Inoltre, in qualit\u00e0 di utente, ci concedi una licenza limitata per riprodurre, comunicare, distribuire e trasformare l&#039;immagine da te fornita nel\/i prodotto\/i personalizzato\/i che ordini. Questa licenza cesser\u00e0 una volta che il prodotto sar\u00e0 stato fabbricato e spedito al tuo indirizzo di consegna.<\/p>\n\n\n\n<p>L&#039;utente esonera Craftjw da qualsiasi responsabilit\u00e0 per rivendicazioni di terzi derivanti dall&#039;uso illegittimo o criminale di immagini soggette a diritti di propriet\u00e0 intellettuale o industriale, o diritti di immagine o di privacy di persone fisiche in prodotti personalizzati tramite i nostri siti web.<\/p>\n\n\n\n<h3 class=\"wp-block-heading\" id=\"7-quejas-y-reclamaciones\">7. Reclami e richieste di risarcimento<\/h3>\n\n\n\n<p>Come cliente, puoi sempre contattarci\u00a0<a href=\"mailto:info@kiemmi.com\">info@craftjw.com<\/a>\u00a0Per presentare reclami, suggerimenti o richieste di risarcimento derivanti dalla fornitura dei nostri servizi, si prega di fornire il numero di fattura o d&#039;ordine per velocizzare la procedura. Ci impegniamo a rispondere alle richieste entro sette (7) giorni lavorativi dalla data di ricezione. Se il reclamo riguarda un prodotto non fabbricato da Kiemmi, tale termine potrebbe essere esteso per consentirci di contattare il produttore.<\/p>\n\n\n\n<p>Non \u00e8 possibile presentare reclami o contestazioni relativi agli ordini una volta trascorsi sette (7) giorni dalla loro effettiva consegna.<\/p>\n\n\n\n<h3 class=\"wp-block-heading\" id=\"8-derechos-de-camaloon\">8. Diritti di Craftjw<\/h3>\n\n\n\n<h4 class=\"wp-block-heading\" id=\"8-1-monitorizacion\">8.1 Monitoraggio<\/h4>\n\n\n\n<p>Noi di Craftjwnos ci riserviamo il diritto (ma non l&#039;obbligo) di monitorare tutte le transazioni e le comunicazioni che avvengono sul nostro sito web. Qualora ritenessimo, a nostra esclusiva discrezione, che un utente o un cliente abbia violato o possa violare una qualsiasi delle presenti Condizioni Generali di Utilizzo e Vendita, o che una transazione o una comunicazione sia inappropriata, potremmo annullare o limitare l&#039;accesso di tale utente, senza possibilit\u00e0 di ricorso futuro.<\/p>\n\n\n\n<h4 class=\"wp-block-heading\" id=\"8-2-modificacion-del-servicio\">8.2 Modifica del servizio<\/h4>\n\n\n\n<p>Noi di Craftjw ci riserviamo il diritto di modificare il layout, l&#039;organizzazione e l&#039;aspetto del nostro sito web e dei servizi che offriamo, e possiamo cambiare o sospendere qualsiasi aspetto dei nostri servizi e\/o prezzi senza preavviso e senza possibilit\u00e0 di ricorso.<\/p>\n\n\n\n<h4 class=\"wp-block-heading\" id=\"8-3-cancelacion-del-contrato\">8.3 Annullamento del contratto<\/h4>\n\n\n\n<p>Noi di Craftjw, a nostra esclusiva discrezione e con o senza preavviso, potremmo:<\/p>\n\n\n\n<ul class=\"wp-block-list\">\n<li>Sospendere o limitare l&#039;utilizzo di Craftjw per un utente specifico, nonch\u00e9 chiudere completamente un account o revocare l&#039;accesso alle nostre pagine web.<\/li>\n\n\n\n<li>Bloccare o annullare la produzione di qualsiasi ordine che includa immagini che costituiscano reato, violino i diritti di terzi, siano offensive, di cattivo gusto, contengano messaggi violenti, abusivi, estremamente radicali, settari o contrari ai diritti umani fondamentali.<\/li>\n\n\n\n<li>Bloccare o annullare la produzione di qualsiasi ordine che, una volta esaminato, presenti errori di progettazione, di calcolo del prezzo, che non offra sufficienti garanzie sul risultato finale, ecc.<\/li>\n\n\n\n<li>Segnalate alle autorit\u00e0 competenti qualsiasi abuso o frode che si verifichi sui nostri siti web.<\/li>\n\n\n\n<li>Rimuoveremo qualsiasi contenuto che riteniamo inappropriato dai server e dalle directory di Craftjw, o qualsiasi contenuto che sia stato suggerito da un utente.<\/li>\n\n\n\n<li>Interrompere la vendita di qualsiasi prodotto specifico o in qualsiasi valuta diversa dall&#039;euro (\u20ac).<\/li>\n\n\n\n<li>Ci riserviamo il diritto di interrompere il servizio a nostra discrezione o di offrirlo in forma limitata.<\/li>\n<\/ul>\n\n\n\n<h3 class=\"wp-block-heading\" id=\"9-politica-de-enlaces\">9. Normativa sui link<\/h3>\n\n\n\n<p>Noi di Craftjw non siamo responsabili per i siti web o i file accessibili tramite collegamenti ipertestuali presenti nei nostri contenuti. La responsabilit\u00e0 ricade sui rispettivi proprietari. Pertanto, non approviamo n\u00e9 adottiamo i prodotti, i servizi, i contenuti, le informazioni, i dati, i file o qualsiasi altro materiale presente su tali siti web o file, e non controlliamo n\u00e9 ci assumiamo la responsabilit\u00e0 della qualit\u00e0, della legalit\u00e0, dell&#039;affidabilit\u00e0 o dell&#039;utilit\u00e0 delle informazioni, dei contenuti e dei servizi presenti sui siti esterni al nostro sito web.<\/p>\n\n\n\n<p>Qualora lo si ritenga opportuno, o qualora un&#039;autorit\u00e0 competente dichiari illeciti i dati, ordinandone la rimozione o impedendone l&#039;accesso, oppure qualora sia stato accertato il danno e ne siamo stati espressamente informati, provvederemo immediatamente a rimuovere i link indicati.<\/p>\n\n\n\n<h3 class=\"wp-block-heading\" id=\"10-limitacion-de-responsabilidad\">10. Limitazione di responsabilit\u00e0<\/h3>\n\n\n\n<p>Decliniamo ogni responsabilit\u00e0 per eventuali danni di qualsiasi natura derivanti dall&#039;indisponibilit\u00e0 o dall&#039;interruzione dei nostri siti web. Decliniamo altres\u00ec ogni responsabilit\u00e0 derivante dall&#039;uso improprio o scorretto dei nostri prodotti.<\/p>\n\n\n\n<h3 class=\"wp-block-heading\" id=\"11-cambios-en-las-presentes-condiciones-generales-de-uso-y-venta\">11. Modifiche alle presenti Condizioni generali di utilizzo e vendita<\/h3>\n\n\n\n<p>Ci riserviamo il diritto di modificare qualsiasi aspetto delle presenti Condizioni generali di utilizzo e vendita, inclusi i prezzi, i modelli accettati o i contenuti non accettabili.<\/p>\n\n\n\n<h3 class=\"wp-block-heading\" id=\"12-legislacion-aplicable-y-jurisdiccion-competente\">12. Legge applicabile e giurisdizione competente<\/h3>\n\n\n\n<p>Le presenti Condizioni generali di utilizzo e vendita sono regolate dalla legge spagnola.<\/p>\n\n\n\n<p>Qualora un individuo effettui l&#039;acquisto di prodotti, per la risoluzione di eventuali controversie le parti concordano di sottoporsi all&#039;arbitrato per i consumatori previsto dalla normativa vigente, rinunciando a qualsiasi altra giurisdizione che possa loro spettare.<\/p>\n\n\n\n<p>Qualora un&#039;azienda effettui l&#039;acquisto di prodotti, per la risoluzione di eventuali controversie le parti convengono di sottoporsi alla giurisdizione dei tribunali competenti di Nules, rinunciando a qualsiasi altra giurisdizione che possa loro spettare.<\/p>","protected":false},"excerpt":{"rendered":"<p>1. Datos identificativos de craftjw.com El prestador del servicio del sitio web es Emmanuel Kielichowski (en adelante, &#8220;Craftjw&#8221;), con VAT [&hellip;]<\/p>\n","protected":false},"author":4,"featured_media":0,"parent":0,"menu_order":0,"comment_status":"closed","ping_status":"closed","template":"","meta":{"_seopress_robots_primary_cat":"","_seopress_titles_title":"","_seopress_titles_desc":"","_seopress_robots_index":"yes","site-sidebar-layout":"default","site-content-layout":"","ast-site-content-layout":"default","site-content-style":"default","site-sidebar-style":"default","ast-global-header-display":"","ast-banner-title-visibility":"","ast-main-header-display":"","ast-hfb-above-header-display":"","ast-hfb-below-header-display":"","ast-hfb-mobile-header-display":"","site-post-title":"","ast-breadcrumbs-content":"","ast-featured-img":"","footer-sml-layout":"","ast-disable-related-posts":"","theme-transparent-header-meta":"","adv-header-id-meta":"","stick-header-meta":"","header-above-stick-meta":"","header-main-stick-meta":"","header-below-stick-meta":"","astra-migrate-meta-layouts":"default","ast-page-background-enabled":"default","ast-page-background-meta":{"desktop":{"background-color":"var(--ast-global-color-5)","background-image":"","background-repeat":"repeat","background-position":"center center","background-size":"auto","background-attachment":"scroll","background-type":"","background-media":"","overlay-type":"","overlay-color":"","overlay-opacity":"","overlay-gradient":""},"tablet":{"background-color":"","background-image":"","background-repeat":"repeat","background-position":"center center","background-size":"auto","background-attachment":"scroll","background-type":"","background-media":"","overlay-type":"","overlay-color":"","overlay-opacity":"","overlay-gradient":""},"mobile":{"background-color":"","background-image":"","background-repeat":"repeat","background-position":"center center","background-size":"auto","background-attachment":"scroll","background-type":"","background-media":"","overlay-type":"","overlay-color":"","overlay-opacity":"","overlay-gradient":""}},"ast-content-background-meta":{"desktop":{"background-color":"var(--ast-global-color-4)","background-image":"","background-repeat":"repeat","background-position":"center center","background-size":"auto","background-attachment":"scroll","background-type":"","background-media":"","overlay-type":"","overlay-color":"","overlay-opacity":"","overlay-gradient":""},"tablet":{"background-color":"var(--ast-global-color-4)","background-image":"","background-repeat":"repeat","background-position":"center center","background-size":"auto","background-attachment":"scroll","background-type":"","background-media":"","overlay-type":"","overlay-color":"","overlay-opacity":"","overlay-gradient":""},"mobile":{"background-color":"var(--ast-global-color-4)","background-image":"","background-repeat":"repeat","background-position":"center center","background-size":"auto","background-attachment":"scroll","background-type":"","background-media":"","overlay-type":"","overlay-color":"","overlay-opacity":"","overlay-gradient":""}},"footnotes":""},"class_list":["post-2743","page","type-page","status-publish","hentry"],"_links":{"self":[{"href":"https:\/\/craftjw.com\/it\/wp-json\/wp\/v2\/pages\/2743","targetHints":{"allow":["GET"]}}],"collection":[{"href":"https:\/\/craftjw.com\/it\/wp-json\/wp\/v2\/pages"}],"about":[{"href":"https:\/\/craftjw.com\/it\/wp-json\/wp\/v2\/types\/page"}],"author":[{"embeddable":true,"href":"https:\/\/craftjw.com\/it\/wp-json\/wp\/v2\/users\/4"}],"replies":[{"embeddable":true,"href":"https:\/\/craftjw.com\/it\/wp-json\/wp\/v2\/comments?post=2743"}],"version-history":[{"count":1,"href":"https:\/\/craftjw.com\/it\/wp-json\/wp\/v2\/pages\/2743\/revisions"}],"predecessor-version":[{"id":52858,"href":"https:\/\/craftjw.com\/it\/wp-json\/wp\/v2\/pages\/2743\/revisions\/52858"}],"wp:attachment":[{"href":"https:\/\/craftjw.com\/it\/wp-json\/wp\/v2\/media?parent=2743"}],"curies":[{"name":"wp","href":"https:\/\/api.w.org\/{rel}","templated":true}]}}