{"id":1777,"date":"2020-07-24T07:11:47","date_gmt":"2020-07-24T07:11:47","guid":{"rendered":"https:\/\/www.tks3d.com\/?page_id=3"},"modified":"2026-04-01T08:53:54","modified_gmt":"2026-04-01T06:53:54","slug":"politica-sulla-riservatezza","status":"publish","type":"page","link":"https:\/\/craftjw.com\/it\/politica-de-privacidad\/","title":{"rendered":"politica sulla riservatezza"},"content":{"rendered":"<h3 class=\"wp-block-heading\" id=\"reglamento-europeo-de-proteccion-de-datos-rgpd\">Regolamento generale sulla protezione dei dati (GDPR) europeo<\/h3>\n\n\n\n<p>Vi informiamo espressamente che questa sezione \u00e8 dedicata esclusivamente al trattamento dei dati che Emmanuel Kielichowski (di seguito KIEMMI) effettuer\u00e0 sui dati personali forniti tramite questo sito web, che saranno inseriti negli archivi che vi indicheremo in conformit\u00e0 con le disposizioni della normativa vigente in materia di protezione dei dati personali (REGOLAMENTO (UE) 2016\/679 DEL PARLAMENTO EUROPEO E DEL CONSIGLIO del 27 aprile 2016 relativo alla protezione delle persone fisiche con riguardo al trattamento dei dati personali, nonch\u00e9 alla libera circolazione di tali dati, entrato in vigore il 25 maggio 2018, di seguito GDPR, nonch\u00e9 la normativa spagnola di attuazione).<\/p>\n\n\n\n<h3 class=\"wp-block-heading\" id=\"conceptos\">Concetti<\/h3>\n\n\n\n<p>Definizioni che utilizzeremo nella presente Informativa sulla privacy:<\/p>\n\n\n\n<ul class=\"wp-block-list\"><li>KIEMMI: Emmanuel Kielichowski \u00e8 il proprietario di questo sito web.<\/li><li>WEB: Si riferisce a questo sito web (www.kiemmi.com).<\/li><li>UTENTE WEB: Utente del sito web www.kiemmi.com<\/li><li>CLIENTE: Utente che ha sottoscritto un contratto per i servizi di KIEMMI.<\/li><li>PARTNER: Collaboratore di KIEMMI.<\/li><\/ul>\n\n\n\n<h3 class=\"wp-block-heading\" id=\"responsable-del-tratamiento-de-los-datos-personales\">Responsabile del trattamento dei dati personali<\/h3>\n\n\n\n<p>Il titolare del sito web www.kiemmi.com \u00e8 Emmanuel Kielichowski, con NIE: X2878559V, sede legale: C\/ Claveles, 4 \u2013 12600 Vall de Ux\u00f3, Castell\u00f3n, e indirizzo email: info@kiemmi.com<\/p>\n\n\n\n<p>Nel rispetto del GDPR, La informiamo che i dati forniti, cos\u00ec come i dati derivanti dalla Sua navigazione, saranno trattati e protetti da KIEMI, in qualit\u00e0 di titolare del trattamento, al fine di dare seguito alla Sua richiesta e di mantenere il rapporto instaurato nel contratto da Lei sottoscritto o che ha sottoscritto con noi.<\/p>\n\n\n\n<h3 class=\"wp-block-heading\" id=\"principios-que-aplicamos-en-el-tratamiento-de-datos-personales\">Principi che applichiamo nel trattamento dei dati personali<\/h3>\n\n\n\n<p>In conformit\u00e0 al Capitolo II del GDPR e ai codici di condotta per il trattamento dei dati personali, la nostra azienda e le nostre procedure applicano i seguenti principi al trattamento dei dati personali al fine di tutelare i diritti e le libert\u00e0 degli utenti:<\/p>\n\n\n\n<ul class=\"wp-block-list\"><li><strong>Dati minimi richiesti:<\/strong>&nbsp;Nel trattamento dei dati, raccoglieremo e tratteremo solo i dati minimi necessari per ciascuna finalit\u00e0 e categoria di interessati.<\/li><li><strong>Legalit\u00e0 e trasparenza:<\/strong> Nel trattamento dei vostri dati, ci basiamo sempre su una base giuridica legittima: il cliente ha stipulato un contratto con noi, l&#039;utente ha fornito i propri dati tramite il modulo di contatto, ecc., e in tutti i casi ha formalizzato il contratto o prestato il proprio consenso. E sempre per le finalit\u00e0 descritte nel presente documento.<\/li><li><strong>Limiti relativi al periodo di conservazione:<\/strong>&nbsp;Conserveremo i dati per il tempo minimo necessario, a meno che non ne richiediate la cancellazione prima.<\/li><li><strong>Riservatezza e integrit\u00e0:<\/strong>&nbsp;Garantiamo adeguate misure di sicurezza per i dati personali e la loro riservatezza.<\/li><\/ul>\n\n\n\n<h3 class=\"wp-block-heading\" id=\"veracidad-y-exactitud-de-los-datos-personales-facilitados\">Veridicit\u00e0 e accuratezza dei dati personali forniti<\/h3>\n\n\n\n<p>L&#039;UTENTE WEB, CLIENTE o PARTNER, i cui dati saranno trattati dalla societ\u00e0, garantisce che i dati forniti sono veritieri e accurati.<\/p>\n\n\n\n<p>Se hai fornito dati personali di un&#039;altra persona, garantisci che tale persona ha autorizzato e acconsentito a fornirci questi dati e ti assumi tutte le responsabilit\u00e0 derivanti dall&#039;utilizzo e dal trattamento di tali dati, qualora tu non disponga di tale autorizzazione.<\/p>\n\n\n\n<p>La preghiamo di notare che lei \u00e8 l&#039;unica fonte di informazioni relative ai suoi dati personali. Pertanto, al fine di mantenere i suoi dati sempre aggiornati in conformit\u00e0 con i principi del Capitolo II del GDPR, la preghiamo di informare il nostro responsabile del trattamento di eventuali modifiche inviando un&#039;e-mail all&#039;indirizzo info@kiemmi.com.<\/p>\n\n\n\n<p>In qualsiasi momento, l&#039;interessato pu\u00f2 modificare o cancellare i dati forniti, nel rispetto dei diritti di accesso, rettifica, cancellazione, opposizione, limitazione e portabilit\u00e0.<\/p>\n\n\n\n<h3 class=\"wp-block-heading\" id=\"menores-de-edad\">Minori<\/h3>\n\n\n\n<p>Il sito web www.kiemmi.com non \u00e8 rivolto ai minori. Tutti gli UTENTI DEL SITO WEB, CLIENTI o PARTNER del sito web e dei servizi offerti devono essere maggiorenni. In caso contrario, il contratto tra KIEMMI e il suddetto utente o cliente sar\u00e0 nullo e privo di effetto, e in ogni caso, decliniamo ogni responsabilit\u00e0 che possa derivare dal mancato rispetto di questo requisito.<\/p>\n\n\n\n<h3 class=\"wp-block-heading\" id=\"encargados-del-tratamiento\">Coloro che sono responsabili del trattamento<\/h3>\n\n\n\n<p>KIEMMI si avvale di collaboratori per alcuni servizi. Quando queste aziende esterne elaborano dati nell&#039;ambito della fornitura di tali servizi, la legge le definisce &quot;Responsabili del trattamento dei dati&quot;.<\/p>\n\n\n\n<p>Per erogare i nostri servizi, ci avvaliamo di fornitori esterni all&#039;interno dell&#039;UE\/SEE in qualit\u00e0 di subappaltatori, i quali rispettano tutti gli obblighi e i requisiti della presente informativa sulla privacy.<\/p>\n\n\n\n<p>Di seguito \u00e8 riportato l&#039;elenco dei fornitori:<\/p>\n\n\n\n<ul class=\"wp-block-list\"><li>Clouding: servizio server<\/li><\/ul>\n\n\n\n<p>Pertanto, garantiamo che questi e altri subappaltatori che potrebbero essere utilizzati in futuro, rispettano e rispetteranno tutti gli obblighi e i requisiti della presente informativa sulla privacy.<\/p>\n\n\n\n<h3 class=\"wp-block-heading\" id=\"cesion-de-datos\">Trasferimento dati<\/h3>\n\n\n\n<p>Garantiamo che non trasferiremo l&#039;utilizzo dei vostri dati a terzi per l&#039;invio di materiale pubblicitario e che li trasferiremo esclusivamente ai titolari del trattamento indicati nel punto precedente, e solo per le finalit\u00e0 specificate in ciascun caso.<\/p>\n\n\n\n<p>Pertanto, come previsto dall&#039;articolo 13.1, paragrafo a) del GDPR, KIEMMI non condivide i dati e quindi non ha destinatari degli stessi.<\/p>\n\n\n\n<h3 class=\"wp-block-heading\" id=\"derechos-en-el-tratamiento-de-datos-personales\">Diritti relativi al trattamento dei dati personali<\/h3>\n\n\n\n<p>Nel rispetto delle disposizioni del GDPR, \u00e8 possibile contattare KIEMMI, in qualit\u00e0 di titolare del trattamento dei dati, in qualsiasi momento nella sezione <strong>Responsabile del trattamento dei dati personali<\/strong> In relazione alla presente informativa sulla privacy, hai il diritto di esercitare i diritti di accesso, rettifica, cancellazione, opposizione, portabilit\u00e0 e revoca del consenso relativi ai tuoi dati personali contenuti nei nostri archivi.<\/p>\n\n\n\n<p>A- Diritto di richiedere l&#039;accesso ai dati personali: puoi chiederci se stiamo trattando i tuoi dati, quali dati specifici, da dove li abbiamo ottenuti, ecc. Articolo 15 del GDPR.<\/p>\n\n\n\n<p>B- Diritto di richiederne la rettifica (se inesatti) o la cancellazione (quando i dati personali non sono pi\u00f9 necessari rispetto alle finalit\u00e0 per cui sono stati raccolti). Articolo 16 GDPR.<\/p>\n\n\n\n<p>C - Diritto di richiedere la limitazione o la cancellazione del trattamento dei dati, nel qual caso i dati saranno conservati da noi solo per l&#039;esercizio o la difesa di diritti in sede giudiziaria. Articoli 17 e 18.<\/p>\n\n\n\n<p>D - Diritto di opposizione al trattamento: Interromperemo il trattamento dei Suoi dati secondo le modalit\u00e0 da Lei indicate, a meno che non sussistano motivi legittimi per cui siamo tenuti a continuare il trattamento. Articolo 21.<\/p>\n\n\n\n<p>E - Diritto alla portabilit\u00e0 dei dati: Se desideri che i tuoi dati vengano trattati da un&#039;altra azienda, faciliteremo il trasferimento dei tuoi dati a qualsiasi altra azienda da te indicata, in un formato strutturato, intelligibile e automatizzato. Articolo 20.<\/p>\n\n\n\n<p>Questi diritti sono strettamente personali e saranno esercitati dall&#039;interessato, a meno che non conferisca una procura sufficiente a un&#039;altra persona. Il Titolare del trattamento risponder\u00e0 a qualsiasi richiesta di esercizio di tali diritti entro dieci giorni dal ricevimento della richiesta. Qualora il Titolare del trattamento ritenga che la richiesta non possa essere accolta, informer\u00e0 l&#039;interessato dei motivi di tale decisione entro il suddetto termine.<\/p>\n\n\n\n<p>Se ritieni che vi sia un problema nel modo in cui trattiamo i tuoi dati e non sei soddisfatto della risposta alla tua richiesta, puoi presentare un reclamo all&#039;Agenzia spagnola per la protezione dei dati (www.agpd.es). Puoi anche presentare un reclamo all&#039;autorit\u00e0 giudiziaria competente, se lo ritieni opportuno.<\/p>\n\n\n\n<h3 class=\"wp-block-heading\" id=\"tiempo-de-conservacion-de-los-datos\">Periodo di conservazione dei dati<\/h3>\n\n\n\n<p>In ottemperanza all&#039;obbligo indicato all&#039;articolo 13.2.a) del GDPR, La informiamo dei periodi di conservazione dei dati personali in ciascun caso:<\/p>\n\n\n\n<p>I dati personali trattati da KIEMMI saranno conservati fino a quando l&#039;UTENTE WEB, il CLIENTE o il PARTNER non ci comunicher\u00e0 la propria volont\u00e0 di cancellare i dati in fase di trattamento.<\/p>\n\n\n\n<h3 class=\"wp-block-heading\" id=\"secreto-y-seguridad-de-los-datos\">Segretezza e sicurezza dei dati<\/h3>\n\n\n\n<p>In conformit\u00e0 con le disposizioni dell&#039;articolo 32 del GDPR, KIEMMI La informa di aver implementato le necessarie misure di sicurezza tecniche e organizzative per prevenire tutti i rischi inerenti alle attivit\u00e0 e ai servizi svolti dall&#039;azienda e per garantire la sicurezza dei Suoi dati personali e prevenirne l&#039;alterazione, la perdita e il trattamento e\/o l&#039;accesso non autorizzati, tenendo conto dello stato dell&#039;arte, della natura dei dati memorizzati e dei rischi a cui sono esposti, siano essi derivanti da azioni umane o da fattori fisici o naturali. KIEMMI monitora, controlla e valuta costantemente i processi stabiliti per garantire il rispetto della riservatezza dei Suoi dati. Tali dati vengono raccolti dall&#039;utente tramite HTTPS (Hypertext Transfer Protocol Secure), un protocollo di sicurezza che consente la trasmissione crittografata dei dati tra il server del sito web e l&#039;utente, e viceversa.<\/p>\n\n\n\n<p>KIEMMI ha condotto un&#039;analisi dei rischi relativi al trattamento dei dati personali e possiede la capacit\u00e0 di garantire la continua riservatezza, integrit\u00e0, disponibilit\u00e0 e resilienza dei sistemi e dei servizi di trattamento; la capacit\u00e0 di ripristinare rapidamente la disponibilit\u00e0 e l&#039;accesso ai dati personali in caso di incidente fisico o tecnico; e un processo di verifica, valutazione e accertamento periodici dell&#039;efficacia delle misure tecniche e organizzative volte a garantire la sicurezza del trattamento.<\/p>\n\n\n\n<p>In conformit\u00e0 agli articoli 33 e 34 del GDPR, KIEMMI garantisce che, in caso di qualsiasi minima violazione dei sistemi che possa comportare una violazione della sicurezza dei dati personali, il titolare del trattamento provveder\u00e0 a notificare l&#039;Agenzia spagnola per la protezione dei dati e le parti interessate entro un periodo massimo di 72 ore.<\/p>\n\n\n\n<h3 class=\"wp-block-heading\" id=\"hipervinculos\">Collegamenti ipertestuali<\/h3>\n\n\n\n<p>Sebbene il nostro sito web possa includere link ad altri siti non gestiti o controllati da KIEMMI, si prega di notare che non possiamo garantire n\u00e9 assumerci la responsabilit\u00e0 della legalit\u00e0, affidabilit\u00e0, utilit\u00e0, accuratezza e tempestivit\u00e0 dei contenuti di tali siti web. Pertanto, prima di fornire i vostri dati personali a questi siti web esterni a KIEMMI, vi preghiamo di consultare le loro politiche sulla privacy e di tenere presente che potrebbero differire dalle nostre.<\/p>\n\n\n\n<h3 class=\"wp-block-heading\" id=\"usuarios-y-accesos-restringidos\">Utenti e accesso limitati<\/h3>\n\n\n\n<p>Per accedere alle aree riservate, gli utenti devono essere in possesso dei relativi codici di accesso.<br>KIEMMI si riserva il diritto di accettare o rifiutare liberamente qualsiasi richiesta di registrazione da parte dell&#039;utente. I dati inseriti dagli utenti devono essere accurati, aggiornati e veritieri e saranno trattati e gestiti in conformit\u00e0 con la normativa vigente in materia di protezione dei dati personali.<\/p>\n\n\n\n<p>Gli utenti sono responsabili della protezione delle proprie credenziali di accesso e saranno gli unici responsabili per eventuali danni derivanti da un uso improprio, dalla perdita o da qualsiasi altra circostanza che possa comportare un rischio di accesso o utilizzo non autorizzato da parte di terzi. Gli utenti devono informare immediatamente KIEMMI all&#039;indirizzo di contatto fornito, in modo che possiamo bloccare e sostituire le credenziali.<\/p>\n\n\n\n<h3 class=\"wp-block-heading\" id=\"cambios-en-la-politica-de-privacidad\">Modifiche all&#039;informativa sulla privacy<\/h3>\n\n\n\n<p>KIEMMI si riserva il diritto di modificare la presente Informativa sulla privacy a propria discrezione o a seguito di modifiche legislative, giurisprudenziali o dottrinali da parte dell&#039;Agenzia spagnola per la protezione dei dati. Eventuali modifiche all&#039;Informativa sulla privacy saranno pubblicate sul nostro sito web.<\/p>","protected":false},"excerpt":{"rendered":"<p>Reglamento europeo de protecci\u00f3n de datos (RGPD) Te informamos expresamente de que este apartado est\u00e1 dirigido exclusivamente al tratamiento de [&hellip;]<\/p>\n","protected":false},"author":4,"featured_media":0,"parent":0,"menu_order":0,"comment_status":"closed","ping_status":"closed","template":"","meta":{"_seopress_robots_primary_cat":"0","_seopress_titles_title":"","_seopress_titles_desc":"","_seopress_robots_index":"yes","site-sidebar-layout":"default","site-content-layout":"","ast-site-content-layout":"default","site-content-style":"default","site-sidebar-style":"default","ast-global-header-display":"","ast-banner-title-visibility":"","ast-main-header-display":"","ast-hfb-above-header-display":"","ast-hfb-below-header-display":"","ast-hfb-mobile-header-display":"","site-post-title":"","ast-breadcrumbs-content":"","ast-featured-img":"","footer-sml-layout":"","ast-disable-related-posts":"","theme-transparent-header-meta":"","adv-header-id-meta":"","stick-header-meta":"","header-above-stick-meta":"","header-main-stick-meta":"","header-below-stick-meta":"","astra-migrate-meta-layouts":"default","ast-page-background-enabled":"default","ast-page-background-meta":{"desktop":{"background-color":"var(--ast-global-color-5)","background-image":"","background-repeat":"repeat","background-position":"center center","background-size":"auto","background-attachment":"scroll","background-type":"","background-media":"","overlay-type":"","overlay-color":"","overlay-opacity":"","overlay-gradient":""},"tablet":{"background-color":"","background-image":"","background-repeat":"repeat","background-position":"center center","background-size":"auto","background-attachment":"scroll","background-type":"","background-media":"","overlay-type":"","overlay-color":"","overlay-opacity":"","overlay-gradient":""},"mobile":{"background-color":"","background-image":"","background-repeat":"repeat","background-position":"center center","background-size":"auto","background-attachment":"scroll","background-type":"","background-media":"","overlay-type":"","overlay-color":"","overlay-opacity":"","overlay-gradient":""}},"ast-content-background-meta":{"desktop":{"background-color":"var(--ast-global-color-4)","background-image":"","background-repeat":"repeat","background-position":"center center","background-size":"auto","background-attachment":"scroll","background-type":"","background-media":"","overlay-type":"","overlay-color":"","overlay-opacity":"","overlay-gradient":""},"tablet":{"background-color":"var(--ast-global-color-4)","background-image":"","background-repeat":"repeat","background-position":"center center","background-size":"auto","background-attachment":"scroll","background-type":"","background-media":"","overlay-type":"","overlay-color":"","overlay-opacity":"","overlay-gradient":""},"mobile":{"background-color":"var(--ast-global-color-4)","background-image":"","background-repeat":"repeat","background-position":"center center","background-size":"auto","background-attachment":"scroll","background-type":"","background-media":"","overlay-type":"","overlay-color":"","overlay-opacity":"","overlay-gradient":""}},"footnotes":""},"class_list":["post-1777","page","type-page","status-publish","hentry"],"_links":{"self":[{"href":"https:\/\/craftjw.com\/it\/wp-json\/wp\/v2\/pages\/1777","targetHints":{"allow":["GET"]}}],"collection":[{"href":"https:\/\/craftjw.com\/it\/wp-json\/wp\/v2\/pages"}],"about":[{"href":"https:\/\/craftjw.com\/it\/wp-json\/wp\/v2\/types\/page"}],"author":[{"embeddable":true,"href":"https:\/\/craftjw.com\/it\/wp-json\/wp\/v2\/users\/4"}],"replies":[{"embeddable":true,"href":"https:\/\/craftjw.com\/it\/wp-json\/wp\/v2\/comments?post=1777"}],"version-history":[{"count":1,"href":"https:\/\/craftjw.com\/it\/wp-json\/wp\/v2\/pages\/1777\/revisions"}],"predecessor-version":[{"id":53042,"href":"https:\/\/craftjw.com\/it\/wp-json\/wp\/v2\/pages\/1777\/revisions\/53042"}],"wp:attachment":[{"href":"https:\/\/craftjw.com\/it\/wp-json\/wp\/v2\/media?parent=1777"}],"curies":[{"name":"wp","href":"https:\/\/api.w.org\/{rel}","templated":true}]}}