{"id":1617,"date":"2026-03-14T23:34:42","date_gmt":"2026-03-14T22:34:42","guid":{"rendered":"https:\/\/craftjw.com\/producto\/iman-de-nevera-de-madera-con-el-texto-del-ano-2026-jw\/"},"modified":"2026-03-19T07:40:34","modified_gmt":"2026-03-19T06:40:34","slug":"aimant-de-refrigerateur-en-bois-avec-le-texte-2026-jw","status":"publish","type":"product","link":"https:\/\/craftjw.com\/fr\/shop\/imanes-de-nevera\/iman-de-nevera-de-madera-con-el-texto-del-ano-2026-jw\/","title":{"rendered":"Aimant de r\u00e9frig\u00e9rateur en bois avec le texte \u00ab 2026 JW \u00bb"},"content":{"rendered":"<p>Il <strong>Aimant de r\u00e9frig\u00e9rateur en bois avec le texte biblique de l&#039;ann\u00e9e 2026<\/strong> Accessoire d\u00e9coratif d&#039;une grande valeur spirituelle, il est r\u00e9alis\u00e9 artisanalement avec soin et pr\u00e9cision. Il allie la chaleur du bois naturel \u00e0 une gravure laser d&#039;une grande finesse, gage d&#039;\u00e9l\u00e9gance et de durabilit\u00e9.<\/p>\n<p>Avec des dimensions de <strong>6,7 cm x 6,4 cm x 0,3 cm<\/strong>, Cet aimant a la taille id\u00e9ale pour \u00eatre plac\u00e9 sur le r\u00e9frig\u00e9rateur, un tableau m\u00e9tallique ou toute autre surface magn\u00e9tique de votre maison, devenant ainsi un rappel inspirant que vous verrez chaque jour.<\/p>\n<p>L&#039;\u00e9l\u00e9ment principal de ce design est le texte pour l&#039;ann\u00e9e 2026\u00a0:<\/p>\n<p>\ud83d\udc49 \u201c Heureux les pauvres en esprit, car le royaume des cieux est \u00e0 eux. \u201d (Matthieu 5:3).<\/p>\n<p>Un message qui renforce la foi et nous rappelle l&#039;importance de donner la priorit\u00e9 \u00e0 nos besoins spirituels.<\/p>\n<p>Cet aimant n&#039;est pas seulement une touche personnelle, c&#039;est aussi un <strong>Un cadeau id\u00e9al pour les fr\u00e8res et s\u0153urs de la congr\u00e9gation, les pionniers r\u00e9guliers, les amis ou les membres de la famille.<\/strong> Ils appr\u00e9cieront ce rappel spirituel \u00e0 la fois pratique et d\u00e9coratif. Sa finition artisanale en fait un objet unique et pr\u00e9cieux, qui sera toujours ch\u00e9ri.<\/p>\n<p><strong>\ud83c\udf81 Caract\u00e9ristiques principales\u00a0:<\/strong><\/p>\n<ul>\n<li>\u2728 Fabriqu\u00e9 avec du bois naturel de haute qualit\u00e9.<\/li>\n<li>\ud83e\udeb5 Gravure laser, avec des finitions \u00e9l\u00e9gantes et pr\u00e9cises.<\/li>\n<li>\ud83d\udcd6 Comprend le texte biblique pour l&#039;ann\u00e9e 2026 (Matthieu 5:3).<\/li>\n<li>\ud83e\uddf2 Format compact et pratique pour r\u00e9frig\u00e9rateur ou autres surfaces magn\u00e9tiques.<\/li>\n<li>\ud83c\udf81 Id\u00e9al comme cadeau spirituel pour la congr\u00e9gation ou les \u00eatres chers.<\/li>\n<\/ul>\n<p>Il <strong>aimant en bois avec le texte 2026<\/strong> Elle allie fonctionnalit\u00e9, beaut\u00e9 et spiritualit\u00e9 en une seule pi\u00e8ce. Une mani\u00e8re simple et pourtant si particuli\u00e8re de garder toujours pr\u00e9sente cette pens\u00e9e biblique inspirante.<\/p>\n<p><strong>\ud83d\udccf Dimensions :<\/strong><\/p>\n<ul>\n<li>Largeur : 6,7 cm<\/li>\n<li>Hauteur : 6,4 cm<\/li>\n<li>\u00c9paisseur : 0,3 cm<\/li>\n<\/ul>","protected":false},"excerpt":{"rendered":"<p>Il <strong>Aimant en bois avec le texte de l&#039;ann\u00e9e 2026<\/strong> La version grav\u00e9e au laser comprend le texte biblique : \u201c Heureux les pauvres en esprit, car le royaume des cieux est \u00e0 eux. \u201d (Matthieu 5:3).<br \/>\nUn rappel spirituel unique, id\u00e9al pour les r\u00e9frig\u00e9rateurs et les surfaces magn\u00e9tiques.<br \/>\nFabriqu\u00e9 \u00e0 la main avec du bois de qualit\u00e9, c&#039;est aussi un cadeau sp\u00e9cial pour les fr\u00e8res et amis de la congr\u00e9gation.<\/p>","protected":false},"featured_media":1616,"template":"","meta":{"_seopress_robots_primary_cat":"none","_seopress_titles_title":"%%post_title%%","_seopress_titles_desc":"Im\u00e1n de madera artesanal con texto b\u00edblico 2026. Un recordatorio espiritual perfecto y decorativo para regalar o inspirar tu d\u00eda a d\u00eda.","_seopress_robots_index":"","site-sidebar-layout":"default","site-content-layout":"","ast-site-content-layout":"default","site-content-style":"default","site-sidebar-style":"default","ast-global-header-display":"","ast-banner-title-visibility":"","ast-main-header-display":"","ast-hfb-above-header-display":"","ast-hfb-below-header-display":"","ast-hfb-mobile-header-display":"","site-post-title":"","ast-breadcrumbs-content":"","ast-featured-img":"","footer-sml-layout":"","ast-disable-related-posts":"","theme-transparent-header-meta":"default","adv-header-id-meta":"","stick-header-meta":"default","header-above-stick-meta":"","header-main-stick-meta":"","header-below-stick-meta":"","astra-migrate-meta-layouts":"set","ast-page-background-enabled":"default","ast-page-background-meta":{"desktop":{"background-color":"var(--ast-global-color-5)","background-image":"","background-repeat":"repeat","background-position":"center center","background-size":"auto","background-attachment":"scroll","background-type":"","background-media":"","overlay-type":"","overlay-color":"","overlay-opacity":"","overlay-gradient":""},"tablet":{"background-color":"","background-image":"","background-repeat":"repeat","background-position":"center center","background-size":"auto","background-attachment":"scroll","background-type":"","background-media":"","overlay-type":"","overlay-color":"","overlay-opacity":"","overlay-gradient":""},"mobile":{"background-color":"","background-image":"","background-repeat":"repeat","background-position":"center center","background-size":"auto","background-attachment":"scroll","background-type":"","background-media":"","overlay-type":"","overlay-color":"","overlay-opacity":"","overlay-gradient":""}},"ast-content-background-meta":{"desktop":{"background-color":"var(--ast-global-color-4)","background-image":"","background-repeat":"repeat","background-position":"center center","background-size":"auto","background-attachment":"scroll","background-type":"","background-media":"","overlay-type":"","overlay-color":"","overlay-opacity":"","overlay-gradient":""},"tablet":{"background-color":"var(--ast-global-color-4)","background-image":"","background-repeat":"repeat","background-position":"center center","background-size":"auto","background-attachment":"scroll","background-type":"","background-media":"","overlay-type":"","overlay-color":"","overlay-opacity":"","overlay-gradient":""},"mobile":{"background-color":"var(--ast-global-color-4)","background-image":"","background-repeat":"repeat","background-position":"center center","background-size":"auto","background-attachment":"scroll","background-type":"","background-media":"","overlay-type":"","overlay-color":"","overlay-opacity":"","overlay-gradient":""}}},"product_brand":[46],"product_cat":[47],"product_tag":[],"class_list":{"0":"post-1617","1":"product","2":"type-product","3":"status-publish","4":"has-post-thumbnail","6":"product_brand-craft-jw","7":"product_cat-imanes-de-nevera","8":"desktop-align-center","9":"tablet-align-left","10":"mobile-align-left","11":"ast-product-gallery-layout-horizontal-slider","12":"ast-product-tabs-layout-horizontal","13":"tm-has-options","15":"first","16":"instock","17":"taxable","18":"shipping-taxable","19":"purchasable","20":"product-type-simple"},"_links":{"self":[{"href":"https:\/\/craftjw.com\/fr\/wp-json\/wp\/v2\/product\/1617","targetHints":{"allow":["GET"]}}],"collection":[{"href":"https:\/\/craftjw.com\/fr\/wp-json\/wp\/v2\/product"}],"about":[{"href":"https:\/\/craftjw.com\/fr\/wp-json\/wp\/v2\/types\/product"}],"version-history":[{"count":0,"href":"https:\/\/craftjw.com\/fr\/wp-json\/wp\/v2\/product\/1617\/revisions"}],"wp:featuredmedia":[{"embeddable":true,"href":"https:\/\/craftjw.com\/fr\/wp-json\/wp\/v2\/media\/1616"}],"wp:attachment":[{"href":"https:\/\/craftjw.com\/fr\/wp-json\/wp\/v2\/media?parent=1617"}],"wp:term":[{"taxonomy":"product_brand","embeddable":true,"href":"https:\/\/craftjw.com\/fr\/wp-json\/wp\/v2\/product_brand?post=1617"},{"taxonomy":"product_cat","embeddable":true,"href":"https:\/\/craftjw.com\/fr\/wp-json\/wp\/v2\/product_cat?post=1617"},{"taxonomy":"product_tag","embeddable":true,"href":"https:\/\/craftjw.com\/fr\/wp-json\/wp\/v2\/product_tag?post=1617"}],"curies":[{"name":"wp","href":"https:\/\/api.w.org\/{rel}","templated":true}]}}