{"id":1607,"date":"2026-03-14T23:34:05","date_gmt":"2026-03-14T22:34:05","guid":{"rendered":"https:\/\/craftjw.com\/producto\/porta-tarjetas-de-contacto-jw-personalizable-con-llavero\/"},"modified":"2026-03-19T07:41:54","modified_gmt":"2026-03-19T06:41:54","slug":"porte-cartes-de-contact-jw-personnalisable-avec-porte-cles","status":"publish","type":"product","link":"https:\/\/craftjw.com\/fr\/shop\/llaveros\/porta-tarjetas-de-contacto-jw-personalizable-con-llavero\/","title":{"rendered":"Porte-cartes de contact T\u00e9moin de J\u00e9hovah personnalisable avec porte-cl\u00e9s"},"content":{"rendered":"<p>Ce porte-cartes de visite JW vous permet de garder vos cartes \u00e0 port\u00e9e de main, bien organis\u00e9es et \u00e9l\u00e9gantes. Son format compact en fait un accessoire id\u00e9al pour le minist\u00e8re, les r\u00e9unions et un cadeau parfait pour les autres croyants, les pionniers, les participants \u00e0 l&#039;\u00e9cole des pionniers, les assembl\u00e9es sp\u00e9ciales ou les assembl\u00e9es internationales.<\/p>\n<p>Confectionn\u00e9 en cuir synth\u00e9tique v\u00e9gan de haute qualit\u00e9, ce sac allie durabilit\u00e9 et \u00e9l\u00e9gance. Vous pouvez le personnaliser avec votre nom, un message sp\u00e9cial ou choisir parmi diff\u00e9rents mod\u00e8les pr\u00e9d\u00e9finis. La gravure de la phrase \u201c\u00a0Il n&#039;y a pas de meilleure vie\u00a0\u201d est particuli\u00e8rement appr\u00e9ci\u00e9e, ce qui en fait un cadeau unique et symbolique.<\/p>\n<p><strong>Caract\u00e9ristiques principales<\/strong><\/p>\n<ul>\n<li>Deux emplacements int\u00e9rieurs pour cartes de contact des T\u00e9moins de J\u00e9hovah<\/li>\n<li>Porte-cl\u00e9s en m\u00e9tal r\u00e9sistant \u00e0 toujours avoir sur soi<\/li>\n<li>Disponible en plusieurs couleurs (les nuances peuvent varier en fonction de l&#039;\u00e9clairage et de l&#039;\u00e9cran)<\/li>\n<li>Option de personnalisation avec du texte ou des mises en page pr\u00e9d\u00e9finies<\/li>\n<li>Dimensions approximatives : 11 cm de large x 8 cm de haut.<\/li>\n<li>Mati\u00e8re : Cuir synth\u00e9tique v\u00e9g\u00e9talien de qualit\u00e9 sup\u00e9rieure.<\/li>\n<\/ul>\n<p>Ce porte-cartes avec anneau porte-cl\u00e9s est bien plus qu&#039;un simple accessoire ; c&#039;est une fa\u00e7on pratique et \u00e9l\u00e9gante de garder vos cartes de contact T\u00e9moins de J\u00e9hovah \u00e0 port\u00e9e de main et un cadeau parfait pour toute occasion sp\u00e9ciale au sein de la congr\u00e9gation.<\/p>","protected":false},"excerpt":{"rendered":"<p>Porte-cartes JW avec anneau porte-cl\u00e9s, en cuir v\u00e9gan de haute qualit\u00e9. Compact, r\u00e9sistant et personnalisable, id\u00e9al au quotidien ou comme cadeau.<\/p>","protected":false},"featured_media":1606,"template":"","meta":{"_seopress_robots_primary_cat":"none","_seopress_titles_title":"Llavero Porta Tarjetas de contacto JW: Elegancia y Funcionalidad","_seopress_titles_desc":"Porta tarjetas de contacto JW con llavero en piel vegana. Compacto, resistente y personalizable. Ideal para regalar o llevar en el ministerio.","_seopress_robots_index":"","site-sidebar-layout":"default","site-content-layout":"","ast-site-content-layout":"default","site-content-style":"default","site-sidebar-style":"default","ast-global-header-display":"","ast-banner-title-visibility":"","ast-main-header-display":"","ast-hfb-above-header-display":"","ast-hfb-below-header-display":"","ast-hfb-mobile-header-display":"","site-post-title":"","ast-breadcrumbs-content":"","ast-featured-img":"","footer-sml-layout":"","ast-disable-related-posts":"","theme-transparent-header-meta":"default","adv-header-id-meta":"","stick-header-meta":"default","header-above-stick-meta":"","header-main-stick-meta":"","header-below-stick-meta":"","astra-migrate-meta-layouts":"set","ast-page-background-enabled":"default","ast-page-background-meta":{"desktop":{"background-color":"var(--ast-global-color-5)","background-image":"","background-repeat":"repeat","background-position":"center center","background-size":"auto","background-attachment":"scroll","background-type":"","background-media":"","overlay-type":"","overlay-color":"","overlay-opacity":"","overlay-gradient":""},"tablet":{"background-color":"","background-image":"","background-repeat":"repeat","background-position":"center center","background-size":"auto","background-attachment":"scroll","background-type":"","background-media":"","overlay-type":"","overlay-color":"","overlay-opacity":"","overlay-gradient":""},"mobile":{"background-color":"","background-image":"","background-repeat":"repeat","background-position":"center center","background-size":"auto","background-attachment":"scroll","background-type":"","background-media":"","overlay-type":"","overlay-color":"","overlay-opacity":"","overlay-gradient":""}},"ast-content-background-meta":{"desktop":{"background-color":"var(--ast-global-color-4)","background-image":"","background-repeat":"repeat","background-position":"center center","background-size":"auto","background-attachment":"scroll","background-type":"","background-media":"","overlay-type":"","overlay-color":"","overlay-opacity":"","overlay-gradient":""},"tablet":{"background-color":"var(--ast-global-color-4)","background-image":"","background-repeat":"repeat","background-position":"center center","background-size":"auto","background-attachment":"scroll","background-type":"","background-media":"","overlay-type":"","overlay-color":"","overlay-opacity":"","overlay-gradient":""},"mobile":{"background-color":"var(--ast-global-color-4)","background-image":"","background-repeat":"repeat","background-position":"center center","background-size":"auto","background-attachment":"scroll","background-type":"","background-media":"","overlay-type":"","overlay-color":"","overlay-opacity":"","overlay-gradient":""}}},"product_brand":[46],"product_cat":[45,44],"product_tag":[],"class_list":{"0":"post-1607","1":"product","2":"type-product","3":"status-publish","4":"has-post-thumbnail","6":"product_brand-craft-jw","7":"product_cat-llaveros","8":"product_cat-portatarjetas","9":"desktop-align-center","10":"tablet-align-left","11":"mobile-align-left","12":"ast-product-gallery-layout-horizontal-slider","13":"ast-product-tabs-layout-horizontal","14":"tm-has-options","16":"first","17":"instock","18":"taxable","19":"shipping-taxable","20":"purchasable","21":"product-type-simple"},"_links":{"self":[{"href":"https:\/\/craftjw.com\/fr\/wp-json\/wp\/v2\/product\/1607","targetHints":{"allow":["GET"]}}],"collection":[{"href":"https:\/\/craftjw.com\/fr\/wp-json\/wp\/v2\/product"}],"about":[{"href":"https:\/\/craftjw.com\/fr\/wp-json\/wp\/v2\/types\/product"}],"version-history":[{"count":0,"href":"https:\/\/craftjw.com\/fr\/wp-json\/wp\/v2\/product\/1607\/revisions"}],"wp:featuredmedia":[{"embeddable":true,"href":"https:\/\/craftjw.com\/fr\/wp-json\/wp\/v2\/media\/1606"}],"wp:attachment":[{"href":"https:\/\/craftjw.com\/fr\/wp-json\/wp\/v2\/media?parent=1607"}],"wp:term":[{"taxonomy":"product_brand","embeddable":true,"href":"https:\/\/craftjw.com\/fr\/wp-json\/wp\/v2\/product_brand?post=1607"},{"taxonomy":"product_cat","embeddable":true,"href":"https:\/\/craftjw.com\/fr\/wp-json\/wp\/v2\/product_cat?post=1607"},{"taxonomy":"product_tag","embeddable":true,"href":"https:\/\/craftjw.com\/fr\/wp-json\/wp\/v2\/product_tag?post=1607"}],"curies":[{"name":"wp","href":"https:\/\/api.w.org\/{rel}","templated":true}]}}