{"id":1598,"date":"2026-03-14T23:33:56","date_gmt":"2026-03-14T22:33:56","guid":{"rendered":"https:\/\/craftjw.com\/producto\/llavero-de-madera-personalizado-en-forma-de-pieza-de-puzzle-eres-una-pieza-importante-de-la-congregacion\/"},"modified":"2026-04-02T10:41:20","modified_gmt":"2026-04-02T08:41:20","slug":"porte-cles-en-bois-personnalise-en-forme-de-piece-de-puzzle-vous-etes-un-membre-important-de-la-congregation","status":"publish","type":"product","link":"https:\/\/craftjw.com\/fr\/shop\/llaveros\/llavero-de-madera-personalizado-en-forma-de-pieza-de-puzzle-eres-una-pieza-importante-de-la-congregacion\/","title":{"rendered":"Porte-cl\u00e9s personnalis\u00e9 en bois en forme de pi\u00e8ce de puzzle \u2013 \u201c Vous \u00eates un membre important de la congr\u00e9gation \u201d"},"content":{"rendered":"<p>Exprimez votre reconnaissance et votre affection avec ce magnifique porte-cl\u00e9s en bois grav\u00e9 au laser, en forme de pi\u00e8ce de puzzle. Le message \u201c\u00a0Tu es un membre important de la communaut\u00e9\u00a0\u201d souligne la valeur et l&#039;importance de chaque personne au sein de cette grande fraternit\u00e9.<\/p>\n<p><strong>Caract\u00e9ristiques principales :<\/strong><br \/>\n\u2714 <strong>Conception significative\u00a0:<\/strong> Sa forme de pi\u00e8ce de puzzle symbolise l&#039;unit\u00e9 et le soutien mutuel. Un cadeau id\u00e9al pour les pionniers, les anciens, les proclamateurs, les amis ou tout fr\u00e8re ou s\u0153ur de la congr\u00e9gation.<br \/>\n\u2714 <strong>Personnalisation totale :<\/strong> Personnalisez le recto et le verso avec des noms, des dates ou des messages sp\u00e9ciaux pour le rendre unique.<br \/>\n\u2714 <strong>Qualit\u00e9 sup\u00e9rieure :<\/strong> Fabriqu\u00e9 en bois de haute qualit\u00e9, avec une gravure pr\u00e9cise et une finition naturelle.<br \/>\n\u2714 <strong>Option pour couples :<\/strong> Parfait pour les mariages ou les amis proches, pour cr\u00e9er des ensembles de pi\u00e8ces qui s&#039;accordent parfaitement.<\/p>\n<p><strong>Un cadeau qui a du sens et de la valeur<\/strong><br \/>\nSurprenez vos proches avec un cadeau charg\u00e9 de symboles et d&#039;attention. Ce porte-cl\u00e9s est bien plus qu&#039;un simple accessoire\u00a0: il leur rappelle constamment combien chaque personne compte pour vous.<\/p>\n<p><strong>Personnalisez-le d\u00e8s maintenant et cr\u00e9ez un souvenir inoubliable. Commandez le v\u00f4tre aujourd&#039;hui\u00a0!<\/strong><\/p>","protected":false},"excerpt":{"rendered":"<p>Ce porte-cl\u00e9s en bois, d\u00e9coup\u00e9 au laser et grav\u00e9 en forme de pi\u00e8ce de puzzle, symbolise l&#039;unit\u00e9 et la valeur individuelle au sein d&#039;une communaut\u00e9 spirituelle. Personnalisez-le des deux c\u00f4t\u00e9s avec des noms, des dates ou des messages sp\u00e9ciaux. Son design unique en fait un cadeau id\u00e9al pour les pionniers, les a\u00een\u00e9s, les fr\u00e8res et s\u0153urs, et les couples mari\u00e9s, cr\u00e9ant ainsi des pi\u00e8ces qui s&#039;embo\u00eetent parfaitement. Fabriqu\u00e9 en bois de haute qualit\u00e9, il pr\u00e9sente une gravure pr\u00e9cise et une finition naturelle. C&#039;est un cadeau significatif qui exprime la reconnaissance et cr\u00e9e des souvenirs imp\u00e9rissables.<\/p>","protected":false},"featured_media":1597,"template":"","meta":{"_seopress_robots_primary_cat":"none","_seopress_titles_title":"","_seopress_titles_desc":"Llavero puzzle de madera grabado. Regalo ideal para los hermanos de la congregaci\u00f3n. Personal\u00edzalo y crea un recuerdo inolvidable.","_seopress_robots_index":"","site-sidebar-layout":"default","site-content-layout":"","ast-site-content-layout":"default","site-content-style":"default","site-sidebar-style":"default","ast-global-header-display":"","ast-banner-title-visibility":"","ast-main-header-display":"","ast-hfb-above-header-display":"","ast-hfb-below-header-display":"","ast-hfb-mobile-header-display":"","site-post-title":"","ast-breadcrumbs-content":"","ast-featured-img":"","footer-sml-layout":"","ast-disable-related-posts":"","theme-transparent-header-meta":"default","adv-header-id-meta":"","stick-header-meta":"default","header-above-stick-meta":"","header-main-stick-meta":"","header-below-stick-meta":"","astra-migrate-meta-layouts":"set","ast-page-background-enabled":"default","ast-page-background-meta":{"desktop":{"background-color":"var(--ast-global-color-5)","background-image":"","background-repeat":"repeat","background-position":"center center","background-size":"auto","background-attachment":"scroll","background-type":"","background-media":"","overlay-type":"","overlay-color":"","overlay-opacity":"","overlay-gradient":""},"tablet":{"background-color":"","background-image":"","background-repeat":"repeat","background-position":"center center","background-size":"auto","background-attachment":"scroll","background-type":"","background-media":"","overlay-type":"","overlay-color":"","overlay-opacity":"","overlay-gradient":""},"mobile":{"background-color":"","background-image":"","background-repeat":"repeat","background-position":"center center","background-size":"auto","background-attachment":"scroll","background-type":"","background-media":"","overlay-type":"","overlay-color":"","overlay-opacity":"","overlay-gradient":""}},"ast-content-background-meta":{"desktop":{"background-color":"var(--ast-global-color-4)","background-image":"","background-repeat":"repeat","background-position":"center center","background-size":"auto","background-attachment":"scroll","background-type":"","background-media":"","overlay-type":"","overlay-color":"","overlay-opacity":"","overlay-gradient":""},"tablet":{"background-color":"var(--ast-global-color-4)","background-image":"","background-repeat":"repeat","background-position":"center center","background-size":"auto","background-attachment":"scroll","background-type":"","background-media":"","overlay-type":"","overlay-color":"","overlay-opacity":"","overlay-gradient":""},"mobile":{"background-color":"var(--ast-global-color-4)","background-image":"","background-repeat":"repeat","background-position":"center center","background-size":"auto","background-attachment":"scroll","background-type":"","background-media":"","overlay-type":"","overlay-color":"","overlay-opacity":"","overlay-gradient":""}}},"product_brand":[],"product_cat":[45],"product_tag":[],"class_list":{"0":"post-1598","1":"product","2":"type-product","3":"status-publish","4":"has-post-thumbnail","6":"product_cat-llaveros","7":"desktop-align-center","8":"tablet-align-left","9":"mobile-align-left","10":"ast-product-gallery-layout-horizontal-slider","11":"ast-product-tabs-layout-horizontal","12":"tm-has-options","14":"first","15":"instock","16":"taxable","17":"shipping-taxable","18":"purchasable","19":"product-type-simple"},"_links":{"self":[{"href":"https:\/\/craftjw.com\/fr\/wp-json\/wp\/v2\/product\/1598","targetHints":{"allow":["GET"]}}],"collection":[{"href":"https:\/\/craftjw.com\/fr\/wp-json\/wp\/v2\/product"}],"about":[{"href":"https:\/\/craftjw.com\/fr\/wp-json\/wp\/v2\/types\/product"}],"version-history":[{"count":1,"href":"https:\/\/craftjw.com\/fr\/wp-json\/wp\/v2\/product\/1598\/revisions"}],"predecessor-version":[{"id":53085,"href":"https:\/\/craftjw.com\/fr\/wp-json\/wp\/v2\/product\/1598\/revisions\/53085"}],"wp:featuredmedia":[{"embeddable":true,"href":"https:\/\/craftjw.com\/fr\/wp-json\/wp\/v2\/media\/1597"}],"wp:attachment":[{"href":"https:\/\/craftjw.com\/fr\/wp-json\/wp\/v2\/media?parent=1598"}],"wp:term":[{"taxonomy":"product_brand","embeddable":true,"href":"https:\/\/craftjw.com\/fr\/wp-json\/wp\/v2\/product_brand?post=1598"},{"taxonomy":"product_cat","embeddable":true,"href":"https:\/\/craftjw.com\/fr\/wp-json\/wp\/v2\/product_cat?post=1598"},{"taxonomy":"product_tag","embeddable":true,"href":"https:\/\/craftjw.com\/fr\/wp-json\/wp\/v2\/product_tag?post=1598"}],"curies":[{"name":"wp","href":"https:\/\/api.w.org\/{rel}","templated":true}]}}