{"id":1592,"date":"2026-03-14T23:33:50","date_gmt":"2026-03-14T22:33:50","guid":{"rendered":"https:\/\/craftjw.com\/producto\/llavero-3d-en-forma-de-cono-de-senalisacion-de-construccion-ldc-ldc-gift\/"},"modified":"2026-04-02T10:43:17","modified_gmt":"2026-04-02T08:43:17","slug":"porte-cles-3d-en-forme-de-cone-de-chantier-cadeau-ldc","status":"publish","type":"product","link":"https:\/\/craftjw.com\/fr\/shop\/llaveros\/llavero-3d-en-forma-de-cono-de-senalisacion-de-construccion-ldc-ldc-gift\/","title":{"rendered":"Porte-cl\u00e9s 3D en forme de c\u00f4ne de chantier LDC \u2013 Cadeau LDC"},"content":{"rendered":"<p>Ce porte-cl\u00e9s unique en forme de c\u00f4ne de chantier 3D est id\u00e9al pour tous ceux qui participent \u00e0 des projets de construction ou de r\u00e9novation, notamment ceux li\u00e9s au d\u00e9veloppement local. Gr\u00e2ce \u00e0 la possibilit\u00e9 de le personnaliser avec l&#039;initiale du destinataire, il devient un cadeau unique et symbolique pour les b\u00e9n\u00e9voles qui s&#039;investissent b\u00e9n\u00e9volement.<\/p>\n<p>Fabriqu\u00e9 en Espagne gr\u00e2ce \u00e0 l&#039;impression 3D, ce porte-cl\u00e9s est une excellente fa\u00e7on de remercier et de t\u00e9moigner votre reconnaissance envers ceux qui ont contribu\u00e9 \u00e0 un projet. Surprenez vos coll\u00e8gues et amis avec un cadeau \u00e0 la fois pratique et original\u00a0!<\/p>\n<p><em><strong>Caract\u00e9ristiques:<\/strong><\/em><\/p>\n<ul>\n<li>\ud83d\udd28 <strong>Personnalisation unique<\/strong>Vous pouvez y ajouter l&#039;initiale de la personne, faisant de ce porte-cl\u00e9s un cadeau personnalis\u00e9 qui ravira celui ou celle qui le recevra.<\/li>\n<li>\ud83c\udfd7\ufe0f <strong>Conception de panneau en forme de c\u00f4ne<\/strong>Symbole embl\u00e9matique pour ceux qui travaillent dans le b\u00e2timent ou la r\u00e9novation, id\u00e9al pour se souvenir de ces moments d&#039;effort collectif.<\/li>\n<li>\ud83d\udda8\ufe0f <strong>Fabriqu\u00e9 en Espagne avec impression 3D<\/strong>Produit fabriqu\u00e9 localement avec une technologie de pointe, garantissant qualit\u00e9 et pr\u00e9cision dans les moindres d\u00e9tails.<\/li>\n<li>\ud83c\udf81 <strong>Id\u00e9al pour un cadeau<\/strong>Id\u00e9al comme cadeau pour les coll\u00e8gues et les b\u00e9n\u00e9voles sur les chantiers, notamment dans le cadre de r\u00e9novations importantes.<\/li>\n<\/ul>\n<p>Ce porte-cl\u00e9s n&#039;est pas seulement un accessoire pratique, mais aussi une fa\u00e7on sp\u00e9ciale de remercier les personnes pour leurs efforts dans les projets de construction et de r\u00e9novation.<\/p>","protected":false},"excerpt":{"rendered":"<p>Ce porte-cl\u00e9s en forme de c\u00f4ne de signalisation, imprim\u00e9 en 3D, est le cadeau id\u00e9al pour les b\u00e9n\u00e9voles participant aux projets de construction ou de r\u00e9novation des LDC, car il peut \u00eatre personnalis\u00e9 avec leur initiale. Fabriqu\u00e9 en Espagne gr\u00e2ce \u00e0 l&#039;impression 3D, il se distingue par son design unique et de haute qualit\u00e9. Sa symbolique en fait un cadeau \u00e0 la fois sp\u00e9cial et pratique pour les personnes impliqu\u00e9es dans ces projets. C&#039;est le cadeau parfait pour surprendre et remercier coll\u00e8gues et amis pour leur engagement.<\/p>","protected":false},"featured_media":1591,"template":"","meta":{"_seopress_robots_primary_cat":"none","_seopress_titles_title":"","_seopress_titles_desc":"","_seopress_robots_index":"","site-sidebar-layout":"default","site-content-layout":"","ast-site-content-layout":"default","site-content-style":"default","site-sidebar-style":"default","ast-global-header-display":"","ast-banner-title-visibility":"","ast-main-header-display":"","ast-hfb-above-header-display":"","ast-hfb-below-header-display":"","ast-hfb-mobile-header-display":"","site-post-title":"","ast-breadcrumbs-content":"","ast-featured-img":"","footer-sml-layout":"","ast-disable-related-posts":"","theme-transparent-header-meta":"default","adv-header-id-meta":"","stick-header-meta":"default","header-above-stick-meta":"","header-main-stick-meta":"","header-below-stick-meta":"","astra-migrate-meta-layouts":"set","ast-page-background-enabled":"default","ast-page-background-meta":{"desktop":{"background-color":"var(--ast-global-color-5)","background-image":"","background-repeat":"repeat","background-position":"center center","background-size":"auto","background-attachment":"scroll","background-type":"","background-media":"","overlay-type":"","overlay-color":"","overlay-opacity":"","overlay-gradient":""},"tablet":{"background-color":"","background-image":"","background-repeat":"repeat","background-position":"center center","background-size":"auto","background-attachment":"scroll","background-type":"","background-media":"","overlay-type":"","overlay-color":"","overlay-opacity":"","overlay-gradient":""},"mobile":{"background-color":"","background-image":"","background-repeat":"repeat","background-position":"center center","background-size":"auto","background-attachment":"scroll","background-type":"","background-media":"","overlay-type":"","overlay-color":"","overlay-opacity":"","overlay-gradient":""}},"ast-content-background-meta":{"desktop":{"background-color":"var(--ast-global-color-4)","background-image":"","background-repeat":"repeat","background-position":"center center","background-size":"auto","background-attachment":"scroll","background-type":"","background-media":"","overlay-type":"","overlay-color":"","overlay-opacity":"","overlay-gradient":""},"tablet":{"background-color":"var(--ast-global-color-4)","background-image":"","background-repeat":"repeat","background-position":"center center","background-size":"auto","background-attachment":"scroll","background-type":"","background-media":"","overlay-type":"","overlay-color":"","overlay-opacity":"","overlay-gradient":""},"mobile":{"background-color":"var(--ast-global-color-4)","background-image":"","background-repeat":"repeat","background-position":"center center","background-size":"auto","background-attachment":"scroll","background-type":"","background-media":"","overlay-type":"","overlay-color":"","overlay-opacity":"","overlay-gradient":""}}},"product_brand":[],"product_cat":[45],"product_tag":[],"class_list":{"0":"post-1592","1":"product","2":"type-product","3":"status-publish","4":"has-post-thumbnail","6":"product_cat-llaveros","7":"desktop-align-center","8":"tablet-align-left","9":"mobile-align-left","10":"ast-product-gallery-layout-horizontal-slider","11":"ast-product-tabs-layout-horizontal","12":"tm-has-options","14":"first","15":"instock","16":"taxable","17":"shipping-taxable","18":"purchasable","19":"product-type-simple"},"_links":{"self":[{"href":"https:\/\/craftjw.com\/fr\/wp-json\/wp\/v2\/product\/1592","targetHints":{"allow":["GET"]}}],"collection":[{"href":"https:\/\/craftjw.com\/fr\/wp-json\/wp\/v2\/product"}],"about":[{"href":"https:\/\/craftjw.com\/fr\/wp-json\/wp\/v2\/types\/product"}],"version-history":[{"count":1,"href":"https:\/\/craftjw.com\/fr\/wp-json\/wp\/v2\/product\/1592\/revisions"}],"predecessor-version":[{"id":53086,"href":"https:\/\/craftjw.com\/fr\/wp-json\/wp\/v2\/product\/1592\/revisions\/53086"}],"wp:featuredmedia":[{"embeddable":true,"href":"https:\/\/craftjw.com\/fr\/wp-json\/wp\/v2\/media\/1591"}],"wp:attachment":[{"href":"https:\/\/craftjw.com\/fr\/wp-json\/wp\/v2\/media?parent=1592"}],"wp:term":[{"taxonomy":"product_brand","embeddable":true,"href":"https:\/\/craftjw.com\/fr\/wp-json\/wp\/v2\/product_brand?post=1592"},{"taxonomy":"product_cat","embeddable":true,"href":"https:\/\/craftjw.com\/fr\/wp-json\/wp\/v2\/product_cat?post=1592"},{"taxonomy":"product_tag","embeddable":true,"href":"https:\/\/craftjw.com\/fr\/wp-json\/wp\/v2\/product_tag?post=1592"}],"curies":[{"name":"wp","href":"https:\/\/api.w.org\/{rel}","templated":true}]}}