{"id":1583,"date":"2026-03-14T23:33:43","date_gmt":"2026-03-14T22:33:43","guid":{"rendered":"https:\/\/craftjw.com\/producto\/llavero-3d-en-forma-de-casco-de-construccion-ldc-ldc-gift\/"},"modified":"2026-04-02T11:37:35","modified_gmt":"2026-04-02T09:37:35","slug":"porte-cles-3d-en-forme-de-casque-de-chantier-cadeau","status":"publish","type":"product","link":"https:\/\/craftjw.com\/fr\/shop\/llaveros\/llavero-3d-en-forma-de-casco-de-construccion-ldc-ldc-gift\/","title":{"rendered":"Porte-cl\u00e9s casque de chantier 3D LDC \u2013 Cadeau LDC"},"content":{"rendered":"<p>Ce porte-cl\u00e9s unique en forme de casque de chantier est sp\u00e9cialement con\u00e7u pour les personnes impliqu\u00e9es dans d&#039;importants projets de construction ou de r\u00e9novation. Personnalisable avec les couleurs du casque et le texte, il constitue le cadeau id\u00e9al pour celles et ceux qui participent \u00e0 un projet d&#039;envergure. L&#039;ajout de l&#039;initiale du destinataire apporte une touche unique et personnelle.<\/p>\n<p>Choisissez parmi trois mod\u00e8les de casques et cr\u00e9ez une pi\u00e8ce unique qui symbolise l&#039;engagement et les efforts de tous les membres de votre \u00e9quipe. Imprim\u00e9 en 3D en Espagne, c&#039;est le cadeau id\u00e9al pour c\u00e9l\u00e9brer les r\u00e9ussites et exprimer votre gratitude lors de projets de construction ou de r\u00e9novation.<\/p>\n<p><em><strong>Caract\u00e9ristiques:<\/strong><\/em><\/p>\n<ul>\n<li>\ud83d\udee0 <strong>Personnalisable :<\/strong> Vous pouvez choisir parmi plusieurs couleurs pour le casque et le texte, et ajouter l&#039;initiale de votre nom, cr\u00e9ant ainsi un porte-cl\u00e9s unique et personnel.<\/li>\n<li>\u2699\ufe0f <strong style=\"font-family: -apple-system, BlinkMacSystemFont, 'Segoe UI', Roboto, 'Helvetica Neue', Arial, sans-serif, 'Apple Color Emoji', 'Segoe UI Emoji', 'Segoe UI Symbol'; font-size: 1rem;\">Trois mod\u00e8les disponibles :<\/strong><span style=\"font-family: -apple-system, BlinkMacSystemFont, 'Segoe UI', Roboto, 'Helvetica Neue', Arial, sans-serif, 'Apple Color Emoji', 'Segoe UI Emoji', 'Segoe UI Symbol'; font-size: 1rem;\"> Choisissez le casque qui correspond le mieux \u00e0 vos go\u00fbts ou \u00e0 l&#039;occasion, parmi trois options diff\u00e9rentes symbolisant le travail d&#039;\u00e9quipe et la collaboration.<\/span><\/li>\n<li>\ud83d\udda8\ufe0f <strong style=\"font-family: -apple-system, BlinkMacSystemFont, 'Segoe UI', Roboto, 'Helvetica Neue', Arial, sans-serif, 'Apple Color Emoji', 'Segoe UI Emoji', 'Segoe UI Symbol'; font-size: 1rem;\">Fabriqu\u00e9 en Espagne gr\u00e2ce \u00e0 l&#039;impression 3D\u00a0:<\/strong><span style=\"font-family: -apple-system, BlinkMacSystemFont, 'Segoe UI', Roboto, 'Helvetica Neue', Arial, sans-serif, 'Apple Color Emoji', 'Segoe UI Emoji', 'Segoe UI Symbol'; font-size: 1rem;\"> La qualit\u00e9 et la pr\u00e9cision de ce porte-cl\u00e9s sont garanties gr\u00e2ce \u00e0 sa fabrication locale par impression 3D.<\/span><\/li>\n<li>\ud83c\udf81 <strong style=\"font-family: -apple-system, BlinkMacSystemFont, 'Segoe UI', Roboto, 'Helvetica Neue', Arial, sans-serif, 'Apple Color Emoji', 'Segoe UI Emoji', 'Segoe UI Symbol'; font-size: 1rem;\">Cadeau id\u00e9al pour les projets de construction LDC\u00a0:<\/strong><span style=\"font-family: -apple-system, BlinkMacSystemFont, 'Segoe UI', Roboto, 'Helvetica Neue', Arial, sans-serif, 'Apple Color Emoji', 'Segoe UI Emoji', 'Segoe UI Symbol'; font-size: 1rem;\"> Id\u00e9al comme cadeau pour les fr\u00e8res et s\u0153urs b\u00e9n\u00e9voles qui ont contribu\u00e9 \u00e0 des projets de construction ou de r\u00e9novation, symbolisant leur d\u00e9vouement et leurs efforts.<\/span><\/li>\n<li>\ud83c\udf3f <strong style=\"font-family: -apple-system, BlinkMacSystemFont, 'Segoe UI', Roboto, 'Helvetica Neue', Arial, sans-serif, 'Apple Color Emoji', 'Segoe UI Emoji', 'Segoe UI Symbol'; font-size: 1rem;\">Respectueux de l&#039;environnement :<\/strong><span style=\"font-family: -apple-system, BlinkMacSystemFont, 'Segoe UI', Roboto, 'Helvetica Neue', Arial, sans-serif, 'Apple Color Emoji', 'Segoe UI Emoji', 'Segoe UI Symbol'; font-size: 1rem;\"> Fabriqu\u00e9 \u00e0 partir de mat\u00e9riaux durables, ce porte-cl\u00e9s est non seulement un cadeau personnalis\u00e9, mais aussi un choix responsable pour la plan\u00e8te.<\/span><\/li>\n<\/ul>\n<p>Ce porte-cl\u00e9s est une excellente fa\u00e7on de remercier et de reconna\u00eetre ceux qui participent \u00e0 des projets importants, en y ajoutant une touche personnelle et unique.<\/p>","protected":false},"excerpt":{"rendered":"<p>Ce porte-cl\u00e9s en forme de casque de chantier, imprim\u00e9 en 3D, est personnalisable avec les couleurs et l&#039;initiale d&#039;un nom, ce qui en fait un cadeau unique. Disponible en trois mod\u00e8les diff\u00e9rents, il est id\u00e9al pour les projets de construction ou de r\u00e9novation. Fabriqu\u00e9 en Espagne gr\u00e2ce \u00e0 l&#039;impression 3D, il garantit qualit\u00e9 et pr\u00e9cision. Parfait pour remercier ceux qui travaillent sur des projets importants, il offre une attention particuli\u00e8re et personnalis\u00e9e.<\/p>","protected":false},"featured_media":1582,"template":"","meta":{"_seopress_robots_primary_cat":"none","_seopress_titles_title":"Llavero casco 3D: regalo personal para proyectos LDC - JW","_seopress_titles_desc":"Regala un llavero \u00fanico, personalizable y hecho en Espa\u00f1a. Perfecto para reconocimientos en proyectos de construcci\u00f3n para los voluntarios de proyectos LDC.","_seopress_robots_index":"","site-sidebar-layout":"default","site-content-layout":"","ast-site-content-layout":"default","site-content-style":"default","site-sidebar-style":"default","ast-global-header-display":"","ast-banner-title-visibility":"","ast-main-header-display":"","ast-hfb-above-header-display":"","ast-hfb-below-header-display":"","ast-hfb-mobile-header-display":"","site-post-title":"","ast-breadcrumbs-content":"","ast-featured-img":"","footer-sml-layout":"","ast-disable-related-posts":"","theme-transparent-header-meta":"default","adv-header-id-meta":"","stick-header-meta":"default","header-above-stick-meta":"","header-main-stick-meta":"","header-below-stick-meta":"","astra-migrate-meta-layouts":"set","ast-page-background-enabled":"default","ast-page-background-meta":{"desktop":{"background-color":"var(--ast-global-color-5)","background-image":"","background-repeat":"repeat","background-position":"center center","background-size":"auto","background-attachment":"scroll","background-type":"","background-media":"","overlay-type":"","overlay-color":"","overlay-opacity":"","overlay-gradient":""},"tablet":{"background-color":"","background-image":"","background-repeat":"repeat","background-position":"center center","background-size":"auto","background-attachment":"scroll","background-type":"","background-media":"","overlay-type":"","overlay-color":"","overlay-opacity":"","overlay-gradient":""},"mobile":{"background-color":"","background-image":"","background-repeat":"repeat","background-position":"center center","background-size":"auto","background-attachment":"scroll","background-type":"","background-media":"","overlay-type":"","overlay-color":"","overlay-opacity":"","overlay-gradient":""}},"ast-content-background-meta":{"desktop":{"background-color":"var(--ast-global-color-4)","background-image":"","background-repeat":"repeat","background-position":"center center","background-size":"auto","background-attachment":"scroll","background-type":"","background-media":"","overlay-type":"","overlay-color":"","overlay-opacity":"","overlay-gradient":""},"tablet":{"background-color":"var(--ast-global-color-4)","background-image":"","background-repeat":"repeat","background-position":"center center","background-size":"auto","background-attachment":"scroll","background-type":"","background-media":"","overlay-type":"","overlay-color":"","overlay-opacity":"","overlay-gradient":""},"mobile":{"background-color":"var(--ast-global-color-4)","background-image":"","background-repeat":"repeat","background-position":"center center","background-size":"auto","background-attachment":"scroll","background-type":"","background-media":"","overlay-type":"","overlay-color":"","overlay-opacity":"","overlay-gradient":""}}},"product_brand":[46],"product_cat":[45],"product_tag":[],"class_list":{"0":"post-1583","1":"product","2":"type-product","3":"status-publish","4":"has-post-thumbnail","6":"product_brand-craft-jw","7":"product_cat-llaveros","8":"desktop-align-center","9":"tablet-align-left","10":"mobile-align-left","11":"ast-product-gallery-layout-horizontal-slider","12":"ast-product-tabs-layout-horizontal","13":"tm-has-options","15":"first","16":"instock","17":"taxable","18":"shipping-taxable","19":"purchasable","20":"product-type-simple"},"_links":{"self":[{"href":"https:\/\/craftjw.com\/fr\/wp-json\/wp\/v2\/product\/1583","targetHints":{"allow":["GET"]}}],"collection":[{"href":"https:\/\/craftjw.com\/fr\/wp-json\/wp\/v2\/product"}],"about":[{"href":"https:\/\/craftjw.com\/fr\/wp-json\/wp\/v2\/types\/product"}],"version-history":[{"count":1,"href":"https:\/\/craftjw.com\/fr\/wp-json\/wp\/v2\/product\/1583\/revisions"}],"predecessor-version":[{"id":53087,"href":"https:\/\/craftjw.com\/fr\/wp-json\/wp\/v2\/product\/1583\/revisions\/53087"}],"wp:featuredmedia":[{"embeddable":true,"href":"https:\/\/craftjw.com\/fr\/wp-json\/wp\/v2\/media\/1582"}],"wp:attachment":[{"href":"https:\/\/craftjw.com\/fr\/wp-json\/wp\/v2\/media?parent=1583"}],"wp:term":[{"taxonomy":"product_brand","embeddable":true,"href":"https:\/\/craftjw.com\/fr\/wp-json\/wp\/v2\/product_brand?post=1583"},{"taxonomy":"product_cat","embeddable":true,"href":"https:\/\/craftjw.com\/fr\/wp-json\/wp\/v2\/product_cat?post=1583"},{"taxonomy":"product_tag","embeddable":true,"href":"https:\/\/craftjw.com\/fr\/wp-json\/wp\/v2\/product_tag?post=1583"}],"curies":[{"name":"wp","href":"https:\/\/api.w.org\/{rel}","templated":true}]}}