{"id":1564,"date":"2026-03-14T23:33:21","date_gmt":"2026-03-14T22:33:21","guid":{"rendered":"https:\/\/craftjw.com\/producto\/llavero-de-madera-con-el-texto-del-ano-2026-jw\/"},"modified":"2026-04-01T08:19:02","modified_gmt":"2026-04-01T06:19:02","slug":"porte-cles-en-bois-avec-le-texte-de-lannee-2026-jw","status":"publish","type":"product","link":"https:\/\/craftjw.com\/fr\/shop\/llaveros\/llavero-de-madera-con-el-texto-del-ano-2026-jw\/","title":{"rendered":"Porte-cl\u00e9s en bois avec le texte de l&#039;ann\u00e9e 2026 \u2013 JW"},"content":{"rendered":"<p>D\u00e9couvrez l&#039;\u00e9l\u00e9gance miniature avec notre porte-cl\u00e9s en bois grav\u00e9 au laser, reprenant le texte de l&#039;ann\u00e9e 2026 : \u201c Heureux les pauvres en esprit, car le royaume des cieux est \u00e0 eux. \u201d (Matthieu 5:3).<br \/>\nCe porte-cl\u00e9s en bois est le cadeau id\u00e9al et symbolique pour les fr\u00e8res de la congr\u00e9gation.<\/p>\n<p><strong>Caract\u00e9ristiques principales :<\/strong><\/p>\n<ul>\n<li><em>Bois de qualit\u00e9 sup\u00e9rieure :<\/em> Fabriqu\u00e9 avec du bois de haute qualit\u00e9 pour une durabilit\u00e9 et un charme exceptionnels.<\/li>\n<li><em>Gravure laser de pr\u00e9cision\u00a0:<\/em> Des d\u00e9tails subtils qui mettent en valeur de fa\u00e7on unique la beaut\u00e9 du texte de l&#039;ann\u00e9e 2026.<\/li>\n<\/ul>\n<p><strong>Utilisation polyvalente\u00a0:<\/strong> Bien plus qu&#039;un simple porte-cl\u00e9s, ce petit chef-d&#039;\u0153uvre vous accompagnera au quotidien, vous rappelant le texte de l&#039;ann\u00e9e 2026.<\/p>\n<p><strong>Dimensions:<\/strong><\/p>\n<ul>\n<li><em>Diam\u00e8tre:<\/em> 45 mm<\/li>\n<li><em>\u00c9paisseur:<\/em> 3 mm<\/li>\n<\/ul>","protected":false},"excerpt":{"rendered":"<p>D\u00e9couvrez l&#039;\u00e9l\u00e9gance miniature avec notre porte-cl\u00e9s en bois grav\u00e9 au laser, reprenant le texte de l&#039;ann\u00e9e 2026 : \u201c Heureux les pauvres en esprit, car le royaume des cieux est \u00e0 eux. \u201d (Matthieu 5:3).<br \/>\nCe porte-cl\u00e9s en bois est le cadeau id\u00e9al et symbolique pour les fr\u00e8res de la congr\u00e9gation.<\/p>","protected":false},"featured_media":1563,"template":"","meta":{"_seopress_robots_primary_cat":"","_seopress_titles_title":"Llavero de madera con el texto del a\u00f1o 2025 - JW","_seopress_titles_desc":"Descubre un llavero de madera \u00fanico, grabado con el texto del a\u00f1o 2025. Regalo ideal lleno de significado y calidad superior.","_seopress_robots_index":"","site-sidebar-layout":"default","site-content-layout":"","ast-site-content-layout":"default","site-content-style":"default","site-sidebar-style":"default","ast-global-header-display":"","ast-banner-title-visibility":"","ast-main-header-display":"","ast-hfb-above-header-display":"","ast-hfb-below-header-display":"","ast-hfb-mobile-header-display":"","site-post-title":"","ast-breadcrumbs-content":"","ast-featured-img":"","footer-sml-layout":"","ast-disable-related-posts":"","theme-transparent-header-meta":"default","adv-header-id-meta":"","stick-header-meta":"default","header-above-stick-meta":"","header-main-stick-meta":"","header-below-stick-meta":"","astra-migrate-meta-layouts":"set","ast-page-background-enabled":"default","ast-page-background-meta":{"desktop":{"background-color":"var(--ast-global-color-5)","background-image":"","background-repeat":"repeat","background-position":"center center","background-size":"auto","background-attachment":"scroll","background-type":"","background-media":"","overlay-type":"","overlay-color":"","overlay-opacity":"","overlay-gradient":""},"tablet":{"background-color":"","background-image":"","background-repeat":"repeat","background-position":"center center","background-size":"auto","background-attachment":"scroll","background-type":"","background-media":"","overlay-type":"","overlay-color":"","overlay-opacity":"","overlay-gradient":""},"mobile":{"background-color":"","background-image":"","background-repeat":"repeat","background-position":"center center","background-size":"auto","background-attachment":"scroll","background-type":"","background-media":"","overlay-type":"","overlay-color":"","overlay-opacity":"","overlay-gradient":""}},"ast-content-background-meta":{"desktop":{"background-color":"var(--ast-global-color-4)","background-image":"","background-repeat":"repeat","background-position":"center center","background-size":"auto","background-attachment":"scroll","background-type":"","background-media":"","overlay-type":"","overlay-color":"","overlay-opacity":"","overlay-gradient":""},"tablet":{"background-color":"var(--ast-global-color-4)","background-image":"","background-repeat":"repeat","background-position":"center center","background-size":"auto","background-attachment":"scroll","background-type":"","background-media":"","overlay-type":"","overlay-color":"","overlay-opacity":"","overlay-gradient":""},"mobile":{"background-color":"var(--ast-global-color-4)","background-image":"","background-repeat":"repeat","background-position":"center center","background-size":"auto","background-attachment":"scroll","background-type":"","background-media":"","overlay-type":"","overlay-color":"","overlay-opacity":"","overlay-gradient":""}}},"product_brand":[46],"product_cat":[45],"product_tag":[],"class_list":{"0":"post-1564","1":"product","2":"type-product","3":"status-publish","4":"has-post-thumbnail","6":"product_brand-craft-jw","7":"product_cat-llaveros","8":"desktop-align-center","9":"tablet-align-left","10":"mobile-align-left","11":"ast-product-gallery-layout-horizontal-slider","12":"ast-product-tabs-layout-horizontal","13":"tm-has-options","15":"first","16":"instock","17":"taxable","18":"shipping-taxable","19":"purchasable","20":"product-type-simple"},"_links":{"self":[{"href":"https:\/\/craftjw.com\/fr\/wp-json\/wp\/v2\/product\/1564","targetHints":{"allow":["GET"]}}],"collection":[{"href":"https:\/\/craftjw.com\/fr\/wp-json\/wp\/v2\/product"}],"about":[{"href":"https:\/\/craftjw.com\/fr\/wp-json\/wp\/v2\/types\/product"}],"version-history":[{"count":1,"href":"https:\/\/craftjw.com\/fr\/wp-json\/wp\/v2\/product\/1564\/revisions"}],"predecessor-version":[{"id":53008,"href":"https:\/\/craftjw.com\/fr\/wp-json\/wp\/v2\/product\/1564\/revisions\/53008"}],"wp:featuredmedia":[{"embeddable":true,"href":"https:\/\/craftjw.com\/fr\/wp-json\/wp\/v2\/media\/1563"}],"wp:attachment":[{"href":"https:\/\/craftjw.com\/fr\/wp-json\/wp\/v2\/media?parent=1564"}],"wp:term":[{"taxonomy":"product_brand","embeddable":true,"href":"https:\/\/craftjw.com\/fr\/wp-json\/wp\/v2\/product_brand?post=1564"},{"taxonomy":"product_cat","embeddable":true,"href":"https:\/\/craftjw.com\/fr\/wp-json\/wp\/v2\/product_cat?post=1564"},{"taxonomy":"product_tag","embeddable":true,"href":"https:\/\/craftjw.com\/fr\/wp-json\/wp\/v2\/product_tag?post=1564"}],"curies":[{"name":"wp","href":"https:\/\/api.w.org\/{rel}","templated":true}]}}