{"id":1560,"date":"2026-03-14T23:32:55","date_gmt":"2026-03-14T22:32:55","guid":{"rendered":"https:\/\/craftjw.com\/producto\/llavero-no-se-puede-silenciar-a-un-precursor\/"},"modified":"2026-04-02T10:56:20","modified_gmt":"2026-04-02T08:56:20","slug":"porte-cles-on-ne-peut-pas-faire-taire-un-precurseur","status":"publish","type":"product","link":"https:\/\/craftjw.com\/fr\/shop\/llaveros\/llavero-no-se-puede-silenciar-a-un-precursor\/","title":{"rendered":"Porte-cl\u00e9s \u201c On ne peut pas faire taire un pionnier \u201d"},"content":{"rendered":"<p>D\u00e9couvrez notre porte-cl\u00e9s en bois, une pi\u00e8ce unique qui allie savoir-faire artisanal et inspiration du quotidien ! Ce porte-cl\u00e9s est d\u00e9coup\u00e9 avec pr\u00e9cision et grav\u00e9 au laser, mettant en valeur la qualit\u00e9 du bois et la finesse du design. La phrase inspirante \u201c<strong>On ne peut pas faire taire un pionnier.<\/strong>\u201d Cela r\u00e9sonne puissamment, apportant un encouragement constant aux pionniers r\u00e9guliers de la congr\u00e9gation ou \u00e0 ceux qui ont pour objectif de devenir pionniers. \u00bb.<\/p>\n<p>Ce n&#039;est pas qu&#039;un simple porte-cl\u00e9s\u00a0; c&#039;est un symbole tangible du d\u00e9vouement et du courage de celles et ceux qui \u0153uvrent sans rel\u00e2che dans ce domaine novateur. La gravure laser garantit durabilit\u00e9 et pr\u00e9cision, faisant de ce porte-cl\u00e9s un cadeau exceptionnel qui durera toute une vie.<\/p>\n<p>Nos produits sont enti\u00e8rement fabriqu\u00e9s \u00e0 la main, ce qui signifie que chaque porte-cl\u00e9s est confectionn\u00e9 avec soin. Cette touche unique lui conf\u00e8re un charme particulier et rend chaque pi\u00e8ce v\u00e9ritablement unique. De plus, nous garantissons la qualit\u00e9 de nos produits, assurant ainsi que ce porte-cl\u00e9s soit non seulement esth\u00e9tiquement remarquable, mais aussi durable et r\u00e9sistant.<\/p>\n<p>Offrez ce porte-cl\u00e9s en bois, le cadeau id\u00e9al aux leaders passionn\u00e9s et aux pionniers en devenir. Commandez le v\u00f4tre d\u00e8s aujourd&#039;hui et emportez avec vous une touche d&#039;inspiration et de savoir-faire au quotidien\u00a0!<\/p>\n<p><strong>Caract\u00e9ristiques:<\/strong><\/p>\n<ul>\n<li><em>Diam\u00e8tre:<\/em> 45 mm<\/li>\n<li><em>\u00c9paisseur:<\/em> 3 mm<\/li>\n<\/ul>","protected":false},"excerpt":{"rendered":"<p>D\u00e9couvrez notre porte-cl\u00e9s en bois grav\u00e9 au laser, une alliance de savoir-faire et de motivation orn\u00e9e de la phrase \u201c\u00a0Un pionnier ne peut \u00eatre r\u00e9duit au silence\u00a0\u201d. Un rappel tangible pour les pionniers de tous horizons ou ceux qui aspirent \u00e0 le devenir, soulignant le d\u00e9vouement et le courage. Chaque porte-cl\u00e9s est unique, fabriqu\u00e9 \u00e0 la main et grav\u00e9 au laser pour une durabilit\u00e9 et une pr\u00e9cision exceptionnelles.<\/p>","protected":false},"featured_media":1559,"template":"","meta":{"_seopress_robots_primary_cat":"none","_seopress_titles_title":"","_seopress_titles_desc":"","_seopress_robots_index":"","site-sidebar-layout":"default","site-content-layout":"","ast-site-content-layout":"default","site-content-style":"default","site-sidebar-style":"default","ast-global-header-display":"","ast-banner-title-visibility":"","ast-main-header-display":"","ast-hfb-above-header-display":"","ast-hfb-below-header-display":"","ast-hfb-mobile-header-display":"","site-post-title":"","ast-breadcrumbs-content":"","ast-featured-img":"","footer-sml-layout":"","ast-disable-related-posts":"","theme-transparent-header-meta":"default","adv-header-id-meta":"","stick-header-meta":"default","header-above-stick-meta":"","header-main-stick-meta":"","header-below-stick-meta":"","astra-migrate-meta-layouts":"set","ast-page-background-enabled":"default","ast-page-background-meta":{"desktop":{"background-color":"var(--ast-global-color-5)","background-image":"","background-repeat":"repeat","background-position":"center center","background-size":"auto","background-attachment":"scroll","background-type":"","background-media":"","overlay-type":"","overlay-color":"","overlay-opacity":"","overlay-gradient":""},"tablet":{"background-color":"","background-image":"","background-repeat":"repeat","background-position":"center center","background-size":"auto","background-attachment":"scroll","background-type":"","background-media":"","overlay-type":"","overlay-color":"","overlay-opacity":"","overlay-gradient":""},"mobile":{"background-color":"","background-image":"","background-repeat":"repeat","background-position":"center center","background-size":"auto","background-attachment":"scroll","background-type":"","background-media":"","overlay-type":"","overlay-color":"","overlay-opacity":"","overlay-gradient":""}},"ast-content-background-meta":{"desktop":{"background-color":"var(--ast-global-color-4)","background-image":"","background-repeat":"repeat","background-position":"center center","background-size":"auto","background-attachment":"scroll","background-type":"","background-media":"","overlay-type":"","overlay-color":"","overlay-opacity":"","overlay-gradient":""},"tablet":{"background-color":"var(--ast-global-color-4)","background-image":"","background-repeat":"repeat","background-position":"center center","background-size":"auto","background-attachment":"scroll","background-type":"","background-media":"","overlay-type":"","overlay-color":"","overlay-opacity":"","overlay-gradient":""},"mobile":{"background-color":"var(--ast-global-color-4)","background-image":"","background-repeat":"repeat","background-position":"center center","background-size":"auto","background-attachment":"scroll","background-type":"","background-media":"","overlay-type":"","overlay-color":"","overlay-opacity":"","overlay-gradient":""}}},"product_brand":[46],"product_cat":[45],"product_tag":[],"class_list":{"0":"post-1560","1":"product","2":"type-product","3":"status-publish","4":"has-post-thumbnail","6":"product_brand-craft-jw","7":"product_cat-llaveros","8":"desktop-align-center","9":"tablet-align-left","10":"mobile-align-left","11":"ast-product-gallery-layout-horizontal-slider","12":"ast-product-tabs-layout-horizontal","13":"tm-has-options","15":"first","16":"instock","17":"taxable","18":"shipping-taxable","19":"purchasable","20":"product-type-simple"},"_links":{"self":[{"href":"https:\/\/craftjw.com\/fr\/wp-json\/wp\/v2\/product\/1560","targetHints":{"allow":["GET"]}}],"collection":[{"href":"https:\/\/craftjw.com\/fr\/wp-json\/wp\/v2\/product"}],"about":[{"href":"https:\/\/craftjw.com\/fr\/wp-json\/wp\/v2\/types\/product"}],"version-history":[{"count":1,"href":"https:\/\/craftjw.com\/fr\/wp-json\/wp\/v2\/product\/1560\/revisions"}],"predecessor-version":[{"id":53009,"href":"https:\/\/craftjw.com\/fr\/wp-json\/wp\/v2\/product\/1560\/revisions\/53009"}],"wp:featuredmedia":[{"embeddable":true,"href":"https:\/\/craftjw.com\/fr\/wp-json\/wp\/v2\/media\/1559"}],"wp:attachment":[{"href":"https:\/\/craftjw.com\/fr\/wp-json\/wp\/v2\/media?parent=1560"}],"wp:term":[{"taxonomy":"product_brand","embeddable":true,"href":"https:\/\/craftjw.com\/fr\/wp-json\/wp\/v2\/product_brand?post=1560"},{"taxonomy":"product_cat","embeddable":true,"href":"https:\/\/craftjw.com\/fr\/wp-json\/wp\/v2\/product_cat?post=1560"},{"taxonomy":"product_tag","embeddable":true,"href":"https:\/\/craftjw.com\/fr\/wp-json\/wp\/v2\/product_tag?post=1560"}],"curies":[{"name":"wp","href":"https:\/\/api.w.org\/{rel}","templated":true}]}}