{"id":1554,"date":"2026-03-14T23:32:40","date_gmt":"2026-03-14T22:32:40","guid":{"rendered":"https:\/\/craftjw.com\/producto\/iman-de-madera-en-forma-de-biblia-texto-del-ano-2026\/"},"modified":"2026-04-02T10:58:16","modified_gmt":"2026-04-02T08:58:16","slug":"aimant-en-bois-en-forme-de-bible-avec-le-texte-de-lannee-2026","status":"publish","type":"product","link":"https:\/\/craftjw.com\/fr\/shop\/imanes-de-nevera\/iman-de-madera-en-forma-de-biblia-texto-del-ano-2026\/","title":{"rendered":"Aimant biblique en bois \u2013 Texte de l&#039;ann\u00e9e 2026"},"content":{"rendered":"<p>D\u00e9couvrez l&#039;essence unique de la Bible sous la forme d&#039;un aimant en bois, grav\u00e9 au laser pour mettre en valeur le texte distinctif de l&#039;ann\u00e9e 2026. Disponible en trois mod\u00e8les, cet objet constitue un cadeau id\u00e9al pour les membres de la congr\u00e9gation.<\/p>\n<p><strong>Caract\u00e9ristiques principales :<\/strong><\/p>\n<ul>\n<li><em>Mat\u00e9riaux de haute qualit\u00e9 :<\/em> Fabriqu\u00e9 avec du bois de premi\u00e8re qualit\u00e9 pour une durabilit\u00e9 et une \u00e9l\u00e9gance exceptionnelles.<\/li>\n<li><em>Gravure laser de pr\u00e9cision\u00a0:<\/em> Des d\u00e9tails fins et pr\u00e9cis qui mettent en valeur de fa\u00e7on unique la beaut\u00e9 du texte de l&#039;ann\u00e9e 2026.<\/li>\n<li><em>Dimensions:<\/em>\n<ul>\n<li><em>Mod\u00e8le 1 :<\/em> 8 cm de large x 5,5 cm de haut<\/li>\n<li><em>Mod\u00e8le 2 :<\/em> 7,6 cm de large x 5,5 cm de haut<\/li>\n<li><em>Mod\u00e8le 3 :<\/em> 8 cm de haut x 5 cm de haut<\/li>\n<\/ul>\n<\/li>\n<\/ul>\n<p><strong>Utilisations polyvalentes\u00a0:<\/strong> Cet aimant fonctionnel d\u00e9core non seulement votre espace, mais sert \u00e9galement de rappel quotidien de l&#039;ann\u00e9e 2026.<\/p>\n<p>Faites de cet aimant une expression unique de votre foi et offrez-le aux fr\u00e8res et s\u0153urs de la congr\u00e9gation.<\/p>","protected":false},"excerpt":{"rendered":"<p>D\u00e9couvrez le caract\u00e8re unique de nos aimants bibliques en bois grav\u00e9s au laser, orn\u00e9s du texte comm\u00e9moratif de l&#039;ann\u00e9e 2026. Disponibles en trois styles diff\u00e9rents, ils offrent une expression unique de la foi et constituent le cadeau id\u00e9al pour les membres de la congr\u00e9gation.<\/p>","protected":false},"featured_media":1553,"template":"","meta":{"_seopress_robots_primary_cat":"none","_seopress_titles_title":"%%title%% %%page%%","_seopress_titles_desc":"Descubre el im\u00e1n de madera con el texto del a\u00f1o 2026, un regalo elegante y duradero grabado con l\u00e1ser, ideal para los hermanos de la congregaci\u00f3n.","_seopress_robots_index":"","site-sidebar-layout":"default","site-content-layout":"","ast-site-content-layout":"default","site-content-style":"default","site-sidebar-style":"default","ast-global-header-display":"","ast-banner-title-visibility":"","ast-main-header-display":"","ast-hfb-above-header-display":"","ast-hfb-below-header-display":"","ast-hfb-mobile-header-display":"","site-post-title":"","ast-breadcrumbs-content":"","ast-featured-img":"","footer-sml-layout":"","ast-disable-related-posts":"","theme-transparent-header-meta":"default","adv-header-id-meta":"","stick-header-meta":"default","header-above-stick-meta":"","header-main-stick-meta":"","header-below-stick-meta":"","astra-migrate-meta-layouts":"set","ast-page-background-enabled":"default","ast-page-background-meta":{"desktop":{"background-color":"var(--ast-global-color-5)","background-image":"","background-repeat":"repeat","background-position":"center center","background-size":"auto","background-attachment":"scroll","background-type":"","background-media":"","overlay-type":"","overlay-color":"","overlay-opacity":"","overlay-gradient":""},"tablet":{"background-color":"","background-image":"","background-repeat":"repeat","background-position":"center center","background-size":"auto","background-attachment":"scroll","background-type":"","background-media":"","overlay-type":"","overlay-color":"","overlay-opacity":"","overlay-gradient":""},"mobile":{"background-color":"","background-image":"","background-repeat":"repeat","background-position":"center center","background-size":"auto","background-attachment":"scroll","background-type":"","background-media":"","overlay-type":"","overlay-color":"","overlay-opacity":"","overlay-gradient":""}},"ast-content-background-meta":{"desktop":{"background-color":"var(--ast-global-color-4)","background-image":"","background-repeat":"repeat","background-position":"center center","background-size":"auto","background-attachment":"scroll","background-type":"","background-media":"","overlay-type":"","overlay-color":"","overlay-opacity":"","overlay-gradient":""},"tablet":{"background-color":"var(--ast-global-color-4)","background-image":"","background-repeat":"repeat","background-position":"center center","background-size":"auto","background-attachment":"scroll","background-type":"","background-media":"","overlay-type":"","overlay-color":"","overlay-opacity":"","overlay-gradient":""},"mobile":{"background-color":"var(--ast-global-color-4)","background-image":"","background-repeat":"repeat","background-position":"center center","background-size":"auto","background-attachment":"scroll","background-type":"","background-media":"","overlay-type":"","overlay-color":"","overlay-opacity":"","overlay-gradient":""}}},"product_brand":[46],"product_cat":[47],"product_tag":[],"class_list":{"0":"post-1554","1":"product","2":"type-product","3":"status-publish","4":"has-post-thumbnail","6":"product_brand-craft-jw","7":"product_cat-imanes-de-nevera","8":"desktop-align-center","9":"tablet-align-left","10":"mobile-align-left","11":"ast-product-gallery-layout-horizontal-slider","12":"ast-product-tabs-layout-horizontal","13":"tm-has-options","15":"first","16":"instock","17":"taxable","18":"shipping-taxable","19":"purchasable","20":"product-type-simple"},"_links":{"self":[{"href":"https:\/\/craftjw.com\/fr\/wp-json\/wp\/v2\/product\/1554","targetHints":{"allow":["GET"]}}],"collection":[{"href":"https:\/\/craftjw.com\/fr\/wp-json\/wp\/v2\/product"}],"about":[{"href":"https:\/\/craftjw.com\/fr\/wp-json\/wp\/v2\/types\/product"}],"version-history":[{"count":1,"href":"https:\/\/craftjw.com\/fr\/wp-json\/wp\/v2\/product\/1554\/revisions"}],"predecessor-version":[{"id":53010,"href":"https:\/\/craftjw.com\/fr\/wp-json\/wp\/v2\/product\/1554\/revisions\/53010"}],"wp:featuredmedia":[{"embeddable":true,"href":"https:\/\/craftjw.com\/fr\/wp-json\/wp\/v2\/media\/1553"}],"wp:attachment":[{"href":"https:\/\/craftjw.com\/fr\/wp-json\/wp\/v2\/media?parent=1554"}],"wp:term":[{"taxonomy":"product_brand","embeddable":true,"href":"https:\/\/craftjw.com\/fr\/wp-json\/wp\/v2\/product_brand?post=1554"},{"taxonomy":"product_cat","embeddable":true,"href":"https:\/\/craftjw.com\/fr\/wp-json\/wp\/v2\/product_cat?post=1554"},{"taxonomy":"product_tag","embeddable":true,"href":"https:\/\/craftjw.com\/fr\/wp-json\/wp\/v2\/product_tag?post=1554"}],"curies":[{"name":"wp","href":"https:\/\/api.w.org\/{rel}","templated":true}]}}