{"id":1551,"date":"2026-03-14T23:32:34","date_gmt":"2026-03-14T22:32:34","guid":{"rendered":"https:\/\/craftjw.com\/producto\/cartel-no-molestar-para-puerta-en-forma-de-oveja\/"},"modified":"2026-04-01T08:19:34","modified_gmt":"2026-04-01T06:19:34","slug":"panneau-de-porte-ne-pas-deranger-en-forme-de-mouton","status":"publish","type":"product","link":"https:\/\/craftjw.com\/fr\/shop\/varios-regalos\/cartel-no-molestar-para-puerta-en-forma-de-oveja\/","title":{"rendered":"Panneau de porte \u201c\u00a0Ne pas d\u00e9ranger\u00a0\u201d en forme de mouton"},"content":{"rendered":"<p>Offrez des moments de paix et de recueillement aux a\u00een\u00e9s de votre communaut\u00e9 gr\u00e2ce \u00e0 notre ing\u00e9nieux panneau \u201c\u00a0Ne pas d\u00e9ranger\u00a0\u201d en forme de mouton\u00a0! Ce panneau en bois, r\u00e9alis\u00e9 avec soin, apporte une touche d&#039;humour et d&#039;originalit\u00e9 \u00e0 n&#039;importe quelle porte.<\/p>\n<p>Enti\u00e8rement personnalisable avec le texte de votre choix, ce panneau est id\u00e9al pour permettre aux anciens de la congr\u00e9gation de se concentrer lors de r\u00e9unions importantes sans \u00eatre d\u00e9rang\u00e9s. C&#039;est \u00e9galement un cadeau original et attentionn\u00e9 pour tout ancien de la congr\u00e9gation, qui apportera une touche de gaiet\u00e9 \u00e0 son quotidien.<\/p>\n<p><em><strong>Caract\u00e9ristiques principales :<\/strong><\/em><\/p>\n<ul>\n<li>Fabriqu\u00e9 artisanalement avec du bois de qualit\u00e9 pour garantir sa durabilit\u00e9.<\/li>\n<li>Options de personnalisation disponibles pour votre message souhait\u00e9.<\/li>\n<li>Un charmant motif en forme de mouton, qui ajoute une touche de mignonnerie \u00e0 n&#039;importe quelle porte.<\/li>\n<li>Dimensions:\n<ul>\n<li>Largeur : 11,2 cm<\/li>\n<li>Hauteur : 24,7 cm<\/li>\n<li>\u00c9paisseur : 3 mm<\/li>\n<\/ul>\n<\/li>\n<\/ul>\n<p>Offrez \u00e0 ces a\u00een\u00e9s respect\u00e9s l&#039;espace et la tranquillit\u00e9 dont ils ont besoin gr\u00e2ce \u00e0 notre panneau \u201c\u00a0Ne pas d\u00e9ranger\u00a0\u201d personnalisable\u00a0! Un cadeau pratique et original pour les membres \u00e2g\u00e9s de votre congr\u00e9gation qui appr\u00e9cient les moments de s\u00e9r\u00e9nit\u00e9 dans leur travail pastoral.<\/p>","protected":false},"excerpt":{"rendered":"<p>Notre panneau \u201c\u00a0Ne pas d\u00e9ranger\u00a0\u201d en forme de mouton, personnalisable avec le texte de votre choix, est con\u00e7u pour les a\u00een\u00e9s de la congr\u00e9gation, leur offrant calme et tranquillit\u00e9 lors des r\u00e9unions. Fabriqu\u00e9 artisanalement en bois de qualit\u00e9, il apporte une touche d&#039;humour et d&#039;originalit\u00e9 \u00e0 toute porte. Cadeau unique et id\u00e9al, il offre des moments de paix et de s\u00e9r\u00e9nit\u00e9 aux a\u00een\u00e9s de la congr\u00e9gation.<\/p>","protected":false},"featured_media":1550,"template":"","meta":{"_seopress_robots_primary_cat":"none","_seopress_titles_title":"","_seopress_titles_desc":"","_seopress_robots_index":"","site-sidebar-layout":"default","site-content-layout":"","ast-site-content-layout":"default","site-content-style":"default","site-sidebar-style":"default","ast-global-header-display":"","ast-banner-title-visibility":"","ast-main-header-display":"","ast-hfb-above-header-display":"","ast-hfb-below-header-display":"","ast-hfb-mobile-header-display":"","site-post-title":"","ast-breadcrumbs-content":"","ast-featured-img":"","footer-sml-layout":"","ast-disable-related-posts":"","theme-transparent-header-meta":"default","adv-header-id-meta":"","stick-header-meta":"default","header-above-stick-meta":"","header-main-stick-meta":"","header-below-stick-meta":"","astra-migrate-meta-layouts":"set","ast-page-background-enabled":"default","ast-page-background-meta":{"desktop":{"background-color":"var(--ast-global-color-5)","background-image":"","background-repeat":"repeat","background-position":"center center","background-size":"auto","background-attachment":"scroll","background-type":"","background-media":"","overlay-type":"","overlay-color":"","overlay-opacity":"","overlay-gradient":""},"tablet":{"background-color":"","background-image":"","background-repeat":"repeat","background-position":"center center","background-size":"auto","background-attachment":"scroll","background-type":"","background-media":"","overlay-type":"","overlay-color":"","overlay-opacity":"","overlay-gradient":""},"mobile":{"background-color":"","background-image":"","background-repeat":"repeat","background-position":"center center","background-size":"auto","background-attachment":"scroll","background-type":"","background-media":"","overlay-type":"","overlay-color":"","overlay-opacity":"","overlay-gradient":""}},"ast-content-background-meta":{"desktop":{"background-color":"var(--ast-global-color-4)","background-image":"","background-repeat":"repeat","background-position":"center center","background-size":"auto","background-attachment":"scroll","background-type":"","background-media":"","overlay-type":"","overlay-color":"","overlay-opacity":"","overlay-gradient":""},"tablet":{"background-color":"var(--ast-global-color-4)","background-image":"","background-repeat":"repeat","background-position":"center center","background-size":"auto","background-attachment":"scroll","background-type":"","background-media":"","overlay-type":"","overlay-color":"","overlay-opacity":"","overlay-gradient":""},"mobile":{"background-color":"var(--ast-global-color-4)","background-image":"","background-repeat":"repeat","background-position":"center center","background-size":"auto","background-attachment":"scroll","background-type":"","background-media":"","overlay-type":"","overlay-color":"","overlay-opacity":"","overlay-gradient":""}}},"product_brand":[46],"product_cat":[50],"product_tag":[],"class_list":{"0":"post-1551","1":"product","2":"type-product","3":"status-publish","4":"has-post-thumbnail","6":"product_brand-craft-jw","7":"product_cat-varios-regalos","8":"desktop-align-center","9":"tablet-align-left","10":"mobile-align-left","11":"ast-product-gallery-layout-horizontal-slider","12":"ast-product-tabs-layout-horizontal","13":"tm-has-options","15":"first","16":"instock","17":"taxable","18":"shipping-taxable","19":"purchasable","20":"product-type-simple"},"_links":{"self":[{"href":"https:\/\/craftjw.com\/fr\/wp-json\/wp\/v2\/product\/1551","targetHints":{"allow":["GET"]}}],"collection":[{"href":"https:\/\/craftjw.com\/fr\/wp-json\/wp\/v2\/product"}],"about":[{"href":"https:\/\/craftjw.com\/fr\/wp-json\/wp\/v2\/types\/product"}],"version-history":[{"count":1,"href":"https:\/\/craftjw.com\/fr\/wp-json\/wp\/v2\/product\/1551\/revisions"}],"predecessor-version":[{"id":53011,"href":"https:\/\/craftjw.com\/fr\/wp-json\/wp\/v2\/product\/1551\/revisions\/53011"}],"wp:featuredmedia":[{"embeddable":true,"href":"https:\/\/craftjw.com\/fr\/wp-json\/wp\/v2\/media\/1550"}],"wp:attachment":[{"href":"https:\/\/craftjw.com\/fr\/wp-json\/wp\/v2\/media?parent=1551"}],"wp:term":[{"taxonomy":"product_brand","embeddable":true,"href":"https:\/\/craftjw.com\/fr\/wp-json\/wp\/v2\/product_brand?post=1551"},{"taxonomy":"product_cat","embeddable":true,"href":"https:\/\/craftjw.com\/fr\/wp-json\/wp\/v2\/product_cat?post=1551"},{"taxonomy":"product_tag","embeddable":true,"href":"https:\/\/craftjw.com\/fr\/wp-json\/wp\/v2\/product_tag?post=1551"}],"curies":[{"name":"wp","href":"https:\/\/api.w.org\/{rel}","templated":true}]}}