{"id":1536,"date":"2026-03-14T23:31:47","date_gmt":"2026-03-14T22:31:47","guid":{"rendered":"https:\/\/craftjw.com\/producto\/carrito-de-literatura-jw-porta-boligrafos\/"},"modified":"2026-04-01T08:19:43","modified_gmt":"2026-04-01T06:19:43","slug":"porte-stylo-a-roulettes-pour-la-litterature-jw","status":"publish","type":"product","link":"https:\/\/craftjw.com\/fr\/shop\/varios-regalos\/carrito-de-literatura-jw-porta-boligrafos\/","title":{"rendered":"Porte-stylo chariot JW Literature"},"content":{"rendered":"<p>D\u00e9couvrez le savoir-faire exceptionnel de notre porte-plume miniature en bois, inspir\u00e9 du chariot de litt\u00e9rature utilis\u00e9 lors des pr\u00e9dications. Ce charmant porte-plume est une \u0153uvre m\u00e9ticuleuse, r\u00e9alis\u00e9e \u00e0 la main avec des d\u00e9coupes et des gravures laser d&#039;une grande pr\u00e9cision.<\/p>\n<p>Disponible en quatre teintes de bois distinctes, chaque pi\u00e8ce est teint\u00e9e avec des produits respectueux de l&#039;environnement et vernie avec des formules \u00e0 base d&#039;eau, garantissant une finition \u00e9cologique et une durabilit\u00e9 in\u00e9gal\u00e9e.<\/p>\n<p>Personnalisable avec un texte grav\u00e9, ce chariot est dot\u00e9 d&#039;un compartiment arri\u00e8re id\u00e9al pour ranger des cl\u00e9s USB ou autres objets de taille similaire, ce qui ajoute une touche d\u00e9corative et pratique. Il est disponible avec ou sans stylos.<\/p>\n<p>Avec son design \u00e9l\u00e9gant, ce porte-stylo embellit votre bureau et constitue un cadeau id\u00e9al pour les pionniers r\u00e9guliers de la congr\u00e9gation, ainsi que pour \u00eatre offert aux fr\u00e8res \u00e0 diverses occasions et c\u00e9l\u00e9brations.<\/p>\n<p>Sublimez votre espace de travail avec ce chariot miniature JW, une pi\u00e8ce unique qui refl\u00e8te la qualit\u00e9 et le savoir-faire.<\/p>\n<p><em><strong>Dimensions:<\/strong><\/em><\/p>\n<ul>\n<li>Largeur : 6,5 cm<\/li>\n<li>Hauteur : 17 cm<\/li>\n<\/ul>","protected":false},"excerpt":{"rendered":"<p>D\u00e9couvrez notre chariot miniature en bois pour T\u00e9moins de J\u00e9hovah, inspir\u00e9 du chariot de documentation utilis\u00e9 au minist\u00e8re et fabriqu\u00e9 artisanalement avec des d\u00e9coupes laser de pr\u00e9cision. Personnalisable avec des gravures, il dispose d&#039;un compartiment arri\u00e8re pratique, id\u00e9al pour ranger de petits objets sur votre bureau. Cadeau parfait pour les pionniers r\u00e9guliers ou pour les occasions sp\u00e9ciales entre fr\u00e8res et s\u0153urs, il se distingue par son design raffin\u00e9 et sa fabrication soign\u00e9e. Embellissez votre espace de travail avec ce chariot miniature pour T\u00e9moins de J\u00e9hovah, une pi\u00e8ce unique qui allie \u00e9l\u00e9gance et fonctionnalit\u00e9.<\/p>","protected":false},"featured_media":1535,"template":"","meta":{"_seopress_robots_primary_cat":"none","_seopress_titles_title":"%%title%% %%page%%","_seopress_titles_desc":"","_seopress_robots_index":"","site-sidebar-layout":"default","site-content-layout":"","ast-site-content-layout":"default","site-content-style":"default","site-sidebar-style":"default","ast-global-header-display":"","ast-banner-title-visibility":"","ast-main-header-display":"","ast-hfb-above-header-display":"","ast-hfb-below-header-display":"","ast-hfb-mobile-header-display":"","site-post-title":"","ast-breadcrumbs-content":"","ast-featured-img":"","footer-sml-layout":"","ast-disable-related-posts":"","theme-transparent-header-meta":"default","adv-header-id-meta":"","stick-header-meta":"default","header-above-stick-meta":"","header-main-stick-meta":"","header-below-stick-meta":"","astra-migrate-meta-layouts":"set","ast-page-background-enabled":"default","ast-page-background-meta":{"desktop":{"background-color":"var(--ast-global-color-5)","background-image":"","background-repeat":"repeat","background-position":"center center","background-size":"auto","background-attachment":"scroll","background-type":"","background-media":"","overlay-type":"","overlay-color":"","overlay-opacity":"","overlay-gradient":""},"tablet":{"background-color":"","background-image":"","background-repeat":"repeat","background-position":"center center","background-size":"auto","background-attachment":"scroll","background-type":"","background-media":"","overlay-type":"","overlay-color":"","overlay-opacity":"","overlay-gradient":""},"mobile":{"background-color":"","background-image":"","background-repeat":"repeat","background-position":"center center","background-size":"auto","background-attachment":"scroll","background-type":"","background-media":"","overlay-type":"","overlay-color":"","overlay-opacity":"","overlay-gradient":""}},"ast-content-background-meta":{"desktop":{"background-color":"var(--ast-global-color-4)","background-image":"","background-repeat":"repeat","background-position":"center center","background-size":"auto","background-attachment":"scroll","background-type":"","background-media":"","overlay-type":"","overlay-color":"","overlay-opacity":"","overlay-gradient":""},"tablet":{"background-color":"var(--ast-global-color-4)","background-image":"","background-repeat":"repeat","background-position":"center center","background-size":"auto","background-attachment":"scroll","background-type":"","background-media":"","overlay-type":"","overlay-color":"","overlay-opacity":"","overlay-gradient":""},"mobile":{"background-color":"var(--ast-global-color-4)","background-image":"","background-repeat":"repeat","background-position":"center center","background-size":"auto","background-attachment":"scroll","background-type":"","background-media":"","overlay-type":"","overlay-color":"","overlay-opacity":"","overlay-gradient":""}}},"product_brand":[46],"product_cat":[50],"product_tag":[],"class_list":{"0":"post-1536","1":"product","2":"type-product","3":"status-publish","4":"has-post-thumbnail","6":"product_brand-craft-jw","7":"product_cat-varios-regalos","8":"desktop-align-center","9":"tablet-align-left","10":"mobile-align-left","11":"ast-product-gallery-layout-horizontal-slider","12":"ast-product-tabs-layout-horizontal","13":"tm-has-options","15":"first","16":"instock","17":"taxable","18":"shipping-taxable","19":"purchasable","20":"product-type-simple"},"_links":{"self":[{"href":"https:\/\/craftjw.com\/fr\/wp-json\/wp\/v2\/product\/1536","targetHints":{"allow":["GET"]}}],"collection":[{"href":"https:\/\/craftjw.com\/fr\/wp-json\/wp\/v2\/product"}],"about":[{"href":"https:\/\/craftjw.com\/fr\/wp-json\/wp\/v2\/types\/product"}],"version-history":[{"count":1,"href":"https:\/\/craftjw.com\/fr\/wp-json\/wp\/v2\/product\/1536\/revisions"}],"predecessor-version":[{"id":53012,"href":"https:\/\/craftjw.com\/fr\/wp-json\/wp\/v2\/product\/1536\/revisions\/53012"}],"wp:featuredmedia":[{"embeddable":true,"href":"https:\/\/craftjw.com\/fr\/wp-json\/wp\/v2\/media\/1535"}],"wp:attachment":[{"href":"https:\/\/craftjw.com\/fr\/wp-json\/wp\/v2\/media?parent=1536"}],"wp:term":[{"taxonomy":"product_brand","embeddable":true,"href":"https:\/\/craftjw.com\/fr\/wp-json\/wp\/v2\/product_brand?post=1536"},{"taxonomy":"product_cat","embeddable":true,"href":"https:\/\/craftjw.com\/fr\/wp-json\/wp\/v2\/product_cat?post=1536"},{"taxonomy":"product_tag","embeddable":true,"href":"https:\/\/craftjw.com\/fr\/wp-json\/wp\/v2\/product_tag?post=1536"}],"curies":[{"name":"wp","href":"https:\/\/api.w.org\/{rel}","templated":true}]}}