{"id":1529,"date":"2026-03-14T23:31:36","date_gmt":"2026-03-14T22:31:36","guid":{"rendered":"https:\/\/craftjw.com\/producto\/iman-de-nevera-de-madera-receta-del-precursor-regular-2\/"},"modified":"2026-04-02T11:02:03","modified_gmt":"2026-04-02T09:02:03","slug":"recette-daimant-en-bois-pour-refrigerateur-a-partir-du-precurseur-regulier-2","status":"publish","type":"product","link":"https:\/\/craftjw.com\/fr\/shop\/imanes-de-nevera\/iman-de-nevera-de-madera-receta-del-precursor-regular-2\/","title":{"rendered":"Aimant de r\u00e9frig\u00e9rateur en bois \u2013 Recette de pr\u00e9curseur ordinaire"},"content":{"rendered":"<p>Aimant en bois \u201c Recette pr\u00e9curseur \u201d \u2013 Une touche inspirante pour votre r\u00e9frig\u00e9rateur<\/p>\n<p>Vous cherchez un cadeau symbolique pour les piliers de votre communaut\u00e9 ou pour ceux qui aspirent \u00e0 atteindre leurs objectifs spirituels\u00a0? Cet aimant en bois est le choix id\u00e9al.<\/p>\n<p><em><strong>Fabriqu\u00e9 \u00e0 la main avec soin :<\/strong><\/em><\/p>\n<p>Cet aimant a \u00e9t\u00e9 fabriqu\u00e9 avec soin \u00e0 partir de bois de haute qualit\u00e9. Ses gravures et d\u00e9coupes laser pr\u00e9cises t\u00e9moignent d&#039;un travail minutieux et d&#039;une grande attention aux d\u00e9tails. Chaque pi\u00e8ce est unique et constitue un cadeau exceptionnel.<\/p>\n<p><em><strong>Inspiration quotidienne :<\/strong><\/em><\/p>\n<p>La \u201c Recette du Pr\u00e9curseur \u201d grav\u00e9e sur cet aimant est bien plus qu&#039;un simple objet d\u00e9coratif pour le r\u00e9frig\u00e9rateur. Elle rappelle constamment l&#039;engagement et la d\u00e9termination sur le chemin spirituel. Elle inspirera ceux qui la voient \u00e0 avancer avec foi et r\u00e9solution.<\/p>\n<p>Aux piliers de la congr\u00e9gation\u00a0: ce don t\u00e9moigne de notre reconnaissance envers celles et ceux qui ont jou\u00e9 un r\u00f4le fondamental au sein de la congr\u00e9gation, en hommage \u00e0 leur d\u00e9vouement et \u00e0 leur service. Il encourage \u00e9galement celles et ceux qui aspirent \u00e0 de nouveaux objectifs spirituels.<\/p>\n<p><em><strong>D\u00e9tails du produit\u00a0:<\/strong><\/em><\/p>\n<ul>\n<li>Mat\u00e9riau : Bois de haute qualit\u00e9.<\/li>\n<li>Taille : Id\u00e9ale pour \u00eatre plac\u00e9e n&#039;importe o\u00f9 dans votre r\u00e9frig\u00e9rateur.<\/li>\n<li>Conception : Gravure et d\u00e9coupe laser pr\u00e9cises pour un aspect \u00e9l\u00e9gant et durable.<\/li>\n<\/ul>\n<p><em><strong>Cadeau significatif :<\/strong><\/em><\/p>\n<p>Que ce soit pour un pionnier ou un fr\u00e8re ou une s\u0153ur qui aspire \u00e0 le devenir, cet aimant en bois est un cadeau empreint de sens et d&#039;affection. C&#039;est une mani\u00e8re concr\u00e8te d&#039;exprimer votre reconnaissance et vos encouragements pour leurs efforts et leurs accomplissements spirituels.<\/p>\n<p>Faites de chaque instant pass\u00e9 en cuisine une occasion de vous inspirer et de progresser sur votre chemin spirituel gr\u00e2ce \u00e0 ce magnifique aimant en bois.<\/p>","protected":false},"excerpt":{"rendered":"<p>L&#039;aimant en bois \u201c Recette des pionniers \u201d est un cadeau symbolique pour ceux qui s&#039;engagent dans une d\u00e9marche spirituelle. Fabriqu\u00e9 artisanalement avec des gravures pr\u00e9cises et une d\u00e9coupe laser dans du bois de haute qualit\u00e9, cet aimant embellit le r\u00e9frig\u00e9rateur et rappelle chaque jour l&#039;engagement et la d\u00e9termination des pionniers. C&#039;est un geste id\u00e9al pour t\u00e9moigner de votre reconnaissance aux pionniers r\u00e9guliers de la congr\u00e9gation et une source de motivation pour ceux qui cherchent \u00e0 atteindre de nouveaux objectifs. Avec son design \u00e9l\u00e9gant et r\u00e9sistant, ce cadeau repr\u00e9sente un t\u00e9moignage de gratitude pour les efforts des pionniers et est parfait pour inspirer chaque instant de leur vie.<\/p>","protected":false},"featured_media":1528,"template":"","meta":{"_seopress_robots_primary_cat":"none","_seopress_titles_title":"","_seopress_titles_desc":"","_seopress_robots_index":"","site-sidebar-layout":"default","site-content-layout":"","ast-site-content-layout":"default","site-content-style":"default","site-sidebar-style":"default","ast-global-header-display":"","ast-banner-title-visibility":"","ast-main-header-display":"","ast-hfb-above-header-display":"","ast-hfb-below-header-display":"","ast-hfb-mobile-header-display":"","site-post-title":"","ast-breadcrumbs-content":"","ast-featured-img":"","footer-sml-layout":"","ast-disable-related-posts":"","theme-transparent-header-meta":"default","adv-header-id-meta":"","stick-header-meta":"default","header-above-stick-meta":"","header-main-stick-meta":"","header-below-stick-meta":"","astra-migrate-meta-layouts":"set","ast-page-background-enabled":"default","ast-page-background-meta":{"desktop":{"background-color":"var(--ast-global-color-5)","background-image":"","background-repeat":"repeat","background-position":"center center","background-size":"auto","background-attachment":"scroll","background-type":"","background-media":"","overlay-type":"","overlay-color":"","overlay-opacity":"","overlay-gradient":""},"tablet":{"background-color":"","background-image":"","background-repeat":"repeat","background-position":"center center","background-size":"auto","background-attachment":"scroll","background-type":"","background-media":"","overlay-type":"","overlay-color":"","overlay-opacity":"","overlay-gradient":""},"mobile":{"background-color":"","background-image":"","background-repeat":"repeat","background-position":"center center","background-size":"auto","background-attachment":"scroll","background-type":"","background-media":"","overlay-type":"","overlay-color":"","overlay-opacity":"","overlay-gradient":""}},"ast-content-background-meta":{"desktop":{"background-color":"var(--ast-global-color-4)","background-image":"","background-repeat":"repeat","background-position":"center center","background-size":"auto","background-attachment":"scroll","background-type":"","background-media":"","overlay-type":"","overlay-color":"","overlay-opacity":"","overlay-gradient":""},"tablet":{"background-color":"var(--ast-global-color-4)","background-image":"","background-repeat":"repeat","background-position":"center center","background-size":"auto","background-attachment":"scroll","background-type":"","background-media":"","overlay-type":"","overlay-color":"","overlay-opacity":"","overlay-gradient":""},"mobile":{"background-color":"var(--ast-global-color-4)","background-image":"","background-repeat":"repeat","background-position":"center center","background-size":"auto","background-attachment":"scroll","background-type":"","background-media":"","overlay-type":"","overlay-color":"","overlay-opacity":"","overlay-gradient":""}}},"product_brand":[46],"product_cat":[47],"product_tag":[],"class_list":{"0":"post-1529","1":"product","2":"type-product","3":"status-publish","4":"has-post-thumbnail","6":"product_brand-craft-jw","7":"product_cat-imanes-de-nevera","8":"desktop-align-center","9":"tablet-align-left","10":"mobile-align-left","11":"ast-product-gallery-layout-horizontal-slider","12":"ast-product-tabs-layout-horizontal","13":"tm-has-options","15":"first","16":"instock","17":"taxable","18":"shipping-taxable","19":"purchasable","20":"product-type-simple"},"_links":{"self":[{"href":"https:\/\/craftjw.com\/fr\/wp-json\/wp\/v2\/product\/1529","targetHints":{"allow":["GET"]}}],"collection":[{"href":"https:\/\/craftjw.com\/fr\/wp-json\/wp\/v2\/product"}],"about":[{"href":"https:\/\/craftjw.com\/fr\/wp-json\/wp\/v2\/types\/product"}],"version-history":[{"count":2,"href":"https:\/\/craftjw.com\/fr\/wp-json\/wp\/v2\/product\/1529\/revisions"}],"predecessor-version":[{"id":53090,"href":"https:\/\/craftjw.com\/fr\/wp-json\/wp\/v2\/product\/1529\/revisions\/53090"}],"wp:featuredmedia":[{"embeddable":true,"href":"https:\/\/craftjw.com\/fr\/wp-json\/wp\/v2\/media\/1528"}],"wp:attachment":[{"href":"https:\/\/craftjw.com\/fr\/wp-json\/wp\/v2\/media?parent=1529"}],"wp:term":[{"taxonomy":"product_brand","embeddable":true,"href":"https:\/\/craftjw.com\/fr\/wp-json\/wp\/v2\/product_brand?post=1529"},{"taxonomy":"product_cat","embeddable":true,"href":"https:\/\/craftjw.com\/fr\/wp-json\/wp\/v2\/product_cat?post=1529"},{"taxonomy":"product_tag","embeddable":true,"href":"https:\/\/craftjw.com\/fr\/wp-json\/wp\/v2\/product_tag?post=1529"}],"curies":[{"name":"wp","href":"https:\/\/api.w.org\/{rel}","templated":true}]}}