{"id":1525,"date":"2026-03-14T23:31:31","date_gmt":"2026-03-14T22:31:31","guid":{"rendered":"https:\/\/craftjw.com\/producto\/porta-tarjetas-de-contacto-jw\/"},"modified":"2026-04-02T11:04:48","modified_gmt":"2026-04-02T09:04:48","slug":"titulaire-de-carte-de-contact-jw","status":"publish","type":"product","link":"https:\/\/craftjw.com\/fr\/shop\/portatarjetas\/porta-tarjetas-de-contacto-jw\/","title":{"rendered":"Titulaire de la carte de contact JW"},"content":{"rendered":"<p>D\u00e9couvrez le porte-cartes de visite en aluminium JW !<\/p>\n<p>Ce porte-cartes de visite en aluminium est con\u00e7u pour prot\u00e9ger et pr\u00e9senter vos cartes de contact T\u00e9moins de J\u00e9hovah avec \u00e9l\u00e9gance et originalit\u00e9. Disponible en plusieurs couleurs vives et grav\u00e9 au laser avec pr\u00e9cision, cet accessoire est id\u00e9al comme cadeau pour l&#039;\u00e9cole des pionniers, pour les anciens de la congr\u00e9gation ou comme souvenir pour les projets du Conseil local de la communaut\u00e9, les congr\u00e8s r\u00e9gionaux, les \u00e9v\u00e9nements sp\u00e9ciaux, etc.<\/p>\n<p>Caract\u00e9ristiques principales :<\/p>\n<ul>\n<li>Fabriqu\u00e9 en aluminium robuste et l\u00e9ger.<\/li>\n<li>Disponible en plusieurs couleurs attrayantes.<\/li>\n<li>Gravure personnalis\u00e9e au laser.<\/li>\n<li>Id\u00e9al pour les cartes de contact des T\u00e9moins de J\u00e9hovah.<\/li>\n<\/ul>\n<p>Rendez vos cadeaux plus utiles et plus significatifs. Ce porte-cartes prot\u00e8ge vos cartes de visite tout en y ajoutant une touche personnelle.<\/p>\n<p>Apportez une touche unique \u00e0 vos cadeaux avec ce porte-cartes en aluminium.<\/p>\n<p>Passez votre commande d\u00e8s aujourd&#039;hui et surprenez vos proches avec ce cadeau con\u00e7u sp\u00e9cialement pour eux !<\/p>","protected":false},"excerpt":{"rendered":"<p>D\u00e9couvrez le porte-cartes de visite en aluminium grav\u00e9 au laser pour les cartes de contact des T\u00e9moins de J\u00e9hovah\u00a0! Disponible dans une vari\u00e9t\u00e9 de couleurs \u00e9clatantes, cet accessoire est un cadeau id\u00e9al pour les anciens de l\u2019\u00e9cole des pionniers et de la congr\u00e9gation, ainsi que pour les congr\u00e8s r\u00e9gionaux, les \u00e9v\u00e9nements sp\u00e9ciaux et bien plus encore. Sa conception durable et personnalis\u00e9e est id\u00e9ale pour prot\u00e9ger et pr\u00e9senter \u00e9l\u00e9gamment vos cartes de visite. Apportez une touche sp\u00e9ciale \u00e0 vos cadeaux avec ce porte-cartes polyvalent et original.<\/p>","protected":false},"featured_media":1524,"template":"","meta":{"_seopress_robots_primary_cat":"none","_seopress_titles_title":"%%title%% %%page%%","_seopress_titles_desc":"","_seopress_robots_index":"","site-sidebar-layout":"default","site-content-layout":"","ast-site-content-layout":"default","site-content-style":"default","site-sidebar-style":"default","ast-global-header-display":"","ast-banner-title-visibility":"","ast-main-header-display":"","ast-hfb-above-header-display":"","ast-hfb-below-header-display":"","ast-hfb-mobile-header-display":"","site-post-title":"","ast-breadcrumbs-content":"","ast-featured-img":"","footer-sml-layout":"","ast-disable-related-posts":"","theme-transparent-header-meta":"default","adv-header-id-meta":"","stick-header-meta":"default","header-above-stick-meta":"","header-main-stick-meta":"","header-below-stick-meta":"","astra-migrate-meta-layouts":"set","ast-page-background-enabled":"default","ast-page-background-meta":{"desktop":{"background-color":"var(--ast-global-color-5)","background-image":"","background-repeat":"repeat","background-position":"center center","background-size":"auto","background-attachment":"scroll","background-type":"","background-media":"","overlay-type":"","overlay-color":"","overlay-opacity":"","overlay-gradient":""},"tablet":{"background-color":"","background-image":"","background-repeat":"repeat","background-position":"center center","background-size":"auto","background-attachment":"scroll","background-type":"","background-media":"","overlay-type":"","overlay-color":"","overlay-opacity":"","overlay-gradient":""},"mobile":{"background-color":"","background-image":"","background-repeat":"repeat","background-position":"center center","background-size":"auto","background-attachment":"scroll","background-type":"","background-media":"","overlay-type":"","overlay-color":"","overlay-opacity":"","overlay-gradient":""}},"ast-content-background-meta":{"desktop":{"background-color":"var(--ast-global-color-4)","background-image":"","background-repeat":"repeat","background-position":"center center","background-size":"auto","background-attachment":"scroll","background-type":"","background-media":"","overlay-type":"","overlay-color":"","overlay-opacity":"","overlay-gradient":""},"tablet":{"background-color":"var(--ast-global-color-4)","background-image":"","background-repeat":"repeat","background-position":"center center","background-size":"auto","background-attachment":"scroll","background-type":"","background-media":"","overlay-type":"","overlay-color":"","overlay-opacity":"","overlay-gradient":""},"mobile":{"background-color":"var(--ast-global-color-4)","background-image":"","background-repeat":"repeat","background-position":"center center","background-size":"auto","background-attachment":"scroll","background-type":"","background-media":"","overlay-type":"","overlay-color":"","overlay-opacity":"","overlay-gradient":""}}},"product_brand":[46],"product_cat":[44,50],"product_tag":[],"class_list":{"0":"post-1525","1":"product","2":"type-product","3":"status-publish","4":"has-post-thumbnail","6":"product_brand-craft-jw","7":"product_cat-portatarjetas","8":"product_cat-varios-regalos","9":"desktop-align-center","10":"tablet-align-left","11":"mobile-align-left","12":"ast-product-gallery-layout-horizontal-slider","13":"ast-product-tabs-layout-horizontal","14":"tm-has-options","16":"first","17":"instock","18":"taxable","19":"shipping-taxable","20":"purchasable","21":"product-type-simple"},"_links":{"self":[{"href":"https:\/\/craftjw.com\/fr\/wp-json\/wp\/v2\/product\/1525","targetHints":{"allow":["GET"]}}],"collection":[{"href":"https:\/\/craftjw.com\/fr\/wp-json\/wp\/v2\/product"}],"about":[{"href":"https:\/\/craftjw.com\/fr\/wp-json\/wp\/v2\/types\/product"}],"version-history":[{"count":1,"href":"https:\/\/craftjw.com\/fr\/wp-json\/wp\/v2\/product\/1525\/revisions"}],"predecessor-version":[{"id":53014,"href":"https:\/\/craftjw.com\/fr\/wp-json\/wp\/v2\/product\/1525\/revisions\/53014"}],"wp:featuredmedia":[{"embeddable":true,"href":"https:\/\/craftjw.com\/fr\/wp-json\/wp\/v2\/media\/1524"}],"wp:attachment":[{"href":"https:\/\/craftjw.com\/fr\/wp-json\/wp\/v2\/media?parent=1525"}],"wp:term":[{"taxonomy":"product_brand","embeddable":true,"href":"https:\/\/craftjw.com\/fr\/wp-json\/wp\/v2\/product_brand?post=1525"},{"taxonomy":"product_cat","embeddable":true,"href":"https:\/\/craftjw.com\/fr\/wp-json\/wp\/v2\/product_cat?post=1525"},{"taxonomy":"product_tag","embeddable":true,"href":"https:\/\/craftjw.com\/fr\/wp-json\/wp\/v2\/product_tag?post=1525"}],"curies":[{"name":"wp","href":"https:\/\/api.w.org\/{rel}","templated":true}]}}