{"id":1516,"date":"2026-03-14T23:31:25","date_gmt":"2026-03-14T22:31:25","guid":{"rendered":"https:\/\/craftjw.com\/producto\/llavero-de-madera-para-escuela-precursor\/"},"modified":"2026-04-02T11:07:35","modified_gmt":"2026-04-02T09:07:35","slug":"porte-cles-en-bois-pour-ecole-des-pionniers","status":"publish","type":"product","link":"https:\/\/craftjw.com\/fr\/shop\/llaveros\/llavero-de-madera-para-escuela-precursor\/","title":{"rendered":"Porte-cl\u00e9s en bois pour l&#039;\u00e9cole pr\u00e9curseur"},"content":{"rendered":"<p>D\u00e9couvrez le cadeau id\u00e9al qui capture l&#039;essence m\u00eame du d\u00e9vouement et de l&#039;engagement des pionniers et des membres de la congr\u00e9gation\u00a0! Notre porte-cl\u00e9s en bois grav\u00e9 au laser est un souvenir unique et pr\u00e9cieux, parfait pour personnaliser et comm\u00e9morer les moments importants de la vie de ceux qui fr\u00e9quentent l&#039;\u00e9cole des pionniers.<\/p>\n<p>Fabriqu\u00e9s avec soin \u00e0 partir de bois de haute qualit\u00e9 et d\u00e9coup\u00e9s avec pr\u00e9cision gr\u00e2ce \u00e0 une technologie laser de pointe, chaque porte-cl\u00e9s pr\u00e9sente une finition exquise et des d\u00e9tails raffin\u00e9s. Mieux encore, vous pouvez le personnaliser des deux c\u00f4t\u00e9s et y ajouter des noms, des dates, des versets bibliques ou tout autre message que vous souhaitez partager avec votre fr\u00e8re ou s\u0153ur pionnier(\u00e8re).<\/p>\n<p>Son design \u00e9l\u00e9gant et discret en fait un porte-cl\u00e9s polyvalent qui accompagnera vos proches au quotidien. C&#039;est un cadeau id\u00e9al pour c\u00e9l\u00e9brer les grandes \u00e9tapes du service pionnier, comme l&#039;atteinte des objectifs d&#039;heures de pr\u00e9dication, les anniversaires de bapt\u00eame ou la fr\u00e9quentation de l&#039;\u00e9cole des pionniers.<\/p>\n<p>En plus d&#039;\u00eatre un cadeau id\u00e9al pour les pionniers, ce porte-cl\u00e9s personnalis\u00e9 est parfait pour toute occasion sp\u00e9ciale. Surprenez votre fr\u00e8re ou votre s\u0153ur pour lui t\u00e9moigner votre gratitude et votre affection \u00e0 tout moment de l&#039;ann\u00e9e.<\/p>","protected":false},"excerpt":{"rendered":"<p>D\u00e9couvrez le porte-cl\u00e9s en bois grav\u00e9 au laser, un cadeau id\u00e9al pour l&#039;\u00e9cole Pioneer. Personnalisation possible des deux c\u00f4t\u00e9s avec les noms et les dates importantes. Design \u00e9l\u00e9gant et r\u00e9sistant en bois de haute qualit\u00e9. Surprenez et honorez les Pioneers avec ce souvenir unique.<\/p>","protected":false},"featured_media":1515,"template":"","meta":{"_seopress_robots_primary_cat":"none","_seopress_titles_title":"","_seopress_titles_desc":"","_seopress_robots_index":"","site-sidebar-layout":"default","site-content-layout":"","ast-site-content-layout":"default","site-content-style":"default","site-sidebar-style":"default","ast-global-header-display":"","ast-banner-title-visibility":"","ast-main-header-display":"","ast-hfb-above-header-display":"","ast-hfb-below-header-display":"","ast-hfb-mobile-header-display":"","site-post-title":"","ast-breadcrumbs-content":"","ast-featured-img":"","footer-sml-layout":"","ast-disable-related-posts":"","theme-transparent-header-meta":"default","adv-header-id-meta":"","stick-header-meta":"default","header-above-stick-meta":"","header-main-stick-meta":"","header-below-stick-meta":"","astra-migrate-meta-layouts":"set","ast-page-background-enabled":"default","ast-page-background-meta":{"desktop":{"background-color":"var(--ast-global-color-5)","background-image":"","background-repeat":"repeat","background-position":"center center","background-size":"auto","background-attachment":"scroll","background-type":"","background-media":"","overlay-type":"","overlay-color":"","overlay-opacity":"","overlay-gradient":""},"tablet":{"background-color":"","background-image":"","background-repeat":"repeat","background-position":"center center","background-size":"auto","background-attachment":"scroll","background-type":"","background-media":"","overlay-type":"","overlay-color":"","overlay-opacity":"","overlay-gradient":""},"mobile":{"background-color":"","background-image":"","background-repeat":"repeat","background-position":"center center","background-size":"auto","background-attachment":"scroll","background-type":"","background-media":"","overlay-type":"","overlay-color":"","overlay-opacity":"","overlay-gradient":""}},"ast-content-background-meta":{"desktop":{"background-color":"var(--ast-global-color-4)","background-image":"","background-repeat":"repeat","background-position":"center center","background-size":"auto","background-attachment":"scroll","background-type":"","background-media":"","overlay-type":"","overlay-color":"","overlay-opacity":"","overlay-gradient":""},"tablet":{"background-color":"var(--ast-global-color-4)","background-image":"","background-repeat":"repeat","background-position":"center center","background-size":"auto","background-attachment":"scroll","background-type":"","background-media":"","overlay-type":"","overlay-color":"","overlay-opacity":"","overlay-gradient":""},"mobile":{"background-color":"var(--ast-global-color-4)","background-image":"","background-repeat":"repeat","background-position":"center center","background-size":"auto","background-attachment":"scroll","background-type":"","background-media":"","overlay-type":"","overlay-color":"","overlay-opacity":"","overlay-gradient":""}}},"product_brand":[46],"product_cat":[45],"product_tag":[],"class_list":{"0":"post-1516","1":"product","2":"type-product","3":"status-publish","4":"has-post-thumbnail","6":"product_brand-craft-jw","7":"product_cat-llaveros","8":"desktop-align-center","9":"tablet-align-left","10":"mobile-align-left","11":"ast-product-gallery-layout-horizontal-slider","12":"ast-product-gallery-with-no-image","13":"ast-product-tabs-layout-horizontal","14":"tm-has-options","16":"first","17":"instock","18":"taxable","19":"shipping-taxable","20":"purchasable","21":"product-type-simple"},"_links":{"self":[{"href":"https:\/\/craftjw.com\/fr\/wp-json\/wp\/v2\/product\/1516","targetHints":{"allow":["GET"]}}],"collection":[{"href":"https:\/\/craftjw.com\/fr\/wp-json\/wp\/v2\/product"}],"about":[{"href":"https:\/\/craftjw.com\/fr\/wp-json\/wp\/v2\/types\/product"}],"version-history":[{"count":1,"href":"https:\/\/craftjw.com\/fr\/wp-json\/wp\/v2\/product\/1516\/revisions"}],"predecessor-version":[{"id":53091,"href":"https:\/\/craftjw.com\/fr\/wp-json\/wp\/v2\/product\/1516\/revisions\/53091"}],"wp:featuredmedia":[{"embeddable":true,"href":"https:\/\/craftjw.com\/fr\/wp-json\/wp\/v2\/media\/1515"}],"wp:attachment":[{"href":"https:\/\/craftjw.com\/fr\/wp-json\/wp\/v2\/media?parent=1516"}],"wp:term":[{"taxonomy":"product_brand","embeddable":true,"href":"https:\/\/craftjw.com\/fr\/wp-json\/wp\/v2\/product_brand?post=1516"},{"taxonomy":"product_cat","embeddable":true,"href":"https:\/\/craftjw.com\/fr\/wp-json\/wp\/v2\/product_cat?post=1516"},{"taxonomy":"product_tag","embeddable":true,"href":"https:\/\/craftjw.com\/fr\/wp-json\/wp\/v2\/product_tag?post=1516"}],"curies":[{"name":"wp","href":"https:\/\/api.w.org\/{rel}","templated":true}]}}