{"id":1510,"date":"2026-03-14T23:31:21","date_gmt":"2026-03-14T22:31:21","guid":{"rendered":"https:\/\/craftjw.com\/producto\/portatarjetas-de-contacto-para-tarjetas-jw-para-carrito-de-literatura-expositor\/"},"modified":"2026-04-02T11:09:09","modified_gmt":"2026-04-02T09:09:09","slug":"porte-cartes-de-contact-pour-cartes-jw-presentoir-sur-chariot-de-documentation","status":"publish","type":"product","link":"https:\/\/craftjw.com\/fr\/shop\/portatarjetas\/portatarjetas-de-contacto-para-tarjetas-jw-para-carrito-de-literatura-expositor\/","title":{"rendered":"Porte-cartes de contact pour cartes T\u00e9moins de J\u00e9hovah, pour pr\u00e9sentoir \u00e0 documentation."},"content":{"rendered":"<p>Souhaiteriez-vous disposer d&#039;un syst\u00e8me efficace et attrayant pour organiser et pr\u00e9senter vos cartes de contact T\u00e9moins de J\u00e9hovah\u00a0?<br \/>\nNous avons la solution id\u00e9ale ! Notre porte-cartes de visite JW est la meilleure fa\u00e7on de garder vos cartes de visite toujours bien organis\u00e9es.<\/p>\n<p>Ce porte-cartes JW Contact est disponible en deux mod\u00e8les, vertical et horizontal, pour s&#039;adapter \u00e0 vos besoins. Les deux mod\u00e8les sont dot\u00e9s de pattes de fixation flexibles assurant un maintien s\u00fbr sur l&#039;\u00e9cran. Leur installation et leur retrait sont tr\u00e8s simples, vous permettant ainsi de gagner du temps.<\/p>\n<p>La qualit\u00e9 de notre porte-cartes JW est in\u00e9gal\u00e9e. Fabriqu\u00e9 \u00e0 partir de mat\u00e9riaux haut de gamme, il est \u00e0 la fois durable et r\u00e9sistant \u00e0 l&#039;usure quotidienne. De plus, son design \u00e9l\u00e9gant et raffin\u00e9 s&#039;int\u00e8gre parfaitement \u00e0 tous les environnements.<\/p>\n<p>Avec notre porte-cartes JW, vous disposerez d&#039;un syst\u00e8me efficace et \u00e9l\u00e9gant pour pr\u00e9senter vos cartes de visite en permanence. N&#039;attendez plus pour optimiser l&#039;organisation et la pr\u00e9sentation de vos cartes de visite\u00a0! Commandez votre porte-cartes JW d\u00e8s aujourd&#039;hui\u00a0!<\/p>","protected":false},"excerpt":{"rendered":"<p>Souhaiteriez-vous disposer d&#039;un syst\u00e8me efficace et attrayant pour organiser et pr\u00e9senter vos cartes de contact T\u00e9moins de J\u00e9hovah\u00a0?<br \/>\nNous avons la solution id\u00e9ale ! Notre porte-cartes de visite JW est la meilleure fa\u00e7on de garder vos cartes de visite toujours bien organis\u00e9es.<\/p>\n<p>Ce porte-cartes JW Contact est disponible en deux mod\u00e8les, vertical et horizontal, pour s&#039;adapter \u00e0 vos besoins. Les deux mod\u00e8les sont dot\u00e9s de pattes de fixation flexibles assurant un maintien s\u00fbr sur l&#039;\u00e9cran. Leur installation et leur retrait sont tr\u00e8s simples, vous permettant ainsi de gagner du temps.<\/p>","protected":false},"featured_media":1509,"template":"","meta":{"_seopress_robots_primary_cat":"none","_seopress_titles_title":"%%title%%","_seopress_titles_desc":"","_seopress_robots_index":"","site-sidebar-layout":"default","site-content-layout":"","ast-site-content-layout":"default","site-content-style":"default","site-sidebar-style":"default","ast-global-header-display":"","ast-banner-title-visibility":"","ast-main-header-display":"","ast-hfb-above-header-display":"","ast-hfb-below-header-display":"","ast-hfb-mobile-header-display":"","site-post-title":"","ast-breadcrumbs-content":"","ast-featured-img":"","footer-sml-layout":"","ast-disable-related-posts":"","theme-transparent-header-meta":"default","adv-header-id-meta":"","stick-header-meta":"default","header-above-stick-meta":"","header-main-stick-meta":"","header-below-stick-meta":"","astra-migrate-meta-layouts":"set","ast-page-background-enabled":"default","ast-page-background-meta":{"desktop":{"background-color":"var(--ast-global-color-5)","background-image":"","background-repeat":"repeat","background-position":"center center","background-size":"auto","background-attachment":"scroll","background-type":"","background-media":"","overlay-type":"","overlay-color":"","overlay-opacity":"","overlay-gradient":""},"tablet":{"background-color":"","background-image":"","background-repeat":"repeat","background-position":"center center","background-size":"auto","background-attachment":"scroll","background-type":"","background-media":"","overlay-type":"","overlay-color":"","overlay-opacity":"","overlay-gradient":""},"mobile":{"background-color":"","background-image":"","background-repeat":"repeat","background-position":"center center","background-size":"auto","background-attachment":"scroll","background-type":"","background-media":"","overlay-type":"","overlay-color":"","overlay-opacity":"","overlay-gradient":""}},"ast-content-background-meta":{"desktop":{"background-color":"var(--ast-global-color-4)","background-image":"","background-repeat":"repeat","background-position":"center center","background-size":"auto","background-attachment":"scroll","background-type":"","background-media":"","overlay-type":"","overlay-color":"","overlay-opacity":"","overlay-gradient":""},"tablet":{"background-color":"var(--ast-global-color-4)","background-image":"","background-repeat":"repeat","background-position":"center center","background-size":"auto","background-attachment":"scroll","background-type":"","background-media":"","overlay-type":"","overlay-color":"","overlay-opacity":"","overlay-gradient":""},"mobile":{"background-color":"var(--ast-global-color-4)","background-image":"","background-repeat":"repeat","background-position":"center center","background-size":"auto","background-attachment":"scroll","background-type":"","background-media":"","overlay-type":"","overlay-color":"","overlay-opacity":"","overlay-gradient":""}}},"product_brand":[],"product_cat":[44],"product_tag":[],"class_list":{"0":"post-1510","1":"product","2":"type-product","3":"status-publish","4":"has-post-thumbnail","6":"product_cat-portatarjetas","7":"desktop-align-center","8":"tablet-align-left","9":"mobile-align-left","10":"ast-product-gallery-layout-horizontal-slider","11":"ast-product-tabs-layout-horizontal","12":"tm-has-options","14":"first","15":"instock","16":"taxable","17":"shipping-taxable","18":"purchasable","19":"product-type-simple"},"_links":{"self":[{"href":"https:\/\/craftjw.com\/fr\/wp-json\/wp\/v2\/product\/1510","targetHints":{"allow":["GET"]}}],"collection":[{"href":"https:\/\/craftjw.com\/fr\/wp-json\/wp\/v2\/product"}],"about":[{"href":"https:\/\/craftjw.com\/fr\/wp-json\/wp\/v2\/types\/product"}],"version-history":[{"count":1,"href":"https:\/\/craftjw.com\/fr\/wp-json\/wp\/v2\/product\/1510\/revisions"}],"predecessor-version":[{"id":53092,"href":"https:\/\/craftjw.com\/fr\/wp-json\/wp\/v2\/product\/1510\/revisions\/53092"}],"wp:featuredmedia":[{"embeddable":true,"href":"https:\/\/craftjw.com\/fr\/wp-json\/wp\/v2\/media\/1509"}],"wp:attachment":[{"href":"https:\/\/craftjw.com\/fr\/wp-json\/wp\/v2\/media?parent=1510"}],"wp:term":[{"taxonomy":"product_brand","embeddable":true,"href":"https:\/\/craftjw.com\/fr\/wp-json\/wp\/v2\/product_brand?post=1510"},{"taxonomy":"product_cat","embeddable":true,"href":"https:\/\/craftjw.com\/fr\/wp-json\/wp\/v2\/product_cat?post=1510"},{"taxonomy":"product_tag","embeddable":true,"href":"https:\/\/craftjw.com\/fr\/wp-json\/wp\/v2\/product_tag?post=1510"}],"curies":[{"name":"wp","href":"https:\/\/api.w.org\/{rel}","templated":true}]}}