{"id":1502,"date":"2026-03-14T23:31:14","date_gmt":"2026-03-14T22:31:14","guid":{"rendered":"https:\/\/craftjw.com\/producto\/pajarita-de-madera-personalizable\/"},"modified":"2026-04-02T11:12:28","modified_gmt":"2026-04-02T09:12:28","slug":"noeud-papillon-en-bois-personnalisable","status":"publish","type":"product","link":"https:\/\/craftjw.com\/fr\/shop\/moda\/pajarita-de-madera-personalizable\/","title":{"rendered":"N\u0153ud papillon en bois personnalisable"},"content":{"rendered":"<p>Si vous recherchez un accessoire original et \u00e9cologique pour compl\u00e9ter votre tenue, d\u00e9couvrez nos n\u0153uds papillon en bois, fabriqu\u00e9s artisanalement, d\u00e9coup\u00e9s et grav\u00e9s au laser. Chaque n\u0153ud papillon est unique et personnalis\u00e9 selon vos envies, tant au niveau du design que de la teinte du bois. Envie d&#039;un n\u0153ud papillon grav\u00e9 au laser avec vos initiales\u00a0? Ou peut-\u00eatre d&#039;un motif unique qui refl\u00e8te votre personnalit\u00e9\u00a0? Les possibilit\u00e9s sont infinies\u00a0!<\/p>\n<p>En plus d&#039;\u00eatre personnalisables, nos n\u0153uds papillon en bois sont fabriqu\u00e9s \u00e0 partir de mat\u00e9riaux \u00e9cologiques et durables. Le bois provient de for\u00eats europ\u00e9ennes g\u00e9r\u00e9es durablement, vous garantissant ainsi un produit \u00e9thique. Soucieux de la durabilit\u00e9 de nos n\u0153uds papillon, nous utilisons des vernis \u00e9cologiques pour les prot\u00e9ger, assurant ainsi leur long\u00e9vit\u00e9.<\/p>\n<p>Un n\u0153ud papillon en bois est le cadeau id\u00e9al pour toutes les occasions. Que ce soit pour un ami, un membre de votre famille ou pour vous-m\u00eame, notre n\u0153ud papillon apportera une touche d&#039;originalit\u00e9 et d&#039;\u00e9l\u00e9gance \u00e0 toutes vos tenues. Pour un mariage ou tout autre \u00e9v\u00e9nement, il sera le choix parfait pour ajouter une note unique et personnelle \u00e0 votre look.<\/p>\n<p>Chaque n\u0153ud papillon en bois que nous fabriquons est r\u00e9alis\u00e9 artisanalement et sur mesure. Nous ne conservons aucun stock, ce qui vous garantit un n\u0153ud papillon unique, confectionn\u00e9 avec un souci du d\u00e9tail et une qualit\u00e9 in\u00e9gal\u00e9s. Notre proc\u00e9d\u00e9 de fabrication par d\u00e9coupe et gravure laser nous permet de cr\u00e9er des motifs pr\u00e9cis et des d\u00e9tails complexes, faisant de chaque n\u0153ud papillon une v\u00e9ritable \u0153uvre d&#039;art.<\/p>\n<p>En r\u00e9sum\u00e9, nos n\u0153uds papillon en bois faits main sont le choix id\u00e9al pour celles et ceux qui recherchent un accessoire original et \u00e9cologique. Personnalisables \u00e0 souhait et d&#039;une qualit\u00e9 irr\u00e9prochable, ils constituent un cadeau parfait pour toutes les occasions.<\/p>\n<p><strong>Caract\u00e9ristiques:<\/strong><\/p>\n<ul>\n<li>Mat\u00e9riau : Bois naturel<\/li>\n<li>Dimensions : 12 cm x 5 cm x 0,3 cm<\/li>\n<\/ul>","protected":false},"excerpt":{"rendered":"<p>Nos n\u0153uds papillon en bois faits main, d\u00e9coup\u00e9s et grav\u00e9s au laser, sont le compl\u00e9ment parfait de toute tenue.<\/p>\n<p>Personnalisables en termes de design et de couleurs de teinture du bois, elles constituent un choix unique et \u00e9cologique.<\/p>\n<p>Nous utilisons des produits \u00e9cologiques pour vernir et prot\u00e9ger la surface, ce qui garantit sa durabilit\u00e9.<\/p>\n<p>Nous ne conservons pas de stock ; chaque n\u0153ud papillon est fabriqu\u00e9 \u00e0 la main sur commande, garantissant une qualit\u00e9 in\u00e9gal\u00e9e.<\/p>\n<p>D\u00e9marquez votre tenue avec un n\u0153ud papillon en bois !<\/p>","protected":false},"featured_media":1501,"template":"","meta":{"_seopress_robots_primary_cat":"none","_seopress_titles_title":"Pajarita de madera: original, ecol\u00f3gica y personalizable","_seopress_titles_desc":"Destaca con nuestras pajaritas de madera \u00fanicas, ecol\u00f3gicas y personalizadas. Hechas a mano usando grabado l\u00e1ser para un estilo inigualable.","_seopress_robots_index":"","site-sidebar-layout":"default","site-content-layout":"","ast-site-content-layout":"default","site-content-style":"default","site-sidebar-style":"default","ast-global-header-display":"","ast-banner-title-visibility":"","ast-main-header-display":"","ast-hfb-above-header-display":"","ast-hfb-below-header-display":"","ast-hfb-mobile-header-display":"","site-post-title":"","ast-breadcrumbs-content":"","ast-featured-img":"","footer-sml-layout":"","ast-disable-related-posts":"","theme-transparent-header-meta":"default","adv-header-id-meta":"","stick-header-meta":"disabled","header-above-stick-meta":"","header-main-stick-meta":"on","header-below-stick-meta":"","astra-migrate-meta-layouts":"set","ast-page-background-enabled":"default","ast-page-background-meta":{"desktop":{"background-color":"var(--ast-global-color-5)","background-image":"","background-repeat":"repeat","background-position":"center center","background-size":"auto","background-attachment":"scroll","background-type":"","background-media":"","overlay-type":"","overlay-color":"","overlay-opacity":"","overlay-gradient":""},"tablet":{"background-color":"","background-image":"","background-repeat":"repeat","background-position":"center center","background-size":"auto","background-attachment":"scroll","background-type":"","background-media":"","overlay-type":"","overlay-color":"","overlay-opacity":"","overlay-gradient":""},"mobile":{"background-color":"","background-image":"","background-repeat":"repeat","background-position":"center center","background-size":"auto","background-attachment":"scroll","background-type":"","background-media":"","overlay-type":"","overlay-color":"","overlay-opacity":"","overlay-gradient":""}},"ast-content-background-meta":{"desktop":{"background-color":"var(--ast-global-color-4)","background-image":"","background-repeat":"repeat","background-position":"center center","background-size":"auto","background-attachment":"scroll","background-type":"","background-media":"","overlay-type":"","overlay-color":"","overlay-opacity":"","overlay-gradient":""},"tablet":{"background-color":"var(--ast-global-color-4)","background-image":"","background-repeat":"repeat","background-position":"center center","background-size":"auto","background-attachment":"scroll","background-type":"","background-media":"","overlay-type":"","overlay-color":"","overlay-opacity":"","overlay-gradient":""},"mobile":{"background-color":"var(--ast-global-color-4)","background-image":"","background-repeat":"repeat","background-position":"center center","background-size":"auto","background-attachment":"scroll","background-type":"","background-media":"","overlay-type":"","overlay-color":"","overlay-opacity":"","overlay-gradient":""}}},"product_brand":[],"product_cat":[42],"product_tag":[],"class_list":{"0":"post-1502","1":"product","2":"type-product","3":"status-publish","4":"has-post-thumbnail","6":"product_cat-moda","7":"desktop-align-center","8":"tablet-align-left","9":"mobile-align-left","10":"ast-product-gallery-layout-horizontal-slider","11":"ast-product-tabs-layout-horizontal","12":"tm-no-options","14":"first","15":"instock","16":"sale","17":"taxable","18":"shipping-taxable","19":"purchasable","20":"product-type-simple"},"_links":{"self":[{"href":"https:\/\/craftjw.com\/fr\/wp-json\/wp\/v2\/product\/1502","targetHints":{"allow":["GET"]}}],"collection":[{"href":"https:\/\/craftjw.com\/fr\/wp-json\/wp\/v2\/product"}],"about":[{"href":"https:\/\/craftjw.com\/fr\/wp-json\/wp\/v2\/types\/product"}],"version-history":[{"count":1,"href":"https:\/\/craftjw.com\/fr\/wp-json\/wp\/v2\/product\/1502\/revisions"}],"predecessor-version":[{"id":53093,"href":"https:\/\/craftjw.com\/fr\/wp-json\/wp\/v2\/product\/1502\/revisions\/53093"}],"wp:featuredmedia":[{"embeddable":true,"href":"https:\/\/craftjw.com\/fr\/wp-json\/wp\/v2\/media\/1501"}],"wp:attachment":[{"href":"https:\/\/craftjw.com\/fr\/wp-json\/wp\/v2\/media?parent=1502"}],"wp:term":[{"taxonomy":"product_brand","embeddable":true,"href":"https:\/\/craftjw.com\/fr\/wp-json\/wp\/v2\/product_brand?post=1502"},{"taxonomy":"product_cat","embeddable":true,"href":"https:\/\/craftjw.com\/fr\/wp-json\/wp\/v2\/product_cat?post=1502"},{"taxonomy":"product_tag","embeddable":true,"href":"https:\/\/craftjw.com\/fr\/wp-json\/wp\/v2\/product_tag?post=1502"}],"curies":[{"name":"wp","href":"https:\/\/api.w.org\/{rel}","templated":true}]}}