{"id":2743,"date":"2021-08-18T06:52:10","date_gmt":"2021-08-18T06:52:10","guid":{"rendered":"https:\/\/www.tks3d.com\/?page_id=2743"},"modified":"2026-03-15T15:41:33","modified_gmt":"2026-03-15T14:41:33","slug":"conditions-generales-dutilisation-et-de-vente","status":"publish","type":"page","link":"https:\/\/craftjw.com\/fr\/condiciones-generales-de-uso-y-venta\/","title":{"rendered":"Conditions g\u00e9n\u00e9rales d&#039;utilisation et de vente"},"content":{"rendered":"<h3 class=\"wp-block-heading\" id=\"1-datos-identificativos-de-camaloon\">1. Informations d&#039;identification pour craftjw.com<\/h3>\n\n\n\n<p>Le prestataire de services du site web est Emmanuel Kielichowski (ci-apr\u00e8s, \u201c Craftjw \u201d), avec le num\u00e9ro de TVA intracommunautaire ESX2878559V et le si\u00e8ge social situ\u00e9 Calle Claveles 4, 12600 Vall de Ux\u00f3 (Castell\u00f3n), Espagne.<\/p>\n\n\n\n<h3 class=\"wp-block-heading\" id=\"2-descripcion-del-servicio\">2. Description du service<\/h3>\n\n\n\n<p>Chez Craftjw, nous proposons \u00e0 nos utilisateurs et clients une gamme de services via Internet, tels que la commercialisation et la fabrication d&#039;articles personnalis\u00e9s, d&#039;articles cadeaux et d&#039;articles d\u00e9coratifs\u00a0: porte-cl\u00e9s, bo\u00eetes, aimants, sacs, autocollants, etc.<\/p>\n\n\n\n<p>Les utilisateurs de notre site web peuvent acheter des produits pour leur propre usage ou pour les revendre \u00e0 des tiers.<\/p>\n\n\n\n<h3 class=\"wp-block-heading\" id=\"3-uso-de-las-paginas-web-bajo-la-marca-de-camaloon\">3. Utilisation du site web craftjw.com<\/h3>\n\n\n\n<h4 class=\"wp-block-heading\" id=\"3-1-edad-minima\">3.1 \u00c2ge minimum<\/h4>\n\n\n\n<p>Pour \u00eatre utilisateur du site web Craftjw, vous devez avoir l&#039;\u00e2ge l\u00e9gal (minimum 18 ans).<\/p>\n\n\n\n<h4 class=\"wp-block-heading\" id=\"3-2-licencia-de-uso-de-la-web-y-del-servicio-de-camaloon\">3.2 Licence d&#039;utilisation du site web et du service Craftjw<\/h4>\n\n\n\n<p>Craftjw vous accorde une licence limit\u00e9e et r\u00e9vocable vous permettant d&#039;acc\u00e9der \u00e0 nos sites web et services et de les utiliser, conform\u00e9ment aux pr\u00e9sentes Conditions G\u00e9n\u00e9rales d&#039;Utilisation et de Vente. Cette licence ne vous autorise pas \u00e0 collecter ou \u00e0 utiliser les informations de nos sites web \u00e0 des fins interdites par nous, telles que la concurrence avec Craftjw, l&#039;utilisation du contenu de Craftjw de quelque mani\u00e8re que ce soit ou la reproduction, partielle ou int\u00e9grale, de nos sites web.<\/p>\n\n\n\n<h3 class=\"wp-block-heading\" id=\"4-reglas-generales\">4. R\u00e8gles g\u00e9n\u00e9rales<\/h3>\n\n\n\n<h4 class=\"wp-block-heading\" id=\"4-1-uso-prohibido\">4.1 Utilisation interdite<\/h4>\n\n\n\n<p>Vous n&#039;\u00eates pas autoris\u00e9 \u00e0 tenter de causer, ni \u00e0 causer, des dommages \u00e0 nos sites web ou au service Craftjw. Par exemple, et cette liste n&#039;est pas exhaustive, les \u00e9l\u00e9ments suivants sont interdits\u00a0:<\/p>\n\n\n\n<p>a. Perturber le service Craftjw en utilisant des virus ou d&#039;autres programmes con\u00e7us pour endommager tout logiciel ou mat\u00e9riel.<\/p>\n\n\n\n<p>b. Modifier ou cr\u00e9er des versions de toute technologie utilis\u00e9e sur les sites web de Craftjw<\/p>\n\n\n\n<p>c. Utiliser tout type de script, de robot ou de technologie pour surveiller le site web Craftjw<\/p>\n\n\n\n<p>d. Collecter des adresses \u00e9lectroniques ou d&#039;autres informations via le service Craftjw<\/p>\n\n\n\n<p>e. Usurper l&#039;identit\u00e9 d&#039;une autre personne ou entit\u00e9, ou falsifier vos donn\u00e9es<\/p>\n\n\n\n<p>f. Naviguer ou acheter sur le site Web Craftjw si vous n&#039;avez pas l&#039;\u00e2ge l\u00e9gal.<\/p>\n\n\n\n<h4 class=\"wp-block-heading\" id=\"4-2-privacidad-y-proteccion-de-datos\">4.2 Confidentialit\u00e9 et protection des donn\u00e9es<\/h4>\n\n\n\n<p>Chez Craftjw, la s\u00e9curit\u00e9 et la confidentialit\u00e9 des donn\u00e9es de nos clients sont primordiales. Nous nous engageons \u00e0 vous offrir le meilleur service et la meilleure exp\u00e9rience en ligne. Pour en savoir plus sur vos droits et comment les exercer, consultez la page [lien vers la politique de confidentialit\u00e9\/le site web\/etc.].\u00a0<a href=\"https:\/\/craftjw.com\/fr\/politique-de-confidentialite\/\">Confidentialit\u00e9<\/a>.<\/p>\n\n\n\n<h4 class=\"wp-block-heading\" id=\"4-3-condiciones-de-compra\">4.3 Conditions d&#039;achat<\/h4>\n\n\n\n<h5 class=\"wp-block-heading\" id=\"4-3-1-sistema-de-venta\">4.3.1 Syst\u00e8me de vente<\/h5>\n\n\n\n<p>Pour effectuer un achat, vous devez soumettre votre commande en ligne via la proc\u00e9dure de paiement pr\u00e9vue \u00e0 cet effet. Vous pouvez nous contacter par&nbsp;<a href=\"mailto:info@kiemmi.com\">e-mail<\/a>&nbsp;Si vous avez besoin d&#039;aide.<\/p>\n\n\n\n<h5 class=\"wp-block-heading\" id=\"4-3-2-impuestos-aplicables\">4.3.2 Taxes applicables<\/h5>\n\n\n\n<p>Vous trouverez le d\u00e9tail des prix des produits affich\u00e9s sur notre site web lors de la validation de votre commande. Nous vous indiquerons les prix TTC, ainsi que les frais de livraison, et ce, syst\u00e9matiquement avant la confirmation de votre achat.<\/p>\n\n\n\n<p>Les taux de TVA peuvent varier selon votre lieu de r\u00e9sidence, le type de produit et son origine. Pour toute question relative \u00e0 une exon\u00e9ration de TVA, veuillez nous contacter directement par courriel \u00e0 l&#039;adresse suivante\u00a0:\u00a0<a href=\"mailto:info@kiemmi.com\">info@craftjw.com<\/a>.<\/p>\n\n\n\n<p>Les droits d&#039;importation, les frais de virement bancaire, les formalit\u00e9s douani\u00e8res ou les retenues \u00e0 l&#039;origine, ou ceux li\u00e9s \u00e0 la livraison dans des territoires sp\u00e9ciaux (voir section n\u00b0 4.3.4) ou dans des pays situ\u00e9s en dehors de l&#039;Union europ\u00e9enne, sont \u00e0 votre charge en tant que client et ne sont pas inclus dans les prix que nous indiquons sur le site web.<\/p>\n\n\n\n<h5 class=\"wp-block-heading\" id=\"4-3-3-forma-de-pago\">4.3.3 Mode de paiement<\/h5>\n\n\n\n<p>Lors de votre commande, vous devez r\u00e9gler le montant en utilisant l&#039;un des modes de paiement accept\u00e9s sur notre site web. La production de votre commande ne d\u00e9butera qu&#039;apr\u00e8s r\u00e9ception de votre paiement. Dans certains cas, et afin de pr\u00e9venir toute fraude potentielle, Kiemmi se r\u00e9serve le droit d&#039;exiger l&#039;utilisation d&#039;un mode de paiement sp\u00e9cifique ou la fourniture de documents compl\u00e9mentaires.<\/p>\n\n\n\n<h5 class=\"wp-block-heading\" id=\"4-3-4-forma-gastos-y-plazos-de-envio\">4.3.4 M\u00e9thode d&#039;exp\u00e9dition, co\u00fbts et d\u00e9lais<\/h5>\n\n\n\n<p>Nous exp\u00e9dions les commandes \u00e0 nos clients en Europe et dans le reste du monde par l&#039;interm\u00e9diaire de diff\u00e9rents transporteurs. Les frais de port sont calcul\u00e9s automatiquement lors de votre demande de devis ou de votre commande.<\/p>\n\n\n\n<p>Certains territoires, bien qu&#039;appartenant \u00e0 un pays sp\u00e9cifique, peuvent entra\u00eener des frais suppl\u00e9mentaires car les compagnies de transport les traitent g\u00e9n\u00e9ralement comme des cas exceptionnels. C&#039;est le cas, par exemple, de Ceuta, Melilla, la Guadeloupe, la Martinique et les \u00eeles Canaries.<\/p>\n\n\n\n<p>Les d\u00e9lais de production sont indiqu\u00e9s sur notre site web. Il est possible qu&#039;une commande subisse des retards de production en raison de ruptures de stock, d&#039;une confirmation tardive de votre part, d&#039;une erreur de conception, etc. Chez Kiemmi, nous nous engageons \u00e0 livrer vos produits \u00e0 l&#039;adresse de livraison que vous nous indiquez dans les meilleurs d\u00e9lais, en respectant les d\u00e9lais de production et d&#039;exp\u00e9dition, et toujours sous trente (30) jours calendaires \u00e0 compter de la confirmation de votre commande. En cas de retard, nous vous contacterons pour vous informer de tout changement.<\/p>\n\n\n\n<p>Les d\u00e9lais de livraison peuvent \u00eatre affect\u00e9s par des incidents de transport exceptionnels (gr\u00e8ves, intemp\u00e9ries, situations politiques exceptionnelles, etc.) ou par les formalit\u00e9s douani\u00e8res, les contr\u00f4les dans le pays de destination ou des difficult\u00e9s d&#039;acheminement des marchandises. Kiemmi d\u00e9cline toute responsabilit\u00e9 en cas de retard imputable au transporteur ou aux proc\u00e9dures douani\u00e8res. Toutefois, nous nous engageons \u00e0 remplacer toute commande endommag\u00e9e ou perdue pendant le transport dans un d\u00e9lai raisonnable.<\/p>\n\n\n\n<h3 class=\"wp-block-heading\" id=\"5-garantias-cambios-cancelaciones-y-devoluciones\">5. Garanties, \u00e9changes, annulations et retours<\/h3>\n\n\n\n<p>En tant qu&#039;utilisateur, vous pouvez modifier ou ajouter un nouveau design, changer votre adresse de livraison et\/ou de facturation, ou annuler la commande, tant qu&#039;elle n&#039;est pas encore entr\u00e9e dans le processus de production.<\/p>\n\n\n\n<p>Pour ce faire, vous devrez envoyer un courriel \u00e0\u00a0<a href=\"mailto:info@kiemmi.com\">info@craftjw.com<\/a>, Veuillez indiquer votre num\u00e9ro de commande. Apr\u00e8s v\u00e9rification de l&#039;\u00e9tat de votre commande, nous vous informerons de la possibilit\u00e9 de modification ou d&#039;annulation.<\/p>\n\n\n\n<p>En tant qu&#039;utilisateur et client, vous disposez de quatorze (14) jours calendaires pour annuler votre achat et retourner le(s) produit(s), \u00e0 compter de la r\u00e9ception de votre commande, sauf s&#039;il s&#039;agit d&#039;un produit personnalis\u00e9, c&#039;est-\u00e0-dire modifi\u00e9 selon vos instructions. Les produits personnalis\u00e9s ne sont ni repris ni \u00e9chang\u00e9s.<\/p>\n\n\n\n<p>Les produits personnalis\u00e9s peuvent pr\u00e9senter de l\u00e9g\u00e8res modifications de couleur, de poids, de texture, de mat\u00e9riaux, de taille ou de design, tout en respectant l&#039;usage et l&#039;id\u00e9e initiale pr\u00e9sent\u00e9s sur notre site web. Vous devez, de votre c\u00f4t\u00e9, manipuler les produits Craftjw avec le plus grand soin, en veillant \u00e0 ce qu&#039;ils soient inutilis\u00e9s et n&#039;aient subi aucune manipulation susceptible de les alt\u00e9rer. Il vous incombe de les conserver correctement jusqu&#039;\u00e0 leur inspection par Kiemmi, si vous souhaitez les retourner ou d\u00e9poser une r\u00e9clamation.<\/p>\n\n\n\n<p>Les frais de retour sont \u00e0 la charge du client. Pour effectuer un retour, veuillez envoyer un courriel \u00e0\u00a0<a href=\"mailto:info@kiemmi.co\">info@craftjw.com<\/a>\u00a0Demande de remboursement pour votre commande.<\/p>\n\n\n\n<p>Une fois l&#039;article retourn\u00e9 et son \u00e9tat incorrect v\u00e9rifi\u00e9, nous proc\u00e9derons au remboursement, y compris les frais d&#039;exp\u00e9dition initiaux pour l&#039;option la plus simple (Livraison Standard). Si le retour est d\u00fb \u00e0 une erreur de notre part, Craftjw prendra en charge les frais de retour. Dans le cas contraire, ces frais seront \u00e0 votre charge.<\/p>\n\n\n\n<p>Nous vous rembourserons le montant dans les quatorze (14) jours suivant la r\u00e9ception du produit retourn\u00e9, en utilisant le m\u00eame mode de paiement que celui utilis\u00e9 pour l&#039;achat.<\/p>\n\n\n\n<h3 class=\"wp-block-heading\" id=\"6-propiedad-intelectual\">6. Propri\u00e9t\u00e9 intellectuelle<\/h3>\n\n\n\n<p>Nous nous r\u00e9servons tous les droits de propri\u00e9t\u00e9 intellectuelle et industrielle relatifs au site web Craftjw, notamment les textes, images, \u00e9l\u00e9ments graphiques, marques, structure de navigation, informations et contenus. Nous d\u00e9tenons exclusivement les droits d&#039;exploitation de ces \u00e9l\u00e9ments sous toutes leurs formes, et en particulier les droits de reproduction, de distribution, de communication au public et de transformation, conform\u00e9ment au droit espagnol de la propri\u00e9t\u00e9 intellectuelle et industrielle.<\/p>\n\n\n\n<p>Si vous personnalisez un produit sur le site web de Kiemmi avec une image que vous fournissez et qui ne provient pas du catalogue d&#039;images de Craftjw, vous devez garantir que vous d\u00e9tenez tous les droits de propri\u00e9t\u00e9 intellectuelle et industrielle n\u00e9cessaires, ainsi que tous les droits \u00e0 l&#039;image et de confidentialit\u00e9 relatifs aux personnes physiques ou morales, vous autorisant \u00e0 utiliser cette image comme vous le souhaitez. De plus, en tant qu&#039;utilisateur, vous nous accordez une licence limit\u00e9e nous permettant de reproduire, communiquer, distribuer et transformer l&#039;image que vous fournissez en produit(s) personnalis\u00e9(s) command\u00e9(s). Cette licence prend fin une fois le produit fabriqu\u00e9 et exp\u00e9di\u00e9 \u00e0 votre adresse de livraison.<\/p>\n\n\n\n<p>Vous exon\u00e9rez Craftjw de toute responsabilit\u00e9 concernant les r\u00e9clamations de tiers d\u00e9coulant de l&#039;utilisation ill\u00e9gitime ou criminelle d&#039;images soumises \u00e0 la propri\u00e9t\u00e9 intellectuelle ou industrielle, ou aux droits \u00e0 l&#039;image ou \u00e0 la vie priv\u00e9e des personnes physiques dans les produits personnalis\u00e9s via nos sites web.<\/p>\n\n\n\n<h3 class=\"wp-block-heading\" id=\"7-quejas-y-reclamaciones\">7. Plaintes et r\u00e9clamations<\/h3>\n\n\n\n<p>En tant que client, vous pouvez toujours nous contacter.\u00a0<a href=\"mailto:info@kiemmi.com\">info@craftjw.com<\/a>\u00a0Pour toute r\u00e9clamation, suggestion ou plainte relative \u00e0 nos services, veuillez indiquer votre num\u00e9ro de facture ou de commande afin d&#039;acc\u00e9l\u00e9rer le traitement de votre demande. Nous nous engageons \u00e0 y r\u00e9pondre dans un d\u00e9lai de sept (7) jours ouvrables \u00e0 compter de sa r\u00e9ception. Si la r\u00e9clamation concerne un produit non fabriqu\u00e9 par Kiemmi, ce d\u00e9lai pourra \u00eatre prolong\u00e9 afin de nous permettre de contacter le fabricant.<\/p>\n\n\n\n<p>Vous ne pouvez pas soumettre de plaintes ou de r\u00e9clamations concernant les commandes une fois que sept (7) jours se sont \u00e9coul\u00e9s depuis leur livraison effective.<\/p>\n\n\n\n<h3 class=\"wp-block-heading\" id=\"8-derechos-de-camaloon\">8. Droits d&#039;auteur<\/h3>\n\n\n\n<h4 class=\"wp-block-heading\" id=\"8-1-monitorizacion\">8.1 Surveillance<\/h4>\n\n\n\n<p>Chez Craftjwnos, nous nous r\u00e9servons le droit (sans y \u00eatre oblig\u00e9s) de surveiller toutes les transactions et communications effectu\u00e9es sur notre site web. Si nous estimons, \u00e0 notre enti\u00e8re discr\u00e9tion, qu&#039;un utilisateur ou un client a enfreint ou pourrait enfreindre l&#039;une quelconque des pr\u00e9sentes Conditions g\u00e9n\u00e9rales d&#039;utilisation et de vente, ou qu&#039;une transaction ou communication est inappropri\u00e9e, nous pouvons annuler ou restreindre l&#039;acc\u00e8s de cet utilisateur, sans possibilit\u00e9 de recours ult\u00e9rieur.<\/p>\n\n\n\n<h4 class=\"wp-block-heading\" id=\"8-2-modificacion-del-servicio\">8.2 Modification du service<\/h4>\n\n\n\n<p>Chez Craftjw, nous nous r\u00e9servons le droit de modifier la mise en page, l&#039;organisation et l&#039;apparence de notre site web ainsi que les services que nous proposons, et nous pouvons modifier ou suspendre tout aspect de nos services et\/ou de nos prix sans pr\u00e9avis ni possibilit\u00e9 de recours.<\/p>\n\n\n\n<h4 class=\"wp-block-heading\" id=\"8-3-cancelacion-del-contrato\">8.3 R\u00e9siliation du contrat<\/h4>\n\n\n\n<p>Chez Craftjw, \u00e0 notre enti\u00e8re discr\u00e9tion et avec ou sans pr\u00e9avis, nous pouvons\u00a0:<\/p>\n\n\n\n<ul class=\"wp-block-list\">\n<li>Suspendre ou limiter l&#039;utilisation de Craftjw pour un utilisateur sp\u00e9cifique, ainsi que fermer d\u00e9finitivement un compte ou annuler l&#039;acc\u00e8s \u00e0 nos pages web<\/li>\n\n\n\n<li>Bloquer ou annuler la production de toute commande incluant des images constituant un crime, violant les droits de tiers, offensantes, de mauvais go\u00fbt, v\u00e9hiculant des messages politiques violents, injurieux, extr\u00eamement radicaux, sectaires ou contraires aux droits fondamentaux.<\/li>\n\n\n\n<li>Bloquer ou annuler la production de toute commande qui, apr\u00e8s v\u00e9rification, pr\u00e9sente des erreurs dans les plans, dans le calcul du prix, ne permettant pas d&#039;offrir une garantie suffisante du r\u00e9sultat final, etc.<\/li>\n\n\n\n<li>Signalez aux autorit\u00e9s comp\u00e9tentes tout abus ou fraude survenu sur nos sites web.<\/li>\n\n\n\n<li>Supprimer des serveurs et r\u00e9pertoires de Craftjw tout contenu que nous jugeons inappropri\u00e9, ou tout contenu sugg\u00e9r\u00e9 par un utilisateur.<\/li>\n\n\n\n<li>Cesser la vente de tout produit sp\u00e9cifique ou dans toute devise autre que l&#039;euro (\u20ac).<\/li>\n\n\n\n<li>Nous nous r\u00e9servons le droit d&#039;interrompre le service ou de le proposer de mani\u00e8re limit\u00e9e.<\/li>\n<\/ul>\n\n\n\n<h3 class=\"wp-block-heading\" id=\"9-politica-de-enlaces\">9. Politique relative aux liens<\/h3>\n\n\n\n<p>Chez Craftjw, nous ne sommes pas responsables des sites web ou fichiers accessibles via des liens hypertextes pr\u00e9sents dans notre contenu. La responsabilit\u00e9 incombe \u00e0 leurs propri\u00e9taires respectifs. Par cons\u00e9quent, nous n&#039;approuvons ni n&#039;adoptons les produits, services, contenus, informations, donn\u00e9es, fichiers ou tout autre \u00e9l\u00e9ment pr\u00e9sents sur ces sites web ou fichiers, et nous n&#039;exer\u00e7ons aucun contr\u00f4le ni n&#039;assumons aucune responsabilit\u00e9 quant \u00e0 la qualit\u00e9, la l\u00e9galit\u00e9, la fiabilit\u00e9 ou l&#039;utilit\u00e9 des informations, contenus et services propos\u00e9s sur les sites externes li\u00e9s \u00e0 notre site web.<\/p>\n\n\n\n<p>Si cela est jug\u00e9 appropri\u00e9, ou si une autorit\u00e9 comp\u00e9tente d\u00e9clare les donn\u00e9es illicites, ordonnant leur suppression ou emp\u00eachant l&#039;acc\u00e8s \u00e0 celles-ci, ou si l&#039;existence du pr\u00e9judice a \u00e9t\u00e9 d\u00e9clar\u00e9e et que nous avons \u00e9t\u00e9 express\u00e9ment inform\u00e9s de la r\u00e9solution correspondante, nous supprimerons imm\u00e9diatement les liens indiqu\u00e9s.<\/p>\n\n\n\n<h3 class=\"wp-block-heading\" id=\"10-limitacion-de-responsabilidad\">10. Limitation de responsabilit\u00e9<\/h3>\n\n\n\n<p>Nous d\u00e9clinons toute responsabilit\u00e9 pour les dommages de quelque nature que ce soit pouvant r\u00e9sulter de l&#039;indisponibilit\u00e9 ou de l&#039;interruption de nos sites web. Nous d\u00e9clinons \u00e9galement toute responsabilit\u00e9 d\u00e9coulant d&#039;une utilisation abusive ou inappropri\u00e9e de nos produits.<\/p>\n\n\n\n<h3 class=\"wp-block-heading\" id=\"11-cambios-en-las-presentes-condiciones-generales-de-uso-y-venta\">11. Modifications des pr\u00e9sentes conditions g\u00e9n\u00e9rales d&#039;utilisation et de vente<\/h3>\n\n\n\n<p>Nous nous r\u00e9servons le droit de modifier tout aspect des pr\u00e9sentes Conditions g\u00e9n\u00e9rales d&#039;utilisation et de vente, y compris nos prix, les mod\u00e8les accept\u00e9s ou le contenu inacceptable.<\/p>\n\n\n\n<h3 class=\"wp-block-heading\" id=\"12-legislacion-aplicable-y-jurisdiccion-competente\">12. Droit applicable et juridiction comp\u00e9tente<\/h3>\n\n\n\n<p>Les pr\u00e9sentes conditions g\u00e9n\u00e9rales d&#039;utilisation et de vente sont r\u00e9gies par le droit espagnol.<\/p>\n\n\n\n<p>Si une personne effectue l&#039;achat de produits, pour le r\u00e8glement d&#039;\u00e9ventuels litiges, les parties conviennent de se soumettre \u00e0 l&#039;arbitrage des consommateurs pr\u00e9vu par la r\u00e9glementation, renon\u00e7ant \u00e0 toute autre juridiction qui pourrait leur \u00eatre applicable.<\/p>\n\n\n\n<p>Si une entreprise effectue l&#039;achat de produits, pour le r\u00e8glement d&#039;\u00e9ventuels litiges, les parties conviennent de se soumettre aux tribunaux comp\u00e9tents de Nules, renon\u00e7ant \u00e0 toute autre juridiction qui pourrait leur correspondre.<\/p>","protected":false},"excerpt":{"rendered":"<p>1. Datos identificativos de craftjw.com El prestador del servicio del sitio web es Emmanuel Kielichowski (en adelante, &#8220;Craftjw&#8221;), con VAT [&hellip;]<\/p>\n","protected":false},"author":4,"featured_media":0,"parent":0,"menu_order":0,"comment_status":"closed","ping_status":"closed","template":"","meta":{"_seopress_robots_primary_cat":"","_seopress_titles_title":"","_seopress_titles_desc":"","_seopress_robots_index":"yes","site-sidebar-layout":"default","site-content-layout":"","ast-site-content-layout":"default","site-content-style":"default","site-sidebar-style":"default","ast-global-header-display":"","ast-banner-title-visibility":"","ast-main-header-display":"","ast-hfb-above-header-display":"","ast-hfb-below-header-display":"","ast-hfb-mobile-header-display":"","site-post-title":"","ast-breadcrumbs-content":"","ast-featured-img":"","footer-sml-layout":"","ast-disable-related-posts":"","theme-transparent-header-meta":"","adv-header-id-meta":"","stick-header-meta":"","header-above-stick-meta":"","header-main-stick-meta":"","header-below-stick-meta":"","astra-migrate-meta-layouts":"default","ast-page-background-enabled":"default","ast-page-background-meta":{"desktop":{"background-color":"var(--ast-global-color-5)","background-image":"","background-repeat":"repeat","background-position":"center center","background-size":"auto","background-attachment":"scroll","background-type":"","background-media":"","overlay-type":"","overlay-color":"","overlay-opacity":"","overlay-gradient":""},"tablet":{"background-color":"","background-image":"","background-repeat":"repeat","background-position":"center center","background-size":"auto","background-attachment":"scroll","background-type":"","background-media":"","overlay-type":"","overlay-color":"","overlay-opacity":"","overlay-gradient":""},"mobile":{"background-color":"","background-image":"","background-repeat":"repeat","background-position":"center center","background-size":"auto","background-attachment":"scroll","background-type":"","background-media":"","overlay-type":"","overlay-color":"","overlay-opacity":"","overlay-gradient":""}},"ast-content-background-meta":{"desktop":{"background-color":"var(--ast-global-color-4)","background-image":"","background-repeat":"repeat","background-position":"center center","background-size":"auto","background-attachment":"scroll","background-type":"","background-media":"","overlay-type":"","overlay-color":"","overlay-opacity":"","overlay-gradient":""},"tablet":{"background-color":"var(--ast-global-color-4)","background-image":"","background-repeat":"repeat","background-position":"center center","background-size":"auto","background-attachment":"scroll","background-type":"","background-media":"","overlay-type":"","overlay-color":"","overlay-opacity":"","overlay-gradient":""},"mobile":{"background-color":"var(--ast-global-color-4)","background-image":"","background-repeat":"repeat","background-position":"center center","background-size":"auto","background-attachment":"scroll","background-type":"","background-media":"","overlay-type":"","overlay-color":"","overlay-opacity":"","overlay-gradient":""}},"footnotes":""},"class_list":["post-2743","page","type-page","status-publish","hentry"],"_links":{"self":[{"href":"https:\/\/craftjw.com\/fr\/wp-json\/wp\/v2\/pages\/2743","targetHints":{"allow":["GET"]}}],"collection":[{"href":"https:\/\/craftjw.com\/fr\/wp-json\/wp\/v2\/pages"}],"about":[{"href":"https:\/\/craftjw.com\/fr\/wp-json\/wp\/v2\/types\/page"}],"author":[{"embeddable":true,"href":"https:\/\/craftjw.com\/fr\/wp-json\/wp\/v2\/users\/4"}],"replies":[{"embeddable":true,"href":"https:\/\/craftjw.com\/fr\/wp-json\/wp\/v2\/comments?post=2743"}],"version-history":[{"count":1,"href":"https:\/\/craftjw.com\/fr\/wp-json\/wp\/v2\/pages\/2743\/revisions"}],"predecessor-version":[{"id":52858,"href":"https:\/\/craftjw.com\/fr\/wp-json\/wp\/v2\/pages\/2743\/revisions\/52858"}],"wp:attachment":[{"href":"https:\/\/craftjw.com\/fr\/wp-json\/wp\/v2\/media?parent=2743"}],"curies":[{"name":"wp","href":"https:\/\/api.w.org\/{rel}","templated":true}]}}