{"id":2226,"date":"2020-07-25T11:07:48","date_gmt":"2020-07-25T11:07:48","guid":{"rendered":"https:\/\/www.tks3d.com\/?page_id=2226"},"modified":"2026-04-01T08:53:48","modified_gmt":"2026-04-01T06:53:48","slug":"politique-en-matiere-de-cookies","status":"publish","type":"page","link":"https:\/\/craftjw.com\/fr\/politica-de-cookies\/","title":{"rendered":"Politique relative aux cookies"},"content":{"rendered":"<p>Conform\u00e9ment aux dispositions de l&#039;article 22.2 de la loi 34\/2002 du 11 juillet relative aux services de la soci\u00e9t\u00e9 de l&#039;information et au commerce \u00e9lectronique, ce site web vous informe, dans cette section, de&nbsp;<strong>politique de collecte et de traitement des cookies<\/strong>.<\/p>\n\n\n\n<h4 class=\"wp-block-heading\">Que sont les cookies ?<\/h4>\n\n\n\n<p>Un cookie est un fichier t\u00e9l\u00e9charg\u00e9 sur votre ordinateur lorsque vous consultez certaines pages web. Les cookies permettent notamment \u00e0 un site web de stocker et de r\u00e9cup\u00e9rer des informations relatives \u00e0 vos habitudes de navigation ou \u00e0 votre appareil. Selon les informations qu&#039;ils contiennent et votre utilisation de l&#039;appareil, ils peuvent \u00e9galement permettre de vous reconna\u00eetre.<\/p>\n\n\n\n<h4 class=\"wp-block-heading\">Types de cookies et leur finalit\u00e9<\/h4>\n\n\n\n<p>Lors de votre navigation sur ce site web, des cookies de session, des cookies persistants, des cookies analytiques et des cookies de personnalisation sont utilis\u00e9s\u00a0:<\/p>\n\n\n\n<p><strong>Cookies de session\u00a0:<\/strong>&nbsp;Ces cookies sont con\u00e7us pour collecter et stocker des donn\u00e9es pendant qu&#039;un utilisateur consulte un site web. Ils servent g\u00e9n\u00e9ralement \u00e0 stocker des informations uniquement n\u00e9cessaires \u00e0 la fourniture du service demand\u00e9 par l&#039;utilisateur, et ce, ponctuellement.<\/p>\n\n\n\n<p><strong>Cookies persistants\u00a0:<\/strong>&nbsp;Il s&#039;agit d&#039;un type de cookie dans lequel les donn\u00e9es restent stock\u00e9es sur le terminal et peuvent \u00eatre consult\u00e9es et trait\u00e9es pendant une p\u00e9riode d\u00e9finie par le propri\u00e9taire du cookie, qui peut aller de quelques minutes \u00e0 plusieurs ann\u00e9es.<\/p>\n\n\n\n<p><strong>Cookies analytiques<\/strong>Ces cookies, lorsqu&#039;ils sont trait\u00e9s correctement par nous ou par des tiers, nous permettent de quantifier le nombre d&#039;utilisateurs et ainsi d&#039;effectuer une analyse statistique de leur utilisation du service propos\u00e9. Cela implique d&#039;analyser votre activit\u00e9 de navigation sur notre site web afin d&#039;am\u00e9liorer les produits et services que nous vous offrons.<\/p>\n\n\n\n<p><strong>Cookies de personnalisation<\/strong>Ce sont celles qui permettent \u00e0 l&#039;utilisateur d&#039;acc\u00e9der au service avec certaines caract\u00e9ristiques g\u00e9n\u00e9rales pr\u00e9d\u00e9finies, bas\u00e9es sur une s\u00e9rie de crit\u00e8res li\u00e9s au terminal de l&#039;utilisateur, tels que la langue ou le type de navigateur utilis\u00e9 pour se connecter au service.<\/p>\n\n\n\n<h4 class=\"wp-block-heading\">Mises \u00e0 jour et modifications de la politique relative aux cookies<\/h4>\n\n\n\n<p>KIEMMI peut modifier la pr\u00e9sente politique relative aux cookies en fonction de nouvelles exigences l\u00e9gislatives ou r\u00e9glementaires, ou afin d&#039;adapter la politique aux instructions \u00e9mises par l&#039;Agence espagnole de protection des donn\u00e9es.<\/p>\n\n\n\n<p>Pour plus d&#039;informations sur notre utilisation des cookies, veuillez nous contacter par e-mail \u00e0 l&#039;adresse info@tekniservice.com.<\/p>","protected":false},"excerpt":{"rendered":"<p>En cumplimiento con lo dispuesto en el art\u00edculo 22.2 de la Ley 34\/2002, de 11 de julio, de Servicios de [&hellip;]<\/p>\n","protected":false},"author":4,"featured_media":0,"parent":0,"menu_order":0,"comment_status":"closed","ping_status":"closed","template":"","meta":{"_seopress_robots_primary_cat":"0","_seopress_titles_title":"","_seopress_titles_desc":"","_seopress_robots_index":"yes","site-sidebar-layout":"default","site-content-layout":"","ast-site-content-layout":"default","site-content-style":"default","site-sidebar-style":"default","ast-global-header-display":"","ast-banner-title-visibility":"","ast-main-header-display":"","ast-hfb-above-header-display":"","ast-hfb-below-header-display":"","ast-hfb-mobile-header-display":"","site-post-title":"","ast-breadcrumbs-content":"","ast-featured-img":"","footer-sml-layout":"","ast-disable-related-posts":"","theme-transparent-header-meta":"","adv-header-id-meta":"","stick-header-meta":"","header-above-stick-meta":"","header-main-stick-meta":"","header-below-stick-meta":"","astra-migrate-meta-layouts":"default","ast-page-background-enabled":"default","ast-page-background-meta":{"desktop":{"background-color":"var(--ast-global-color-5)","background-image":"","background-repeat":"repeat","background-position":"center center","background-size":"auto","background-attachment":"scroll","background-type":"","background-media":"","overlay-type":"","overlay-color":"","overlay-opacity":"","overlay-gradient":""},"tablet":{"background-color":"","background-image":"","background-repeat":"repeat","background-position":"center center","background-size":"auto","background-attachment":"scroll","background-type":"","background-media":"","overlay-type":"","overlay-color":"","overlay-opacity":"","overlay-gradient":""},"mobile":{"background-color":"","background-image":"","background-repeat":"repeat","background-position":"center center","background-size":"auto","background-attachment":"scroll","background-type":"","background-media":"","overlay-type":"","overlay-color":"","overlay-opacity":"","overlay-gradient":""}},"ast-content-background-meta":{"desktop":{"background-color":"var(--ast-global-color-4)","background-image":"","background-repeat":"repeat","background-position":"center center","background-size":"auto","background-attachment":"scroll","background-type":"","background-media":"","overlay-type":"","overlay-color":"","overlay-opacity":"","overlay-gradient":""},"tablet":{"background-color":"var(--ast-global-color-4)","background-image":"","background-repeat":"repeat","background-position":"center center","background-size":"auto","background-attachment":"scroll","background-type":"","background-media":"","overlay-type":"","overlay-color":"","overlay-opacity":"","overlay-gradient":""},"mobile":{"background-color":"var(--ast-global-color-4)","background-image":"","background-repeat":"repeat","background-position":"center center","background-size":"auto","background-attachment":"scroll","background-type":"","background-media":"","overlay-type":"","overlay-color":"","overlay-opacity":"","overlay-gradient":""}},"footnotes":""},"class_list":["post-2226","page","type-page","status-publish","hentry"],"_links":{"self":[{"href":"https:\/\/craftjw.com\/fr\/wp-json\/wp\/v2\/pages\/2226","targetHints":{"allow":["GET"]}}],"collection":[{"href":"https:\/\/craftjw.com\/fr\/wp-json\/wp\/v2\/pages"}],"about":[{"href":"https:\/\/craftjw.com\/fr\/wp-json\/wp\/v2\/types\/page"}],"author":[{"embeddable":true,"href":"https:\/\/craftjw.com\/fr\/wp-json\/wp\/v2\/users\/4"}],"replies":[{"embeddable":true,"href":"https:\/\/craftjw.com\/fr\/wp-json\/wp\/v2\/comments?post=2226"}],"version-history":[{"count":1,"href":"https:\/\/craftjw.com\/fr\/wp-json\/wp\/v2\/pages\/2226\/revisions"}],"predecessor-version":[{"id":53041,"href":"https:\/\/craftjw.com\/fr\/wp-json\/wp\/v2\/pages\/2226\/revisions\/53041"}],"wp:attachment":[{"href":"https:\/\/craftjw.com\/fr\/wp-json\/wp\/v2\/media?parent=2226"}],"curies":[{"name":"wp","href":"https:\/\/api.w.org\/{rel}","templated":true}]}}