{"id":1576,"date":"2026-03-14T23:33:38","date_gmt":"2026-03-14T22:33:38","guid":{"rendered":"https:\/\/craftjw.com\/producto\/caja-organizadora-kit-de-ensenanza-jw\/"},"modified":"2026-04-01T08:18:52","modified_gmt":"2026-04-01T06:18:52","slug":"caja-organizadora-kit-de-ensenanza-jw","status":"publish","type":"product","link":"https:\/\/craftjw.com\/es\/shop\/varios-regalos\/caja-organizadora-kit-de-ensenanza-jw\/","title":{"rendered":"Caja Organizadora Kit de Ense\u00f1anza JW"},"content":{"rendered":"<p>Transforma tu escritorio o mesa con esta <strong>caja organizadora<\/strong> del <strong>Kit de Ense\u00f1anza JW<\/strong>. Perfecta para mantener tus objetos personales en orden, esta caja combina funcionalidad con un dise\u00f1o decorativo \u00fanico. Confeccionada en impresi\u00f3n 3D, es ideal para almacenar art\u00edculos de oficina, llaves, y peque\u00f1os accesorios, mientras a\u00f1ade un toque de estilo a cualquier espacio.<\/p>\n<p><em><strong>Caracteristicas:<\/strong><\/em><\/p>\n<ul>\n<li>\ud83d\udd35\ud83d\udd34 <strong>Colores disponibles<\/strong>: Azul\u00a0 y Rojo<\/li>\n<li><strong>\ud83d\udda8\ufe0f Material<\/strong>: Pl\u00e1stico de alta calidad impreso en 3D<\/li>\n<li><strong>\ud83c\udf81 Uso vers\u00e1til<\/strong>: Ideal para la oficina, el hogar o como regalo<\/li>\n<li><strong>\ud83d\udda5\ufe0f Tama\u00f1o compacto<\/strong>: Perfecto para cualquier escritorio o mesa<\/li>\n<li><strong>\ud83d\udcd0 Dimensiones<\/strong>: 120mm de largo, 50mm de ancho, 78.5mm de alto<\/li>\n<\/ul>\n<p>No dejes pasar la oportunidad de mejorar tu organizaci\u00f3n con estilo. \u00a1Ordena tu caja organizadora del Kit de Ense\u00f1anza JW hoy mismo y transforma tu espacio!<\/p>\n","protected":false},"excerpt":{"rendered":"<p>Esta caja organizadora del Kit de Ense\u00f1anza JW, hecha en impresi\u00f3n 3D, es ideal para mantener tu escritorio ordenado y con estilo. Est\u00e1 disponible en colores azul y rojo, y est\u00e1 fabricada en pl\u00e1stico de alta calidad. Con unas dimensiones compactas de 120mm de largo, 50mm de ancho y 78,5mm de alto, es perfecta para guardar peque\u00f1os accesorios. Adem\u00e1s, su dise\u00f1o decorativo la convierte en un excelente regalo o elemento decorativo para cualquier espacio.<\/p>\n","protected":false},"featured_media":1575,"template":"","meta":{"_seopress_robots_primary_cat":"","_seopress_titles_title":"","_seopress_titles_desc":"","_seopress_robots_index":"","site-sidebar-layout":"default","site-content-layout":"","ast-site-content-layout":"default","site-content-style":"default","site-sidebar-style":"default","ast-global-header-display":"","ast-banner-title-visibility":"","ast-main-header-display":"","ast-hfb-above-header-display":"","ast-hfb-below-header-display":"","ast-hfb-mobile-header-display":"","site-post-title":"","ast-breadcrumbs-content":"","ast-featured-img":"","footer-sml-layout":"","ast-disable-related-posts":"","theme-transparent-header-meta":"default","adv-header-id-meta":"","stick-header-meta":"default","header-above-stick-meta":"","header-main-stick-meta":"","header-below-stick-meta":"","astra-migrate-meta-layouts":"set","ast-page-background-enabled":"default","ast-page-background-meta":{"desktop":{"background-color":"var(--ast-global-color-5)","background-image":"","background-repeat":"repeat","background-position":"center center","background-size":"auto","background-attachment":"scroll","background-type":"","background-media":"","overlay-type":"","overlay-color":"","overlay-opacity":"","overlay-gradient":""},"tablet":{"background-color":"","background-image":"","background-repeat":"repeat","background-position":"center center","background-size":"auto","background-attachment":"scroll","background-type":"","background-media":"","overlay-type":"","overlay-color":"","overlay-opacity":"","overlay-gradient":""},"mobile":{"background-color":"","background-image":"","background-repeat":"repeat","background-position":"center center","background-size":"auto","background-attachment":"scroll","background-type":"","background-media":"","overlay-type":"","overlay-color":"","overlay-opacity":"","overlay-gradient":""}},"ast-content-background-meta":{"desktop":{"background-color":"var(--ast-global-color-4)","background-image":"","background-repeat":"repeat","background-position":"center center","background-size":"auto","background-attachment":"scroll","background-type":"","background-media":"","overlay-type":"","overlay-color":"","overlay-opacity":"","overlay-gradient":""},"tablet":{"background-color":"var(--ast-global-color-4)","background-image":"","background-repeat":"repeat","background-position":"center center","background-size":"auto","background-attachment":"scroll","background-type":"","background-media":"","overlay-type":"","overlay-color":"","overlay-opacity":"","overlay-gradient":""},"mobile":{"background-color":"var(--ast-global-color-4)","background-image":"","background-repeat":"repeat","background-position":"center center","background-size":"auto","background-attachment":"scroll","background-type":"","background-media":"","overlay-type":"","overlay-color":"","overlay-opacity":"","overlay-gradient":""}}},"product_brand":[46],"product_cat":[50],"product_tag":[],"class_list":{"0":"post-1576","1":"product","2":"type-product","3":"status-publish","4":"has-post-thumbnail","6":"product_brand-craft-jw","7":"product_cat-varios-regalos","8":"desktop-align-center","9":"tablet-align-left","10":"mobile-align-left","11":"ast-product-gallery-layout-horizontal-slider","12":"ast-product-tabs-layout-horizontal","13":"tm-has-options","15":"first","16":"instock","17":"taxable","18":"shipping-taxable","19":"purchasable","20":"product-type-simple"},"_links":{"self":[{"href":"https:\/\/craftjw.com\/es\/wp-json\/wp\/v2\/product\/1576","targetHints":{"allow":["GET"]}}],"collection":[{"href":"https:\/\/craftjw.com\/es\/wp-json\/wp\/v2\/product"}],"about":[{"href":"https:\/\/craftjw.com\/es\/wp-json\/wp\/v2\/types\/product"}],"version-history":[{"count":1,"href":"https:\/\/craftjw.com\/es\/wp-json\/wp\/v2\/product\/1576\/revisions"}],"predecessor-version":[{"id":53007,"href":"https:\/\/craftjw.com\/es\/wp-json\/wp\/v2\/product\/1576\/revisions\/53007"}],"wp:featuredmedia":[{"embeddable":true,"href":"https:\/\/craftjw.com\/es\/wp-json\/wp\/v2\/media\/1575"}],"wp:attachment":[{"href":"https:\/\/craftjw.com\/es\/wp-json\/wp\/v2\/media?parent=1576"}],"wp:term":[{"taxonomy":"product_brand","embeddable":true,"href":"https:\/\/craftjw.com\/es\/wp-json\/wp\/v2\/product_brand?post=1576"},{"taxonomy":"product_cat","embeddable":true,"href":"https:\/\/craftjw.com\/es\/wp-json\/wp\/v2\/product_cat?post=1576"},{"taxonomy":"product_tag","embeddable":true,"href":"https:\/\/craftjw.com\/es\/wp-json\/wp\/v2\/product_tag?post=1576"}],"curies":[{"name":"wp","href":"https:\/\/api.w.org\/{rel}","templated":true}]}}