{"id":1564,"date":"2026-03-14T23:33:21","date_gmt":"2026-03-14T22:33:21","guid":{"rendered":"https:\/\/craftjw.com\/producto\/llavero-de-madera-con-el-texto-del-ano-2026-jw\/"},"modified":"2026-04-01T08:19:02","modified_gmt":"2026-04-01T06:19:02","slug":"llavero-de-madera-con-el-texto-del-ano-2026-jw","status":"publish","type":"product","link":"https:\/\/craftjw.com\/es\/shop\/llaveros\/llavero-de-madera-con-el-texto-del-ano-2026-jw\/","title":{"rendered":"Llavero de madera con el texto del a\u00f1o 2026 &#8211; JW"},"content":{"rendered":"<p>Explora la elegancia en miniatura con nuestro llavero de madera grabado con l\u00e1ser con el texto del a\u00f1o 2026: \u201cFelices los que reconocen sus necesidades espirituales, porque el Reino de los cielos es de ellos.\u201d (Mateo 5:3).<br \/>\nEste llavero de madera es el regalo perfecto, lleno de significado, para los hermanos de la congregaci\u00f3n.<\/p>\n<p><strong>Caracter\u00edsticas Destacadas:<\/strong><\/p>\n<ul>\n<li><em>Madera de Calidad Superior:<\/em> Fabricado con madera de alta calidad para una durabilidad y encanto excepcionales.<\/li>\n<li><em>Grabado L\u00e1ser Preciso:<\/em> Detalles finos que resaltan la belleza del texto del a\u00f1o 2026 de manera \u00fanica.<\/li>\n<\/ul>\n<p><strong>Uso Vers\u00e1til:<\/strong> M\u00e1s que un simple llavero, esta peque\u00f1a obra maestra te acompa\u00f1ar\u00e1 a diario, record\u00e1ndote el texto del a\u00f1o 2026.<\/p>\n<p><strong>Dimensiones:<\/strong><\/p>\n<ul>\n<li><em>Diametro:<\/em> 45mm<\/li>\n<li><em>Espesor:<\/em> 3mm<\/li>\n<\/ul>\n","protected":false},"excerpt":{"rendered":"<p>Explora la elegancia en miniatura con nuestro llavero de madera grabado con l\u00e1ser con el texto del a\u00f1o 2026: \u201cFelices los que reconocen sus necesidades espirituales, porque el Reino de los cielos es de ellos.\u201d (Mateo 5:3).<br \/>\nEste llavero de madera es el regalo perfecto, lleno de significado, para los hermanos de la congregaci\u00f3n.<\/p>\n","protected":false},"featured_media":1563,"template":"","meta":{"_seopress_robots_primary_cat":"","_seopress_titles_title":"Llavero de madera con el texto del a\u00f1o 2025 - JW","_seopress_titles_desc":"Descubre un llavero de madera \u00fanico, grabado con el texto del a\u00f1o 2025. Regalo ideal lleno de significado y calidad superior.","_seopress_robots_index":"","site-sidebar-layout":"default","site-content-layout":"","ast-site-content-layout":"default","site-content-style":"default","site-sidebar-style":"default","ast-global-header-display":"","ast-banner-title-visibility":"","ast-main-header-display":"","ast-hfb-above-header-display":"","ast-hfb-below-header-display":"","ast-hfb-mobile-header-display":"","site-post-title":"","ast-breadcrumbs-content":"","ast-featured-img":"","footer-sml-layout":"","ast-disable-related-posts":"","theme-transparent-header-meta":"default","adv-header-id-meta":"","stick-header-meta":"default","header-above-stick-meta":"","header-main-stick-meta":"","header-below-stick-meta":"","astra-migrate-meta-layouts":"set","ast-page-background-enabled":"default","ast-page-background-meta":{"desktop":{"background-color":"var(--ast-global-color-5)","background-image":"","background-repeat":"repeat","background-position":"center center","background-size":"auto","background-attachment":"scroll","background-type":"","background-media":"","overlay-type":"","overlay-color":"","overlay-opacity":"","overlay-gradient":""},"tablet":{"background-color":"","background-image":"","background-repeat":"repeat","background-position":"center center","background-size":"auto","background-attachment":"scroll","background-type":"","background-media":"","overlay-type":"","overlay-color":"","overlay-opacity":"","overlay-gradient":""},"mobile":{"background-color":"","background-image":"","background-repeat":"repeat","background-position":"center center","background-size":"auto","background-attachment":"scroll","background-type":"","background-media":"","overlay-type":"","overlay-color":"","overlay-opacity":"","overlay-gradient":""}},"ast-content-background-meta":{"desktop":{"background-color":"var(--ast-global-color-4)","background-image":"","background-repeat":"repeat","background-position":"center center","background-size":"auto","background-attachment":"scroll","background-type":"","background-media":"","overlay-type":"","overlay-color":"","overlay-opacity":"","overlay-gradient":""},"tablet":{"background-color":"var(--ast-global-color-4)","background-image":"","background-repeat":"repeat","background-position":"center center","background-size":"auto","background-attachment":"scroll","background-type":"","background-media":"","overlay-type":"","overlay-color":"","overlay-opacity":"","overlay-gradient":""},"mobile":{"background-color":"var(--ast-global-color-4)","background-image":"","background-repeat":"repeat","background-position":"center center","background-size":"auto","background-attachment":"scroll","background-type":"","background-media":"","overlay-type":"","overlay-color":"","overlay-opacity":"","overlay-gradient":""}}},"product_brand":[46],"product_cat":[45],"product_tag":[],"class_list":{"0":"post-1564","1":"product","2":"type-product","3":"status-publish","4":"has-post-thumbnail","6":"product_brand-craft-jw","7":"product_cat-llaveros","8":"desktop-align-center","9":"tablet-align-left","10":"mobile-align-left","11":"ast-product-gallery-layout-horizontal-slider","12":"ast-product-tabs-layout-horizontal","13":"tm-has-options","15":"first","16":"instock","17":"taxable","18":"shipping-taxable","19":"purchasable","20":"product-type-simple"},"_links":{"self":[{"href":"https:\/\/craftjw.com\/es\/wp-json\/wp\/v2\/product\/1564","targetHints":{"allow":["GET"]}}],"collection":[{"href":"https:\/\/craftjw.com\/es\/wp-json\/wp\/v2\/product"}],"about":[{"href":"https:\/\/craftjw.com\/es\/wp-json\/wp\/v2\/types\/product"}],"version-history":[{"count":1,"href":"https:\/\/craftjw.com\/es\/wp-json\/wp\/v2\/product\/1564\/revisions"}],"predecessor-version":[{"id":53008,"href":"https:\/\/craftjw.com\/es\/wp-json\/wp\/v2\/product\/1564\/revisions\/53008"}],"wp:featuredmedia":[{"embeddable":true,"href":"https:\/\/craftjw.com\/es\/wp-json\/wp\/v2\/media\/1563"}],"wp:attachment":[{"href":"https:\/\/craftjw.com\/es\/wp-json\/wp\/v2\/media?parent=1564"}],"wp:term":[{"taxonomy":"product_brand","embeddable":true,"href":"https:\/\/craftjw.com\/es\/wp-json\/wp\/v2\/product_brand?post=1564"},{"taxonomy":"product_cat","embeddable":true,"href":"https:\/\/craftjw.com\/es\/wp-json\/wp\/v2\/product_cat?post=1564"},{"taxonomy":"product_tag","embeddable":true,"href":"https:\/\/craftjw.com\/es\/wp-json\/wp\/v2\/product_tag?post=1564"}],"curies":[{"name":"wp","href":"https:\/\/api.w.org\/{rel}","templated":true}]}}