{"id":1554,"date":"2026-03-14T23:32:40","date_gmt":"2026-03-14T22:32:40","guid":{"rendered":"https:\/\/craftjw.com\/producto\/iman-de-madera-en-forma-de-biblia-texto-del-ano-2026\/"},"modified":"2026-04-02T10:58:16","modified_gmt":"2026-04-02T08:58:16","slug":"iman-de-madera-en-forma-de-biblia-texto-del-ano-2026","status":"publish","type":"product","link":"https:\/\/craftjw.com\/es\/shop\/imanes-de-nevera\/iman-de-madera-en-forma-de-biblia-texto-del-ano-2026\/","title":{"rendered":"Im\u00e1n de Madera en Forma de Biblia &#8211; Texto del A\u00f1o 2026"},"content":{"rendered":"<p>Descubre la esencia \u00fanica de la Biblia en forma de im\u00e1n de madera, cada una grabada con l\u00e1ser para destacar el texto distintivo del a\u00f1o 2026. Disponible en tres modelos, esta pieza es un regalo ideal para los hermanos de la congregaci\u00f3n.<\/p>\n<p><strong>Caracter\u00edsticas Destacadas:<\/strong><\/p>\n<ul>\n<li><em>Materiales de Alta Calidad:<\/em> Fabricado con madera de primera calidad para una durabilidad y elegancia excepcionales.<\/li>\n<li><em>Grabado L\u00e1ser Preciso:<\/em> Detalles finos y precisos que resaltan la belleza del texto del a\u00f1o 2026 de manera \u00fanica.<\/li>\n<li><em>Dimensiones:<\/em>\n<ul>\n<li><em>Modelo 1:<\/em> 8cm de ancho x 5,5cm de alto<\/li>\n<li><em>Modelo 2:<\/em> 7,6cm de ancho x 5,5cm de alto<\/li>\n<li><em>Modelo 3:<\/em> 8cm de alto x 5cm de alto<\/li>\n<\/ul>\n<\/li>\n<\/ul>\n<p><strong>Usos Vers\u00e1tiles:<\/strong> Este im\u00e1n funcional no solo decora tu espacio, sino que tambi\u00e9n sirve como un recordatorio diario del a\u00f1o 2026.<\/p>\n<p>Haz de este im\u00e1n una expresi\u00f3n \u00fanica de tu fe y reg\u00e1lalo a los hermanos de la congregaci\u00f3n.<\/p>\n","protected":false},"excerpt":{"rendered":"<p>Descubre la singularidad de nuestros imanes de madera con grabado l\u00e1ser en forma de Biblia, realzados con el texto conmemorativo del a\u00f1o 2026. Disponibles en tres estilos distintos, ofrecen una expresi\u00f3n \u00fanica de fe y son el regalo perfecto para los hermanos de la congregaci\u00f3n.<\/p>\n","protected":false},"featured_media":1553,"template":"","meta":{"_seopress_robots_primary_cat":"none","_seopress_titles_title":"%%title%% %%page%%","_seopress_titles_desc":"Descubre el im\u00e1n de madera con el texto del a\u00f1o 2026, un regalo elegante y duradero grabado con l\u00e1ser, ideal para los hermanos de la congregaci\u00f3n.","_seopress_robots_index":"","site-sidebar-layout":"default","site-content-layout":"","ast-site-content-layout":"default","site-content-style":"default","site-sidebar-style":"default","ast-global-header-display":"","ast-banner-title-visibility":"","ast-main-header-display":"","ast-hfb-above-header-display":"","ast-hfb-below-header-display":"","ast-hfb-mobile-header-display":"","site-post-title":"","ast-breadcrumbs-content":"","ast-featured-img":"","footer-sml-layout":"","ast-disable-related-posts":"","theme-transparent-header-meta":"default","adv-header-id-meta":"","stick-header-meta":"default","header-above-stick-meta":"","header-main-stick-meta":"","header-below-stick-meta":"","astra-migrate-meta-layouts":"set","ast-page-background-enabled":"default","ast-page-background-meta":{"desktop":{"background-color":"var(--ast-global-color-5)","background-image":"","background-repeat":"repeat","background-position":"center center","background-size":"auto","background-attachment":"scroll","background-type":"","background-media":"","overlay-type":"","overlay-color":"","overlay-opacity":"","overlay-gradient":""},"tablet":{"background-color":"","background-image":"","background-repeat":"repeat","background-position":"center center","background-size":"auto","background-attachment":"scroll","background-type":"","background-media":"","overlay-type":"","overlay-color":"","overlay-opacity":"","overlay-gradient":""},"mobile":{"background-color":"","background-image":"","background-repeat":"repeat","background-position":"center center","background-size":"auto","background-attachment":"scroll","background-type":"","background-media":"","overlay-type":"","overlay-color":"","overlay-opacity":"","overlay-gradient":""}},"ast-content-background-meta":{"desktop":{"background-color":"var(--ast-global-color-4)","background-image":"","background-repeat":"repeat","background-position":"center center","background-size":"auto","background-attachment":"scroll","background-type":"","background-media":"","overlay-type":"","overlay-color":"","overlay-opacity":"","overlay-gradient":""},"tablet":{"background-color":"var(--ast-global-color-4)","background-image":"","background-repeat":"repeat","background-position":"center center","background-size":"auto","background-attachment":"scroll","background-type":"","background-media":"","overlay-type":"","overlay-color":"","overlay-opacity":"","overlay-gradient":""},"mobile":{"background-color":"var(--ast-global-color-4)","background-image":"","background-repeat":"repeat","background-position":"center center","background-size":"auto","background-attachment":"scroll","background-type":"","background-media":"","overlay-type":"","overlay-color":"","overlay-opacity":"","overlay-gradient":""}}},"product_brand":[46],"product_cat":[47],"product_tag":[],"class_list":{"0":"post-1554","1":"product","2":"type-product","3":"status-publish","4":"has-post-thumbnail","6":"product_brand-craft-jw","7":"product_cat-imanes-de-nevera","8":"desktop-align-center","9":"tablet-align-left","10":"mobile-align-left","11":"ast-product-gallery-layout-horizontal-slider","12":"ast-product-tabs-layout-horizontal","13":"tm-has-options","15":"first","16":"instock","17":"taxable","18":"shipping-taxable","19":"purchasable","20":"product-type-simple"},"_links":{"self":[{"href":"https:\/\/craftjw.com\/es\/wp-json\/wp\/v2\/product\/1554","targetHints":{"allow":["GET"]}}],"collection":[{"href":"https:\/\/craftjw.com\/es\/wp-json\/wp\/v2\/product"}],"about":[{"href":"https:\/\/craftjw.com\/es\/wp-json\/wp\/v2\/types\/product"}],"version-history":[{"count":1,"href":"https:\/\/craftjw.com\/es\/wp-json\/wp\/v2\/product\/1554\/revisions"}],"predecessor-version":[{"id":53010,"href":"https:\/\/craftjw.com\/es\/wp-json\/wp\/v2\/product\/1554\/revisions\/53010"}],"wp:featuredmedia":[{"embeddable":true,"href":"https:\/\/craftjw.com\/es\/wp-json\/wp\/v2\/media\/1553"}],"wp:attachment":[{"href":"https:\/\/craftjw.com\/es\/wp-json\/wp\/v2\/media?parent=1554"}],"wp:term":[{"taxonomy":"product_brand","embeddable":true,"href":"https:\/\/craftjw.com\/es\/wp-json\/wp\/v2\/product_brand?post=1554"},{"taxonomy":"product_cat","embeddable":true,"href":"https:\/\/craftjw.com\/es\/wp-json\/wp\/v2\/product_cat?post=1554"},{"taxonomy":"product_tag","embeddable":true,"href":"https:\/\/craftjw.com\/es\/wp-json\/wp\/v2\/product_tag?post=1554"}],"curies":[{"name":"wp","href":"https:\/\/api.w.org\/{rel}","templated":true}]}}