{"id":1525,"date":"2026-03-14T23:31:31","date_gmt":"2026-03-14T22:31:31","guid":{"rendered":"https:\/\/craftjw.com\/producto\/porta-tarjetas-de-contacto-jw\/"},"modified":"2026-04-02T11:04:48","modified_gmt":"2026-04-02T09:04:48","slug":"porta-tarjetas-de-contacto-jw","status":"publish","type":"product","link":"https:\/\/craftjw.com\/es\/shop\/portatarjetas\/porta-tarjetas-de-contacto-jw\/","title":{"rendered":"Porta tarjetas de contacto JW"},"content":{"rendered":"<p>\u00a1Descubre el Porta Tarjetas de Aluminio para Tarjetas de Contactos JW!<\/p>\n<p>Este porta tarjetas de aluminio est\u00e1 dise\u00f1ado para proteger y presentar tus tarjetas de contacto JW de manera elegante y personalizada. Disponible en varios colores vibrantes y grabado con precisi\u00f3n gracias a la tecnolog\u00eda l\u00e1ser, este accesorio es ideal como regalo para la escuela de precursores, obsequio para los ancianos de congregaci\u00f3n o un detalle especial para los proyectos del LDC, regalos para asambleas regionales, especiales, etc&#8230;<\/p>\n<p>Caracter\u00edsticas destacadas:<\/p>\n<ul>\n<li>Fabricado con aluminio resistente y liviano.<\/li>\n<li>Disponible en varios colores atractivos.<\/li>\n<li>Grabado personalizado con tecnolog\u00eda l\u00e1ser.<\/li>\n<li>Perfecto para tarjetas de contacto JW.<\/li>\n<\/ul>\n<p>Haz que tus regalos sean m\u00e1s significativos y pr\u00e1cticos. Este porta tarjetas no solo protege, sino que tambi\u00e9n a\u00f1ade un toque personalizado a tus tarjetas de contacto.<\/p>\n<p>A\u00f1ade un toque \u00fanico a tus regalos con este porta tarjetas de aluminio.<\/p>\n<p>\u00a1Realiza tu pedido hoy mismo y sorprende a quienes m\u00e1s aprecias con este detalle pensado especialmente para ellos!<\/p>\n","protected":false},"excerpt":{"rendered":"<p>\u00a1Descubre el porta tarjetas de aluminio grabado con tecnolog\u00eda l\u00e1ser para tarjetas de contacto JW! Disponible en varios colores vibrantes, este accesorio es un regalo perfecto para la escuela de precursores y para ancianos de congregaci\u00f3n, regalos para asambleas regionales, especiales, etc&#8230;. Su dise\u00f1o resistente y personalizado lo hace ideal para proteger y presentar las tarjetas de manera elegante. Agrega un toque especial a tus regalos con este porta tarjetas vers\u00e1til y distintivo.<\/p>\n","protected":false},"featured_media":1524,"template":"","meta":{"_seopress_robots_primary_cat":"none","_seopress_titles_title":"%%title%% %%page%%","_seopress_titles_desc":"","_seopress_robots_index":"","site-sidebar-layout":"default","site-content-layout":"","ast-site-content-layout":"default","site-content-style":"default","site-sidebar-style":"default","ast-global-header-display":"","ast-banner-title-visibility":"","ast-main-header-display":"","ast-hfb-above-header-display":"","ast-hfb-below-header-display":"","ast-hfb-mobile-header-display":"","site-post-title":"","ast-breadcrumbs-content":"","ast-featured-img":"","footer-sml-layout":"","ast-disable-related-posts":"","theme-transparent-header-meta":"default","adv-header-id-meta":"","stick-header-meta":"default","header-above-stick-meta":"","header-main-stick-meta":"","header-below-stick-meta":"","astra-migrate-meta-layouts":"set","ast-page-background-enabled":"default","ast-page-background-meta":{"desktop":{"background-color":"var(--ast-global-color-5)","background-image":"","background-repeat":"repeat","background-position":"center center","background-size":"auto","background-attachment":"scroll","background-type":"","background-media":"","overlay-type":"","overlay-color":"","overlay-opacity":"","overlay-gradient":""},"tablet":{"background-color":"","background-image":"","background-repeat":"repeat","background-position":"center center","background-size":"auto","background-attachment":"scroll","background-type":"","background-media":"","overlay-type":"","overlay-color":"","overlay-opacity":"","overlay-gradient":""},"mobile":{"background-color":"","background-image":"","background-repeat":"repeat","background-position":"center center","background-size":"auto","background-attachment":"scroll","background-type":"","background-media":"","overlay-type":"","overlay-color":"","overlay-opacity":"","overlay-gradient":""}},"ast-content-background-meta":{"desktop":{"background-color":"var(--ast-global-color-4)","background-image":"","background-repeat":"repeat","background-position":"center center","background-size":"auto","background-attachment":"scroll","background-type":"","background-media":"","overlay-type":"","overlay-color":"","overlay-opacity":"","overlay-gradient":""},"tablet":{"background-color":"var(--ast-global-color-4)","background-image":"","background-repeat":"repeat","background-position":"center center","background-size":"auto","background-attachment":"scroll","background-type":"","background-media":"","overlay-type":"","overlay-color":"","overlay-opacity":"","overlay-gradient":""},"mobile":{"background-color":"var(--ast-global-color-4)","background-image":"","background-repeat":"repeat","background-position":"center center","background-size":"auto","background-attachment":"scroll","background-type":"","background-media":"","overlay-type":"","overlay-color":"","overlay-opacity":"","overlay-gradient":""}}},"product_brand":[46],"product_cat":[44,50],"product_tag":[],"class_list":{"0":"post-1525","1":"product","2":"type-product","3":"status-publish","4":"has-post-thumbnail","6":"product_brand-craft-jw","7":"product_cat-portatarjetas","8":"product_cat-varios-regalos","9":"desktop-align-center","10":"tablet-align-left","11":"mobile-align-left","12":"ast-product-gallery-layout-horizontal-slider","13":"ast-product-tabs-layout-horizontal","14":"tm-has-options","16":"first","17":"instock","18":"taxable","19":"shipping-taxable","20":"purchasable","21":"product-type-simple"},"_links":{"self":[{"href":"https:\/\/craftjw.com\/es\/wp-json\/wp\/v2\/product\/1525","targetHints":{"allow":["GET"]}}],"collection":[{"href":"https:\/\/craftjw.com\/es\/wp-json\/wp\/v2\/product"}],"about":[{"href":"https:\/\/craftjw.com\/es\/wp-json\/wp\/v2\/types\/product"}],"version-history":[{"count":1,"href":"https:\/\/craftjw.com\/es\/wp-json\/wp\/v2\/product\/1525\/revisions"}],"predecessor-version":[{"id":53014,"href":"https:\/\/craftjw.com\/es\/wp-json\/wp\/v2\/product\/1525\/revisions\/53014"}],"wp:featuredmedia":[{"embeddable":true,"href":"https:\/\/craftjw.com\/es\/wp-json\/wp\/v2\/media\/1524"}],"wp:attachment":[{"href":"https:\/\/craftjw.com\/es\/wp-json\/wp\/v2\/media?parent=1525"}],"wp:term":[{"taxonomy":"product_brand","embeddable":true,"href":"https:\/\/craftjw.com\/es\/wp-json\/wp\/v2\/product_brand?post=1525"},{"taxonomy":"product_cat","embeddable":true,"href":"https:\/\/craftjw.com\/es\/wp-json\/wp\/v2\/product_cat?post=1525"},{"taxonomy":"product_tag","embeddable":true,"href":"https:\/\/craftjw.com\/es\/wp-json\/wp\/v2\/product_tag?post=1525"}],"curies":[{"name":"wp","href":"https:\/\/api.w.org\/{rel}","templated":true}]}}