{"id":1516,"date":"2026-03-14T23:31:25","date_gmt":"2026-03-14T22:31:25","guid":{"rendered":"https:\/\/craftjw.com\/producto\/llavero-de-madera-para-escuela-precursor\/"},"modified":"2026-04-02T11:07:35","modified_gmt":"2026-04-02T09:07:35","slug":"llavero-de-madera-para-escuela-precursor","status":"publish","type":"product","link":"https:\/\/craftjw.com\/es\/shop\/llaveros\/llavero-de-madera-para-escuela-precursor\/","title":{"rendered":"Llavero de madera para Escuela Precursor"},"content":{"rendered":"<p>\u00a1Descubre el regalo perfecto que capturar\u00e1 la esencia de la dedicaci\u00f3n y el compromiso de los precursores y miembros de la congregaci\u00f3n! Nuestro llavero de madera grabado con l\u00e1ser es una joya \u00fanica y significativa, ideal para personalizar y conmemorar momentos especiales en la vida de quienes asisten a la escuela de precurores.<\/p>\n<p>Confeccionado cuidadosamente con madera de alta calidad y cortado con precisi\u00f3n mediante tecnolog\u00eda l\u00e1ser de vanguardia, cada llavero presenta un acabado exquisito y detalles intrincados. Lo mejor de todo es que puedes personalizar ambas caras del llavero, permiti\u00e9ndote plasmar nombres, fechas, vers\u00edculos b\u00edblicos, o cualquier mensaje especial que desees compartir con tu hermano o hermana precursor.<\/p>\n<p>El dise\u00f1o elegante y sobrio del llavero lo convierte en una pieza vers\u00e1til que puede acompa\u00f1ar a tus seres queridos en su vida diaria. Es un regalo ideal para celebrar hitos significativos en el servicio de precursores, como alcanzar metas de horas de predicaci\u00f3n, aniversarios de bautismo, o la asistencia a la escuela de precursores.<\/p>\n<p>Adem\u00e1s de ser un obsequio encantador para precursores, este llavero personalizado es una opci\u00f3n inigualable para cualquier ocasi\u00f3n especial. Sorprende a tu hermano o hermana para expresar tu gratitud y cari\u00f1o en cualquier momento del a\u00f1o.<\/p>\n","protected":false},"excerpt":{"rendered":"<p>Descubre el llavero de madera grabado con L\u00e1ser, un regalo ideal para la Escuela de Precursores. Personalizaci\u00f3n en ambas caras para nombres y fechas especiales. Dise\u00f1o elegante y duradero en madera de alta calidad. Sorprende y honra a los precursores con esta joya \u00fanica.<\/p>\n","protected":false},"featured_media":1515,"template":"","meta":{"_seopress_robots_primary_cat":"none","_seopress_titles_title":"","_seopress_titles_desc":"","_seopress_robots_index":"","site-sidebar-layout":"default","site-content-layout":"","ast-site-content-layout":"default","site-content-style":"default","site-sidebar-style":"default","ast-global-header-display":"","ast-banner-title-visibility":"","ast-main-header-display":"","ast-hfb-above-header-display":"","ast-hfb-below-header-display":"","ast-hfb-mobile-header-display":"","site-post-title":"","ast-breadcrumbs-content":"","ast-featured-img":"","footer-sml-layout":"","ast-disable-related-posts":"","theme-transparent-header-meta":"default","adv-header-id-meta":"","stick-header-meta":"default","header-above-stick-meta":"","header-main-stick-meta":"","header-below-stick-meta":"","astra-migrate-meta-layouts":"set","ast-page-background-enabled":"default","ast-page-background-meta":{"desktop":{"background-color":"var(--ast-global-color-5)","background-image":"","background-repeat":"repeat","background-position":"center center","background-size":"auto","background-attachment":"scroll","background-type":"","background-media":"","overlay-type":"","overlay-color":"","overlay-opacity":"","overlay-gradient":""},"tablet":{"background-color":"","background-image":"","background-repeat":"repeat","background-position":"center center","background-size":"auto","background-attachment":"scroll","background-type":"","background-media":"","overlay-type":"","overlay-color":"","overlay-opacity":"","overlay-gradient":""},"mobile":{"background-color":"","background-image":"","background-repeat":"repeat","background-position":"center center","background-size":"auto","background-attachment":"scroll","background-type":"","background-media":"","overlay-type":"","overlay-color":"","overlay-opacity":"","overlay-gradient":""}},"ast-content-background-meta":{"desktop":{"background-color":"var(--ast-global-color-4)","background-image":"","background-repeat":"repeat","background-position":"center center","background-size":"auto","background-attachment":"scroll","background-type":"","background-media":"","overlay-type":"","overlay-color":"","overlay-opacity":"","overlay-gradient":""},"tablet":{"background-color":"var(--ast-global-color-4)","background-image":"","background-repeat":"repeat","background-position":"center center","background-size":"auto","background-attachment":"scroll","background-type":"","background-media":"","overlay-type":"","overlay-color":"","overlay-opacity":"","overlay-gradient":""},"mobile":{"background-color":"var(--ast-global-color-4)","background-image":"","background-repeat":"repeat","background-position":"center center","background-size":"auto","background-attachment":"scroll","background-type":"","background-media":"","overlay-type":"","overlay-color":"","overlay-opacity":"","overlay-gradient":""}}},"product_brand":[46],"product_cat":[45],"product_tag":[],"class_list":{"0":"post-1516","1":"product","2":"type-product","3":"status-publish","4":"has-post-thumbnail","6":"product_brand-craft-jw","7":"product_cat-llaveros","8":"desktop-align-center","9":"tablet-align-left","10":"mobile-align-left","11":"ast-product-gallery-layout-horizontal-slider","12":"ast-product-gallery-with-no-image","13":"ast-product-tabs-layout-horizontal","14":"tm-has-options","16":"first","17":"instock","18":"taxable","19":"shipping-taxable","20":"purchasable","21":"product-type-simple"},"_links":{"self":[{"href":"https:\/\/craftjw.com\/es\/wp-json\/wp\/v2\/product\/1516","targetHints":{"allow":["GET"]}}],"collection":[{"href":"https:\/\/craftjw.com\/es\/wp-json\/wp\/v2\/product"}],"about":[{"href":"https:\/\/craftjw.com\/es\/wp-json\/wp\/v2\/types\/product"}],"version-history":[{"count":1,"href":"https:\/\/craftjw.com\/es\/wp-json\/wp\/v2\/product\/1516\/revisions"}],"predecessor-version":[{"id":53091,"href":"https:\/\/craftjw.com\/es\/wp-json\/wp\/v2\/product\/1516\/revisions\/53091"}],"wp:featuredmedia":[{"embeddable":true,"href":"https:\/\/craftjw.com\/es\/wp-json\/wp\/v2\/media\/1515"}],"wp:attachment":[{"href":"https:\/\/craftjw.com\/es\/wp-json\/wp\/v2\/media?parent=1516"}],"wp:term":[{"taxonomy":"product_brand","embeddable":true,"href":"https:\/\/craftjw.com\/es\/wp-json\/wp\/v2\/product_brand?post=1516"},{"taxonomy":"product_cat","embeddable":true,"href":"https:\/\/craftjw.com\/es\/wp-json\/wp\/v2\/product_cat?post=1516"},{"taxonomy":"product_tag","embeddable":true,"href":"https:\/\/craftjw.com\/es\/wp-json\/wp\/v2\/product_tag?post=1516"}],"curies":[{"name":"wp","href":"https:\/\/api.w.org\/{rel}","templated":true}]}}