{"id":1510,"date":"2026-03-14T23:31:21","date_gmt":"2026-03-14T22:31:21","guid":{"rendered":"https:\/\/craftjw.com\/producto\/portatarjetas-de-contacto-para-tarjetas-jw-para-carrito-de-literatura-expositor\/"},"modified":"2026-04-02T11:09:09","modified_gmt":"2026-04-02T09:09:09","slug":"portatarjetas-de-contacto-para-tarjetas-jw-para-carrito-de-literatura-expositor","status":"publish","type":"product","link":"https:\/\/craftjw.com\/es\/shop\/portatarjetas\/portatarjetas-de-contacto-para-tarjetas-jw-para-carrito-de-literatura-expositor\/","title":{"rendered":"Portatarjetas de contacto para tarjetas JW para carrito de literatura \/ expositor"},"content":{"rendered":"<p>\u00bfLe gustar\u00eda tener un sistema eficiente y atractivo para organizar y mostrar sus tarjetas de contacto JW?<br \/>\n\u00a1Tenemos la soluci\u00f3n perfecta! Nuestro portatarjeta para tarjetas de contacto JW es la mejor manera de mantener sus tarjetas de contacto ordenadas en todo momento.<\/p>\n<p>Este portatarjeta para tarjetas de contacto JW viene en dos modelos diferentes, vertical y horizontal, para adaptarse a sus necesidades. Ambos modelos cuentan con pesta\u00f1as de fijaci\u00f3n flexibles que est\u00e1n dise\u00f1adas para permitir una buena sujeci\u00f3n en el exhibidor. Adem\u00e1s, es muy f\u00e1cil de poner y quitar, por lo que no tendr\u00e1 que preocuparse por perder tiempo en la instalaci\u00f3n.<\/p>\n<p>La calidad de nuestro portatarjeta para tarjetas de contacto JW es incomparable. Est\u00e1 hecho de materiales de alta calidad que garantizan su durabilidad y resistencia al uso diario. Adem\u00e1s, el dise\u00f1o atractivo y elegante de nuestro portatarjeta para tarjetas de contacto JW se ver\u00e1 bien en cualquier lugar.<\/p>\n<p>Con nuestro portatarjeta para tarjetas de contacto JW, tendr\u00e1 un sistema eficiente y atractivo para mostrarlas en todo momento. \u00a1No espere m\u00e1s para mejorar su organizaci\u00f3n y presentaci\u00f3n de tarjetas de contacto! \u00a1Pida su portatarjeta para tarjetas de contacto JW hoy mismo!<\/p>\n","protected":false},"excerpt":{"rendered":"<p>\u00bfLe gustar\u00eda tener un sistema eficiente y atractivo para organizar y mostrar sus tarjetas de contacto JW?<br \/>\n\u00a1Tenemos la soluci\u00f3n perfecta! Nuestro portatarjeta para tarjetas de contacto JW es la mejor manera de mantener sus tarjetas de contacto ordenadas en todo momento.<\/p>\n<p>Este portatarjeta para tarjetas de contacto JW viene en dos modelos diferentes, vertical y horizontal, para adaptarse a sus necesidades. Ambos modelos cuentan con pesta\u00f1as de fijaci\u00f3n flexibles que est\u00e1n dise\u00f1adas para permitir una buena sujeci\u00f3n en el exhibidor. Adem\u00e1s, es muy f\u00e1cil de poner y quitar, por lo que no tendr\u00e1 que preocuparse por perder tiempo en la instalaci\u00f3n.<\/p>\n","protected":false},"featured_media":1509,"template":"","meta":{"_seopress_robots_primary_cat":"none","_seopress_titles_title":"%%title%%","_seopress_titles_desc":"","_seopress_robots_index":"","site-sidebar-layout":"default","site-content-layout":"","ast-site-content-layout":"default","site-content-style":"default","site-sidebar-style":"default","ast-global-header-display":"","ast-banner-title-visibility":"","ast-main-header-display":"","ast-hfb-above-header-display":"","ast-hfb-below-header-display":"","ast-hfb-mobile-header-display":"","site-post-title":"","ast-breadcrumbs-content":"","ast-featured-img":"","footer-sml-layout":"","ast-disable-related-posts":"","theme-transparent-header-meta":"default","adv-header-id-meta":"","stick-header-meta":"default","header-above-stick-meta":"","header-main-stick-meta":"","header-below-stick-meta":"","astra-migrate-meta-layouts":"set","ast-page-background-enabled":"default","ast-page-background-meta":{"desktop":{"background-color":"var(--ast-global-color-5)","background-image":"","background-repeat":"repeat","background-position":"center center","background-size":"auto","background-attachment":"scroll","background-type":"","background-media":"","overlay-type":"","overlay-color":"","overlay-opacity":"","overlay-gradient":""},"tablet":{"background-color":"","background-image":"","background-repeat":"repeat","background-position":"center center","background-size":"auto","background-attachment":"scroll","background-type":"","background-media":"","overlay-type":"","overlay-color":"","overlay-opacity":"","overlay-gradient":""},"mobile":{"background-color":"","background-image":"","background-repeat":"repeat","background-position":"center center","background-size":"auto","background-attachment":"scroll","background-type":"","background-media":"","overlay-type":"","overlay-color":"","overlay-opacity":"","overlay-gradient":""}},"ast-content-background-meta":{"desktop":{"background-color":"var(--ast-global-color-4)","background-image":"","background-repeat":"repeat","background-position":"center center","background-size":"auto","background-attachment":"scroll","background-type":"","background-media":"","overlay-type":"","overlay-color":"","overlay-opacity":"","overlay-gradient":""},"tablet":{"background-color":"var(--ast-global-color-4)","background-image":"","background-repeat":"repeat","background-position":"center center","background-size":"auto","background-attachment":"scroll","background-type":"","background-media":"","overlay-type":"","overlay-color":"","overlay-opacity":"","overlay-gradient":""},"mobile":{"background-color":"var(--ast-global-color-4)","background-image":"","background-repeat":"repeat","background-position":"center center","background-size":"auto","background-attachment":"scroll","background-type":"","background-media":"","overlay-type":"","overlay-color":"","overlay-opacity":"","overlay-gradient":""}}},"product_brand":[],"product_cat":[44],"product_tag":[],"class_list":{"0":"post-1510","1":"product","2":"type-product","3":"status-publish","4":"has-post-thumbnail","6":"product_cat-portatarjetas","7":"desktop-align-center","8":"tablet-align-left","9":"mobile-align-left","10":"ast-product-gallery-layout-horizontal-slider","11":"ast-product-tabs-layout-horizontal","12":"tm-has-options","14":"first","15":"instock","16":"taxable","17":"shipping-taxable","18":"purchasable","19":"product-type-simple"},"_links":{"self":[{"href":"https:\/\/craftjw.com\/es\/wp-json\/wp\/v2\/product\/1510","targetHints":{"allow":["GET"]}}],"collection":[{"href":"https:\/\/craftjw.com\/es\/wp-json\/wp\/v2\/product"}],"about":[{"href":"https:\/\/craftjw.com\/es\/wp-json\/wp\/v2\/types\/product"}],"version-history":[{"count":1,"href":"https:\/\/craftjw.com\/es\/wp-json\/wp\/v2\/product\/1510\/revisions"}],"predecessor-version":[{"id":53092,"href":"https:\/\/craftjw.com\/es\/wp-json\/wp\/v2\/product\/1510\/revisions\/53092"}],"wp:featuredmedia":[{"embeddable":true,"href":"https:\/\/craftjw.com\/es\/wp-json\/wp\/v2\/media\/1509"}],"wp:attachment":[{"href":"https:\/\/craftjw.com\/es\/wp-json\/wp\/v2\/media?parent=1510"}],"wp:term":[{"taxonomy":"product_brand","embeddable":true,"href":"https:\/\/craftjw.com\/es\/wp-json\/wp\/v2\/product_brand?post=1510"},{"taxonomy":"product_cat","embeddable":true,"href":"https:\/\/craftjw.com\/es\/wp-json\/wp\/v2\/product_cat?post=1510"},{"taxonomy":"product_tag","embeddable":true,"href":"https:\/\/craftjw.com\/es\/wp-json\/wp\/v2\/product_tag?post=1510"}],"curies":[{"name":"wp","href":"https:\/\/api.w.org\/{rel}","templated":true}]}}